{"id":58551,"date":"2025-04-20T21:29:15","date_gmt":"2025-04-21T01:29:15","guid":{"rendered":"https:\/\/www.teletrans.com\/es\/?page_id=58551"},"modified":"2025-04-20T21:39:20","modified_gmt":"2025-04-21T01:39:20","slug":"alquiler-van-dubai-emiratos-arabes-unidos","status":"publish","type":"page","link":"https:\/\/www.teletrans.com\/es\/alquiler-van-dubai-emiratos-arabes-unidos\/","title":{"rendered":"Alquiler van Dub\u00e1i, Emiratos \u00c1rabes Unidos"},"content":{"rendered":"<img loading=\"lazy\" decoding=\"async\" class=\"alignnone size-full wp-image-19192\" src=\"https:\/\/www.teletrans.com\/wp-content\/uploads\/2021\/03\/alquiler-van.jpg\" alt=\"Alquiler van Dub\u00e1i, Emiratos \u00c1rabes Unidos\" width=\"1500\" height=\"1001\" \/>\n<p>El <strong>Alquiler van Dub\u00e1i, Emiratos \u00c1rabes Unidos<\/strong>\u00a0es uno de los servicios que ofrece Teletrans, lo anterior est\u00e1 considerado para clientes que buscan un servicio de transporte de lujo que otorgue confianza y seguridad cuando tengan que moverse dentro de la ciudad ya sea por razones laborales o personales.<\/p>\n<p>El servicio de Alquiler van Dub\u00e1i, Emiratos \u00c1rabes Unidos que ofrece Teletrans, se adapta a las necesidades de cada uno de sus clientes. Es por esto que son ellos quienes pueden escoger el modelo de auto a utilizar para que este se adapte a sus necesidades. Los veh\u00edculos de la empresa para este servicio, son de alta gama pensado para altos ejecutivos que tengan eventos corporativos o reuniones en diversos lugares de la ciudad.<\/p>\n<p>Para hacer efectivo el servicio de Alquiler van Dub\u00e1i, Emiratos \u00c1rabes Unidos, solo basta con solicitarlo, hacer la reserva y desde ah\u00ed en adelante la empresa se encarga de cada uno de los detalles para que los clientes tengan una experiencia \u00fanica de transporte de lujo en donde Teletrans se encarga de organizar un itinerario para que el o los servicios de transporte requeridos funcionen sin esperas, retrasos, ni errores.<\/p>\n<p>&nbsp;<\/p>\n<h2>Alquiler van Dub\u00e1i, Emiratos \u00c1rabes Unidos para empresas<\/h2>\n<p>El Alquiler van Dub\u00e1i, Emiratos \u00c1rabes Unidos para empresas est\u00e1 pensado para clientes que necesiten moverse de un lado a otro dentro de la ciudad, en un auto que otorgue calidad, comodidad y seguridad. Adem\u00e1s de ser atendido por conductores que llevan a\u00f1os en el rubro y que conocen perfectamente las necesidades de los clientes. Teletrans otorga una experiencia en trasporte de lujo que hace que el servicio siempre cumpla con las expectativas de los clientes.<\/p>\n<p>La planificaci\u00f3n de un itinerario acorde a los tiempos solicitados por los clientes, son parte del servicio que entrega la empresa especialista en transportes no solo en Am\u00e9rica sino que tambi\u00e9n en el resto de los pa\u00edses del mundo, en donde opera con sus diferentes servicios entre los que se encuentra el de Alquiler van Dub\u00e1i, Emiratos \u00c1rabes Unidos.<\/p>\n<p>Para los servicios de Alquiler van Dub\u00e1i, Emiratos \u00c1rabes Unidos, Teletrans trabaja con profesionales que han vivido por a\u00f1os en la ciudad, por lo que si se tiene que cambiar el itinerario por alguna cancelaci\u00f3n o cambio en el horario, la empresa se adapta de manera r\u00e1pida a las necesidades de los clientes, lo que hace que como se se\u00f1alaba anteriormente no existan retrasos ni problemas durante la estad\u00eda de los clientes en la ciudad. El Alquiler van Dub\u00e1i, Emiratos \u00c1rabes Unidos es uno de los servicios m\u00e1s solicitados debido a que todos los altos ejecutivos que lo han utilizado \u00a0quedan conformes con el servicio recibido en todo aspecto. Desde la facilidad de reservar y arrendar un veh\u00edculo hasta la manera en que fueron recibidos por los conductores en el aeropuerto y por supuesto el funcionamiento del traslado en la ruta estipulada que cumple con ser puntual. Adem\u00e1s de la variedad de veh\u00edculos de lujo a elecci\u00f3n y tambi\u00e9n la seguridad y comodidad de cada uno de los autos que tiene Teletrans para el servicio de Alquiler van Dub\u00e1i, Emiratos \u00c1rabes Unidos en la ciudad.<\/p>\n<p>Finalmente la empresa se compromete a entregar la mejor experiencia para cada uno de los usuarios del servicio de Alquiler van Dub\u00e1i, Emiratos \u00c1rabes Unidos de manera tal en la que todos los clientes tengan un servicio de primera calidad y conforme a sus expectativas. Altos ejecutivos y CEO de empresas de grandes compa\u00f1\u00edas a nivel mundial conf\u00edan en la calidad, compromiso y seguridad otorgada por la empresa desde 2004 en el rubro de <strong>Alquiler van Dub\u00e1i, Emiratos \u00c1rabes Unidos<\/strong>, Teletrans.<\/p>\n<div style=\"padding: 56.25% 0 0 0; position: relative;\"><iframe style=\"position: absolute; top: 0; left: 0; width: 100%; height: 100%;\" src=\"https:\/\/player.vimeo.com\/video\/528107971?loop=1&amp;color=ffffff&amp;portrait=0\" frameborder=\"0\" allowfullscreen=\"allowfullscreen\"><\/iframe><\/div>\n<p><script src=\"https:\/\/player.vimeo.com\/api\/player.js\"><\/script><a href=\"https:\/\/vimeo.com\/528107971\"><strong>Alquiler van Dub\u00e1i, Emiratos \u00c1rabes Unidos<\/strong><\/a> &#8211; <a href=\"https:\/\/www.teletrans.com\/es\/donde-operamos\/\">Teletrans<\/a>.<\/p>\n<p>&nbsp;<\/p>\n<h2>Informaci\u00f3n adicional para su transporte<\/h2>\n<p>Dub\u00e1i es una ciudad global y la m\u00e1s poblada de los Emiratos \u00c1rabes Unidos, ubicada en la costa sureste del Golfo P\u00e9rsico. Es reconocida por su arquitectura ultramoderna, compras de lujo y una vibrante vida nocturna. Entre sus \u00edconos destacan el Burj Khalifa, el edificio m\u00e1s alto del mundo, y las islas artificiales Palm Jumeirah. Hacia el sur se encuentra la Reserva de Conservaci\u00f3n del Desierto de Dub\u00e1i, ideal para safaris y experiencias culturales beduinas.<\/p>\n<p>La temperatura media anual en Dub\u00e1i es de 27,0\u202f\u00b0C (80,6\u202f\u00b0F). El mes m\u00e1s caluroso suele ser agosto, con m\u00e1ximas promedio de 41\u202f\u00b0C y m\u00ednimas de 30\u202f\u00b0C, mientras que el mes m\u00e1s fresco es enero, con una media de 19\u202f\u00b0C.<\/p>\n<p>Transportamos a nuestros clientes desde el Aeropuerto Internacional de Dub\u00e1i (DXB) hacia su hotel, centro de convenciones, ferias como las del Dubai World Trade Centre, o distintas reuniones que tenga programadas durante el d\u00eda, garantizando puntualidad, confort y un servicio profesional.<\/p>\n","protected":false},"excerpt":{"rendered":"<p>El Alquiler van Dub\u00e1i, Emiratos \u00c1rabes Unidos\u00a0es uno de los servicios que ofrece Teletrans, lo anterior est\u00e1 considerado para clientes que buscan un servicio de transporte de lujo que otorgue confianza y seguridad cuando tengan que moverse dentro de la ciudad ya sea por razones laborales o personales. El servicio de Alquiler van Dub\u00e1i, Emiratos<\/p>\n","protected":false},"author":4,"featured_media":0,"parent":0,"menu_order":42,"comment_status":"closed","ping_status":"closed","template":"templates\/menu-lateral-page.php","meta":{"_acf_changed":false,"footnotes":""},"folder":[2445],"class_list":["post-58551","page","type-page","status-publish","hentry"],"acf":[],"yoast_head":"<!-- This site is optimized with the Yoast SEO plugin v27.4 - https:\/\/yoast.com\/product\/yoast-seo-wordpress\/ -->\n<title>Alquiler van Dub\u00e1i, Emiratos \u00c1rabes Unidos - Teletrans<\/title>\n<meta name=\"description\" content=\"El mejor servicio de Alquiler van Dub\u00e1i, Emiratos \u00c1rabes Unidos. Moderna flota, Sedan, Van, Buses. Asistencia 24 horas.\" \/>\n<meta name=\"robots\" content=\"index, follow, max-snippet:-1, max-image-preview:large, max-video-preview:-1\" \/>\n<meta property=\"og:locale\" content=\"es_ES\" \/>\n<meta property=\"og:type\" content=\"article\" \/>\n<meta property=\"og:title\" content=\"Alquiler van Dub\u00e1i, Emiratos \u00c1rabes Unidos - Teletrans\" \/>\n<meta property=\"og:description\" content=\"El mejor servicio de Alquiler van Dub\u00e1i, Emiratos \u00c1rabes Unidos. Moderna flota, Sedan, Van, Buses. Asistencia 24 horas.\" \/>\n<meta property=\"og:url\" content=\"https:\/\/www.teletrans.com\/es\/alquiler-van-dubai-emiratos-arabes-unidos\/\" \/>\n<meta property=\"og:site_name\" content=\"Teletrans\" \/>\n<meta property=\"article:publisher\" content=\"https:\/\/www.facebook.com\/profile.php?id=100034999581270\" \/>\n<meta property=\"article:modified_time\" content=\"2025-04-21T01:39:20+00:00\" \/>\n<meta property=\"og:image\" content=\"https:\/\/www.teletrans.com\/wp-content\/uploads\/2020\/03\/arriendo-van.jpg\" \/>\n\t<meta property=\"og:image:width\" content=\"1500\" \/>\n\t<meta property=\"og:image:height\" content=\"1001\" \/>\n\t<meta property=\"og:image:type\" content=\"image\/jpeg\" \/>\n<meta name=\"twitter:card\" content=\"summary_large_image\" \/>\n<meta name=\"twitter:site\" content=\"@TeletransChile\" \/>\n<meta name=\"twitter:label1\" content=\"Tiempo de lectura\" \/>\n\t<meta name=\"twitter:data1\" content=\"4 minutos\" \/>\n<script type=\"application\/ld+json\" class=\"yoast-schema-graph\">{\"@context\":\"https:\\\/\\\/schema.org\",\"@graph\":[{\"@type\":\"WebPage\",\"@id\":\"https:\\\/\\\/www.teletrans.com\\\/es\\\/alquiler-van-dubai-emiratos-arabes-unidos\\\/\",\"url\":\"https:\\\/\\\/www.teletrans.com\\\/es\\\/alquiler-van-dubai-emiratos-arabes-unidos\\\/\",\"name\":\"Alquiler van Dub\u00e1i, Emiratos \u00c1rabes Unidos - Teletrans\",\"isPartOf\":{\"@id\":\"https:\\\/\\\/www.teletrans.com\\\/es\\\/#website\"},\"primaryImageOfPage\":{\"@id\":\"https:\\\/\\\/www.teletrans.com\\\/es\\\/alquiler-van-dubai-emiratos-arabes-unidos\\\/#primaryimage\"},\"image\":{\"@id\":\"https:\\\/\\\/www.teletrans.com\\\/es\\\/alquiler-van-dubai-emiratos-arabes-unidos\\\/#primaryimage\"},\"thumbnailUrl\":\"https:\\\/\\\/www.teletrans.com\\\/wp-content\\\/uploads\\\/2021\\\/03\\\/alquiler-van.jpg\",\"datePublished\":\"2025-04-21T01:29:15+00:00\",\"dateModified\":\"2025-04-21T01:39:20+00:00\",\"description\":\"El mejor servicio de Alquiler van Dub\u00e1i, Emiratos \u00c1rabes Unidos. Moderna flota, Sedan, Van, Buses. Asistencia 24 horas.\",\"breadcrumb\":{\"@id\":\"https:\\\/\\\/www.teletrans.com\\\/es\\\/alquiler-van-dubai-emiratos-arabes-unidos\\\/#breadcrumb\"},\"inLanguage\":\"es\",\"potentialAction\":[{\"@type\":\"ReadAction\",\"target\":[\"https:\\\/\\\/www.teletrans.com\\\/es\\\/alquiler-van-dubai-emiratos-arabes-unidos\\\/\"]}]},{\"@type\":\"ImageObject\",\"inLanguage\":\"es\",\"@id\":\"https:\\\/\\\/www.teletrans.com\\\/es\\\/alquiler-van-dubai-emiratos-arabes-unidos\\\/#primaryimage\",\"url\":\"https:\\\/\\\/www.teletrans.com\\\/wp-content\\\/uploads\\\/2021\\\/03\\\/alquiler-van.jpg\",\"contentUrl\":\"https:\\\/\\\/www.teletrans.com\\\/wp-content\\\/uploads\\\/2021\\\/03\\\/alquiler-van.jpg\"},{\"@type\":\"BreadcrumbList\",\"@id\":\"https:\\\/\\\/www.teletrans.com\\\/es\\\/alquiler-van-dubai-emiratos-arabes-unidos\\\/#breadcrumb\",\"itemListElement\":[{\"@type\":\"ListItem\",\"position\":1,\"name\":\"Portada\",\"item\":\"https:\\\/\\\/www.teletrans.com\\\/es\\\/\"},{\"@type\":\"ListItem\",\"position\":2,\"name\":\"Alquiler van Dub\u00e1i, Emiratos \u00c1rabes Unidos\"}]},{\"@type\":\"WebSite\",\"@id\":\"https:\\\/\\\/www.teletrans.com\\\/es\\\/#website\",\"url\":\"https:\\\/\\\/www.teletrans.com\\\/es\\\/\",\"name\":\"Teletrans\",\"description\":\"\",\"publisher\":{\"@id\":\"https:\\\/\\\/www.teletrans.com\\\/es\\\/#organization\"},\"potentialAction\":[{\"@type\":\"SearchAction\",\"target\":{\"@type\":\"EntryPoint\",\"urlTemplate\":\"https:\\\/\\\/www.teletrans.com\\\/es\\\/?s={search_term_string}\"},\"query-input\":{\"@type\":\"PropertyValueSpecification\",\"valueRequired\":true,\"valueName\":\"search_term_string\"}}],\"inLanguage\":\"es\"},{\"@type\":\"Organization\",\"@id\":\"https:\\\/\\\/www.teletrans.com\\\/es\\\/#organization\",\"name\":\"Teletrans\",\"url\":\"https:\\\/\\\/www.teletrans.com\\\/es\\\/\",\"logo\":{\"@type\":\"ImageObject\",\"inLanguage\":\"es\",\"@id\":\"https:\\\/\\\/www.teletrans.com\\\/es\\\/#\\\/schema\\\/logo\\\/image\\\/\",\"url\":\"https:\\\/\\\/www.teletrans.com\\\/wp-content\\\/uploads\\\/2023\\\/02\\\/logo-teletrans-svg.svg\",\"contentUrl\":\"https:\\\/\\\/www.teletrans.com\\\/wp-content\\\/uploads\\\/2023\\\/02\\\/logo-teletrans-svg.svg\",\"width\":501,\"height\":166,\"caption\":\"Teletrans\"},\"image\":{\"@id\":\"https:\\\/\\\/www.teletrans.com\\\/es\\\/#\\\/schema\\\/logo\\\/image\\\/\"},\"sameAs\":[\"https:\\\/\\\/www.facebook.com\\\/profile.php?id=100034999581270\",\"https:\\\/\\\/x.com\\\/TeletransChile\"]}]}<\/script>\n<!-- \/ Yoast SEO plugin. -->","yoast_head_json":{"title":"Alquiler van Dub\u00e1i, Emiratos \u00c1rabes Unidos - Teletrans","description":"El mejor servicio de Alquiler van Dub\u00e1i, Emiratos \u00c1rabes Unidos. Moderna flota, Sedan, Van, Buses. Asistencia 24 horas.","robots":{"index":"index","follow":"follow","max-snippet":"max-snippet:-1","max-image-preview":"max-image-preview:large","max-video-preview":"max-video-preview:-1"},"og_locale":"es_ES","og_type":"article","og_title":"Alquiler van Dub\u00e1i, Emiratos \u00c1rabes Unidos - Teletrans","og_description":"El mejor servicio de Alquiler van Dub\u00e1i, Emiratos \u00c1rabes Unidos. Moderna flota, Sedan, Van, Buses. Asistencia 24 horas.","og_url":"https:\/\/www.teletrans.com\/es\/alquiler-van-dubai-emiratos-arabes-unidos\/","og_site_name":"Teletrans","article_publisher":"https:\/\/www.facebook.com\/profile.php?id=100034999581270","article_modified_time":"2025-04-21T01:39:20+00:00","og_image":[{"width":1500,"height":1001,"url":"https:\/\/www.teletrans.com\/wp-content\/uploads\/2020\/03\/arriendo-van.jpg","type":"image\/jpeg"}],"twitter_card":"summary_large_image","twitter_site":"@TeletransChile","twitter_misc":{"Tiempo de lectura":"4 minutos"},"schema":{"@context":"https:\/\/schema.org","@graph":[{"@type":"WebPage","@id":"https:\/\/www.teletrans.com\/es\/alquiler-van-dubai-emiratos-arabes-unidos\/","url":"https:\/\/www.teletrans.com\/es\/alquiler-van-dubai-emiratos-arabes-unidos\/","name":"Alquiler van Dub\u00e1i, Emiratos \u00c1rabes Unidos - Teletrans","isPartOf":{"@id":"https:\/\/www.teletrans.com\/es\/#website"},"primaryImageOfPage":{"@id":"https:\/\/www.teletrans.com\/es\/alquiler-van-dubai-emiratos-arabes-unidos\/#primaryimage"},"image":{"@id":"https:\/\/www.teletrans.com\/es\/alquiler-van-dubai-emiratos-arabes-unidos\/#primaryimage"},"thumbnailUrl":"https:\/\/www.teletrans.com\/wp-content\/uploads\/2021\/03\/alquiler-van.jpg","datePublished":"2025-04-21T01:29:15+00:00","dateModified":"2025-04-21T01:39:20+00:00","description":"El mejor servicio de Alquiler van Dub\u00e1i, Emiratos \u00c1rabes Unidos. Moderna flota, Sedan, Van, Buses. Asistencia 24 horas.","breadcrumb":{"@id":"https:\/\/www.teletrans.com\/es\/alquiler-van-dubai-emiratos-arabes-unidos\/#breadcrumb"},"inLanguage":"es","potentialAction":[{"@type":"ReadAction","target":["https:\/\/www.teletrans.com\/es\/alquiler-van-dubai-emiratos-arabes-unidos\/"]}]},{"@type":"ImageObject","inLanguage":"es","@id":"https:\/\/www.teletrans.com\/es\/alquiler-van-dubai-emiratos-arabes-unidos\/#primaryimage","url":"https:\/\/www.teletrans.com\/wp-content\/uploads\/2021\/03\/alquiler-van.jpg","contentUrl":"https:\/\/www.teletrans.com\/wp-content\/uploads\/2021\/03\/alquiler-van.jpg"},{"@type":"BreadcrumbList","@id":"https:\/\/www.teletrans.com\/es\/alquiler-van-dubai-emiratos-arabes-unidos\/#breadcrumb","itemListElement":[{"@type":"ListItem","position":1,"name":"Portada","item":"https:\/\/www.teletrans.com\/es\/"},{"@type":"ListItem","position":2,"name":"Alquiler van Dub\u00e1i, Emiratos \u00c1rabes Unidos"}]},{"@type":"WebSite","@id":"https:\/\/www.teletrans.com\/es\/#website","url":"https:\/\/www.teletrans.com\/es\/","name":"Teletrans","description":"","publisher":{"@id":"https:\/\/www.teletrans.com\/es\/#organization"},"potentialAction":[{"@type":"SearchAction","target":{"@type":"EntryPoint","urlTemplate":"https:\/\/www.teletrans.com\/es\/?s={search_term_string}"},"query-input":{"@type":"PropertyValueSpecification","valueRequired":true,"valueName":"search_term_string"}}],"inLanguage":"es"},{"@type":"Organization","@id":"https:\/\/www.teletrans.com\/es\/#organization","name":"Teletrans","url":"https:\/\/www.teletrans.com\/es\/","logo":{"@type":"ImageObject","inLanguage":"es","@id":"https:\/\/www.teletrans.com\/es\/#\/schema\/logo\/image\/","url":"https:\/\/www.teletrans.com\/wp-content\/uploads\/2023\/02\/logo-teletrans-svg.svg","contentUrl":"https:\/\/www.teletrans.com\/wp-content\/uploads\/2023\/02\/logo-teletrans-svg.svg","width":501,"height":166,"caption":"Teletrans"},"image":{"@id":"https:\/\/www.teletrans.com\/es\/#\/schema\/logo\/image\/"},"sameAs":["https:\/\/www.facebook.com\/profile.php?id=100034999581270","https:\/\/x.com\/TeletransChile"]}]}},"_links":{"self":[{"href":"https:\/\/www.teletrans.com\/es\/wp-json\/wp\/v2\/pages\/58551","targetHints":{"allow":["GET"]}}],"collection":[{"href":"https:\/\/www.teletrans.com\/es\/wp-json\/wp\/v2\/pages"}],"about":[{"href":"https:\/\/www.teletrans.com\/es\/wp-json\/wp\/v2\/types\/page"}],"author":[{"embeddable":true,"href":"https:\/\/www.teletrans.com\/es\/wp-json\/wp\/v2\/users\/4"}],"replies":[{"embeddable":true,"href":"https:\/\/www.teletrans.com\/es\/wp-json\/wp\/v2\/comments?post=58551"}],"version-history":[{"count":2,"href":"https:\/\/www.teletrans.com\/es\/wp-json\/wp\/v2\/pages\/58551\/revisions"}],"predecessor-version":[{"id":58596,"href":"https:\/\/www.teletrans.com\/es\/wp-json\/wp\/v2\/pages\/58551\/revisions\/58596"}],"wp:attachment":[{"href":"https:\/\/www.teletrans.com\/es\/wp-json\/wp\/v2\/media?parent=58551"}],"wp:term":[{"taxonomy":"folder","embeddable":true,"href":"https:\/\/www.teletrans.com\/es\/wp-json\/wp\/v2\/folder?post=58551"}],"curies":[{"name":"wp","href":"https:\/\/api.w.org\/{rel}","templated":true}]}}