{"id":55859,"date":"2024-11-02T14:35:22","date_gmt":"2024-11-02T18:35:22","guid":{"rendered":"https:\/\/www.teletrans.com\/?page_id=55859"},"modified":"2025-01-07T11:48:38","modified_gmt":"2025-01-07T15:48:38","slug":"alquiler-autos-de-lujo-copa-de-oro-concacaf-vancouver-canada","status":"publish","type":"page","link":"https:\/\/www.teletrans.com\/es\/alquiler-autos-de-lujo-copa-de-oro-concacaf-vancouver-canada\/","title":{"rendered":"Copa de Oro Concacaf 2025 Vancouver, Canad\u00e1"},"content":{"rendered":"<img loading=\"lazy\" decoding=\"async\" class=\"alignnone size-full wp-image-19177\" src=\"https:\/\/www.teletrans.com\/wp-content\/uploads\/2021\/03\/alquiler-minibus.jpg\" alt=\"Alquiler Autos De Lujo\" width=\"1500\" height=\"1000\" \/>\n<h2>Alquiler Autos De Lujo Vancouver, Canad\u00e1<\/h2>\n<p>\nBienvenido a Teletrans, su proveedor de transporte para la Copa de Oro Concacaf 2025 en Vancouver. Especializados en soluciones de transporte de alta calidad, estamos dedicados a asegurar una experiencia fluida para los asistentes y participantes en este importante evento deportivo. Nuestro conocimiento de Vancouver y nuestro compromiso con altos est\u00e1ndares de servicio nos distinguen.<\/p>\n<p>Vancouver, una ciudad vibrante en Canad\u00e1, se enorgullece de ser la sede de la Copa de Oro Concacaf 2025. En medio de la emoci\u00f3n y energ\u00eda de este gran evento, Teletrans ofrece soluciones de transporte integrales. Desde traslados desde el aeropuerto hasta viajes diarios al estadio, nuestros servicios garantizan conveniencia y puntualidad.\n<\/p>\n<h2>Diversa Flota para Todas Sus Necesidades de Transporte<\/h2>\n<p>\nNuestra flota, que combina lujo y versatilidad, est\u00e1 lista para satisfacer todas sus necesidades de transporte durante la Copa de Oro Concacaf 2025. Ofrecemos una gama de veh\u00edculos de alta calidad para acomodar diferentes tama\u00f1os de grupos y preferencias, todos equipados con comodidades para asegurar que su viaje sea c\u00f3modo y placentero.<\/p>\n<p>Nuestro equipo de conductores profesionales es la base de nuestro servicio confiable. Con un amplio conocimiento de las rutas y el tr\u00e1fico de Vancouver, garantizan un viaje eficiente y seguro, permiti\u00e9ndole disfrutar del evento sin preocupaciones.\n<\/p>\n<h2>Transporte Personalizado Ajustado a Su Horario<\/h2>\n<p>\nEntendemos las necesidades \u00fanicas de nuestros clientes que asisten a la Copa de Oro. Ya sea que usted sea un espectador o un participante, adaptamos nuestros servicios de transporte para alinearse con sus requisitos y horario espec\u00edficos, asegurando una experiencia libre de estr\u00e9s.<\/p>\n<p>Su seguridad y comodidad son nuestras m\u00e1ximas prioridades. Nuestros veh\u00edculos se mantienen con altos est\u00e1ndares de seguridad y ofrecen un ambiente tranquilo para relajarse o prepararse para el d\u00eda en el evento. Mientras disfruta de la Copa de Oro Concacaf 2025 en Vancouver, aproveche la oportunidad de explorar la ciudad. Nuestros servicios de transporte se extienden m\u00e1s all\u00e1 del evento, permiti\u00e9ndole descubrir las atracciones, la gastronom\u00eda y las experiencias culturales de Vancouver.\n<\/p>\n<h2>Teletrans: Su Socio de Transporte para la Copa de Oro Concacaf 2025<\/h2>\n<p>\nElegir Teletrans para sus necesidades de transporte durante la Copa de Oro Concacaf 2025 significa optar por fiabilidad, profesionalismo y comodidad. Estamos comprometidos a hacer que su visita al evento y su estancia en Vancouver sean lo m\u00e1s fluidas y agradables posible. Si usted desea obtener m\u00e1s informaci\u00f3n sobre nuestros servicios, no dude en contactarnos y asegurar una experiencia de viaje sin complicaciones para uno de los eventos deportivos m\u00e1s importantes de la regi\u00f3n.\n<\/p>\n<div style=\"padding: 56.25% 0 0 0; position: relative;\">\n  <iframe style=\"position: absolute; top: 0; left: 0; width: 100%; height: 100%;\" src=\"https:\/\/player.vimeo.com\/video\/526687309?loop=1&amp;color=ffffff&amp;portrait=0\" frameborder=\"0\" allowfullscreen=\"allowfullscreen\"><\/iframe>\n<\/div>\n<p><script src=\"https:\/\/player.vimeo.com\/api\/player.js\"><\/script><br \/>\n<a href=\"https:\/\/vimeo.com\/526687309\"><strong>Alquiler Autos De Lujo<\/strong><\/a> &#8211; <a href=\"https:\/\/www.teletrans.com\/locations\/\">Teletrans<\/a>.<\/p>\n<h2>Servicios de Transporte con Conductores Profesionales<\/h2>\n<p>\nListo y esperando para recibirlo estar\u00e1 uno de nuestros Conductores Profesionales. Los conductores de Teletrans est\u00e1n entre los m\u00e1s experimentados en la industria, y nos esforzamos en ofrecer una experiencia de transporte confiable. Nos ocupamos de cada detalle. Nos enorgullecemos de nuestros conductores y de sus registros y verificaciones de antecedentes, lo que contribuye a un servicio personalizado y profesional que nuestros clientes valoran.<\/p>\n<p>Ya sea que necesite servicios de transporte para su reuni\u00f3n, evento o turismo, tenemos una flota de veh\u00edculos de lujo y modernos listos y esperando. Su ch\u00f3fer estar\u00e1 donde usted lo desee, cuando lo desee, y ser\u00e1 cort\u00e9s, atento y experto en rutas. Estudiamos el mapa de la ciudad para planificar las mejores rutas para usted, brindando servicios de transporte privado con conductor y traslados al aeropuerto. Contamos con amplia experiencia en el mercado. Nuestros conductores est\u00e1n calificados, tienen experiencia y pueden conducir de manera segura. Ofrecemos servicios de transporte que garantizan encontrarse con usted en el momento y lugar adecuados.<\/p>\n<p>Teletrans se especializa en <strong>servicios de transporte<\/strong> desde el aeropuerto, priorizando la comodidad, seguridad y puntualidad en todos nuestros servicios.\n<\/p>\n<p><script type=\"application\/ld+json\">\n{\n  \"@context\": \"http:\/\/schema.org\",\n  \"@type\": \"Event\",\n  \"name\": \"Copa de Oro Concacaf 2025 Vancouver\",\n  \"location\": {\n    \"@type\": \"Place\",\n    \"name\": \"Vancouver, Canad\u00e1\",\n    \"address\": {\n      \"@type\": \"PostalAddress\",\n      \"addressLocality\": \"Vancouver\",\n      \"addressCountry\": \"Canad\u00e1\"\n    }\n  },\n  \"description\": \"\u00danase a la Copa de Oro Concacaf 2025 en Vancouver con los servicios de transporte de alta calidad de Teletrans. Disfrute de un viaje c\u00f3modo con veh\u00edculos de lujo y conductores expertos.\",\n  \"performer\": {\n    \"@type\": \"PerformingGroup\",\n    \"name\": \"Aficionados y Atletas\"\n  },\n  \"offers\": {\n    \"@type\": \"Offer\",\n    \"price\": \"Variable\",\n    \"priceCurrency\": \"CAD\",\n    \"availability\": \"http:\/\/schema.org\/InStock\"\n  }\n}\n<\/script><\/p>\n","protected":false},"excerpt":{"rendered":"<p>Alquiler Autos De Lujo Vancouver, Canad\u00e1 Bienvenido a Teletrans, su proveedor de transporte para la Copa de Oro Concacaf 2025 en Vancouver. Especializados en soluciones de transporte de alta calidad, estamos dedicados a asegurar una experiencia fluida para los asistentes y participantes en este importante evento deportivo. Nuestro conocimiento de Vancouver y nuestro compromiso con<\/p>\n","protected":false},"author":4,"featured_media":0,"parent":0,"menu_order":4185,"comment_status":"closed","ping_status":"closed","template":"templates\/menu-lateral-page.php","meta":{"_acf_changed":false,"footnotes":""},"folder":[2376],"class_list":["post-55859","page","type-page","status-publish","hentry"],"acf":[],"yoast_head":"<!-- This site is optimized with the Yoast SEO plugin v27.4 - https:\/\/yoast.com\/product\/yoast-seo-wordpress\/ -->\n<title>Add title Copa de Oro Concacaf 2025 Vancouver, Canad\u00e1 Skip to Editor - Teletrans<\/title>\n<meta name=\"description\" content=\"Copa de Oro Concacaf 2025 Vancouver, Canad\u00e1. Organizamos y coordinamos el transporte para todos sus eventos. Moderna flota, asistencia 24 horas.\" \/>\n<meta name=\"robots\" content=\"index, follow, max-snippet:-1, max-image-preview:large, max-video-preview:-1\" \/>\n<meta property=\"og:locale\" content=\"es_ES\" \/>\n<meta property=\"og:type\" content=\"article\" \/>\n<meta property=\"og:title\" content=\"Add title Copa de Oro Concacaf 2025 Vancouver, Canad\u00e1 Skip to Editor - Teletrans\" \/>\n<meta property=\"og:description\" content=\"Copa de Oro Concacaf 2025 Vancouver, Canad\u00e1. Organizamos y coordinamos el transporte para todos sus eventos. Moderna flota, asistencia 24 horas.\" \/>\n<meta property=\"og:url\" content=\"https:\/\/www.teletrans.com\/es\/alquiler-autos-de-lujo-copa-de-oro-concacaf-vancouver-canada\/\" \/>\n<meta property=\"og:site_name\" content=\"Teletrans\" \/>\n<meta property=\"article:publisher\" content=\"https:\/\/www.facebook.com\/profile.php?id=100034999581270\" \/>\n<meta property=\"article:modified_time\" content=\"2025-01-07T15:48:38+00:00\" \/>\n<meta property=\"og:image\" content=\"https:\/\/www.teletrans.com\/wp-content\/uploads\/2021\/03\/alquiler-minibus.jpg\" \/>\n<meta name=\"twitter:card\" content=\"summary_large_image\" \/>\n<meta name=\"twitter:site\" content=\"@TeletransChile\" \/>\n<meta name=\"twitter:label1\" content=\"Tiempo de lectura\" \/>\n\t<meta name=\"twitter:data1\" content=\"3 minutos\" \/>\n<script type=\"application\/ld+json\" class=\"yoast-schema-graph\">{\"@context\":\"https:\\\/\\\/schema.org\",\"@graph\":[{\"@type\":\"WebPage\",\"@id\":\"https:\\\/\\\/www.teletrans.com\\\/es\\\/alquiler-autos-de-lujo-copa-de-oro-concacaf-vancouver-canada\\\/\",\"url\":\"https:\\\/\\\/www.teletrans.com\\\/es\\\/alquiler-autos-de-lujo-copa-de-oro-concacaf-vancouver-canada\\\/\",\"name\":\"Add title Copa de Oro Concacaf 2025 Vancouver, Canad\u00e1 Skip to Editor - Teletrans\",\"isPartOf\":{\"@id\":\"https:\\\/\\\/www.teletrans.com\\\/es\\\/#website\"},\"primaryImageOfPage\":{\"@id\":\"https:\\\/\\\/www.teletrans.com\\\/es\\\/alquiler-autos-de-lujo-copa-de-oro-concacaf-vancouver-canada\\\/#primaryimage\"},\"image\":{\"@id\":\"https:\\\/\\\/www.teletrans.com\\\/es\\\/alquiler-autos-de-lujo-copa-de-oro-concacaf-vancouver-canada\\\/#primaryimage\"},\"thumbnailUrl\":\"https:\\\/\\\/www.teletrans.com\\\/wp-content\\\/uploads\\\/2021\\\/03\\\/alquiler-minibus.jpg\",\"datePublished\":\"2024-11-02T18:35:22+00:00\",\"dateModified\":\"2025-01-07T15:48:38+00:00\",\"description\":\"Copa de Oro Concacaf 2025 Vancouver, Canad\u00e1. Organizamos y coordinamos el transporte para todos sus eventos. Moderna flota, asistencia 24 horas.\",\"breadcrumb\":{\"@id\":\"https:\\\/\\\/www.teletrans.com\\\/es\\\/alquiler-autos-de-lujo-copa-de-oro-concacaf-vancouver-canada\\\/#breadcrumb\"},\"inLanguage\":\"es\",\"potentialAction\":[{\"@type\":\"ReadAction\",\"target\":[\"https:\\\/\\\/www.teletrans.com\\\/es\\\/alquiler-autos-de-lujo-copa-de-oro-concacaf-vancouver-canada\\\/\"]}]},{\"@type\":\"ImageObject\",\"inLanguage\":\"es\",\"@id\":\"https:\\\/\\\/www.teletrans.com\\\/es\\\/alquiler-autos-de-lujo-copa-de-oro-concacaf-vancouver-canada\\\/#primaryimage\",\"url\":\"https:\\\/\\\/www.teletrans.com\\\/wp-content\\\/uploads\\\/2021\\\/03\\\/alquiler-minibus.jpg\",\"contentUrl\":\"https:\\\/\\\/www.teletrans.com\\\/wp-content\\\/uploads\\\/2021\\\/03\\\/alquiler-minibus.jpg\"},{\"@type\":\"BreadcrumbList\",\"@id\":\"https:\\\/\\\/www.teletrans.com\\\/es\\\/alquiler-autos-de-lujo-copa-de-oro-concacaf-vancouver-canada\\\/#breadcrumb\",\"itemListElement\":[{\"@type\":\"ListItem\",\"position\":1,\"name\":\"Portada\",\"item\":\"https:\\\/\\\/www.teletrans.com\\\/es\\\/\"},{\"@type\":\"ListItem\",\"position\":2,\"name\":\"Copa de Oro Concacaf 2025 Vancouver, Canad\u00e1\"}]},{\"@type\":\"WebSite\",\"@id\":\"https:\\\/\\\/www.teletrans.com\\\/es\\\/#website\",\"url\":\"https:\\\/\\\/www.teletrans.com\\\/es\\\/\",\"name\":\"Teletrans\",\"description\":\"\",\"publisher\":{\"@id\":\"https:\\\/\\\/www.teletrans.com\\\/es\\\/#organization\"},\"potentialAction\":[{\"@type\":\"SearchAction\",\"target\":{\"@type\":\"EntryPoint\",\"urlTemplate\":\"https:\\\/\\\/www.teletrans.com\\\/es\\\/?s={search_term_string}\"},\"query-input\":{\"@type\":\"PropertyValueSpecification\",\"valueRequired\":true,\"valueName\":\"search_term_string\"}}],\"inLanguage\":\"es\"},{\"@type\":\"Organization\",\"@id\":\"https:\\\/\\\/www.teletrans.com\\\/es\\\/#organization\",\"name\":\"Teletrans\",\"url\":\"https:\\\/\\\/www.teletrans.com\\\/es\\\/\",\"logo\":{\"@type\":\"ImageObject\",\"inLanguage\":\"es\",\"@id\":\"https:\\\/\\\/www.teletrans.com\\\/es\\\/#\\\/schema\\\/logo\\\/image\\\/\",\"url\":\"https:\\\/\\\/www.teletrans.com\\\/wp-content\\\/uploads\\\/2023\\\/02\\\/logo-teletrans-svg.svg\",\"contentUrl\":\"https:\\\/\\\/www.teletrans.com\\\/wp-content\\\/uploads\\\/2023\\\/02\\\/logo-teletrans-svg.svg\",\"width\":501,\"height\":166,\"caption\":\"Teletrans\"},\"image\":{\"@id\":\"https:\\\/\\\/www.teletrans.com\\\/es\\\/#\\\/schema\\\/logo\\\/image\\\/\"},\"sameAs\":[\"https:\\\/\\\/www.facebook.com\\\/profile.php?id=100034999581270\",\"https:\\\/\\\/x.com\\\/TeletransChile\"]}]}<\/script>\n<!-- \/ Yoast SEO plugin. -->","yoast_head_json":{"title":"Add title Copa de Oro Concacaf 2025 Vancouver, Canad\u00e1 Skip to Editor - Teletrans","description":"Copa de Oro Concacaf 2025 Vancouver, Canad\u00e1. Organizamos y coordinamos el transporte para todos sus eventos. Moderna flota, asistencia 24 horas.","robots":{"index":"index","follow":"follow","max-snippet":"max-snippet:-1","max-image-preview":"max-image-preview:large","max-video-preview":"max-video-preview:-1"},"og_locale":"es_ES","og_type":"article","og_title":"Add title Copa de Oro Concacaf 2025 Vancouver, Canad\u00e1 Skip to Editor - Teletrans","og_description":"Copa de Oro Concacaf 2025 Vancouver, Canad\u00e1. Organizamos y coordinamos el transporte para todos sus eventos. Moderna flota, asistencia 24 horas.","og_url":"https:\/\/www.teletrans.com\/es\/alquiler-autos-de-lujo-copa-de-oro-concacaf-vancouver-canada\/","og_site_name":"Teletrans","article_publisher":"https:\/\/www.facebook.com\/profile.php?id=100034999581270","article_modified_time":"2025-01-07T15:48:38+00:00","og_image":[{"url":"https:\/\/www.teletrans.com\/wp-content\/uploads\/2021\/03\/alquiler-minibus.jpg","type":"","width":"","height":""}],"twitter_card":"summary_large_image","twitter_site":"@TeletransChile","twitter_misc":{"Tiempo de lectura":"3 minutos"},"schema":{"@context":"https:\/\/schema.org","@graph":[{"@type":"WebPage","@id":"https:\/\/www.teletrans.com\/es\/alquiler-autos-de-lujo-copa-de-oro-concacaf-vancouver-canada\/","url":"https:\/\/www.teletrans.com\/es\/alquiler-autos-de-lujo-copa-de-oro-concacaf-vancouver-canada\/","name":"Add title Copa de Oro Concacaf 2025 Vancouver, Canad\u00e1 Skip to Editor - Teletrans","isPartOf":{"@id":"https:\/\/www.teletrans.com\/es\/#website"},"primaryImageOfPage":{"@id":"https:\/\/www.teletrans.com\/es\/alquiler-autos-de-lujo-copa-de-oro-concacaf-vancouver-canada\/#primaryimage"},"image":{"@id":"https:\/\/www.teletrans.com\/es\/alquiler-autos-de-lujo-copa-de-oro-concacaf-vancouver-canada\/#primaryimage"},"thumbnailUrl":"https:\/\/www.teletrans.com\/wp-content\/uploads\/2021\/03\/alquiler-minibus.jpg","datePublished":"2024-11-02T18:35:22+00:00","dateModified":"2025-01-07T15:48:38+00:00","description":"Copa de Oro Concacaf 2025 Vancouver, Canad\u00e1. Organizamos y coordinamos el transporte para todos sus eventos. Moderna flota, asistencia 24 horas.","breadcrumb":{"@id":"https:\/\/www.teletrans.com\/es\/alquiler-autos-de-lujo-copa-de-oro-concacaf-vancouver-canada\/#breadcrumb"},"inLanguage":"es","potentialAction":[{"@type":"ReadAction","target":["https:\/\/www.teletrans.com\/es\/alquiler-autos-de-lujo-copa-de-oro-concacaf-vancouver-canada\/"]}]},{"@type":"ImageObject","inLanguage":"es","@id":"https:\/\/www.teletrans.com\/es\/alquiler-autos-de-lujo-copa-de-oro-concacaf-vancouver-canada\/#primaryimage","url":"https:\/\/www.teletrans.com\/wp-content\/uploads\/2021\/03\/alquiler-minibus.jpg","contentUrl":"https:\/\/www.teletrans.com\/wp-content\/uploads\/2021\/03\/alquiler-minibus.jpg"},{"@type":"BreadcrumbList","@id":"https:\/\/www.teletrans.com\/es\/alquiler-autos-de-lujo-copa-de-oro-concacaf-vancouver-canada\/#breadcrumb","itemListElement":[{"@type":"ListItem","position":1,"name":"Portada","item":"https:\/\/www.teletrans.com\/es\/"},{"@type":"ListItem","position":2,"name":"Copa de Oro Concacaf 2025 Vancouver, Canad\u00e1"}]},{"@type":"WebSite","@id":"https:\/\/www.teletrans.com\/es\/#website","url":"https:\/\/www.teletrans.com\/es\/","name":"Teletrans","description":"","publisher":{"@id":"https:\/\/www.teletrans.com\/es\/#organization"},"potentialAction":[{"@type":"SearchAction","target":{"@type":"EntryPoint","urlTemplate":"https:\/\/www.teletrans.com\/es\/?s={search_term_string}"},"query-input":{"@type":"PropertyValueSpecification","valueRequired":true,"valueName":"search_term_string"}}],"inLanguage":"es"},{"@type":"Organization","@id":"https:\/\/www.teletrans.com\/es\/#organization","name":"Teletrans","url":"https:\/\/www.teletrans.com\/es\/","logo":{"@type":"ImageObject","inLanguage":"es","@id":"https:\/\/www.teletrans.com\/es\/#\/schema\/logo\/image\/","url":"https:\/\/www.teletrans.com\/wp-content\/uploads\/2023\/02\/logo-teletrans-svg.svg","contentUrl":"https:\/\/www.teletrans.com\/wp-content\/uploads\/2023\/02\/logo-teletrans-svg.svg","width":501,"height":166,"caption":"Teletrans"},"image":{"@id":"https:\/\/www.teletrans.com\/es\/#\/schema\/logo\/image\/"},"sameAs":["https:\/\/www.facebook.com\/profile.php?id=100034999581270","https:\/\/x.com\/TeletransChile"]}]}},"_links":{"self":[{"href":"https:\/\/www.teletrans.com\/es\/wp-json\/wp\/v2\/pages\/55859","targetHints":{"allow":["GET"]}}],"collection":[{"href":"https:\/\/www.teletrans.com\/es\/wp-json\/wp\/v2\/pages"}],"about":[{"href":"https:\/\/www.teletrans.com\/es\/wp-json\/wp\/v2\/types\/page"}],"author":[{"embeddable":true,"href":"https:\/\/www.teletrans.com\/es\/wp-json\/wp\/v2\/users\/4"}],"replies":[{"embeddable":true,"href":"https:\/\/www.teletrans.com\/es\/wp-json\/wp\/v2\/comments?post=55859"}],"version-history":[{"count":2,"href":"https:\/\/www.teletrans.com\/es\/wp-json\/wp\/v2\/pages\/55859\/revisions"}],"predecessor-version":[{"id":57042,"href":"https:\/\/www.teletrans.com\/es\/wp-json\/wp\/v2\/pages\/55859\/revisions\/57042"}],"wp:attachment":[{"href":"https:\/\/www.teletrans.com\/es\/wp-json\/wp\/v2\/media?parent=55859"}],"wp:term":[{"taxonomy":"folder","embeddable":true,"href":"https:\/\/www.teletrans.com\/es\/wp-json\/wp\/v2\/folder?post=55859"}],"curies":[{"name":"wp","href":"https:\/\/api.w.org\/{rel}","templated":true}]}}