{"id":51806,"date":"2024-04-28T21:32:06","date_gmt":"2024-04-29T01:32:06","guid":{"rendered":"https:\/\/www.teletrans.com\/?page_id=51806"},"modified":"2025-06-08T16:12:32","modified_gmt":"2025-06-08T20:12:32","slug":"alquiler-de-autos-blindados-formula-1-grand-prix-ciudad-de-mexico","status":"publish","type":"page","link":"https:\/\/www.teletrans.com\/es\/alquiler-de-autos-blindados-formula-1-grand-prix-ciudad-de-mexico\/","title":{"rendered":"Formula 1 Grand Prix Ciudad de M\u00e9xico, M\u00e9xico"},"content":{"rendered":"<img loading=\"lazy\" decoding=\"async\" class=\"alignnone size-full wp-image-19177\" src=\"https:\/\/www.teletrans.com\/wp-content\/uploads\/2021\/03\/alquiler-minibus.jpg\" alt=\"Alquiler De Autos Blindados\" width=\"1500\" height=\"1000\" \/>\n<h2>Alquiler De Autos Blindados Ciudad de M\u00e9xico, M\u00e9xico<\/h2>\n<p>\nBienvenido a Teletrans, su opci\u00f3n segura de transporte para el Formula 1 Grand Prix en Ciudad de M\u00e9xico, M\u00e9xico. Nos especializamos en soluciones de transporte adaptadas y estamos comprometidos a garantizar una experiencia fluida para todos los asistentes y espectadores de este emocionante evento de automovilismo. Nuestro conocimiento de Ciudad de M\u00e9xico y nuestro enfoque en ofrecer un servicio de alta calidad nos distinguen.<br \/>\nCiudad de M\u00e9xico, la sede del Formula 1 Grand Prix, se enorgullece de acoger este evento de renombre mundial. En medio de la emoci\u00f3n y el entusiasmo de la carrera, Teletrans proporciona soluciones de transporte integrales. Desde traslados desde el aeropuerto hasta viajes diarios al circuito de carreras, nuestros servicios garantizan comodidad y puntualidad para todos los asistentes.\n<\/p>\n<h2>Flota Diversificada para Todas Sus Necesidades de Transporte<\/h2>\n<p>\nNuestra flota, que combina lujo y versatilidad, est\u00e1 preparada para satisfacer todas sus necesidades de transporte durante el Formula 1 Grand Prix. Ofrecemos una amplia selecci\u00f3n de veh\u00edculos de alta calidad para adaptarse a diferentes tama\u00f1os de grupos y preferencias, todos equipados con comodidades para asegurar un viaje c\u00f3modo y placentero.<br \/>\nNuestro equipo de conductores profesionales es fundamental para nuestro servicio confiable. Con un profundo conocimiento de las rutas y el tr\u00e1fico de Ciudad de M\u00e9xico, garantizan un viaje seguro y eficiente, permiti\u00e9ndole concentrarse en la emoci\u00f3n de la carrera.\n<\/p>\n<h2>Transporte Personalizado Adaptado a Su Horario<\/h2>\n<p>\nEntendemos las necesidades \u00fanicas de nuestros clientes que asisten al Grand Prix. Ya sea que sea un fan\u00e1tico, un miembro del equipo o un invitado especial, adaptamos nuestros servicios de transporte para satisfacer sus requisitos y horarios espec\u00edficos, garantizando una experiencia sin complicaciones.<br \/>\nSu seguridad y bienestar son nuestras principales preocupaciones. Nuestros veh\u00edculos se mantienen con los m\u00e1s altos est\u00e1ndares de seguridad y ofrecen un ambiente tranquilo para relajarse o prepararse para un d\u00eda emocionante en la carrera. Adem\u00e1s de transportarlo al circuito, nuestros servicios tambi\u00e9n le brindan la oportunidad de explorar Ciudad de M\u00e9xico y disfrutar de todo lo que la ciudad tiene para ofrecer.\n<\/p>\n<h2>Teletrans: Su Socio de Transporte para el Formula 1 Grand Prix<\/h2>\n<p>\nAl elegir Teletrans para sus necesidades de transporte durante el Formula 1 Grand Prix, est\u00e1 optando por confiabilidad y comodidad. Estamos comprometidos a hacer que su experiencia en la carrera y su estancia en Ciudad de M\u00e9xico sean lo m\u00e1s satisfactorias posible.<br \/>\nCont\u00e1ctenos para obtener m\u00e1s informaci\u00f3n sobre nuestros servicios y asegurar una experiencia de viaje fluida para uno de los eventos de automovilismo m\u00e1s destacados del mundo.\n<\/p>\n<div style=\"padding: 56.25% 0 0 0; position: relative;\"><iframe style=\"position: absolute; top: 0; left: 0; width: 100%; height: 100%;\" src=\"https:\/\/player.vimeo.com\/video\/526687309?loop=1&amp;color=ffffff&amp;portrait=0\" frameborder=\"0\" allowfullscreen=\"allowfullscreen\"><\/iframe><\/div>\n<p><script src=\"https:\/\/player.vimeo.com\/api\/player.js\"><\/script><a href=\"https:\/\/vimeo.com\/526687309\"><strong>Alquiler De Autos Blindados<\/strong><\/a> &#8211; <a href=\"https:\/\/www.teletrans.com\/locations\/\">Teletrans<\/a>.<\/p>\n<h2>Servicios de Transporte con Conductores Profesionales<\/h2>\n<p>\nListo y esperando para recibirlo estar\u00e1 uno de nuestros conductores expertos. Los conductores de Teletrans est\u00e1n entre los m\u00e1s experimentados en la industria. El<\/p>\n<p>los le proporcionar\u00e1n un servicio de transporte de alto nivel en el mercado. Nos preocupamos por todos los detalles. Nos enorgullecemos de nuestros conductores y de sus registros y verificaciones de antecedentes, lo que contribuye a\u00fan m\u00e1s al est\u00e1ndar de servicio personalizado y profesionalismo que nuestros clientes esperan de nosotros.<br \/>\nYa sea que necesite servicios de transporte para su reuni\u00f3n o evento, tenemos una flota de veh\u00edculos de lujo y modernos listos y esperando. Su ch\u00f3fer estar\u00e1 donde usted lo desee, cuando lo desee, y ser\u00e1 cort\u00e9s, atento y un experto en la conducci\u00f3n. Estudiamos el mapa de la ciudad para ofrecerle las mejores rutas y proporcionarle un servicio de transporte privado con conductor y traslados al aeropuerto. Tenemos una amplia experiencia en el mercado.<br \/>\nNuestros conductores est\u00e1n calificados, tienen experiencia y pueden llevar a cabo la conducci\u00f3n de manera segura. Ofrecemos servicios de transporte que garantizan encontrarse con usted en el momento adecuado, en el lugar adecuado.<br \/>\nTeletrans se especializa en <strong>servicios de transporte<\/strong> desde el aeropuerto, con un alto nivel de calidad y atenci\u00f3n. Ofrecemos comodidad, seguridad y puntualidad en todos nuestros servicios.<\/p>\n","protected":false},"excerpt":{"rendered":"<p>Alquiler De Autos Blindados Ciudad de M\u00e9xico, M\u00e9xico Bienvenido a Teletrans, su opci\u00f3n segura de transporte para el Formula 1 Grand Prix en Ciudad de M\u00e9xico, M\u00e9xico. Nos especializamos en soluciones de transporte adaptadas y estamos comprometidos a garantizar una experiencia fluida para todos los asistentes y espectadores de este emocionante evento de automovilismo. Nuestro<\/p>\n","protected":false},"author":4,"featured_media":0,"parent":0,"menu_order":4608,"comment_status":"closed","ping_status":"closed","template":"templates\/menu-lateral-page.php","meta":{"_acf_changed":false,"footnotes":""},"folder":[2304],"class_list":["post-51806","page","type-page","status-publish","hentry"],"acf":[],"yoast_head":"<!-- This site is optimized with the Yoast SEO plugin v27.4 - https:\/\/yoast.com\/product\/yoast-seo-wordpress\/ -->\n<title>Formula 1 Grand Prix Ciudad de M\u00e9xico, M\u00e9xico- Teletrans<\/title>\n<meta name=\"description\" content=\"Formula 1 Grand Prix Ciudad de M\u00e9xico, M\u00e9xico. Coordinamos el transporte para todos sus eventos. Moderna flota, asistencia 24 horas.\" \/>\n<meta name=\"robots\" content=\"index, follow, max-snippet:-1, max-image-preview:large, max-video-preview:-1\" \/>\n<meta property=\"og:locale\" content=\"es_ES\" \/>\n<meta property=\"og:type\" content=\"article\" \/>\n<meta property=\"og:title\" content=\"Formula 1 Grand Prix Ciudad de M\u00e9xico, M\u00e9xico- Teletrans\" \/>\n<meta property=\"og:description\" content=\"Formula 1 Grand Prix Ciudad de M\u00e9xico, M\u00e9xico. Coordinamos el transporte para todos sus eventos. Moderna flota, asistencia 24 horas.\" \/>\n<meta property=\"og:url\" content=\"https:\/\/www.teletrans.com\/es\/alquiler-de-autos-blindados-formula-1-grand-prix-ciudad-de-mexico\/\" \/>\n<meta property=\"og:site_name\" content=\"Teletrans\" \/>\n<meta property=\"article:publisher\" content=\"https:\/\/www.facebook.com\/profile.php?id=100034999581270\" \/>\n<meta property=\"article:modified_time\" content=\"2025-06-08T20:12:32+00:00\" \/>\n<meta property=\"og:image\" content=\"https:\/\/www.teletrans.com\/wp-content\/uploads\/2020\/03\/arriendo-minibus.jpg\" \/>\n\t<meta property=\"og:image:width\" content=\"1500\" \/>\n\t<meta property=\"og:image:height\" content=\"1000\" \/>\n\t<meta property=\"og:image:type\" content=\"image\/jpeg\" \/>\n<meta name=\"twitter:card\" content=\"summary_large_image\" \/>\n<meta name=\"twitter:site\" content=\"@TeletransChile\" \/>\n<meta name=\"twitter:label1\" content=\"Tiempo de lectura\" \/>\n\t<meta name=\"twitter:data1\" content=\"4 minutos\" \/>\n<script type=\"application\/ld+json\" class=\"yoast-schema-graph\">{\"@context\":\"https:\\\/\\\/schema.org\",\"@graph\":[{\"@type\":\"WebPage\",\"@id\":\"https:\\\/\\\/www.teletrans.com\\\/es\\\/alquiler-de-autos-blindados-formula-1-grand-prix-ciudad-de-mexico\\\/\",\"url\":\"https:\\\/\\\/www.teletrans.com\\\/es\\\/alquiler-de-autos-blindados-formula-1-grand-prix-ciudad-de-mexico\\\/\",\"name\":\"Formula 1 Grand Prix Ciudad de M\u00e9xico, M\u00e9xico- Teletrans\",\"isPartOf\":{\"@id\":\"https:\\\/\\\/www.teletrans.com\\\/es\\\/#website\"},\"primaryImageOfPage\":{\"@id\":\"https:\\\/\\\/www.teletrans.com\\\/es\\\/alquiler-de-autos-blindados-formula-1-grand-prix-ciudad-de-mexico\\\/#primaryimage\"},\"image\":{\"@id\":\"https:\\\/\\\/www.teletrans.com\\\/es\\\/alquiler-de-autos-blindados-formula-1-grand-prix-ciudad-de-mexico\\\/#primaryimage\"},\"thumbnailUrl\":\"https:\\\/\\\/www.teletrans.com\\\/wp-content\\\/uploads\\\/2021\\\/03\\\/alquiler-minibus.jpg\",\"datePublished\":\"2024-04-29T01:32:06+00:00\",\"dateModified\":\"2025-06-08T20:12:32+00:00\",\"description\":\"Formula 1 Grand Prix Ciudad de M\u00e9xico, M\u00e9xico. Coordinamos el transporte para todos sus eventos. Moderna flota, asistencia 24 horas.\",\"breadcrumb\":{\"@id\":\"https:\\\/\\\/www.teletrans.com\\\/es\\\/alquiler-de-autos-blindados-formula-1-grand-prix-ciudad-de-mexico\\\/#breadcrumb\"},\"inLanguage\":\"es\",\"potentialAction\":[{\"@type\":\"ReadAction\",\"target\":[\"https:\\\/\\\/www.teletrans.com\\\/es\\\/alquiler-de-autos-blindados-formula-1-grand-prix-ciudad-de-mexico\\\/\"]}]},{\"@type\":\"ImageObject\",\"inLanguage\":\"es\",\"@id\":\"https:\\\/\\\/www.teletrans.com\\\/es\\\/alquiler-de-autos-blindados-formula-1-grand-prix-ciudad-de-mexico\\\/#primaryimage\",\"url\":\"https:\\\/\\\/www.teletrans.com\\\/wp-content\\\/uploads\\\/2021\\\/03\\\/alquiler-minibus.jpg\",\"contentUrl\":\"https:\\\/\\\/www.teletrans.com\\\/wp-content\\\/uploads\\\/2021\\\/03\\\/alquiler-minibus.jpg\"},{\"@type\":\"BreadcrumbList\",\"@id\":\"https:\\\/\\\/www.teletrans.com\\\/es\\\/alquiler-de-autos-blindados-formula-1-grand-prix-ciudad-de-mexico\\\/#breadcrumb\",\"itemListElement\":[{\"@type\":\"ListItem\",\"position\":1,\"name\":\"Portada\",\"item\":\"https:\\\/\\\/www.teletrans.com\\\/es\\\/\"},{\"@type\":\"ListItem\",\"position\":2,\"name\":\"Formula 1 Grand Prix Ciudad de M\u00e9xico, M\u00e9xico\"}]},{\"@type\":\"WebSite\",\"@id\":\"https:\\\/\\\/www.teletrans.com\\\/es\\\/#website\",\"url\":\"https:\\\/\\\/www.teletrans.com\\\/es\\\/\",\"name\":\"Teletrans\",\"description\":\"\",\"publisher\":{\"@id\":\"https:\\\/\\\/www.teletrans.com\\\/es\\\/#organization\"},\"potentialAction\":[{\"@type\":\"SearchAction\",\"target\":{\"@type\":\"EntryPoint\",\"urlTemplate\":\"https:\\\/\\\/www.teletrans.com\\\/es\\\/?s={search_term_string}\"},\"query-input\":{\"@type\":\"PropertyValueSpecification\",\"valueRequired\":true,\"valueName\":\"search_term_string\"}}],\"inLanguage\":\"es\"},{\"@type\":\"Organization\",\"@id\":\"https:\\\/\\\/www.teletrans.com\\\/es\\\/#organization\",\"name\":\"Teletrans\",\"url\":\"https:\\\/\\\/www.teletrans.com\\\/es\\\/\",\"logo\":{\"@type\":\"ImageObject\",\"inLanguage\":\"es\",\"@id\":\"https:\\\/\\\/www.teletrans.com\\\/es\\\/#\\\/schema\\\/logo\\\/image\\\/\",\"url\":\"https:\\\/\\\/www.teletrans.com\\\/wp-content\\\/uploads\\\/2023\\\/02\\\/logo-teletrans-svg.svg\",\"contentUrl\":\"https:\\\/\\\/www.teletrans.com\\\/wp-content\\\/uploads\\\/2023\\\/02\\\/logo-teletrans-svg.svg\",\"width\":501,\"height\":166,\"caption\":\"Teletrans\"},\"image\":{\"@id\":\"https:\\\/\\\/www.teletrans.com\\\/es\\\/#\\\/schema\\\/logo\\\/image\\\/\"},\"sameAs\":[\"https:\\\/\\\/www.facebook.com\\\/profile.php?id=100034999581270\",\"https:\\\/\\\/x.com\\\/TeletransChile\"]}]}<\/script>\n<!-- \/ Yoast SEO plugin. -->","yoast_head_json":{"title":"Formula 1 Grand Prix Ciudad de M\u00e9xico, M\u00e9xico- Teletrans","description":"Formula 1 Grand Prix Ciudad de M\u00e9xico, M\u00e9xico. Coordinamos el transporte para todos sus eventos. Moderna flota, asistencia 24 horas.","robots":{"index":"index","follow":"follow","max-snippet":"max-snippet:-1","max-image-preview":"max-image-preview:large","max-video-preview":"max-video-preview:-1"},"og_locale":"es_ES","og_type":"article","og_title":"Formula 1 Grand Prix Ciudad de M\u00e9xico, M\u00e9xico- Teletrans","og_description":"Formula 1 Grand Prix Ciudad de M\u00e9xico, M\u00e9xico. Coordinamos el transporte para todos sus eventos. Moderna flota, asistencia 24 horas.","og_url":"https:\/\/www.teletrans.com\/es\/alquiler-de-autos-blindados-formula-1-grand-prix-ciudad-de-mexico\/","og_site_name":"Teletrans","article_publisher":"https:\/\/www.facebook.com\/profile.php?id=100034999581270","article_modified_time":"2025-06-08T20:12:32+00:00","og_image":[{"width":1500,"height":1000,"url":"https:\/\/www.teletrans.com\/wp-content\/uploads\/2020\/03\/arriendo-minibus.jpg","type":"image\/jpeg"}],"twitter_card":"summary_large_image","twitter_site":"@TeletransChile","twitter_misc":{"Tiempo de lectura":"4 minutos"},"schema":{"@context":"https:\/\/schema.org","@graph":[{"@type":"WebPage","@id":"https:\/\/www.teletrans.com\/es\/alquiler-de-autos-blindados-formula-1-grand-prix-ciudad-de-mexico\/","url":"https:\/\/www.teletrans.com\/es\/alquiler-de-autos-blindados-formula-1-grand-prix-ciudad-de-mexico\/","name":"Formula 1 Grand Prix Ciudad de M\u00e9xico, M\u00e9xico- Teletrans","isPartOf":{"@id":"https:\/\/www.teletrans.com\/es\/#website"},"primaryImageOfPage":{"@id":"https:\/\/www.teletrans.com\/es\/alquiler-de-autos-blindados-formula-1-grand-prix-ciudad-de-mexico\/#primaryimage"},"image":{"@id":"https:\/\/www.teletrans.com\/es\/alquiler-de-autos-blindados-formula-1-grand-prix-ciudad-de-mexico\/#primaryimage"},"thumbnailUrl":"https:\/\/www.teletrans.com\/wp-content\/uploads\/2021\/03\/alquiler-minibus.jpg","datePublished":"2024-04-29T01:32:06+00:00","dateModified":"2025-06-08T20:12:32+00:00","description":"Formula 1 Grand Prix Ciudad de M\u00e9xico, M\u00e9xico. Coordinamos el transporte para todos sus eventos. Moderna flota, asistencia 24 horas.","breadcrumb":{"@id":"https:\/\/www.teletrans.com\/es\/alquiler-de-autos-blindados-formula-1-grand-prix-ciudad-de-mexico\/#breadcrumb"},"inLanguage":"es","potentialAction":[{"@type":"ReadAction","target":["https:\/\/www.teletrans.com\/es\/alquiler-de-autos-blindados-formula-1-grand-prix-ciudad-de-mexico\/"]}]},{"@type":"ImageObject","inLanguage":"es","@id":"https:\/\/www.teletrans.com\/es\/alquiler-de-autos-blindados-formula-1-grand-prix-ciudad-de-mexico\/#primaryimage","url":"https:\/\/www.teletrans.com\/wp-content\/uploads\/2021\/03\/alquiler-minibus.jpg","contentUrl":"https:\/\/www.teletrans.com\/wp-content\/uploads\/2021\/03\/alquiler-minibus.jpg"},{"@type":"BreadcrumbList","@id":"https:\/\/www.teletrans.com\/es\/alquiler-de-autos-blindados-formula-1-grand-prix-ciudad-de-mexico\/#breadcrumb","itemListElement":[{"@type":"ListItem","position":1,"name":"Portada","item":"https:\/\/www.teletrans.com\/es\/"},{"@type":"ListItem","position":2,"name":"Formula 1 Grand Prix Ciudad de M\u00e9xico, M\u00e9xico"}]},{"@type":"WebSite","@id":"https:\/\/www.teletrans.com\/es\/#website","url":"https:\/\/www.teletrans.com\/es\/","name":"Teletrans","description":"","publisher":{"@id":"https:\/\/www.teletrans.com\/es\/#organization"},"potentialAction":[{"@type":"SearchAction","target":{"@type":"EntryPoint","urlTemplate":"https:\/\/www.teletrans.com\/es\/?s={search_term_string}"},"query-input":{"@type":"PropertyValueSpecification","valueRequired":true,"valueName":"search_term_string"}}],"inLanguage":"es"},{"@type":"Organization","@id":"https:\/\/www.teletrans.com\/es\/#organization","name":"Teletrans","url":"https:\/\/www.teletrans.com\/es\/","logo":{"@type":"ImageObject","inLanguage":"es","@id":"https:\/\/www.teletrans.com\/es\/#\/schema\/logo\/image\/","url":"https:\/\/www.teletrans.com\/wp-content\/uploads\/2023\/02\/logo-teletrans-svg.svg","contentUrl":"https:\/\/www.teletrans.com\/wp-content\/uploads\/2023\/02\/logo-teletrans-svg.svg","width":501,"height":166,"caption":"Teletrans"},"image":{"@id":"https:\/\/www.teletrans.com\/es\/#\/schema\/logo\/image\/"},"sameAs":["https:\/\/www.facebook.com\/profile.php?id=100034999581270","https:\/\/x.com\/TeletransChile"]}]}},"_links":{"self":[{"href":"https:\/\/www.teletrans.com\/es\/wp-json\/wp\/v2\/pages\/51806","targetHints":{"allow":["GET"]}}],"collection":[{"href":"https:\/\/www.teletrans.com\/es\/wp-json\/wp\/v2\/pages"}],"about":[{"href":"https:\/\/www.teletrans.com\/es\/wp-json\/wp\/v2\/types\/page"}],"author":[{"embeddable":true,"href":"https:\/\/www.teletrans.com\/es\/wp-json\/wp\/v2\/users\/4"}],"replies":[{"embeddable":true,"href":"https:\/\/www.teletrans.com\/es\/wp-json\/wp\/v2\/comments?post=51806"}],"version-history":[{"count":3,"href":"https:\/\/www.teletrans.com\/es\/wp-json\/wp\/v2\/pages\/51806\/revisions"}],"predecessor-version":[{"id":59975,"href":"https:\/\/www.teletrans.com\/es\/wp-json\/wp\/v2\/pages\/51806\/revisions\/59975"}],"wp:attachment":[{"href":"https:\/\/www.teletrans.com\/es\/wp-json\/wp\/v2\/media?parent=51806"}],"wp:term":[{"taxonomy":"folder","embeddable":true,"href":"https:\/\/www.teletrans.com\/es\/wp-json\/wp\/v2\/folder?post=51806"}],"curies":[{"name":"wp","href":"https:\/\/api.w.org\/{rel}","templated":true}]}}