{"id":50802,"date":"2024-03-22T16:31:34","date_gmt":"2024-03-22T20:31:34","guid":{"rendered":"https:\/\/www.teletrans.com\/?page_id=50802"},"modified":"2025-06-08T15:47:49","modified_gmt":"2025-06-08T19:47:49","slug":"alquiler-minibus-cumbre-energia-america-latina-santiago-chile","status":"publish","type":"page","link":"https:\/\/www.teletrans.com\/es\/alquiler-minibus-cumbre-energia-america-latina-santiago-chile\/","title":{"rendered":"Cumbre Energ\u00eda Am\u00e9rica Latina Santiago, Chile"},"content":{"rendered":"<img loading=\"lazy\" decoding=\"async\" class=\"alignnone size-full wp-image-19177\" src=\"https:\/\/www.teletrans.com\/wp-content\/uploads\/2021\/03\/alquiler-minibus.jpg\" alt=\"Alquiler Minibus\" width=\"1500\" height=\"1000\" \/>\n<h2>Alquiler Minibus en Santiago, Chile<\/h2>\n<p>\nBienvenido a Teletrans, su proveedor de transporte para la Cumbre Energ\u00eda Am\u00e9rica Latina en Santiago. Especializados en soluciones de transporte de alta calidad, estamos dedicados a asegurar una experiencia fluida para los asistentes y expositores en esta importante conferencia energ\u00e9tica. Nuestro conocimiento de Santiago y compromiso con la calidad en el servicio nos distinguen.<br \/>\nSantiago, la sede de la Cumbre Energ\u00eda Am\u00e9rica Latina, se enorgullece de ser anfitriona de este destacado evento. En medio del negocio y la emoci\u00f3n de esta importante cumbre, Teletrans ofrece soluciones de transporte integrales. Desde traslados desde el aeropuerto hasta viajes diarios al lugar de la conferencia, nuestros servicios garantizan conveniencia y puntualidad.\n<\/p>\n<h2>Diversa Flota para Todas Sus Necesidades de Transporte<\/h2>\n<p>\nNuestra flota, que ofrece lujo y versatilidad, est\u00e1 lista para satisfacer todas sus necesidades de transporte durante la Cumbre Energ\u00eda Am\u00e9rica Latina. Ofrecemos una variedad de veh\u00edculos de alta calidad para acomodar diferentes tama\u00f1os de grupos y preferencias, todos equipados con comodidades para garantizar que su viaje sea c\u00f3modo y placentero.<br \/>\nNuestro equipo de conductores profesionales es fundamental para nuestro servicio confiable. Con un amplio conocimiento de las rutas y patrones de tr\u00e1fico de Santiago, garantizan un viaje eficiente y seguro, permiti\u00e9ndole concentrarse en sus actividades en la conferencia.\n<\/p>\n<h2>Transporte Personalizado Ajustado a Su Horario<\/h2>\n<p>\nEntendemos las necesidades \u00fanicas de nuestros clientes que visitan la Cumbre Energ\u00eda Am\u00e9rica Latina. Ya sea que sea un asistente o un expositor, personalizamos nuestros servicios de transporte para alinearse con sus requisitos y horario espec\u00edficos, asegurando una experiencia libre de estr\u00e9s.<br \/>\nSu seguridad y comodidad son nuestras m\u00e1ximas prioridades. Nuestros veh\u00edculos se mantienen seg\u00fan los m\u00e1s altos est\u00e1ndares de seguridad y ofrecen un ambiente tranquilo para relajarse o prepararse para su jornada en la conferencia. Mientras asiste a la Cumbre Energ\u00eda Am\u00e9rica Latina, aproveche la oportunidad de explorar Santiago. Nuestros servicios de transporte se extienden m\u00e1s all\u00e1 del evento, permiti\u00e9ndole descubrir las atracciones de la ciudad, la gastronom\u00eda local y las experiencias culturales.\n<\/p>\n<h2>Teletrans: Su Socio de Transporte para la Cumbre Energ\u00eda Am\u00e9rica Latina<\/h2>\n<p>\nElegir Teletrans para sus necesidades de transporte durante la Cumbre Energ\u00eda Am\u00e9rica Latina significa optar por fiabilidad, profesionalismo y comodidad. Estamos comprometidos a hacer que su visita a la conferencia y su estancia en Santiago sean lo m\u00e1s fluidas y placenteras posible.<br \/>\nCont\u00e1ctenos para obtener m\u00e1s informaci\u00f3n sobre nuestros servicios y asegurar una experiencia de viaje sin complicaciones para una de las conferencias m\u00e1s importantes del mundo en el \u00e1mbito energ\u00e9tico.\n<\/p>\n<div style=\"padding: 56.25% 0 0 0; position: relative;\"><iframe style=\"position: absolute; top: 0; left: 0; width: 100%; height: 100%;\" src=\"https:\/\/player.vimeo.com\/video\/526687309?loop=1&amp;color=ffffff&amp;portrait=0\" frameborder=\"0\" allowfullscreen=\"allowfullscreen\"><\/iframe><\/div>\n<p><script src=\"https:\/\/player.vimeo.com\/api\/player.js\"><\/script><a href=\"https:\/\/vimeo.com\/526687309\"><strong>Alquiler Minibus<\/strong><\/a> &#8211; <a href=\"https:\/\/www.teletrans.com\/locations\/\">Teletrans<\/a>.<\/p>\n<h2>Servicios de Transporte con Conductores Profesionales<\/h2>\n<p>\nListos y esperando para atenderlo estar\u00e1n nuestros conductores profesionales. Los conductores de Teletrans est\u00e1n entre los m\u00e1s experimentados en la industria. Le brindar\u00e1n el mejor servicio de transporte en el mercado. Nos preocupamos por todos los detalles. Nos enorgullece la experiencia y los antecedentes de nuestros conductores, lo que contribuye a\u00fan m\u00e1s al est\u00e1ndar de servicio personalizado y profesionalismo que nuestros clientes esperan de nosotros.<br \/>\nYa sea que necesite servicios de transporte para su reuni\u00f3n o evento, contamos con una flota de veh\u00edculos de lujo y modernos listos para servirle. Su conductor estar\u00e1 donde lo necesite, cuando lo necesite, y ser\u00e1 cort\u00e9s, atento y experto en la conducci\u00f3n; nuestros conductores son expertos en su campo. Estudiamos cuidadosamente el mapa de la ciudad para garantizar las mejores rutas y proporcionarle el mejor servicio de transporte privado con conductor y traslados al aeropuerto. Contamos con una amplia experiencia en el mercado.<br \/>\nNuestros conductores est\u00e1n calificados, tienen experiencia y conducen de manera segura. Ofrecemos servicios de transporte que garantizan encontrarse con usted en el momento y lugar adecuados.<br \/>\nTeletrans se especializa en servicios de transporte desde y hacia el aeropuerto, con la mejor calidad y atenci\u00f3n al cliente. Ofrecemos comodidad, seguridad y puntualidad en todos nuestros servicios.<\/p>\n","protected":false},"excerpt":{"rendered":"<p>Alquiler Minibus en Santiago, Chile Bienvenido a Teletrans, su proveedor de transporte para la Cumbre Energ\u00eda Am\u00e9rica Latina en Santiago. Especializados en soluciones de transporte de alta calidad, estamos dedicados a asegurar una experiencia fluida para los asistentes y expositores en esta importante conferencia energ\u00e9tica. Nuestro conocimiento de Santiago y compromiso con la calidad en<\/p>\n","protected":false},"author":4,"featured_media":0,"parent":0,"menu_order":4330,"comment_status":"closed","ping_status":"closed","template":"templates\/menu-lateral-page.php","meta":{"_acf_changed":false,"footnotes":""},"folder":[2292],"class_list":["post-50802","page","type-page","status-publish","hentry"],"acf":[],"yoast_head":"<!-- This site is optimized with the Yoast SEO plugin v27.4 - https:\/\/yoast.com\/product\/yoast-seo-wordpress\/ -->\n<title>Alquiler Minibus Cumbre Energ\u00eda Am\u00e9rica Latina Chile - Teletrans<\/title>\n<meta name=\"description\" content=\"Cumbre Energ\u00eda Am\u00e9rica Latina Santiago, Chile. Coordinamos el transporte para todos sus eventos. Moderna flota, asistencia 24 horas.\" \/>\n<meta name=\"robots\" content=\"index, follow, max-snippet:-1, max-image-preview:large, max-video-preview:-1\" \/>\n<meta property=\"og:locale\" content=\"es_ES\" \/>\n<meta property=\"og:type\" content=\"article\" \/>\n<meta property=\"og:title\" content=\"Alquiler Minibus Cumbre Energ\u00eda Am\u00e9rica Latina Chile - Teletrans\" \/>\n<meta property=\"og:description\" content=\"Cumbre Energ\u00eda Am\u00e9rica Latina Santiago, Chile. Coordinamos el transporte para todos sus eventos. Moderna flota, asistencia 24 horas.\" \/>\n<meta property=\"og:url\" content=\"https:\/\/www.teletrans.com\/es\/alquiler-minibus-cumbre-energia-america-latina-santiago-chile\/\" \/>\n<meta property=\"og:site_name\" content=\"Teletrans\" \/>\n<meta property=\"article:publisher\" content=\"https:\/\/www.facebook.com\/profile.php?id=100034999581270\" \/>\n<meta property=\"article:modified_time\" content=\"2025-06-08T19:47:49+00:00\" \/>\n<meta property=\"og:image\" content=\"https:\/\/www.teletrans.com\/wp-content\/uploads\/2020\/03\/arriendo-minibus.jpg\" \/>\n\t<meta property=\"og:image:width\" content=\"1500\" \/>\n\t<meta property=\"og:image:height\" content=\"1000\" \/>\n\t<meta property=\"og:image:type\" content=\"image\/jpeg\" \/>\n<meta name=\"twitter:card\" content=\"summary_large_image\" \/>\n<meta name=\"twitter:site\" content=\"@TeletransChile\" \/>\n<meta name=\"twitter:label1\" content=\"Tiempo de lectura\" \/>\n\t<meta name=\"twitter:data1\" content=\"4 minutos\" \/>\n<script type=\"application\/ld+json\" class=\"yoast-schema-graph\">{\"@context\":\"https:\\\/\\\/schema.org\",\"@graph\":[{\"@type\":\"WebPage\",\"@id\":\"https:\\\/\\\/www.teletrans.com\\\/es\\\/alquiler-minibus-cumbre-energia-america-latina-santiago-chile\\\/\",\"url\":\"https:\\\/\\\/www.teletrans.com\\\/es\\\/alquiler-minibus-cumbre-energia-america-latina-santiago-chile\\\/\",\"name\":\"Alquiler Minibus Cumbre Energ\u00eda Am\u00e9rica Latina Chile - Teletrans\",\"isPartOf\":{\"@id\":\"https:\\\/\\\/www.teletrans.com\\\/es\\\/#website\"},\"primaryImageOfPage\":{\"@id\":\"https:\\\/\\\/www.teletrans.com\\\/es\\\/alquiler-minibus-cumbre-energia-america-latina-santiago-chile\\\/#primaryimage\"},\"image\":{\"@id\":\"https:\\\/\\\/www.teletrans.com\\\/es\\\/alquiler-minibus-cumbre-energia-america-latina-santiago-chile\\\/#primaryimage\"},\"thumbnailUrl\":\"https:\\\/\\\/www.teletrans.com\\\/wp-content\\\/uploads\\\/2021\\\/03\\\/alquiler-minibus.jpg\",\"datePublished\":\"2024-03-22T20:31:34+00:00\",\"dateModified\":\"2025-06-08T19:47:49+00:00\",\"description\":\"Cumbre Energ\u00eda Am\u00e9rica Latina Santiago, Chile. Coordinamos el transporte para todos sus eventos. Moderna flota, asistencia 24 horas.\",\"breadcrumb\":{\"@id\":\"https:\\\/\\\/www.teletrans.com\\\/es\\\/alquiler-minibus-cumbre-energia-america-latina-santiago-chile\\\/#breadcrumb\"},\"inLanguage\":\"es\",\"potentialAction\":[{\"@type\":\"ReadAction\",\"target\":[\"https:\\\/\\\/www.teletrans.com\\\/es\\\/alquiler-minibus-cumbre-energia-america-latina-santiago-chile\\\/\"]}]},{\"@type\":\"ImageObject\",\"inLanguage\":\"es\",\"@id\":\"https:\\\/\\\/www.teletrans.com\\\/es\\\/alquiler-minibus-cumbre-energia-america-latina-santiago-chile\\\/#primaryimage\",\"url\":\"https:\\\/\\\/www.teletrans.com\\\/wp-content\\\/uploads\\\/2021\\\/03\\\/alquiler-minibus.jpg\",\"contentUrl\":\"https:\\\/\\\/www.teletrans.com\\\/wp-content\\\/uploads\\\/2021\\\/03\\\/alquiler-minibus.jpg\"},{\"@type\":\"BreadcrumbList\",\"@id\":\"https:\\\/\\\/www.teletrans.com\\\/es\\\/alquiler-minibus-cumbre-energia-america-latina-santiago-chile\\\/#breadcrumb\",\"itemListElement\":[{\"@type\":\"ListItem\",\"position\":1,\"name\":\"Portada\",\"item\":\"https:\\\/\\\/www.teletrans.com\\\/es\\\/\"},{\"@type\":\"ListItem\",\"position\":2,\"name\":\"Cumbre Energ\u00eda Am\u00e9rica Latina Santiago, Chile\"}]},{\"@type\":\"WebSite\",\"@id\":\"https:\\\/\\\/www.teletrans.com\\\/es\\\/#website\",\"url\":\"https:\\\/\\\/www.teletrans.com\\\/es\\\/\",\"name\":\"Teletrans\",\"description\":\"\",\"publisher\":{\"@id\":\"https:\\\/\\\/www.teletrans.com\\\/es\\\/#organization\"},\"potentialAction\":[{\"@type\":\"SearchAction\",\"target\":{\"@type\":\"EntryPoint\",\"urlTemplate\":\"https:\\\/\\\/www.teletrans.com\\\/es\\\/?s={search_term_string}\"},\"query-input\":{\"@type\":\"PropertyValueSpecification\",\"valueRequired\":true,\"valueName\":\"search_term_string\"}}],\"inLanguage\":\"es\"},{\"@type\":\"Organization\",\"@id\":\"https:\\\/\\\/www.teletrans.com\\\/es\\\/#organization\",\"name\":\"Teletrans\",\"url\":\"https:\\\/\\\/www.teletrans.com\\\/es\\\/\",\"logo\":{\"@type\":\"ImageObject\",\"inLanguage\":\"es\",\"@id\":\"https:\\\/\\\/www.teletrans.com\\\/es\\\/#\\\/schema\\\/logo\\\/image\\\/\",\"url\":\"https:\\\/\\\/www.teletrans.com\\\/wp-content\\\/uploads\\\/2023\\\/02\\\/logo-teletrans-svg.svg\",\"contentUrl\":\"https:\\\/\\\/www.teletrans.com\\\/wp-content\\\/uploads\\\/2023\\\/02\\\/logo-teletrans-svg.svg\",\"width\":501,\"height\":166,\"caption\":\"Teletrans\"},\"image\":{\"@id\":\"https:\\\/\\\/www.teletrans.com\\\/es\\\/#\\\/schema\\\/logo\\\/image\\\/\"},\"sameAs\":[\"https:\\\/\\\/www.facebook.com\\\/profile.php?id=100034999581270\",\"https:\\\/\\\/x.com\\\/TeletransChile\"]}]}<\/script>\n<!-- \/ Yoast SEO plugin. -->","yoast_head_json":{"title":"Alquiler Minibus Cumbre Energ\u00eda Am\u00e9rica Latina Chile - Teletrans","description":"Cumbre Energ\u00eda Am\u00e9rica Latina Santiago, Chile. Coordinamos el transporte para todos sus eventos. Moderna flota, asistencia 24 horas.","robots":{"index":"index","follow":"follow","max-snippet":"max-snippet:-1","max-image-preview":"max-image-preview:large","max-video-preview":"max-video-preview:-1"},"og_locale":"es_ES","og_type":"article","og_title":"Alquiler Minibus Cumbre Energ\u00eda Am\u00e9rica Latina Chile - Teletrans","og_description":"Cumbre Energ\u00eda Am\u00e9rica Latina Santiago, Chile. Coordinamos el transporte para todos sus eventos. Moderna flota, asistencia 24 horas.","og_url":"https:\/\/www.teletrans.com\/es\/alquiler-minibus-cumbre-energia-america-latina-santiago-chile\/","og_site_name":"Teletrans","article_publisher":"https:\/\/www.facebook.com\/profile.php?id=100034999581270","article_modified_time":"2025-06-08T19:47:49+00:00","og_image":[{"width":1500,"height":1000,"url":"https:\/\/www.teletrans.com\/wp-content\/uploads\/2020\/03\/arriendo-minibus.jpg","type":"image\/jpeg"}],"twitter_card":"summary_large_image","twitter_site":"@TeletransChile","twitter_misc":{"Tiempo de lectura":"4 minutos"},"schema":{"@context":"https:\/\/schema.org","@graph":[{"@type":"WebPage","@id":"https:\/\/www.teletrans.com\/es\/alquiler-minibus-cumbre-energia-america-latina-santiago-chile\/","url":"https:\/\/www.teletrans.com\/es\/alquiler-minibus-cumbre-energia-america-latina-santiago-chile\/","name":"Alquiler Minibus Cumbre Energ\u00eda Am\u00e9rica Latina Chile - Teletrans","isPartOf":{"@id":"https:\/\/www.teletrans.com\/es\/#website"},"primaryImageOfPage":{"@id":"https:\/\/www.teletrans.com\/es\/alquiler-minibus-cumbre-energia-america-latina-santiago-chile\/#primaryimage"},"image":{"@id":"https:\/\/www.teletrans.com\/es\/alquiler-minibus-cumbre-energia-america-latina-santiago-chile\/#primaryimage"},"thumbnailUrl":"https:\/\/www.teletrans.com\/wp-content\/uploads\/2021\/03\/alquiler-minibus.jpg","datePublished":"2024-03-22T20:31:34+00:00","dateModified":"2025-06-08T19:47:49+00:00","description":"Cumbre Energ\u00eda Am\u00e9rica Latina Santiago, Chile. Coordinamos el transporte para todos sus eventos. Moderna flota, asistencia 24 horas.","breadcrumb":{"@id":"https:\/\/www.teletrans.com\/es\/alquiler-minibus-cumbre-energia-america-latina-santiago-chile\/#breadcrumb"},"inLanguage":"es","potentialAction":[{"@type":"ReadAction","target":["https:\/\/www.teletrans.com\/es\/alquiler-minibus-cumbre-energia-america-latina-santiago-chile\/"]}]},{"@type":"ImageObject","inLanguage":"es","@id":"https:\/\/www.teletrans.com\/es\/alquiler-minibus-cumbre-energia-america-latina-santiago-chile\/#primaryimage","url":"https:\/\/www.teletrans.com\/wp-content\/uploads\/2021\/03\/alquiler-minibus.jpg","contentUrl":"https:\/\/www.teletrans.com\/wp-content\/uploads\/2021\/03\/alquiler-minibus.jpg"},{"@type":"BreadcrumbList","@id":"https:\/\/www.teletrans.com\/es\/alquiler-minibus-cumbre-energia-america-latina-santiago-chile\/#breadcrumb","itemListElement":[{"@type":"ListItem","position":1,"name":"Portada","item":"https:\/\/www.teletrans.com\/es\/"},{"@type":"ListItem","position":2,"name":"Cumbre Energ\u00eda Am\u00e9rica Latina Santiago, Chile"}]},{"@type":"WebSite","@id":"https:\/\/www.teletrans.com\/es\/#website","url":"https:\/\/www.teletrans.com\/es\/","name":"Teletrans","description":"","publisher":{"@id":"https:\/\/www.teletrans.com\/es\/#organization"},"potentialAction":[{"@type":"SearchAction","target":{"@type":"EntryPoint","urlTemplate":"https:\/\/www.teletrans.com\/es\/?s={search_term_string}"},"query-input":{"@type":"PropertyValueSpecification","valueRequired":true,"valueName":"search_term_string"}}],"inLanguage":"es"},{"@type":"Organization","@id":"https:\/\/www.teletrans.com\/es\/#organization","name":"Teletrans","url":"https:\/\/www.teletrans.com\/es\/","logo":{"@type":"ImageObject","inLanguage":"es","@id":"https:\/\/www.teletrans.com\/es\/#\/schema\/logo\/image\/","url":"https:\/\/www.teletrans.com\/wp-content\/uploads\/2023\/02\/logo-teletrans-svg.svg","contentUrl":"https:\/\/www.teletrans.com\/wp-content\/uploads\/2023\/02\/logo-teletrans-svg.svg","width":501,"height":166,"caption":"Teletrans"},"image":{"@id":"https:\/\/www.teletrans.com\/es\/#\/schema\/logo\/image\/"},"sameAs":["https:\/\/www.facebook.com\/profile.php?id=100034999581270","https:\/\/x.com\/TeletransChile"]}]}},"_links":{"self":[{"href":"https:\/\/www.teletrans.com\/es\/wp-json\/wp\/v2\/pages\/50802","targetHints":{"allow":["GET"]}}],"collection":[{"href":"https:\/\/www.teletrans.com\/es\/wp-json\/wp\/v2\/pages"}],"about":[{"href":"https:\/\/www.teletrans.com\/es\/wp-json\/wp\/v2\/types\/page"}],"author":[{"embeddable":true,"href":"https:\/\/www.teletrans.com\/es\/wp-json\/wp\/v2\/users\/4"}],"replies":[{"embeddable":true,"href":"https:\/\/www.teletrans.com\/es\/wp-json\/wp\/v2\/comments?post=50802"}],"version-history":[{"count":3,"href":"https:\/\/www.teletrans.com\/es\/wp-json\/wp\/v2\/pages\/50802\/revisions"}],"predecessor-version":[{"id":59871,"href":"https:\/\/www.teletrans.com\/es\/wp-json\/wp\/v2\/pages\/50802\/revisions\/59871"}],"wp:attachment":[{"href":"https:\/\/www.teletrans.com\/es\/wp-json\/wp\/v2\/media?parent=50802"}],"wp:term":[{"taxonomy":"folder","embeddable":true,"href":"https:\/\/www.teletrans.com\/es\/wp-json\/wp\/v2\/folder?post=50802"}],"curies":[{"name":"wp","href":"https:\/\/api.w.org\/{rel}","templated":true}]}}