{"id":49459,"date":"2024-01-31T10:59:40","date_gmt":"2024-01-31T14:59:40","guid":{"rendered":"https:\/\/www.teletrans.com\/?page_id=49459"},"modified":"2025-07-29T15:11:15","modified_gmt":"2025-07-29T19:11:15","slug":"eventos-anuales","status":"publish","type":"page","link":"https:\/\/www.teletrans.com\/es\/eventos-anuales\/","title":{"rendered":"Eventos anuales"},"content":{"rendered":"<p><!-- Inicio de las columnas de URLs --><\/p>\n<div class=\"row\">\n<div class=\"column\">\n<ul>\n<li><a href=\"https:\/\/www.teletrans.com\/es\/alquiler-minibus-copa-america-atlanta-usa\/\">Copa Am\u00e9rica Atlanta, USA<\/a><\/li>\n<li><a href=\"https:\/\/www.teletrans.com\/es\/alquiler-minibus-copa-america-miami-usa\/\">Copa Am\u00e9rica Miami, USA<\/a><\/li>\n<li><a href=\"https:\/\/www.teletrans.com\/es\/alquiler-minibus-exponor-antofagasta-chile\/\">Exponor Antofagasta, Chile<\/a><\/li>\n<li><a href=\"https:\/\/www.teletrans.com\/es\/alquiler-minibus-copa-america-orlando-usa\/\">Copa Am\u00e9rica Orlando, USA<\/a><\/li>\n<li><a href=\"https:\/\/www.teletrans.com\/es\/alquiler-minibus-copa-america-houston-usa\/\">Copa Am\u00e9rica Houston, USA<\/a><\/li>\n<li><a href=\"https:\/\/www.teletrans.com\/es\/alquiler-minibus-formula-1-grand-prix-miami-usa\/\">Formula 1 Grand Prix Miami, USA<\/a><\/li>\n<li><a href=\"https:\/\/www.teletrans.com\/es\/alquiler-minibus-juegos-olimpicos-paris-francia\/\">Juegos Ol\u00edmpicos Par\u00eds, Francia<\/a><\/li>\n<li><a href=\"https:\/\/www.teletrans.com\/es\/alquiler-minibus-fidae-santiago-chile\/\">FIDAE Santiago, Chile<\/a><\/li>\n<li><a href=\"https:\/\/www.teletrans.com\/es\/alquiler-minibus-cumbre-energia-america-latina-santiago-chile\/\">Cumbre Energ\u00eda Am\u00e9rica Latina Santiago, Chile<\/a><\/li>\n<li><a href=\"https:\/\/www.teletrans.com\/es\/alquiler-minibus-copa-america-santa-clara-california\/\">Copa Am\u00e9rica Santa Clara, California<\/a><\/li>\n<li><a href=\"https:\/\/www.teletrans.com\/es\/alquiler-minibus-copa-america-paradise-las-vegas\/\">Copa Am\u00e9rica Paradise, Las Vegas<\/a><\/li>\n<li><a href=\"https:\/\/www.teletrans.com\/es\/alquiler-minibus-juegos-panamericanos-junior-2025-asuncion-paraguay\/\">Juegos Panamericanos Junior 2025 Asunci\u00f3n, Paraguay<\/a><\/li>\n<li><a href=\"https:\/\/www.teletrans.com\/es\/alquiler-minibus-formula-1-grand-prix-ciudad-de-mexico\/\">Formula 1 Grand Prix Ciudad de M\u00e9xico, M\u00e9xico<\/a><\/li>\n<li><a href=\"https:\/\/www.teletrans.com\/es\/alquiler-minibus-cumbre-iberoamericana-quito-ecuador\/\">Cumbre Iberoamericana Quito, Ecuador<\/a><\/li>\n<li><a href=\"https:\/\/www.teletrans.com\/es\/alquiler-minibus-cumbre-del-futuro-new-york-usa\/\">Cumbre del futuro New York, USA<\/a><\/li>\n<li><a href=\"https:\/\/www.teletrans.com\/es\/alquiler-minibus-formula-1-grand-prix-las-vegas-usa\/\">Formula 1 Grand Prix Las Vegas, USA<\/a><\/li>\n<li><a href=\"https:\/\/www.teletrans.com\/es\/alquiler-minibus-formula-e-portland-usa\/\">Formula E Portland, USA<\/a><\/li>\n<li><a href=\"https:\/\/www.teletrans.com\/es\/alquiler-minibus-congreso-chileno-de-medicina-de-urgencias-santiago-chile\/\">Congreso Chileno Medicina de Urgencias Santiago, Chile<\/a><\/li>\n<li><a href=\"https:\/\/www.teletrans.com\/es\/alquiler-minibus-formula-1-montreal-canada\/\">Formula 1 Montreal, Canad\u00e1<\/a><\/li>\n<li><a href=\"https:\/\/www.teletrans.com\/es\/alquiler-minibus-otan-washington-usa\/\">OTAN Washington, USA<\/a><\/li>\n<li><a href=\"https:\/\/www.teletrans.com\/es\/alquiler-minibus-cumbre-g20-rio-de-janeiro-brasil\/\">Cumbre G20 R\u00edo de Janeiro, Brasil<\/a><\/li>\n<li><a href=\"https:\/\/www.teletrans.com\/es\/alquiler-minibus-expo-naval-valparaiso-chile\/\">Expo Naval Valpara\u00edso, Chile<\/a><\/li>\n<li><a href=\"https:\/\/www.teletrans.com\/es\/alquiler-minibus-cop-30-2025-brasil\/\">COP 30 2025 Brasil<\/a><\/li>\n<li><a href=\"https:\/\/www.teletrans.com\/es\/alquiler-minibus-copa-de-oro-concacaf-las-vegas-usa\/\">Copa de Oro Concacaf Las Vegas, USA<\/a><\/li>\n<li><a href=\"https:\/\/www.teletrans.com\/es\/alquiler-minibus-copa-de-oro-concacaf-vancouver-canada\/\">Copa de oro Concacaf Vancouver, Canad\u00e1<\/a><\/li>\n<li><a href=\"https:\/\/www.teletrans.com\/es\/alquiler-minibus-cruceros-mitsui-ocean-fuji-2025-valparaiso-chile\/\">Cruceros Mitsui Ocean Fuji 2025 Valpara\u00edso, Chile<\/a><\/li>\n<li><a href=\"https:\/\/www.teletrans.com\/es\/alquiler-minibus-cruceros-silver-ray-2025-valparaiso-chile\/\">Cruceros Silver Ray 2025 Valpara\u00edso, Chile<\/a><\/li>\n<li><a href=\"https:\/\/www.teletrans.com\/es\/alquiler-minibus-cruceros-viking-jupiter-2025-valparaiso-chile\/\">Cruceros Viking Jupiter 2025 Valpara\u00edso, Chile<\/a><\/li>\n<li><a href=\"https:\/\/www.teletrans.com\/es\/alquiler-minibus-formula-e-2025-ciudad-de-mexico-mexico\/\">Formula E 2025 Ciudad de M\u00e9xico, M\u00e9xico<\/a><\/li>\n<li><a href=\"https:\/\/www.teletrans.com\/es\/alquiler-minibus-olimpiadas-especiales-invierno-2025-turin-italia\/\">Olimpiadas Especiales de Invierno 2025 Tur\u00edn, Italia<\/a><\/li>\n<li><a href=\"https:\/\/www.teletrans.com\/es\/alquiler-minibus-reunion-anual-asme-long-beach-usa\/\">ASME Long Beach, USA<\/a><\/li>\n<li><a href=\"https:\/\/www.teletrans.com\/es\/alquiler-minibus-mundial-sub-20-2025-santiago-chile\/\">Mundial SUB-20 2025 Santiago, Chile<\/a><\/li>\n<li><a href=\"https:\/\/www.teletrans.com\/es\/alquiler-minibus-mundial-sub-20-2025-vina-del-mar-chile\/\">Mundial SUB-20 2025 Vi\u00f1a del Mar, Chile<\/a><\/li>\n<li><a href=\"https:\/\/www.teletrans.com\/es\/alquiler-minibus-mundial-sub-20-2025-valparaiso-chile\/\">Mundial SUB-20 2025 Valpara\u00edso, Chile<\/a><\/li>\n<li><a href=\"https:\/\/www.teletrans.com\/es\/alquiler-minibus-mundial-sub-20-2025-rancagua-chile\/\">Mundial SUB-20 2025 Rancagua, Chile<\/a><\/li>\n<li><a href=\"https:\/\/www.teletrans.com\/es\/alquiler-minibus-mundial-sub-20-2025-talca-chile\/\">Mundial SUB-20 2025 Talca, Chile<\/a><\/li>\n<li><a href=\"https:\/\/www.teletrans.com\/es\/alquiler-minibus-cop-16-cali-colombia\/\">COP 16 Cali, Colombia<\/a><\/li>\n<li><a href=\"https:\/\/www.teletrans.com\/es\/alquiler-minibus-mundial-de-ciclismo-2025-santiago-chile\/\">Mundial de Ciclismo 2025 Santiago, Chile<\/a><\/li>\n<li><a href=\"https:\/\/www.teletrans.com\/es\/alquiler-minibus-cumbre-asamblea-bid-2025-santiago-chile\/\">Cumbre Asamblea BID 2025 Santiago, Chile<\/a><\/li>\n<p>            <!-- Agrega m\u00e1s elementos de lista aqu\u00ed seg\u00fan sea necesario -->\n        <\/ul>\n<\/p><\/div>\n<div class=\"column\">\n<ul>\n<li><a href=\"https:\/\/www.teletrans.com\/es\/alquiler-minibus-expo-mineria-internacional-panama-ciudad-de-panama\/\">Expo Miner\u00eda Internacional Panam\u00e1, Ciudad de Panam\u00e1<\/a><\/li>\n<li><a href=\"https:\/\/www.teletrans.com\/es\/alquiler-minibus-expocorma-concepcion-chile\/\">Expocorma Concepci\u00f3n, Chile<\/a><\/li>\n<li><a href=\"https:\/\/www.teletrans.com\/es\/alquiler-minibus-congreso-transport-valparaiso-chile\/\">Congreso Transport Valpara\u00edso, Chile<\/a><\/li>\n<li><a href=\"https:\/\/www.teletrans.com\/es\/alquiler-minibus-feria-internacional-edifica-santiago-chile\/\">Feria Internacional Edifica Santiago, Chile<\/a><\/li>\n<li><a href=\"https:\/\/www.teletrans.com\/es\/alquiler-minibus-cumbre-de-las-americas-republica-dominicana\/\">Cumbre de las Am\u00e9ricas Rep\u00fablica Dominicana<\/a><\/li>\n<li><a href=\"https:\/\/www.teletrans.com\/es\/alquiler-minibus-congreso-lacqua-2025-puerto-varas-chile\/\">Congreso LACQUA 2025 Puerto Varas, Chile<\/a><\/li>\n<li><a href=\"https:\/\/www.teletrans.com\/es\/alquiler-minibus-congreso-mundial-smart-city-expo-barcelona-espana\/\">Congreso Mundial Smart City Expo Barcelona, Espa\u00f1a<\/a><\/li>\n<li><a href=\"https:\/\/www.teletrans.com\/es\/alquiler-minibus-pdac-2025-toronto-canada\/\">PDAC 2025 Toronto, Canad\u00e1<\/a><\/li>\n<li><a href=\"https:\/\/www.teletrans.com\/es\/alquiler-minibus-cesco-2025-santiago-chile\/\">CESCO 2025 Santiago, Chile<\/a><\/li>\n<li><a href=\"https:\/\/www.teletrans.com\/es\/alquiler-minibus-desalination-latin-america-2025-santiago-chile\/\">Desalination Latin America 2025 Santiago, Chile<\/a><\/li>\n<li><a href=\"https:\/\/www.teletrans.com\/es\/alquiler-minibus-expomin-2025-santiago-chile\/\">Expomin 2025 Santiago, Chile<\/a><\/li>\n<li><a href=\"https:\/\/www.teletrans.com\/es\/alquiler-minibus-cruceros-hanseatic-nature-2025-valparaiso-chile\/\">Cruceros Hanseatic Nature 2025 Valpara\u00edso, Chile<\/a><\/li>\n<li><a href=\"https:\/\/www.teletrans.com\/es\/alquiler-minibus-campeonato-mundial-rally-2025-concepcion-chile\/\">Campeonato Mundial Rally 2025 Concepci\u00f3n, Chile<\/a><\/li>\n<li><a href=\"https:\/\/www.teletrans.com\/es\/alquiler-minibus-copa-america-futbol-playa-2025-iquique-chile\/\">Copa Am\u00e9rica Futbol Playa 2025 Iquique, Chile<\/a><\/li>\n<li><a href=\"https:\/\/www.teletrans.com\/es\/alquiler-minibus-latin-america-energy-summit-2025-santiago-chile\/\">Latin America Energy Summit 2025 Santiago, Chile<\/a><\/li>\n<li><a href=\"https:\/\/www.teletrans.com\/es\/alquiler-minibus-congreso-america-digital-2025-santiago-chile\/\">Congreso Am\u00e9rica Digital 2025 Santiago, Chile<\/a><\/li>\n<li><a href=\"https:\/\/www.teletrans.com\/es\/alquiler-minibus-juegos-parapanamericanos-juveniles-2025-santiago-chile\/\">Juegos Parapanamericanos Juveniles 2025, Santiago, Chile<\/a><\/li>\n<li><a href=\"https:\/\/www.teletrans.com\/es\/alquiler-minibus-fiba-americup-femenina-2025-santiago-chile\/\">Fiba Americup Femenina 2025 Santiago, Chile<\/a><\/li>\n<li><a href=\"https:\/\/www.teletrans.com\/es\/alquiler-minibus-campeonato-mundial-rally-2025-encarnacion-paraguay\/\">Campeonato Mundial Rally 2025 Encarnaci\u00f3n, Paraguay<\/a><\/li>\n<li><a href=\"https:\/\/www.teletrans.com\/es\/alquiler-minibus-campeonato-sudamericano-atletismo-2025-mar-del-plata-argentina\/\">Campeonato Sudamericano Atletismo 2025, Mar Del Plata, Argentina<\/a><\/li>\n<li><a href=\"https:\/\/www.teletrans.com\/es\/alquiler-minibus-final-copa-sudamericana-2025-santa-cruz-de-la-sierra-bolivia\/\">Final Copa Sudamericana 2025, Santa Cruz De La Sierra, Bolivia<\/a><\/li>\n<li><a href=\"https:\/\/www.teletrans.com\/es\/alquiler-minibus-formula-e-2025-miami-usa\/\">Formula E 2025 Miami, Usa<\/a><\/li>\n<li><a href=\"https:\/\/www.teletrans.com\/es\/alquiler-minibus-apec-2025-gyeongju-corea-del-sur\/\">APEC 2025 Gyeongju, Corea Del Sur<\/a><\/li>\n<li><a href=\"https:\/\/www.teletrans.com\/es\/alquiler-minibus-juegos-bolivarianos-2025-lima-peru\/\">Juegos Bolivarianos 2025 Lima, Per\u00fa<\/a><\/li>\n<li><a href=\"https:\/\/www.teletrans.com\/es\/alquiler-minibus-perumin-2025-arequipa-peru\/\">PERUMIN 2025 Arequipa, Per\u00fa<\/a><\/li>\n<li><a href=\"https:\/\/www.teletrans.com\/es\/alquiler-minibus-mundial-hockey-femenino-junior-2025-santiago-chile\/\">Mundial Hockey Femenino Junior 2025 Santiago, Chile<\/a><\/li>\n<li><a href=\"https:\/\/www.teletrans.com\/es\/alquiler-minibus-motortec-2025-santiago-chile\/\">Motortec 2025 Santiago, Chile<\/a><\/li>\n<li><a href=\"https:\/\/www.teletrans.com\/es\/alquiler-minibus-cumbre-otan-2025-la-haya-paises-bajos\/\">Cumbre OTAN 2025 La Haya, Pa\u00edses Bajos<\/a><\/li>\n<li><a href=\"https:\/\/www.teletrans.com\/es\/alquiler-minibus-formula-1-grand-prix-sao-paulo-brasil\/\">Formula 1 Grand Prix Sao Paulo, Brasil<\/a><\/li>\n<li><a href=\"https:\/\/www.teletrans.com\/es\/alquiler-minibus-wtm-londres-inglaterra\/\">WTM Londres, Inglaterra<\/a><\/li>\n<li><a href=\"https:\/\/www.teletrans.com\/es\/alquiler-minibus-cumbre-mundial-sobre-desarrollo-social-doha-qatar\/\">Cumbre Mundial Sobre Desarrollo Social Doha, Qatar<\/a><\/li>\n<li><a href=\"https:\/\/www.teletrans.com\/es\/alquiler-minibus-semana-del-transporte-y-cambio-climatico-berlin-alemania\/\">Semana Del Transporte y Cambio Clim\u00e1tico Berl\u00edn, Alemania<\/a><\/li>\n<li><a href=\"https:\/\/www.teletrans.com\/es\/alquiler-minibus-formula-e-2025-londres-inglaterra\/\">Formula E Londres, Inglaterra<\/a><\/li>\n<li><a href=\"https:\/\/www.teletrans.com\/es\/alquiler-minibus-cruceros-oasis-of-the-seas-fort-lauderdale-usa\/\">Cruceros Oasis Of The Seas Fort Lauderdale, Usa<\/a><\/li>\n<li><a href=\"https:\/\/www.teletrans.com\/es\/alquiler-minibus-cumbre-brics-rio-de-janeiro-brasil\/\">Cumbre Brics, R\u00edo De Janeiro, Brasil<\/a><\/li>\n<li><a href=\"https:\/\/www.teletrans.com\/es\/alquiler-minibus-final-copa-libertadores-lima-peru\/\">Final Copa Libertadores Lima, Per\u00fa<\/a><\/li>\n<li><a href=\"https:\/\/www.teletrans.com\/es\/alquiler-minibus-congreso-fifa-vancouver-canada\/\">Congreso FIFA Vancouver, Canad\u00e1<\/a><\/li>\n<li><a href=\"https:\/\/www.teletrans.com\/es\/alquiler-minibus-cumbre-fmi-washington-dc-usa\/\">Cumbre FMI Washington DC, USA<\/a><\/li>\n<li><a href=\"https:\/\/www.teletrans.com\/es\/alquiler-minibus-copa-mundial-de-futbol-guadalajara-mexico\/\">Copa Mundial de F\u00fatbol Guadalajara, M\u00e9xico<\/a><\/li>\n<li><a href=\"https:\/\/www.teletrans.com\/es\/alquiler-minibus-copa-mundial-de-futbol-ciudad-de-mexico-mexico\/\">Copa Mundial de F\u00fatbol Ciudad de M\u00e9xico, M\u00e9xico<\/a><\/li>\n<li><a href=\"https:\/\/www.teletrans.com\/es\/alquiler-minibus-copa-mundial-de-futbol-monterrey-mexico\/\">Copa Mundial de F\u00fatbol Monterrey, M\u00e9xico<\/a><\/li>\n<p>            <!-- Agrega m\u00e1s elementos de lista aqu\u00ed seg\u00fan sea necesario -->\n        <\/ul>\n<\/p><\/div>\n<\/div>\n<p><!-- Fin de las columnas de URLs --><\/p>\n<div style=\"height: 20px;\"><\/div>\n<p><!-- Inicio de las columnas de URLs --><\/p>\n<div class=\"row\">\n<div class=\"column\">\n<ul>\n<p>            <!-- Agrega m\u00e1s elementos de lista aqu\u00ed seg\u00fan sea necesario -->\n        <\/ul>\n<\/p><\/div>\n<div class=\"column\">\n<h5><\/h5>\n<ul>\n<p>            <!-- Agrega m\u00e1s elementos de lista aqu\u00ed seg\u00fan sea necesario -->\n        <\/ul>\n<\/p><\/div>\n<\/div>\n<p><!-- Fin de las columnas de URLs --><\/p>\n<div style=\"height: 20px;\"><\/div>\n<p><!-- Inicio de las columnas de URLs --><\/p>\n<div class=\"row\">\n<div class=\"column\">\n<ul>\n<p>            <!-- Agrega m\u00e1s elementos de lista aqu\u00ed seg\u00fan sea necesario -->\n        <\/ul>\n<\/p><\/div>\n<div class=\"column\">\n<h6><\/h6>\n<ul>\n<p>            <!-- Agrega m\u00e1s elementos de lista aqu\u00ed seg\u00fan sea necesario -->\n        <\/ul>\n<\/p><\/div>\n<\/div>\n<p><!-- Fin de las columnas de URLs --><\/p>\n<div style=\"height: 40px;\"><\/div>\n<p><meta name=\"robots\" content=\"noindex\"><\/p>\n","protected":false},"excerpt":{"rendered":"<p>Copa Am\u00e9rica Atlanta, USA Copa Am\u00e9rica Miami, USA Exponor Antofagasta, Chile Copa Am\u00e9rica Orlando, USA Copa Am\u00e9rica Houston, USA Formula 1 Grand Prix Miami, USA Juegos Ol\u00edmpicos Par\u00eds, Francia FIDAE Santiago, Chile Cumbre Energ\u00eda Am\u00e9rica Latina Santiago, Chile Copa Am\u00e9rica Santa Clara, California Copa Am\u00e9rica Paradise, Las Vegas Juegos Panamericanos Junior 2025 Asunci\u00f3n, Paraguay Formula<\/p>\n","protected":false},"author":4,"featured_media":0,"parent":0,"menu_order":4177,"comment_status":"closed","ping_status":"closed","template":"","meta":{"_acf_changed":false,"footnotes":""},"folder":[2256],"class_list":["post-49459","page","type-page","status-publish","hentry"],"acf":[],"yoast_head":"<!-- This site is optimized with the Yoast SEO plugin v27.4 - https:\/\/yoast.com\/product\/yoast-seo-wordpress\/ -->\n<title>Eventos anuales - Worldwide Chauffeured Services - Teletrans<\/title>\n<meta name=\"description\" content=\"Find out where we offer executive transportation services. Teletrans is a leader company in Worldwide Chauffeured Services.\" \/>\n<meta name=\"robots\" content=\"index, follow, max-snippet:-1, max-image-preview:large, max-video-preview:-1\" \/>\n<meta property=\"og:locale\" content=\"es_ES\" \/>\n<meta property=\"og:type\" content=\"article\" \/>\n<meta property=\"og:title\" content=\"Eventos anuales - Worldwide Chauffeured Services - Teletrans\" \/>\n<meta property=\"og:description\" content=\"Find out where we offer executive transportation services. Teletrans is a leader company in Worldwide Chauffeured Services.\" \/>\n<meta property=\"og:url\" content=\"https:\/\/www.teletrans.com\/es\/eventos-anuales\/\" \/>\n<meta property=\"og:site_name\" content=\"Teletrans\" \/>\n<meta property=\"article:publisher\" content=\"https:\/\/www.facebook.com\/profile.php?id=100034999581270\" \/>\n<meta property=\"article:modified_time\" content=\"2025-07-29T19:11:15+00:00\" \/>\n<meta property=\"og:image\" content=\"https:\/\/www.teletrans.com\/wp-content\/uploads\/2023\/02\/face.png\" \/>\n\t<meta property=\"og:image:width\" content=\"512\" \/>\n\t<meta property=\"og:image:height\" content=\"512\" \/>\n\t<meta property=\"og:image:type\" content=\"image\/png\" \/>\n<meta name=\"twitter:card\" content=\"summary_large_image\" \/>\n<meta name=\"twitter:site\" content=\"@TeletransChile\" \/>\n<meta name=\"twitter:label1\" content=\"Tiempo de lectura\" \/>\n\t<meta name=\"twitter:data1\" content=\"2 minutos\" \/>\n<script type=\"application\/ld+json\" class=\"yoast-schema-graph\">{\"@context\":\"https:\\\/\\\/schema.org\",\"@graph\":[{\"@type\":\"WebPage\",\"@id\":\"https:\\\/\\\/www.teletrans.com\\\/es\\\/eventos-anuales\\\/\",\"url\":\"https:\\\/\\\/www.teletrans.com\\\/es\\\/eventos-anuales\\\/\",\"name\":\"Eventos anuales - Worldwide Chauffeured Services - Teletrans\",\"isPartOf\":{\"@id\":\"https:\\\/\\\/www.teletrans.com\\\/es\\\/#website\"},\"datePublished\":\"2024-01-31T14:59:40+00:00\",\"dateModified\":\"2025-07-29T19:11:15+00:00\",\"description\":\"Find out where we offer executive transportation services. Teletrans is a leader company in Worldwide Chauffeured Services.\",\"breadcrumb\":{\"@id\":\"https:\\\/\\\/www.teletrans.com\\\/es\\\/eventos-anuales\\\/#breadcrumb\"},\"inLanguage\":\"es\",\"potentialAction\":[{\"@type\":\"ReadAction\",\"target\":[\"https:\\\/\\\/www.teletrans.com\\\/es\\\/eventos-anuales\\\/\"]}]},{\"@type\":\"BreadcrumbList\",\"@id\":\"https:\\\/\\\/www.teletrans.com\\\/es\\\/eventos-anuales\\\/#breadcrumb\",\"itemListElement\":[{\"@type\":\"ListItem\",\"position\":1,\"name\":\"Portada\",\"item\":\"https:\\\/\\\/www.teletrans.com\\\/es\\\/\"},{\"@type\":\"ListItem\",\"position\":2,\"name\":\"Eventos anuales\"}]},{\"@type\":\"WebSite\",\"@id\":\"https:\\\/\\\/www.teletrans.com\\\/es\\\/#website\",\"url\":\"https:\\\/\\\/www.teletrans.com\\\/es\\\/\",\"name\":\"Teletrans\",\"description\":\"\",\"publisher\":{\"@id\":\"https:\\\/\\\/www.teletrans.com\\\/es\\\/#organization\"},\"potentialAction\":[{\"@type\":\"SearchAction\",\"target\":{\"@type\":\"EntryPoint\",\"urlTemplate\":\"https:\\\/\\\/www.teletrans.com\\\/es\\\/?s={search_term_string}\"},\"query-input\":{\"@type\":\"PropertyValueSpecification\",\"valueRequired\":true,\"valueName\":\"search_term_string\"}}],\"inLanguage\":\"es\"},{\"@type\":\"Organization\",\"@id\":\"https:\\\/\\\/www.teletrans.com\\\/es\\\/#organization\",\"name\":\"Teletrans\",\"url\":\"https:\\\/\\\/www.teletrans.com\\\/es\\\/\",\"logo\":{\"@type\":\"ImageObject\",\"inLanguage\":\"es\",\"@id\":\"https:\\\/\\\/www.teletrans.com\\\/es\\\/#\\\/schema\\\/logo\\\/image\\\/\",\"url\":\"https:\\\/\\\/www.teletrans.com\\\/wp-content\\\/uploads\\\/2023\\\/02\\\/logo-teletrans-svg.svg\",\"contentUrl\":\"https:\\\/\\\/www.teletrans.com\\\/wp-content\\\/uploads\\\/2023\\\/02\\\/logo-teletrans-svg.svg\",\"width\":501,\"height\":166,\"caption\":\"Teletrans\"},\"image\":{\"@id\":\"https:\\\/\\\/www.teletrans.com\\\/es\\\/#\\\/schema\\\/logo\\\/image\\\/\"},\"sameAs\":[\"https:\\\/\\\/www.facebook.com\\\/profile.php?id=100034999581270\",\"https:\\\/\\\/x.com\\\/TeletransChile\"]}]}<\/script>\n<!-- \/ Yoast SEO plugin. -->","yoast_head_json":{"title":"Eventos anuales - Worldwide Chauffeured Services - Teletrans","description":"Find out where we offer executive transportation services. Teletrans is a leader company in Worldwide Chauffeured Services.","robots":{"index":"index","follow":"follow","max-snippet":"max-snippet:-1","max-image-preview":"max-image-preview:large","max-video-preview":"max-video-preview:-1"},"og_locale":"es_ES","og_type":"article","og_title":"Eventos anuales - Worldwide Chauffeured Services - Teletrans","og_description":"Find out where we offer executive transportation services. Teletrans is a leader company in Worldwide Chauffeured Services.","og_url":"https:\/\/www.teletrans.com\/es\/eventos-anuales\/","og_site_name":"Teletrans","article_publisher":"https:\/\/www.facebook.com\/profile.php?id=100034999581270","article_modified_time":"2025-07-29T19:11:15+00:00","og_image":[{"width":512,"height":512,"url":"https:\/\/www.teletrans.com\/wp-content\/uploads\/2023\/02\/face.png","type":"image\/png"}],"twitter_card":"summary_large_image","twitter_site":"@TeletransChile","twitter_misc":{"Tiempo de lectura":"2 minutos"},"schema":{"@context":"https:\/\/schema.org","@graph":[{"@type":"WebPage","@id":"https:\/\/www.teletrans.com\/es\/eventos-anuales\/","url":"https:\/\/www.teletrans.com\/es\/eventos-anuales\/","name":"Eventos anuales - Worldwide Chauffeured Services - Teletrans","isPartOf":{"@id":"https:\/\/www.teletrans.com\/es\/#website"},"datePublished":"2024-01-31T14:59:40+00:00","dateModified":"2025-07-29T19:11:15+00:00","description":"Find out where we offer executive transportation services. Teletrans is a leader company in Worldwide Chauffeured Services.","breadcrumb":{"@id":"https:\/\/www.teletrans.com\/es\/eventos-anuales\/#breadcrumb"},"inLanguage":"es","potentialAction":[{"@type":"ReadAction","target":["https:\/\/www.teletrans.com\/es\/eventos-anuales\/"]}]},{"@type":"BreadcrumbList","@id":"https:\/\/www.teletrans.com\/es\/eventos-anuales\/#breadcrumb","itemListElement":[{"@type":"ListItem","position":1,"name":"Portada","item":"https:\/\/www.teletrans.com\/es\/"},{"@type":"ListItem","position":2,"name":"Eventos anuales"}]},{"@type":"WebSite","@id":"https:\/\/www.teletrans.com\/es\/#website","url":"https:\/\/www.teletrans.com\/es\/","name":"Teletrans","description":"","publisher":{"@id":"https:\/\/www.teletrans.com\/es\/#organization"},"potentialAction":[{"@type":"SearchAction","target":{"@type":"EntryPoint","urlTemplate":"https:\/\/www.teletrans.com\/es\/?s={search_term_string}"},"query-input":{"@type":"PropertyValueSpecification","valueRequired":true,"valueName":"search_term_string"}}],"inLanguage":"es"},{"@type":"Organization","@id":"https:\/\/www.teletrans.com\/es\/#organization","name":"Teletrans","url":"https:\/\/www.teletrans.com\/es\/","logo":{"@type":"ImageObject","inLanguage":"es","@id":"https:\/\/www.teletrans.com\/es\/#\/schema\/logo\/image\/","url":"https:\/\/www.teletrans.com\/wp-content\/uploads\/2023\/02\/logo-teletrans-svg.svg","contentUrl":"https:\/\/www.teletrans.com\/wp-content\/uploads\/2023\/02\/logo-teletrans-svg.svg","width":501,"height":166,"caption":"Teletrans"},"image":{"@id":"https:\/\/www.teletrans.com\/es\/#\/schema\/logo\/image\/"},"sameAs":["https:\/\/www.facebook.com\/profile.php?id=100034999581270","https:\/\/x.com\/TeletransChile"]}]}},"_links":{"self":[{"href":"https:\/\/www.teletrans.com\/es\/wp-json\/wp\/v2\/pages\/49459","targetHints":{"allow":["GET"]}}],"collection":[{"href":"https:\/\/www.teletrans.com\/es\/wp-json\/wp\/v2\/pages"}],"about":[{"href":"https:\/\/www.teletrans.com\/es\/wp-json\/wp\/v2\/types\/page"}],"author":[{"embeddable":true,"href":"https:\/\/www.teletrans.com\/es\/wp-json\/wp\/v2\/users\/4"}],"replies":[{"embeddable":true,"href":"https:\/\/www.teletrans.com\/es\/wp-json\/wp\/v2\/comments?post=49459"}],"version-history":[{"count":57,"href":"https:\/\/www.teletrans.com\/es\/wp-json\/wp\/v2\/pages\/49459\/revisions"}],"predecessor-version":[{"id":61368,"href":"https:\/\/www.teletrans.com\/es\/wp-json\/wp\/v2\/pages\/49459\/revisions\/61368"}],"wp:attachment":[{"href":"https:\/\/www.teletrans.com\/es\/wp-json\/wp\/v2\/media?parent=49459"}],"wp:term":[{"taxonomy":"folder","embeddable":true,"href":"https:\/\/www.teletrans.com\/es\/wp-json\/wp\/v2\/folder?post=49459"}],"curies":[{"name":"wp","href":"https:\/\/api.w.org\/{rel}","templated":true}]}}