{"id":48142,"date":"2023-09-01T13:53:33","date_gmt":"2023-09-01T17:53:33","guid":{"rendered":"https:\/\/www.teletrans.com\/?page_id=48142"},"modified":"2023-09-01T13:53:33","modified_gmt":"2023-09-01T17:53:33","slug":"transporte-ejecutivo-amsterdam-holanda","status":"publish","type":"page","link":"https:\/\/www.teletrans.com\/es\/transporte-ejecutivo-amsterdam-holanda\/","title":{"rendered":"Transporte ejecutivo Amsterdam, Holanda"},"content":{"rendered":"<img loading=\"lazy\" decoding=\"async\" class=\"alignnone size-full wp-image-19249\" src=\"https:\/\/www.teletrans.com\/wp-content\/uploads\/2020\/03\/transporte-ejecutivo.jpg\" alt=\"Transporte ejecutivo Amsterdam, Holanda\" width=\"1500\" height=\"923\" \/>\n<p>El <strong>Transporte ejecutivo Amsterdam, Holanda<\/strong> es uno de los servicios que ofrece Teletrans, lo anterior est\u00e1 considerado para clientes que buscan un servicio de transporte de lujo que otorgue confianza y seguridad cuando tengan que moverse dentro de la ciudad ya sea por razones laborales o personales.<\/p>\n<p>El servicio de Transporte ejecutivo Amsterdam, Holanda que ofrece Teletrans, se adapta a las necesidades de cada uno de sus clientes. Es por esto que son ellos quienes pueden escoger el modelo de auto a utilizar para que este se adapte a sus necesidades. Los veh\u00edculos de la empresa para este servicio, son de alta gama pensado para altos ejecutivos que tengan eventos corporativos o reuniones en diversos lugares de la ciudad.<\/p>\n<p>Para hacer efectivo el servicio de Transporte ejecutivo Amsterdam, Holanda, solo basta con solicitarlo, hacer la reserva y desde ah\u00ed en adelante la empresa se encarga de cada uno de los detalles para que los clientes tengan una experiencia \u00fanica de transporte de lujo en donde Teletrans se encarga de organizar un itinerario para que el o los servicios de transporte requeridos funcionen sin esperas, atrasos, ni errores.<\/p>\n<ul>\n<li style=\"list-style-type: none;\">\n<ul>\n<li>Disposici\u00f3n por hora<\/li>\n<li>Traslados punto a punto<\/li>\n<li>Manejo de agenda de reuniones de negocios<\/li>\n<li>Planificamos la ruta y horarios seg\u00fan itinerario<\/li>\n<li>Amplio conocimiento del distrito financiero<\/li>\n<li>Puntualidad, discreci\u00f3n, profesionalismo<\/li>\n<li>Agua mineral, peri\u00f3dico y conductores biling\u00fces<\/li>\n<\/ul>\n<\/li>\n<\/ul>\n<h2>Transporte ejecutivo Amsterdam, Holanda para empresas<\/h2>\n<p>El Transporte ejecutivo Amsterdam, Holanda para empresas est\u00e1 pensado para clientes que necesiten moverse de un lado a otro dentro de la ciudad, en un auto que otorgue calidad, comodidad y seguridad. Adem\u00e1s de ser atendido por conductores que llevan a\u00f1os en el rubro y que conocen perfectamente las necesidades de los clientes. Teletrans otorga una experiencia en trasporte de lujo que hace que el servicio siempre cumpla con las expectativas de los clientes.<\/p>\n<p>La planificaci\u00f3n de un itinerario acorde a los tiempos solicitados por los clientes, son parte del servicio que entrega la empresa especialista en transportes no solo en Am\u00e9rica sino que tambi\u00e9n en el resto de los pa\u00edses del mundo, en donde opera con sus diferentes servicios entre los que se encuentra el de Transporte ejecutivo Amsterdam, Holanda.<\/p>\n<p>Numerosos ejecutivos internacionales planean sus reuniones por el d\u00eda, para luego regresar al Aeropuerto en horas de la tarde y tomar el \u00faltimo vuelo. Tomamos bajo nuestra responsabilidad el estricto cumplimiento del itinerario para que las reuniones programadas sean cumplidas de manera eficiente y culminar con \u00e9xito la visita.<\/p>\n<p>Nuestro departamento de operaciones recibe el itinerario con el timing de la agenda y establece la ruta \u00f3ptima luego de una planificaci\u00f3n que contempla el estudio del mapa de la ciudad, rutas alternativas y horas de mayor tr\u00e1fico.<\/p>\n<p>El servicio de Transporte ejecutivo Amsterdam, Holanda que ofrece Teletrans es principalmente para clientes que buscan conductores profesionales, amables y expertos en el transporte corporativo. Nuestras prioridades son la alta calidad y por sobre todo una completa seguridad en los traslados para nuestros pasajeros que necesitan de un Transporte ejecutivo Amsterdam, Holanda. Aseguramos un servicio de alta calidad con las necesidades de nuestros clientes, adem\u00e1s de adaptarnos a las necesidades de su empresa.<\/p>\n<div style=\"padding: 56.25% 0 0 0; position: relative;\"><iframe style=\"position: absolute; top: 0; left: 0; width: 100%; height: 100%;\" src=\"https:\/\/player.vimeo.com\/video\/526687691?loop=1&amp;color=ffffff&amp;portrait=0\" frameborder=\"0\" allowfullscreen=\"allowfullscreen\"><\/iframe><\/div>\n<p><script src=\"https:\/\/player.vimeo.com\/api\/player.js\"><\/script><a href=\"https:\/\/vimeo.com\/526687691\"><strong>Transporte ejecutivo Amsterdam, Holanda<\/strong><\/a> &#8211; <a href=\"https:\/\/www.teletrans.com\/es\/donde-operamos\/\">Teletrans<\/a>.<\/p>\n<p>&nbsp;<\/p>\n<h2>Transporte ejecutivo Amsterdam, Holanda para empresas corporativas<\/h2>\n<p>Para los servicios de Transporte ejecutivo Amsterdam, Holanda, Teletrans trabaja con profesionales que han vivido por a\u00f1os en la ciudad, por lo que si se tiene que cambiar el itinerario por alguna cancelaci\u00f3n o cambio en el horario, la empresa se adapta de manera r\u00e1pida a las necesidades de los clientes, lo que hace que como se se\u00f1alaba anteriormente no existan retrasos ni problemas durante la estad\u00eda de los clientes en la ciudad. El Transporte ejecutivo Amsterdam, Holanda es uno de los servicios m\u00e1s solicitados debido a que todos los altos ejecutivos que lo han utilizado \u00a0quedan conformes con el servicio recibido en todo aspecto. Desde la facilidad de reservar y arrendar un veh\u00edculo hasta la manera en que fueron recibidos por los conductores en el aeropuerto y por supuesto el funcionamiento del traslado en la ruta estipulada que cumple con ser puntual. Adem\u00e1s de la variedad de veh\u00edculos de lujo a elecci\u00f3n y tambi\u00e9n la seguridad y comodidad de cada uno de los autos que tiene Teletrans para el servicio de Transporte ejecutivo Amsterdam, Holanda.<\/p>\n<p>&nbsp;<\/p>\n<h2>El mejor servicio de Transporte ejecutivo Amsterdam, Holanda<\/h2>\n<p>Conocemos la importancia de los detalles en la industria del transporte corporativo, por lo que nos preocupamos de que nuestros clientes est\u00e9n c\u00f3modos para que tengan la mejor experiencia en Transporte ejecutivo Amsterdam, Holanda durante su viaje.<\/p>\n<p>Ya sea que necesite un traslado al aeropuerto o transporte para un Roadshow, una reuni\u00f3n o un evento, tenemos una moderna flota de veh\u00edculos de lujo y ejecutivos listos y esperando por usted. Su conductor estar\u00e1 donde y cuando lo necesite de manera cort\u00e9s, tranquilo, atento y un experto en el autom\u00f3vil.<\/p>\n<p>Prometemos el mejor servicio de alta calidad en Transporte ejecutivo Amsterdam, Holanda. Conf\u00ede en nuestra compa\u00f1\u00eda para el mejor servicio que puede tener en nuestro pa\u00eds. Usted y sus clientes tendr\u00e1n la mejor experiencia en la ciudad, se sentir\u00e1n como en casa y les prometemos el viaje m\u00e1s agradable de todos.<\/p>\n<p>Finalmente la empresa se compromete a entregar la mejor experiencia para cada uno de los usuarios del servicio de Transporte ejecutivo Amsterdam, Holanda de manera tal en la que todos los clientes tengan un servicio de primera calidad y conforme a sus expectativas. Altos ejecutivos y CEO de empresas de grandes compa\u00f1\u00edas a nivel mundial conf\u00edan en la calidad, compromiso y seguridad otorgada por la empresa desde 2004 en el rubro de <strong>Transporte ejecutivo Amsterdam, Holanda<\/strong>, Teletrans.<\/p>\n<p>&nbsp;<\/p>\n<h2> Informaci\u00f3n adicional para su transporte <\/h2>\n<p>\u00c1msterdam es la capital de los Pa\u00edses Bajos, conocida por su patrimonio art\u00edstico, su elaborado sistema de canales y sus casas estrechas con fachadas a dos aguas, legados de la Edad de Oro de la ciudad del siglo XVII. Su distrito de museos alberga el Museo Van Gogh, obras de Rembrandt y Vermeer en el Rijksmuseum y arte moderno en el Stedelijk. El ciclismo es clave para el car\u00e1cter de la ciudad y existen numerosos carriles bici.<br \/>\nEn \u00c1msterdam, los veranos son c\u00f3modos y parcialmente nublados, y los inviernos son largos, muy fr\u00edos, ventosos y mayormente nublados. A lo largo del a\u00f1o, la temperatura generalmente var\u00eda de 34 \u00b0F a 71 \u00b0F y rara vez est\u00e1 por debajo de 22 \u00b0F o por encima de 81 \u00b0F.<br \/>\nTransportamos a nuestros clientes desde el Aeropuerto Internacional Schiphol de Amsterdam a un hotel, convenci\u00f3n o diferentes reuniones que pueda tener durante el d\u00eda.<\/p>\n","protected":false},"excerpt":{"rendered":"<p>El Transporte ejecutivo Amsterdam, Holanda es uno de los servicios que ofrece Teletrans, lo anterior est\u00e1 considerado para clientes que buscan un servicio de transporte de lujo que otorgue confianza y seguridad cuando tengan que moverse dentro de la ciudad ya sea por razones laborales o personales. El servicio de Transporte ejecutivo Amsterdam, Holanda que<\/p>\n","protected":false},"author":4,"featured_media":0,"parent":0,"menu_order":3999,"comment_status":"closed","ping_status":"closed","template":"templates\/menu-lateral-page.php","meta":{"_acf_changed":false,"footnotes":""},"folder":[2232],"class_list":["post-48142","page","type-page","status-publish","hentry"],"acf":[],"yoast_head":"<!-- This site is optimized with the Yoast SEO plugin v27.3 - https:\/\/yoast.com\/product\/yoast-seo-wordpress\/ -->\n<title>Transporte ejecutivo Amsterdam, Holanda - Teletrans<\/title>\n<meta name=\"description\" content=\"El mejor servicio de Transporte ejecutivo Amsterdam, Holanda. Moderna flota, conductores biling\u00fces. Asistencia 24 horas.\" \/>\n<meta name=\"robots\" content=\"index, follow, max-snippet:-1, max-image-preview:large, max-video-preview:-1\" \/>\n<meta property=\"og:locale\" content=\"es_ES\" \/>\n<meta property=\"og:type\" content=\"article\" \/>\n<meta property=\"og:title\" content=\"Transporte ejecutivo Amsterdam, Holanda - Teletrans\" \/>\n<meta property=\"og:description\" content=\"El mejor servicio de Transporte ejecutivo Amsterdam, Holanda. Moderna flota, conductores biling\u00fces. Asistencia 24 horas.\" \/>\n<meta property=\"og:url\" content=\"https:\/\/www.teletrans.com\/es\/transporte-ejecutivo-amsterdam-holanda\/\" \/>\n<meta property=\"og:site_name\" content=\"Teletrans\" \/>\n<meta property=\"article:publisher\" content=\"https:\/\/www.facebook.com\/profile.php?id=100034999581270\" \/>\n<meta property=\"og:image\" content=\"https:\/\/www.teletrans.com\/wp-content\/uploads\/2020\/03\/transporte-ejecutivo.jpg\" \/>\n<meta name=\"twitter:card\" content=\"summary_large_image\" \/>\n<meta name=\"twitter:site\" content=\"@TeletransChile\" \/>\n<meta name=\"twitter:label1\" content=\"Tiempo de lectura\" \/>\n\t<meta name=\"twitter:data1\" content=\"5 minutos\" \/>\n<script type=\"application\/ld+json\" class=\"yoast-schema-graph\">{\"@context\":\"https:\\\/\\\/schema.org\",\"@graph\":[{\"@type\":\"WebPage\",\"@id\":\"https:\\\/\\\/www.teletrans.com\\\/es\\\/transporte-ejecutivo-amsterdam-holanda\\\/\",\"url\":\"https:\\\/\\\/www.teletrans.com\\\/es\\\/transporte-ejecutivo-amsterdam-holanda\\\/\",\"name\":\"Transporte ejecutivo Amsterdam, Holanda - Teletrans\",\"isPartOf\":{\"@id\":\"https:\\\/\\\/www.teletrans.com\\\/es\\\/#website\"},\"primaryImageOfPage\":{\"@id\":\"https:\\\/\\\/www.teletrans.com\\\/es\\\/transporte-ejecutivo-amsterdam-holanda\\\/#primaryimage\"},\"image\":{\"@id\":\"https:\\\/\\\/www.teletrans.com\\\/es\\\/transporte-ejecutivo-amsterdam-holanda\\\/#primaryimage\"},\"thumbnailUrl\":\"https:\\\/\\\/www.teletrans.com\\\/wp-content\\\/uploads\\\/2020\\\/03\\\/transporte-ejecutivo.jpg\",\"datePublished\":\"2023-09-01T17:53:33+00:00\",\"description\":\"El mejor servicio de Transporte ejecutivo Amsterdam, Holanda. Moderna flota, conductores biling\u00fces. Asistencia 24 horas.\",\"breadcrumb\":{\"@id\":\"https:\\\/\\\/www.teletrans.com\\\/es\\\/transporte-ejecutivo-amsterdam-holanda\\\/#breadcrumb\"},\"inLanguage\":\"es\",\"potentialAction\":[{\"@type\":\"ReadAction\",\"target\":[\"https:\\\/\\\/www.teletrans.com\\\/es\\\/transporte-ejecutivo-amsterdam-holanda\\\/\"]}]},{\"@type\":\"ImageObject\",\"inLanguage\":\"es\",\"@id\":\"https:\\\/\\\/www.teletrans.com\\\/es\\\/transporte-ejecutivo-amsterdam-holanda\\\/#primaryimage\",\"url\":\"https:\\\/\\\/www.teletrans.com\\\/wp-content\\\/uploads\\\/2020\\\/03\\\/transporte-ejecutivo.jpg\",\"contentUrl\":\"https:\\\/\\\/www.teletrans.com\\\/wp-content\\\/uploads\\\/2020\\\/03\\\/transporte-ejecutivo.jpg\"},{\"@type\":\"BreadcrumbList\",\"@id\":\"https:\\\/\\\/www.teletrans.com\\\/es\\\/transporte-ejecutivo-amsterdam-holanda\\\/#breadcrumb\",\"itemListElement\":[{\"@type\":\"ListItem\",\"position\":1,\"name\":\"Portada\",\"item\":\"https:\\\/\\\/www.teletrans.com\\\/es\\\/\"},{\"@type\":\"ListItem\",\"position\":2,\"name\":\"Transporte ejecutivo Amsterdam, Holanda\"}]},{\"@type\":\"WebSite\",\"@id\":\"https:\\\/\\\/www.teletrans.com\\\/es\\\/#website\",\"url\":\"https:\\\/\\\/www.teletrans.com\\\/es\\\/\",\"name\":\"Teletrans\",\"description\":\"\",\"publisher\":{\"@id\":\"https:\\\/\\\/www.teletrans.com\\\/es\\\/#organization\"},\"potentialAction\":[{\"@type\":\"SearchAction\",\"target\":{\"@type\":\"EntryPoint\",\"urlTemplate\":\"https:\\\/\\\/www.teletrans.com\\\/es\\\/?s={search_term_string}\"},\"query-input\":{\"@type\":\"PropertyValueSpecification\",\"valueRequired\":true,\"valueName\":\"search_term_string\"}}],\"inLanguage\":\"es\"},{\"@type\":\"Organization\",\"@id\":\"https:\\\/\\\/www.teletrans.com\\\/es\\\/#organization\",\"name\":\"Teletrans\",\"url\":\"https:\\\/\\\/www.teletrans.com\\\/es\\\/\",\"logo\":{\"@type\":\"ImageObject\",\"inLanguage\":\"es\",\"@id\":\"https:\\\/\\\/www.teletrans.com\\\/es\\\/#\\\/schema\\\/logo\\\/image\\\/\",\"url\":\"https:\\\/\\\/www.teletrans.com\\\/wp-content\\\/uploads\\\/2023\\\/02\\\/logo-teletrans-svg.svg\",\"contentUrl\":\"https:\\\/\\\/www.teletrans.com\\\/wp-content\\\/uploads\\\/2023\\\/02\\\/logo-teletrans-svg.svg\",\"width\":501,\"height\":166,\"caption\":\"Teletrans\"},\"image\":{\"@id\":\"https:\\\/\\\/www.teletrans.com\\\/es\\\/#\\\/schema\\\/logo\\\/image\\\/\"},\"sameAs\":[\"https:\\\/\\\/www.facebook.com\\\/profile.php?id=100034999581270\",\"https:\\\/\\\/x.com\\\/TeletransChile\"]}]}<\/script>\n<!-- \/ Yoast SEO plugin. -->","yoast_head_json":{"title":"Transporte ejecutivo Amsterdam, Holanda - Teletrans","description":"El mejor servicio de Transporte ejecutivo Amsterdam, Holanda. Moderna flota, conductores biling\u00fces. Asistencia 24 horas.","robots":{"index":"index","follow":"follow","max-snippet":"max-snippet:-1","max-image-preview":"max-image-preview:large","max-video-preview":"max-video-preview:-1"},"og_locale":"es_ES","og_type":"article","og_title":"Transporte ejecutivo Amsterdam, Holanda - Teletrans","og_description":"El mejor servicio de Transporte ejecutivo Amsterdam, Holanda. Moderna flota, conductores biling\u00fces. Asistencia 24 horas.","og_url":"https:\/\/www.teletrans.com\/es\/transporte-ejecutivo-amsterdam-holanda\/","og_site_name":"Teletrans","article_publisher":"https:\/\/www.facebook.com\/profile.php?id=100034999581270","og_image":[{"url":"https:\/\/www.teletrans.com\/wp-content\/uploads\/2020\/03\/transporte-ejecutivo.jpg","type":"","width":"","height":""}],"twitter_card":"summary_large_image","twitter_site":"@TeletransChile","twitter_misc":{"Tiempo de lectura":"5 minutos"},"schema":{"@context":"https:\/\/schema.org","@graph":[{"@type":"WebPage","@id":"https:\/\/www.teletrans.com\/es\/transporte-ejecutivo-amsterdam-holanda\/","url":"https:\/\/www.teletrans.com\/es\/transporte-ejecutivo-amsterdam-holanda\/","name":"Transporte ejecutivo Amsterdam, Holanda - Teletrans","isPartOf":{"@id":"https:\/\/www.teletrans.com\/es\/#website"},"primaryImageOfPage":{"@id":"https:\/\/www.teletrans.com\/es\/transporte-ejecutivo-amsterdam-holanda\/#primaryimage"},"image":{"@id":"https:\/\/www.teletrans.com\/es\/transporte-ejecutivo-amsterdam-holanda\/#primaryimage"},"thumbnailUrl":"https:\/\/www.teletrans.com\/wp-content\/uploads\/2020\/03\/transporte-ejecutivo.jpg","datePublished":"2023-09-01T17:53:33+00:00","description":"El mejor servicio de Transporte ejecutivo Amsterdam, Holanda. Moderna flota, conductores biling\u00fces. Asistencia 24 horas.","breadcrumb":{"@id":"https:\/\/www.teletrans.com\/es\/transporte-ejecutivo-amsterdam-holanda\/#breadcrumb"},"inLanguage":"es","potentialAction":[{"@type":"ReadAction","target":["https:\/\/www.teletrans.com\/es\/transporte-ejecutivo-amsterdam-holanda\/"]}]},{"@type":"ImageObject","inLanguage":"es","@id":"https:\/\/www.teletrans.com\/es\/transporte-ejecutivo-amsterdam-holanda\/#primaryimage","url":"https:\/\/www.teletrans.com\/wp-content\/uploads\/2020\/03\/transporte-ejecutivo.jpg","contentUrl":"https:\/\/www.teletrans.com\/wp-content\/uploads\/2020\/03\/transporte-ejecutivo.jpg"},{"@type":"BreadcrumbList","@id":"https:\/\/www.teletrans.com\/es\/transporte-ejecutivo-amsterdam-holanda\/#breadcrumb","itemListElement":[{"@type":"ListItem","position":1,"name":"Portada","item":"https:\/\/www.teletrans.com\/es\/"},{"@type":"ListItem","position":2,"name":"Transporte ejecutivo Amsterdam, Holanda"}]},{"@type":"WebSite","@id":"https:\/\/www.teletrans.com\/es\/#website","url":"https:\/\/www.teletrans.com\/es\/","name":"Teletrans","description":"","publisher":{"@id":"https:\/\/www.teletrans.com\/es\/#organization"},"potentialAction":[{"@type":"SearchAction","target":{"@type":"EntryPoint","urlTemplate":"https:\/\/www.teletrans.com\/es\/?s={search_term_string}"},"query-input":{"@type":"PropertyValueSpecification","valueRequired":true,"valueName":"search_term_string"}}],"inLanguage":"es"},{"@type":"Organization","@id":"https:\/\/www.teletrans.com\/es\/#organization","name":"Teletrans","url":"https:\/\/www.teletrans.com\/es\/","logo":{"@type":"ImageObject","inLanguage":"es","@id":"https:\/\/www.teletrans.com\/es\/#\/schema\/logo\/image\/","url":"https:\/\/www.teletrans.com\/wp-content\/uploads\/2023\/02\/logo-teletrans-svg.svg","contentUrl":"https:\/\/www.teletrans.com\/wp-content\/uploads\/2023\/02\/logo-teletrans-svg.svg","width":501,"height":166,"caption":"Teletrans"},"image":{"@id":"https:\/\/www.teletrans.com\/es\/#\/schema\/logo\/image\/"},"sameAs":["https:\/\/www.facebook.com\/profile.php?id=100034999581270","https:\/\/x.com\/TeletransChile"]}]}},"_links":{"self":[{"href":"https:\/\/www.teletrans.com\/es\/wp-json\/wp\/v2\/pages\/48142","targetHints":{"allow":["GET"]}}],"collection":[{"href":"https:\/\/www.teletrans.com\/es\/wp-json\/wp\/v2\/pages"}],"about":[{"href":"https:\/\/www.teletrans.com\/es\/wp-json\/wp\/v2\/types\/page"}],"author":[{"embeddable":true,"href":"https:\/\/www.teletrans.com\/es\/wp-json\/wp\/v2\/users\/4"}],"replies":[{"embeddable":true,"href":"https:\/\/www.teletrans.com\/es\/wp-json\/wp\/v2\/comments?post=48142"}],"version-history":[{"count":1,"href":"https:\/\/www.teletrans.com\/es\/wp-json\/wp\/v2\/pages\/48142\/revisions"}],"predecessor-version":[{"id":48737,"href":"https:\/\/www.teletrans.com\/es\/wp-json\/wp\/v2\/pages\/48142\/revisions\/48737"}],"wp:attachment":[{"href":"https:\/\/www.teletrans.com\/es\/wp-json\/wp\/v2\/media?parent=48142"}],"wp:term":[{"taxonomy":"folder","embeddable":true,"href":"https:\/\/www.teletrans.com\/es\/wp-json\/wp\/v2\/folder?post=48142"}],"curies":[{"name":"wp","href":"https:\/\/api.w.org\/{rel}","templated":true}]}}