{"id":47303,"date":"2023-03-14T16:32:30","date_gmt":"2023-03-14T20:32:30","guid":{"rendered":"https:\/\/www.teletrans.com\/?page_id=47303"},"modified":"2023-03-14T16:32:30","modified_gmt":"2023-03-14T20:32:30","slug":"alquiler-minibus-seul-corea-del-sur","status":"publish","type":"page","link":"https:\/\/www.teletrans.com\/es\/alquiler-minibus-seul-corea-del-sur\/","title":{"rendered":"Alquiler minibus Se\u00fal, Corea del Sur"},"content":{"rendered":"<img loading=\"lazy\" decoding=\"async\" class=\"alignnone size-full wp-image-19177\" src=\"https:\/\/www.teletrans.com\/wp-content\/uploads\/2021\/03\/alquiler-minibus.jpg\" alt=\"Alquiler minibus Se\u00fal, Corea del Sur\" width=\"1500\" height=\"1000\" \/>\n<p>El <strong>Alquiler minibus Se\u00fal, Corea del Sur<\/strong> es uno de los servicios que entrega Teletrans, empresa especialista en transporte ejecutivo desde el a\u00f1o 2004 en el mercado. Con una capacidad entre 25 y 45 pasajeros, el servicio de Alquiler minibus Se\u00fal, Corea del Sur est\u00e1 considerado para clientes que realicen eventos corporativos o viajes de negocios y que necesiten un transporte ordenado y organizado en grupo, ya sea desde el Aeropuerto o hacia donde necesiten reunirse para una conferencia, congreso o charla, o tambi\u00e9n para moverse dentro de la ciudad escogida, a los lugares que necesiten durante su estad\u00eda.<\/p>\n<p>Con una capacidad de entre 25 y 45 pasajeros, el servicio de Alquiler minibus Se\u00fal, Corea del Sur cuenta con un equipamiento de primer nivel, que otorga seguridad y comodidad a cada uno de los pasajeros que soliciten el servicio de Alquiler de minibus. Adem\u00e1s, Teletrans trabaja con conductores que tienen a\u00f1os de experiencia quienes planifican la ruta solicitada por los clientes para as\u00ed cumplir con puntualidad en los traslados necesarios.<\/p>\n<p>&nbsp;<\/p>\n<h2>Alquiler minibus Se\u00fal, Corea del Sur para Empresas<\/h2>\n<p>El servicio de Alquiler minibus Se\u00fal, Corea del Sur para empresas tiene por objetivo el facilitar a los clientes que soliciten el servicio, su traslado de manera grupal, puntual y ordenada hacia donde tengan que asistir una vez lleguen.<\/p>\n<p>Muchas veces los empresarios de diversas partes del mundo viajan por conferencias en grupos de muchas personas y no logran encontrar un servicio de traslado que les otorgue seguridad, comodidad y puntualidad, adem\u00e1s de la posibilidad de ser transportados todos juntos en un mismo veh\u00edculo desde el aeropuerto, sin ser separados sino que todos en el mismo veh\u00edculo. Es por lo anterior que el servicio de Alquiler minibus Se\u00fal, Corea del Sur es uno de los m\u00e1s solicitados ya que cuenta con todos los puntos mencionados, y adem\u00e1s todos los conductores que trabajan en este servicio de Alquiler minibus Se\u00fal, Corea del Sur cuentan con varios a\u00f1os de experiencia, manejo de las rutas de la ciudad y est\u00e1n preparados para resolver cualquier problema que pueda surgir durante el servicio de transporte. Ya sea alg\u00fan cambio de ruta, cambio de horario o del lugar en donde se iba a realizar la reuni\u00f3n u hotel en donde los clientes se hospedar\u00edan.<\/p>\n<div style=\"padding: 56.25% 0 0 0; position: relative;\"><iframe style=\"position: absolute; top: 0; left: 0; width: 100%; height: 100%;\" src=\"https:\/\/player.vimeo.com\/video\/526687474?loop=1&amp;color=ffffff&amp;portrait=0\" frameborder=\"0\" allowfullscreen=\"allowfullscreen\"><\/iframe><\/div>\n<p><script src=\"https:\/\/player.vimeo.com\/api\/player.js\"><\/script><a href=\"https:\/\/vimeo.com\/526687474\"><strong>Alquiler minibus Se\u00fal, Corea del Sur<\/strong><\/a> &#8211; <a href=\"https:\/\/www.teletrans.com\/es\/donde-operamos\/\">Teletrans<\/a>.<\/p>\n<p>&nbsp;<\/p>\n<h2>Alquiler minibus Se\u00fal, Corea del Sur<\/h2>\n<p>Para hacer efectivo el servicio de Alquiler minibus Se\u00fal, Corea del Sur, solo basta con ingresar al sitio web, hacer la reserva y desde ah\u00ed en adelante la empresa se encarga de cada uno de los detalles para que los clientes tengan una experiencia \u00fanica de transporte.<\/p>\n<p>Teletrans se encarga de organizar un itinerario para que el o los servicios de transporte requeridos como en este caso el de Alquiler minibus Se\u00fal, Corea del Sur, que est\u00e1 contemplado para entre 25 y 45 pasajeros, funcione sin esperas, impuntualidades, ni errores y para que los clientes que soliciten el Alquiler minibus Se\u00fal, Corea del Sur se sientan conformes con el servicio requerido.<\/p>\n<p>El Alquiler minibus Se\u00fal, Corea del Sur para empresas est\u00e1 pensado para clientes que necesiten moverse de un lado a otro dentro de la ciudad, en un minibus que otorgue calidad, comodidad y seguridad. Lo que otorga una experiencia en transporte que hace que el servicio siempre cumpla con las expectativas de los clientes siempre.<\/p>\n<p>Los servicios ofrecidos por Teletrans, como el de Alquiler minibus Se\u00fal, Corea del Sur\u00a0 funciona, tanto en latinoam\u00e9rica como Norteam\u00e9rica y Europa, en donde opera con sus diferentes servicios entre los que se encuentra el de <strong>Alquiler minibus Se\u00fal, Corea del Sur<\/strong>.<\/p>\n<p>&nbsp;<\/p>\n<h2> Informaci\u00f3n adicional para su transporte <\/h2>\n<p>Se\u00fal, la capital de Corea del Sur, es una gran metr\u00f3polis donde los rascacielos modernos, los metros de alta tecnolog\u00eda y la cultura pop se encuentran con templos, palacios y mercados de calles budistas. Las atracciones notables incluyen Dongdaemun Design Plaza futurista, una sala de convenciones con arquitectura curva y un parque en la azotea; Gyeongbokgung Palace, que una vez tuvo m\u00e1s de 7,000 habitaciones; y el Templo Jogyesa, el sitio de la antigua langosta y los pinos.<br \/>\nLa temperatura promedio es de 26.3 \u00b0 C (79 \u00b0 F), con un m\u00ednimo de 22.6 \u00b0 C (72.7 \u00b0 F) y un m\u00e1ximo de 29.9 \u00b0 C (85.9 \u00b0 F). En las noches m\u00e1s fr\u00edas del mes, la temperatura generalmente cae a alrededor de 18.5 \u00b0 C (65 \u00b0 F).<br \/>\nTransportamos a nuestros clientes desde el Aeropuerto Internacional de Incheon a un hotel, convenci\u00f3n o diferentes reuniones que pueda tener durante el d\u00eda.<\/p>\n","protected":false},"excerpt":{"rendered":"<p>El Alquiler minibus Se\u00fal, Corea del Sur es uno de los servicios que entrega Teletrans, empresa especialista en transporte ejecutivo desde el a\u00f1o 2004 en el mercado. Con una capacidad entre 25 y 45 pasajeros, el servicio de Alquiler minibus Se\u00fal, Corea del Sur est\u00e1 considerado para clientes que realicen eventos corporativos o viajes de<\/p>\n","protected":false},"author":4,"featured_media":0,"parent":0,"menu_order":3764,"comment_status":"closed","ping_status":"closed","template":"templates\/menu-lateral-page.php","meta":{"_acf_changed":false,"footnotes":""},"folder":[2182],"class_list":["post-47303","page","type-page","status-publish","hentry"],"acf":[],"yoast_head":"<!-- This site is optimized with the Yoast SEO plugin v27.4 - https:\/\/yoast.com\/product\/yoast-seo-wordpress\/ -->\n<title>Alquiler minibus Se\u00fal, Corea del Sur - Teletrans<\/title>\n<meta name=\"description\" content=\"Alquiler minibus Se\u00fal, Corea del Sur. Coordinamos el transporte para todos sus eventos. Moderna flota, asistencia 24 horas.\" \/>\n<meta name=\"robots\" content=\"index, follow, max-snippet:-1, max-image-preview:large, max-video-preview:-1\" \/>\n<meta property=\"og:locale\" content=\"es_ES\" \/>\n<meta property=\"og:type\" content=\"article\" \/>\n<meta property=\"og:title\" content=\"Alquiler minibus Se\u00fal, Corea del Sur - Teletrans\" \/>\n<meta property=\"og:description\" content=\"Alquiler minibus Se\u00fal, Corea del Sur. Coordinamos el transporte para todos sus eventos. Moderna flota, asistencia 24 horas.\" \/>\n<meta property=\"og:url\" content=\"https:\/\/www.teletrans.com\/es\/alquiler-minibus-seul-corea-del-sur\/\" \/>\n<meta property=\"og:site_name\" content=\"Teletrans\" \/>\n<meta property=\"article:publisher\" content=\"https:\/\/www.facebook.com\/profile.php?id=100034999581270\" \/>\n<meta property=\"og:image\" content=\"https:\/\/www.teletrans.com\/wp-content\/uploads\/2021\/03\/alquiler-minibus.jpg\" \/>\n<meta name=\"twitter:card\" content=\"summary_large_image\" \/>\n<meta name=\"twitter:site\" content=\"@TeletransChile\" \/>\n<meta name=\"twitter:label1\" content=\"Tiempo de lectura\" \/>\n\t<meta name=\"twitter:data1\" content=\"3 minutos\" \/>\n<script type=\"application\/ld+json\" class=\"yoast-schema-graph\">{\"@context\":\"https:\\\/\\\/schema.org\",\"@graph\":[{\"@type\":\"WebPage\",\"@id\":\"https:\\\/\\\/www.teletrans.com\\\/es\\\/alquiler-minibus-seul-corea-del-sur\\\/\",\"url\":\"https:\\\/\\\/www.teletrans.com\\\/es\\\/alquiler-minibus-seul-corea-del-sur\\\/\",\"name\":\"Alquiler minibus Se\u00fal, Corea del Sur - Teletrans\",\"isPartOf\":{\"@id\":\"https:\\\/\\\/www.teletrans.com\\\/es\\\/#website\"},\"primaryImageOfPage\":{\"@id\":\"https:\\\/\\\/www.teletrans.com\\\/es\\\/alquiler-minibus-seul-corea-del-sur\\\/#primaryimage\"},\"image\":{\"@id\":\"https:\\\/\\\/www.teletrans.com\\\/es\\\/alquiler-minibus-seul-corea-del-sur\\\/#primaryimage\"},\"thumbnailUrl\":\"https:\\\/\\\/www.teletrans.com\\\/wp-content\\\/uploads\\\/2021\\\/03\\\/alquiler-minibus.jpg\",\"datePublished\":\"2023-03-14T20:32:30+00:00\",\"description\":\"Alquiler minibus Se\u00fal, Corea del Sur. Coordinamos el transporte para todos sus eventos. Moderna flota, asistencia 24 horas.\",\"breadcrumb\":{\"@id\":\"https:\\\/\\\/www.teletrans.com\\\/es\\\/alquiler-minibus-seul-corea-del-sur\\\/#breadcrumb\"},\"inLanguage\":\"es\",\"potentialAction\":[{\"@type\":\"ReadAction\",\"target\":[\"https:\\\/\\\/www.teletrans.com\\\/es\\\/alquiler-minibus-seul-corea-del-sur\\\/\"]}]},{\"@type\":\"ImageObject\",\"inLanguage\":\"es\",\"@id\":\"https:\\\/\\\/www.teletrans.com\\\/es\\\/alquiler-minibus-seul-corea-del-sur\\\/#primaryimage\",\"url\":\"https:\\\/\\\/www.teletrans.com\\\/wp-content\\\/uploads\\\/2021\\\/03\\\/alquiler-minibus.jpg\",\"contentUrl\":\"https:\\\/\\\/www.teletrans.com\\\/wp-content\\\/uploads\\\/2021\\\/03\\\/alquiler-minibus.jpg\"},{\"@type\":\"BreadcrumbList\",\"@id\":\"https:\\\/\\\/www.teletrans.com\\\/es\\\/alquiler-minibus-seul-corea-del-sur\\\/#breadcrumb\",\"itemListElement\":[{\"@type\":\"ListItem\",\"position\":1,\"name\":\"Portada\",\"item\":\"https:\\\/\\\/www.teletrans.com\\\/es\\\/\"},{\"@type\":\"ListItem\",\"position\":2,\"name\":\"Alquiler minibus Se\u00fal, Corea del Sur\"}]},{\"@type\":\"WebSite\",\"@id\":\"https:\\\/\\\/www.teletrans.com\\\/es\\\/#website\",\"url\":\"https:\\\/\\\/www.teletrans.com\\\/es\\\/\",\"name\":\"Teletrans\",\"description\":\"\",\"publisher\":{\"@id\":\"https:\\\/\\\/www.teletrans.com\\\/es\\\/#organization\"},\"potentialAction\":[{\"@type\":\"SearchAction\",\"target\":{\"@type\":\"EntryPoint\",\"urlTemplate\":\"https:\\\/\\\/www.teletrans.com\\\/es\\\/?s={search_term_string}\"},\"query-input\":{\"@type\":\"PropertyValueSpecification\",\"valueRequired\":true,\"valueName\":\"search_term_string\"}}],\"inLanguage\":\"es\"},{\"@type\":\"Organization\",\"@id\":\"https:\\\/\\\/www.teletrans.com\\\/es\\\/#organization\",\"name\":\"Teletrans\",\"url\":\"https:\\\/\\\/www.teletrans.com\\\/es\\\/\",\"logo\":{\"@type\":\"ImageObject\",\"inLanguage\":\"es\",\"@id\":\"https:\\\/\\\/www.teletrans.com\\\/es\\\/#\\\/schema\\\/logo\\\/image\\\/\",\"url\":\"https:\\\/\\\/www.teletrans.com\\\/wp-content\\\/uploads\\\/2023\\\/02\\\/logo-teletrans-svg.svg\",\"contentUrl\":\"https:\\\/\\\/www.teletrans.com\\\/wp-content\\\/uploads\\\/2023\\\/02\\\/logo-teletrans-svg.svg\",\"width\":501,\"height\":166,\"caption\":\"Teletrans\"},\"image\":{\"@id\":\"https:\\\/\\\/www.teletrans.com\\\/es\\\/#\\\/schema\\\/logo\\\/image\\\/\"},\"sameAs\":[\"https:\\\/\\\/www.facebook.com\\\/profile.php?id=100034999581270\",\"https:\\\/\\\/x.com\\\/TeletransChile\"]}]}<\/script>\n<!-- \/ Yoast SEO plugin. -->","yoast_head_json":{"title":"Alquiler minibus Se\u00fal, Corea del Sur - Teletrans","description":"Alquiler minibus Se\u00fal, Corea del Sur. Coordinamos el transporte para todos sus eventos. Moderna flota, asistencia 24 horas.","robots":{"index":"index","follow":"follow","max-snippet":"max-snippet:-1","max-image-preview":"max-image-preview:large","max-video-preview":"max-video-preview:-1"},"og_locale":"es_ES","og_type":"article","og_title":"Alquiler minibus Se\u00fal, Corea del Sur - Teletrans","og_description":"Alquiler minibus Se\u00fal, Corea del Sur. Coordinamos el transporte para todos sus eventos. Moderna flota, asistencia 24 horas.","og_url":"https:\/\/www.teletrans.com\/es\/alquiler-minibus-seul-corea-del-sur\/","og_site_name":"Teletrans","article_publisher":"https:\/\/www.facebook.com\/profile.php?id=100034999581270","og_image":[{"url":"https:\/\/www.teletrans.com\/wp-content\/uploads\/2021\/03\/alquiler-minibus.jpg","type":"","width":"","height":""}],"twitter_card":"summary_large_image","twitter_site":"@TeletransChile","twitter_misc":{"Tiempo de lectura":"3 minutos"},"schema":{"@context":"https:\/\/schema.org","@graph":[{"@type":"WebPage","@id":"https:\/\/www.teletrans.com\/es\/alquiler-minibus-seul-corea-del-sur\/","url":"https:\/\/www.teletrans.com\/es\/alquiler-minibus-seul-corea-del-sur\/","name":"Alquiler minibus Se\u00fal, Corea del Sur - Teletrans","isPartOf":{"@id":"https:\/\/www.teletrans.com\/es\/#website"},"primaryImageOfPage":{"@id":"https:\/\/www.teletrans.com\/es\/alquiler-minibus-seul-corea-del-sur\/#primaryimage"},"image":{"@id":"https:\/\/www.teletrans.com\/es\/alquiler-minibus-seul-corea-del-sur\/#primaryimage"},"thumbnailUrl":"https:\/\/www.teletrans.com\/wp-content\/uploads\/2021\/03\/alquiler-minibus.jpg","datePublished":"2023-03-14T20:32:30+00:00","description":"Alquiler minibus Se\u00fal, Corea del Sur. Coordinamos el transporte para todos sus eventos. Moderna flota, asistencia 24 horas.","breadcrumb":{"@id":"https:\/\/www.teletrans.com\/es\/alquiler-minibus-seul-corea-del-sur\/#breadcrumb"},"inLanguage":"es","potentialAction":[{"@type":"ReadAction","target":["https:\/\/www.teletrans.com\/es\/alquiler-minibus-seul-corea-del-sur\/"]}]},{"@type":"ImageObject","inLanguage":"es","@id":"https:\/\/www.teletrans.com\/es\/alquiler-minibus-seul-corea-del-sur\/#primaryimage","url":"https:\/\/www.teletrans.com\/wp-content\/uploads\/2021\/03\/alquiler-minibus.jpg","contentUrl":"https:\/\/www.teletrans.com\/wp-content\/uploads\/2021\/03\/alquiler-minibus.jpg"},{"@type":"BreadcrumbList","@id":"https:\/\/www.teletrans.com\/es\/alquiler-minibus-seul-corea-del-sur\/#breadcrumb","itemListElement":[{"@type":"ListItem","position":1,"name":"Portada","item":"https:\/\/www.teletrans.com\/es\/"},{"@type":"ListItem","position":2,"name":"Alquiler minibus Se\u00fal, Corea del Sur"}]},{"@type":"WebSite","@id":"https:\/\/www.teletrans.com\/es\/#website","url":"https:\/\/www.teletrans.com\/es\/","name":"Teletrans","description":"","publisher":{"@id":"https:\/\/www.teletrans.com\/es\/#organization"},"potentialAction":[{"@type":"SearchAction","target":{"@type":"EntryPoint","urlTemplate":"https:\/\/www.teletrans.com\/es\/?s={search_term_string}"},"query-input":{"@type":"PropertyValueSpecification","valueRequired":true,"valueName":"search_term_string"}}],"inLanguage":"es"},{"@type":"Organization","@id":"https:\/\/www.teletrans.com\/es\/#organization","name":"Teletrans","url":"https:\/\/www.teletrans.com\/es\/","logo":{"@type":"ImageObject","inLanguage":"es","@id":"https:\/\/www.teletrans.com\/es\/#\/schema\/logo\/image\/","url":"https:\/\/www.teletrans.com\/wp-content\/uploads\/2023\/02\/logo-teletrans-svg.svg","contentUrl":"https:\/\/www.teletrans.com\/wp-content\/uploads\/2023\/02\/logo-teletrans-svg.svg","width":501,"height":166,"caption":"Teletrans"},"image":{"@id":"https:\/\/www.teletrans.com\/es\/#\/schema\/logo\/image\/"},"sameAs":["https:\/\/www.facebook.com\/profile.php?id=100034999581270","https:\/\/x.com\/TeletransChile"]}]}},"_links":{"self":[{"href":"https:\/\/www.teletrans.com\/es\/wp-json\/wp\/v2\/pages\/47303","targetHints":{"allow":["GET"]}}],"collection":[{"href":"https:\/\/www.teletrans.com\/es\/wp-json\/wp\/v2\/pages"}],"about":[{"href":"https:\/\/www.teletrans.com\/es\/wp-json\/wp\/v2\/types\/page"}],"author":[{"embeddable":true,"href":"https:\/\/www.teletrans.com\/es\/wp-json\/wp\/v2\/users\/4"}],"replies":[{"embeddable":true,"href":"https:\/\/www.teletrans.com\/es\/wp-json\/wp\/v2\/comments?post=47303"}],"version-history":[{"count":0,"href":"https:\/\/www.teletrans.com\/es\/wp-json\/wp\/v2\/pages\/47303\/revisions"}],"wp:attachment":[{"href":"https:\/\/www.teletrans.com\/es\/wp-json\/wp\/v2\/media?parent=47303"}],"wp:term":[{"taxonomy":"folder","embeddable":true,"href":"https:\/\/www.teletrans.com\/es\/wp-json\/wp\/v2\/folder?post=47303"}],"curies":[{"name":"wp","href":"https:\/\/api.w.org\/{rel}","templated":true}]}}