{"id":44997,"date":"2023-01-28T17:18:29","date_gmt":"2023-01-28T21:18:29","guid":{"rendered":"https:\/\/www.teletrans.com\/?page_id=44997"},"modified":"2023-02-07T18:13:05","modified_gmt":"2023-02-07T22:13:05","slug":"alquiler-minibus-montreal-canada","status":"publish","type":"page","link":"https:\/\/www.teletrans.com\/es\/alquiler-minibus-montreal-canada\/","title":{"rendered":"Alquiler minibus Montreal, Canad\u00e1"},"content":{"rendered":"<img loading=\"lazy\" decoding=\"async\" class=\"alignnone size-full wp-image-19177\" src=\"https:\/\/www.teletrans.com\/wp-content\/uploads\/2021\/03\/alquiler-minibus.jpg\" alt=\"Alquiler Minibus Montreal, Canad\u00e1\" width=\"1500\" height=\"1000\" \/>\n<p>El <strong>alquiler minibus Montreal, Canad\u00e1<\/strong> es uno de los servicios que entrega Teletrans, empresa especialista en transporte ejecutivo desde el a\u00f1o 2004 en el mercado. Con una capacidad entre 25 y 45 pasajeros, el servicio de Alquiler minibus Montreal, Canad\u00e1 est\u00e1 considerado para clientes que realicen eventos corporativos o viajes de negocios y que necesiten un transporte ordenado y organizado en grupo, ya sea desde el Aeropuerto o hacia donde necesiten reunirse para una conferencia, congreso o charla, o tambi\u00e9n para moverse dentro de la ciudad escogida, a los lugares que necesiten durante su estad\u00eda.<\/p>\n<p>Con una capacidad de entre 25 y 45 pasajeros, el servicio de alquiler minibus Montreal, Canad\u00e1 cuenta con un equipamiento de primer nivel, que otorga seguridad y comodidad a cada uno de los pasajeros que soliciten el servicio de Alquiler de minibus. Adem\u00e1s, Teletrans trabaja con conductores que tienen a\u00f1os de experiencia quienes planifican la ruta solicitada por los clientes para as\u00ed cumplir con puntualidad en los traslados necesarios.<\/p>\n<p>&nbsp;<\/p>\n<h2>Alquiler minibus Montreal, Canad\u00e1 para Empresas<\/h2>\n<p>El servicio de alquiler minibus Montreal, Canad\u00e1 para empresas tiene por objetivo el facilitar a los clientes que soliciten el servicio, su traslado de manera grupal, puntual y ordenada hacia donde tengan que asistir una vez lleguen.<\/p>\n<p>Muchas veces los empresarios de diversas partes del mundo viajan por conferencias en grupos de muchas personas y no logran encontrar un servicio de traslado que les otorgue seguridad, comodidad y puntualidad, adem\u00e1s de la posibilidad de ser transportados todos juntos en un mismo veh\u00edculo desde el aeropuerto, sin ser separados sino que todos en el mismo veh\u00edculo. Es por lo anterior que el servicio de Alquiler minibus Montreal, Canad\u00e1 es uno de los m\u00e1s solicitados ya que cuenta con todos los puntos mencionados, y adem\u00e1s todos los conductores que trabajan en este servicio de alquiler minibus Montreal, Canad\u00e1 cuentan con varios a\u00f1os de experiencia, manejo de las rutas de la ciudad y est\u00e1n preparados para resolver cualquier problema que pueda surgir durante el servicio de transporte. Ya sea alg\u00fan cambio de ruta, cambio de horario o del lugar en donde se iba a realizar la reuni\u00f3n u hotel en donde los clientes se hospedar\u00edan.<\/p>\n<div style=\"padding: 56.25% 0 0 0; position: relative;\"><iframe style=\"position: absolute; top: 0; left: 0; width: 100%; height: 100%;\" src=\"https:\/\/player.vimeo.com\/video\/526687474?loop=1&amp;color=ffffff&amp;portrait=0\" frameborder=\"0\" allowfullscreen=\"allowfullscreen\"><\/iframe><\/div>\n<p><script src=\"https:\/\/player.vimeo.com\/api\/player.js\"><\/script><a href=\"https:\/\/vimeo.com\/526687474\"><strong>Alquiler minibus Montreal, Canad\u00e1<\/strong><\/a> &#8211; <a href=\"https:\/\/www.teletrans.com\/es\/donde-operamos\/\">Teletrans<\/a>.<\/p>\n<p>&nbsp;<\/p>\n<h2>Alquiler minibus Montreal, Canad\u00e1<\/h2>\n<p>Para hacer efectivo el servicio de Alquiler minibus Montreal, Canad\u00e1, solo basta con ingresar al sitio web, hacer la reserva y desde ah\u00ed en adelante la empresa se encarga de cada uno de los detalles para que los clientes tengan una experiencia \u00fanica de transporte.<\/p>\n<p>Teletrans se encarga de organizar un itinerario para que el o los servicios de transporte requeridos como en este caso el de alquiler minibus Montreal, Canad\u00e1, que est\u00e1 contemplado para entre 25 y 45 pasajeros, funcione sin esperas, impuntualidades, ni errores y para que los clientes que soliciten el Alquiler minibus Montreal, Canad\u00e1 se sientan conformes con el servicio requerido.<\/p>\n<p>El Alquiler minibus Montreal, Canad\u00e1 para empresas est\u00e1 pensado para clientes que necesiten moverse de un lado a otro dentro de la ciudad, en un minibus que otorgue calidad, comodidad y seguridad. Lo que otorga una experiencia en transporte que hace que el servicio siempre cumpla con las expectativas de los clientes siempre.<\/p>\n<p>Los servicios ofrecidos por Teletrans, como el de Alquiler minibus funciona, tanto en latinoam\u00e9rica como Norteam\u00e9rica y Europa, en donde opera con sus diferentes servicios entre los que se encuentra el de <strong>alquiler minibus Montreal, Canad\u00e1<\/strong>.<\/p>\n<p>&nbsp;<\/p>\n<h2> Informaci\u00f3n adicional para su transporte <\/h2>\n<p>Montreal es la ciudad m\u00e1s grande de la provincia canadiense de Qu\u00e9bec. Est\u00e1 ubicado en una isla en el r\u00edo San Lorenzo y lleva el nombre de Mt. Royal, la colina de tres picos en su coraz\u00f3n. Sus distritos, muchos de los cuales alguna vez fueron ciudades independientes, incluyen vecindarios que van desde el Vieux-Montr\u00e9al colonial franc\u00e9s empedrado, con la bas\u00edlica g\u00f3tica de Notre-Dame en el centro, hasta el bohemio Plateau.<br \/>\nEl clima de Montreal se clasifica como un clima continental h\u00famedo de verano c\u00e1lido. Los veranos son c\u00e1lidos con temperaturas entre 16 y 26 grados Celsius (61 &#8211; 79 grados Fahrenheit). El invierno en Montreal es fr\u00edo, ventoso, helado y nevado. El viento hace que se sienta a\u00fan m\u00e1s fr\u00edo.<br \/>\nTransportamos a nuestros clientes desde el Aeropuerto Internacional de Montr\u00e9al \u2013 Pierre Elliott Trudeau a un hotel, convenci\u00f3n o diferentes reuniones que pueda tener durante el d\u00eda.<\/p>\n","protected":false},"excerpt":{"rendered":"<p>El alquiler minibus Montreal, Canad\u00e1 es uno de los servicios que entrega Teletrans, empresa especialista en transporte ejecutivo desde el a\u00f1o 2004 en el mercado. Con una capacidad entre 25 y 45 pasajeros, el servicio de Alquiler minibus Montreal, Canad\u00e1 est\u00e1 considerado para clientes que realicen eventos corporativos o viajes de negocios y que necesiten<\/p>\n","protected":false},"author":4,"featured_media":0,"parent":0,"menu_order":3254,"comment_status":"closed","ping_status":"closed","template":"templates\/menu-lateral-page.php","meta":{"_acf_changed":false,"footnotes":""},"folder":[2115],"class_list":["post-44997","page","type-page","status-publish","hentry"],"acf":[],"yoast_head":"<!-- This site is optimized with the Yoast SEO plugin v27.4 - https:\/\/yoast.com\/product\/yoast-seo-wordpress\/ -->\n<title>Alquiler minibus Montreal, Canad\u00e1 - Teletrans<\/title>\n<meta name=\"description\" content=\"Alquiler minibus Montreal, Canad\u00e1. Coordinamos el transporte para todos sus eventos. Moderna flota, asistencia 24 horas.\" \/>\n<meta name=\"robots\" content=\"index, follow, max-snippet:-1, max-image-preview:large, max-video-preview:-1\" \/>\n<meta property=\"og:locale\" content=\"es_ES\" \/>\n<meta property=\"og:type\" content=\"article\" \/>\n<meta property=\"og:title\" content=\"Alquiler minibus Montreal, Canad\u00e1 - Teletrans\" \/>\n<meta property=\"og:description\" content=\"Alquiler minibus Montreal, Canad\u00e1. Coordinamos el transporte para todos sus eventos. Moderna flota, asistencia 24 horas.\" \/>\n<meta property=\"og:url\" content=\"https:\/\/www.teletrans.com\/es\/alquiler-minibus-montreal-canada\/\" \/>\n<meta property=\"og:site_name\" content=\"Teletrans\" \/>\n<meta property=\"article:publisher\" content=\"https:\/\/www.facebook.com\/profile.php?id=100034999581270\" \/>\n<meta property=\"article:modified_time\" content=\"2023-02-07T22:13:05+00:00\" \/>\n<meta property=\"og:image\" content=\"https:\/\/www.teletrans.com\/wp-content\/uploads\/2021\/03\/alquiler-minibus.jpg\" \/>\n<meta name=\"twitter:card\" content=\"summary_large_image\" \/>\n<meta name=\"twitter:site\" content=\"@TeletransChile\" \/>\n<meta name=\"twitter:label1\" content=\"Tiempo de lectura\" \/>\n\t<meta name=\"twitter:data1\" content=\"3 minutos\" \/>\n<script type=\"application\/ld+json\" class=\"yoast-schema-graph\">{\"@context\":\"https:\\\/\\\/schema.org\",\"@graph\":[{\"@type\":\"WebPage\",\"@id\":\"https:\\\/\\\/www.teletrans.com\\\/es\\\/alquiler-minibus-montreal-canada\\\/\",\"url\":\"https:\\\/\\\/www.teletrans.com\\\/es\\\/alquiler-minibus-montreal-canada\\\/\",\"name\":\"Alquiler minibus Montreal, Canad\u00e1 - Teletrans\",\"isPartOf\":{\"@id\":\"https:\\\/\\\/www.teletrans.com\\\/es\\\/#website\"},\"primaryImageOfPage\":{\"@id\":\"https:\\\/\\\/www.teletrans.com\\\/es\\\/alquiler-minibus-montreal-canada\\\/#primaryimage\"},\"image\":{\"@id\":\"https:\\\/\\\/www.teletrans.com\\\/es\\\/alquiler-minibus-montreal-canada\\\/#primaryimage\"},\"thumbnailUrl\":\"https:\\\/\\\/www.teletrans.com\\\/wp-content\\\/uploads\\\/2021\\\/03\\\/alquiler-minibus.jpg\",\"datePublished\":\"2023-01-28T21:18:29+00:00\",\"dateModified\":\"2023-02-07T22:13:05+00:00\",\"description\":\"Alquiler minibus Montreal, Canad\u00e1. Coordinamos el transporte para todos sus eventos. Moderna flota, asistencia 24 horas.\",\"breadcrumb\":{\"@id\":\"https:\\\/\\\/www.teletrans.com\\\/es\\\/alquiler-minibus-montreal-canada\\\/#breadcrumb\"},\"inLanguage\":\"es\",\"potentialAction\":[{\"@type\":\"ReadAction\",\"target\":[\"https:\\\/\\\/www.teletrans.com\\\/es\\\/alquiler-minibus-montreal-canada\\\/\"]}]},{\"@type\":\"ImageObject\",\"inLanguage\":\"es\",\"@id\":\"https:\\\/\\\/www.teletrans.com\\\/es\\\/alquiler-minibus-montreal-canada\\\/#primaryimage\",\"url\":\"https:\\\/\\\/www.teletrans.com\\\/wp-content\\\/uploads\\\/2021\\\/03\\\/alquiler-minibus.jpg\",\"contentUrl\":\"https:\\\/\\\/www.teletrans.com\\\/wp-content\\\/uploads\\\/2021\\\/03\\\/alquiler-minibus.jpg\"},{\"@type\":\"BreadcrumbList\",\"@id\":\"https:\\\/\\\/www.teletrans.com\\\/es\\\/alquiler-minibus-montreal-canada\\\/#breadcrumb\",\"itemListElement\":[{\"@type\":\"ListItem\",\"position\":1,\"name\":\"Portada\",\"item\":\"https:\\\/\\\/www.teletrans.com\\\/es\\\/\"},{\"@type\":\"ListItem\",\"position\":2,\"name\":\"Alquiler minibus Montreal, Canad\u00e1\"}]},{\"@type\":\"WebSite\",\"@id\":\"https:\\\/\\\/www.teletrans.com\\\/es\\\/#website\",\"url\":\"https:\\\/\\\/www.teletrans.com\\\/es\\\/\",\"name\":\"Teletrans\",\"description\":\"\",\"publisher\":{\"@id\":\"https:\\\/\\\/www.teletrans.com\\\/es\\\/#organization\"},\"potentialAction\":[{\"@type\":\"SearchAction\",\"target\":{\"@type\":\"EntryPoint\",\"urlTemplate\":\"https:\\\/\\\/www.teletrans.com\\\/es\\\/?s={search_term_string}\"},\"query-input\":{\"@type\":\"PropertyValueSpecification\",\"valueRequired\":true,\"valueName\":\"search_term_string\"}}],\"inLanguage\":\"es\"},{\"@type\":\"Organization\",\"@id\":\"https:\\\/\\\/www.teletrans.com\\\/es\\\/#organization\",\"name\":\"Teletrans\",\"url\":\"https:\\\/\\\/www.teletrans.com\\\/es\\\/\",\"logo\":{\"@type\":\"ImageObject\",\"inLanguage\":\"es\",\"@id\":\"https:\\\/\\\/www.teletrans.com\\\/es\\\/#\\\/schema\\\/logo\\\/image\\\/\",\"url\":\"https:\\\/\\\/www.teletrans.com\\\/wp-content\\\/uploads\\\/2023\\\/02\\\/logo-teletrans-svg.svg\",\"contentUrl\":\"https:\\\/\\\/www.teletrans.com\\\/wp-content\\\/uploads\\\/2023\\\/02\\\/logo-teletrans-svg.svg\",\"width\":501,\"height\":166,\"caption\":\"Teletrans\"},\"image\":{\"@id\":\"https:\\\/\\\/www.teletrans.com\\\/es\\\/#\\\/schema\\\/logo\\\/image\\\/\"},\"sameAs\":[\"https:\\\/\\\/www.facebook.com\\\/profile.php?id=100034999581270\",\"https:\\\/\\\/x.com\\\/TeletransChile\"]}]}<\/script>\n<!-- \/ Yoast SEO plugin. -->","yoast_head_json":{"title":"Alquiler minibus Montreal, Canad\u00e1 - Teletrans","description":"Alquiler minibus Montreal, Canad\u00e1. Coordinamos el transporte para todos sus eventos. Moderna flota, asistencia 24 horas.","robots":{"index":"index","follow":"follow","max-snippet":"max-snippet:-1","max-image-preview":"max-image-preview:large","max-video-preview":"max-video-preview:-1"},"og_locale":"es_ES","og_type":"article","og_title":"Alquiler minibus Montreal, Canad\u00e1 - Teletrans","og_description":"Alquiler minibus Montreal, Canad\u00e1. Coordinamos el transporte para todos sus eventos. Moderna flota, asistencia 24 horas.","og_url":"https:\/\/www.teletrans.com\/es\/alquiler-minibus-montreal-canada\/","og_site_name":"Teletrans","article_publisher":"https:\/\/www.facebook.com\/profile.php?id=100034999581270","article_modified_time":"2023-02-07T22:13:05+00:00","og_image":[{"url":"https:\/\/www.teletrans.com\/wp-content\/uploads\/2021\/03\/alquiler-minibus.jpg","type":"","width":"","height":""}],"twitter_card":"summary_large_image","twitter_site":"@TeletransChile","twitter_misc":{"Tiempo de lectura":"3 minutos"},"schema":{"@context":"https:\/\/schema.org","@graph":[{"@type":"WebPage","@id":"https:\/\/www.teletrans.com\/es\/alquiler-minibus-montreal-canada\/","url":"https:\/\/www.teletrans.com\/es\/alquiler-minibus-montreal-canada\/","name":"Alquiler minibus Montreal, Canad\u00e1 - Teletrans","isPartOf":{"@id":"https:\/\/www.teletrans.com\/es\/#website"},"primaryImageOfPage":{"@id":"https:\/\/www.teletrans.com\/es\/alquiler-minibus-montreal-canada\/#primaryimage"},"image":{"@id":"https:\/\/www.teletrans.com\/es\/alquiler-minibus-montreal-canada\/#primaryimage"},"thumbnailUrl":"https:\/\/www.teletrans.com\/wp-content\/uploads\/2021\/03\/alquiler-minibus.jpg","datePublished":"2023-01-28T21:18:29+00:00","dateModified":"2023-02-07T22:13:05+00:00","description":"Alquiler minibus Montreal, Canad\u00e1. Coordinamos el transporte para todos sus eventos. Moderna flota, asistencia 24 horas.","breadcrumb":{"@id":"https:\/\/www.teletrans.com\/es\/alquiler-minibus-montreal-canada\/#breadcrumb"},"inLanguage":"es","potentialAction":[{"@type":"ReadAction","target":["https:\/\/www.teletrans.com\/es\/alquiler-minibus-montreal-canada\/"]}]},{"@type":"ImageObject","inLanguage":"es","@id":"https:\/\/www.teletrans.com\/es\/alquiler-minibus-montreal-canada\/#primaryimage","url":"https:\/\/www.teletrans.com\/wp-content\/uploads\/2021\/03\/alquiler-minibus.jpg","contentUrl":"https:\/\/www.teletrans.com\/wp-content\/uploads\/2021\/03\/alquiler-minibus.jpg"},{"@type":"BreadcrumbList","@id":"https:\/\/www.teletrans.com\/es\/alquiler-minibus-montreal-canada\/#breadcrumb","itemListElement":[{"@type":"ListItem","position":1,"name":"Portada","item":"https:\/\/www.teletrans.com\/es\/"},{"@type":"ListItem","position":2,"name":"Alquiler minibus Montreal, Canad\u00e1"}]},{"@type":"WebSite","@id":"https:\/\/www.teletrans.com\/es\/#website","url":"https:\/\/www.teletrans.com\/es\/","name":"Teletrans","description":"","publisher":{"@id":"https:\/\/www.teletrans.com\/es\/#organization"},"potentialAction":[{"@type":"SearchAction","target":{"@type":"EntryPoint","urlTemplate":"https:\/\/www.teletrans.com\/es\/?s={search_term_string}"},"query-input":{"@type":"PropertyValueSpecification","valueRequired":true,"valueName":"search_term_string"}}],"inLanguage":"es"},{"@type":"Organization","@id":"https:\/\/www.teletrans.com\/es\/#organization","name":"Teletrans","url":"https:\/\/www.teletrans.com\/es\/","logo":{"@type":"ImageObject","inLanguage":"es","@id":"https:\/\/www.teletrans.com\/es\/#\/schema\/logo\/image\/","url":"https:\/\/www.teletrans.com\/wp-content\/uploads\/2023\/02\/logo-teletrans-svg.svg","contentUrl":"https:\/\/www.teletrans.com\/wp-content\/uploads\/2023\/02\/logo-teletrans-svg.svg","width":501,"height":166,"caption":"Teletrans"},"image":{"@id":"https:\/\/www.teletrans.com\/es\/#\/schema\/logo\/image\/"},"sameAs":["https:\/\/www.facebook.com\/profile.php?id=100034999581270","https:\/\/x.com\/TeletransChile"]}]}},"_links":{"self":[{"href":"https:\/\/www.teletrans.com\/es\/wp-json\/wp\/v2\/pages\/44997","targetHints":{"allow":["GET"]}}],"collection":[{"href":"https:\/\/www.teletrans.com\/es\/wp-json\/wp\/v2\/pages"}],"about":[{"href":"https:\/\/www.teletrans.com\/es\/wp-json\/wp\/v2\/types\/page"}],"author":[{"embeddable":true,"href":"https:\/\/www.teletrans.com\/es\/wp-json\/wp\/v2\/users\/4"}],"replies":[{"embeddable":true,"href":"https:\/\/www.teletrans.com\/es\/wp-json\/wp\/v2\/comments?post=44997"}],"version-history":[{"count":0,"href":"https:\/\/www.teletrans.com\/es\/wp-json\/wp\/v2\/pages\/44997\/revisions"}],"wp:attachment":[{"href":"https:\/\/www.teletrans.com\/es\/wp-json\/wp\/v2\/media?parent=44997"}],"wp:term":[{"taxonomy":"folder","embeddable":true,"href":"https:\/\/www.teletrans.com\/es\/wp-json\/wp\/v2\/folder?post=44997"}],"curies":[{"name":"wp","href":"https:\/\/api.w.org\/{rel}","templated":true}]}}