{"id":42001,"date":"2022-10-17T21:13:37","date_gmt":"2022-10-18T01:13:37","guid":{"rendered":"https:\/\/www.teletrans.com\/?page_id=42001"},"modified":"2022-10-17T21:13:37","modified_gmt":"2022-10-18T01:13:37","slug":"alquiler-de-buses-houston-texas","status":"publish","type":"page","link":"https:\/\/www.teletrans.com\/es\/alquiler-de-buses-houston-texas\/","title":{"rendered":"Alquiler de buses Houston, Texas"},"content":{"rendered":"<img loading=\"lazy\" decoding=\"async\" class=\"alignnone size-full wp-image-19163\" src=\"https:\/\/www.teletrans.com\/wp-content\/uploads\/2021\/03\/alquiler-de-buses.jpg\" alt=\"Alquiler de Buses Houston, Texas\" width=\"1500\" height=\"1000\" \/>\n<p>El <strong>alquiler de buses Houston, Texas<\/strong> es uno de los servicios que entrega Teletrans, empresa especialista en transporte ejecutivo desde el a\u00f1o 2004 en el mercado. Con una capacidad de 25 a 45 pasajeros, el servicio de Alquiler de buses Houston, Texas est\u00e1 considerado para clientes que realicen viajes tur\u00edsticos, tengan conferencias, o eventos corporativos que necesiten un transporte ordenado y organizado en grupo, ya sea desde el Aeropuerto o desde el hotel donde se hospeden o tambi\u00e9n para moverse dentro de la ciudad a los lugares que necesiten.<\/p>\n<p>El servicio de Alquiler de buses ofrecido por Teletrans, cuenta con un equipamiento de primer nivel, que otorga seguridad y comodidad a cada uno de los pasajeros que soliciten el servicio de Alquiler de buses Houston, Texas. Adem\u00e1s, Teletrans trabaja con conductores que tienen a\u00f1os de experiencia quienes planifican la ruta solicitada por los clientes para as\u00ed cumplir con puntualidad en los traslados necesarios.<\/p>\n<p>&nbsp;<\/p>\n<h2>Alquiler de buses Houston, Texas para paseos<\/h2>\n<p>El servicio de alquiler de buses Houston, Texas, tiene por objetivo facilitar a los clientes que soliciten el servicio, su traslado de manera grupal, puntual y ordenada hacia donde tengan que asistir. Muchas veces los empresarios de diversas partes del mundo viajan por conferencias en grupos de muchas personas y quieren tambi\u00e9n aprovechar el tiempo libre para conocer un poco de la ciudad, y no logran encontrar un servicio de traslado que les otorgue seguridad, comodidad y puntualidad, adem\u00e1s de la posibilidad de ser transportados todos juntos en un mismo veh\u00edculo desde el Aeropuerto, sin ser separados, sino que todos en el mismo veh\u00edculo.<\/p>\n<p>Es por lo anterior que el servicio de alquiler de buses Houston, Texas es uno de los m\u00e1s solicitados ya que cuenta con todos los puntos mencionados, y adem\u00e1s todos los conductores que trabajan en este servicio de Alquiler de buses, cuentan con varios a\u00f1os de experiencia, manejo de las rutas y est\u00e1n preparados para resolver cualquier problema que pueda surgir durante el servicio de transporte. Ya sea alg\u00fan cambio de ruta, cambio de horario o del lugar en donde se iba a realizar la reuni\u00f3n u hotel en donde los clientes se hospedar\u00edan.<\/p>\n<div style=\"padding: 56.25% 0 0 0; position: relative;\"><iframe style=\"position: absolute; top: 0; left: 0; width: 100%; height: 100%;\" src=\"https:\/\/player.vimeo.com\/video\/526687441?loop=1&amp;color=ffffff&amp;portrait=0\" frameborder=\"0\" allowfullscreen=\"allowfullscreen\"><\/iframe><\/div>\n<p><script src=\"https:\/\/player.vimeo.com\/api\/player.js\"><\/script><a href=\"https:\/\/vimeo.com\/526687441\"><strong>Alquiler de buses Houston, Texas<\/strong><\/a> &#8211; <a href=\"https:\/\/vimeo.com\/user526687441\">Teletrans<\/a>.<\/p>\n<p>&nbsp;<\/p>\n<h2>Alquiler de buses Houston, Texas para eventos corporativos<\/h2>\n<p>Para hacer efectivo el servicio de Alquiler de buses Houston, Texas, s\u00f3lo basta con ingresar al sitio web de la empresa; solicitarlo, hacer la reserva y desde ah\u00ed en adelante la empresa se encarga de cada uno de los detalles para que los clientes tengan una experiencia \u00fanica de transporte.<\/p>\n<p>Teletrans se encarga de organizar un itinerario para que el o los servicios de transporte requeridos como en este caso el alquiler de buses Houston, Texas para paseos, que est\u00e1 contemplado entre 25 y 41 pasajeros, y que adem\u00e1s funciona sin esperas, impuntualidades, ni errores y para que los clientes que soliciten el Alquiler de buses Houston, Texas se sientan conformes con el servicio requerido.<\/p>\n<p>Alquiler de buses Houston, Texas est\u00e1 pensado para clientes que necesiten moverse de un lado a otro, en un veh\u00edculo que otorgue calidad, comodidad y seguridad. Lo que otorga una experiencia en transporte que hace que el servicio siempre cumpla con las expectativas de los clientes siempre. \u00a0Los servicios ofrecidos por Teletrans, como el de alquiler de buses Houston, Texas funciona no solo en Am\u00e9rica, sino que tambi\u00e9n en el resto de los pa\u00edses del mundo, en donde opera con sus diferentes servicios, entre los que se encuentra el de <strong>alquiler de buses Houston, Texas<\/strong> para paseos.<\/p>\n<p>&nbsp;<\/p>\n<h2> Informaci\u00f3n adicional para su transporte <\/h2>\n<p>Houston es una gran metr\u00f3polis en Texas, que se extiende hasta la Bah\u00eda de Galveston. Est\u00e1 estrechamente relacionado con el Centro Espacial de Houston, el centro de visitantes costero en el complejo de entrenamiento y control de vuelo de astronautas de la NASA. El relativamente compacto centro de la ciudad incluye el distrito de los teatros, sede de la famosa Gran \u00d3pera de Houston, y el distrito hist\u00f3rico, con arquitectura del siglo XIX y restaurantes de lujo.<br \/>\nEn Houston, llueve mucho incluso en el mes m\u00e1s seco. Este clima es Cfa seg\u00fan la clasificaci\u00f3n clim\u00e1tica de K\u00f6ppen-Geiger. La temperatura aqu\u00ed es de 20.9 \u00b0C. 69.6 \u00b0F. Aproximadamente 1242 mm | Anualmente caen 48,9 pulgadas de precipitaci\u00f3n.<br \/>\nTransportamos a nuestros clientes desde el Aeropuerto Intercontinental George Bush a un hotel, convenci\u00f3n o diferentes reuniones que pueda tener durante el d\u00eda.<\/p>\n","protected":false},"excerpt":{"rendered":"<p>El alquiler de buses Houston, Texas es uno de los servicios que entrega Teletrans, empresa especialista en transporte ejecutivo desde el a\u00f1o 2004 en el mercado. Con una capacidad de 25 a 45 pasajeros, el servicio de Alquiler de buses Houston, Texas est\u00e1 considerado para clientes que realicen viajes tur\u00edsticos, tengan conferencias, o eventos corporativos<\/p>\n","protected":false},"author":4,"featured_media":0,"parent":0,"menu_order":2458,"comment_status":"closed","ping_status":"closed","template":"templates\/menu-lateral-page.php","meta":{"_acf_changed":false,"footnotes":""},"folder":[1979],"class_list":["post-42001","page","type-page","status-publish","hentry"],"acf":[],"yoast_head":"<!-- This site is optimized with the Yoast SEO plugin v27.4 - https:\/\/yoast.com\/product\/yoast-seo-wordpress\/ -->\n<title>Alquiler de buses Houston, Texas - Teletrans<\/title>\n<meta name=\"description\" content=\"Alquiler de buses Houston, Texas. Coordinamos el transporte para todos sus eventos. Moderna flota, asistencia 24 horas.\" \/>\n<meta name=\"robots\" content=\"index, follow, max-snippet:-1, max-image-preview:large, max-video-preview:-1\" \/>\n<meta property=\"og:locale\" content=\"es_ES\" \/>\n<meta property=\"og:type\" content=\"article\" \/>\n<meta property=\"og:title\" content=\"Alquiler de buses Houston, Texas - Teletrans\" \/>\n<meta property=\"og:description\" content=\"Alquiler de buses Houston, Texas. Coordinamos el transporte para todos sus eventos. Moderna flota, asistencia 24 horas.\" \/>\n<meta property=\"og:url\" content=\"https:\/\/www.teletrans.com\/es\/alquiler-de-buses-houston-texas\/\" \/>\n<meta property=\"og:site_name\" content=\"Teletrans\" \/>\n<meta property=\"article:publisher\" content=\"https:\/\/www.facebook.com\/profile.php?id=100034999581270\" \/>\n<meta property=\"og:image\" content=\"https:\/\/www.teletrans.com\/wp-content\/uploads\/2021\/03\/alquiler-de-buses.jpg\" \/>\n<meta name=\"twitter:card\" content=\"summary_large_image\" \/>\n<meta name=\"twitter:site\" content=\"@TeletransChile\" \/>\n<meta name=\"twitter:label1\" content=\"Tiempo de lectura\" \/>\n\t<meta name=\"twitter:data1\" content=\"3 minutos\" \/>\n<script type=\"application\/ld+json\" class=\"yoast-schema-graph\">{\"@context\":\"https:\\\/\\\/schema.org\",\"@graph\":[{\"@type\":\"WebPage\",\"@id\":\"https:\\\/\\\/www.teletrans.com\\\/es\\\/alquiler-de-buses-houston-texas\\\/\",\"url\":\"https:\\\/\\\/www.teletrans.com\\\/es\\\/alquiler-de-buses-houston-texas\\\/\",\"name\":\"Alquiler de buses Houston, Texas - Teletrans\",\"isPartOf\":{\"@id\":\"https:\\\/\\\/www.teletrans.com\\\/es\\\/#website\"},\"primaryImageOfPage\":{\"@id\":\"https:\\\/\\\/www.teletrans.com\\\/es\\\/alquiler-de-buses-houston-texas\\\/#primaryimage\"},\"image\":{\"@id\":\"https:\\\/\\\/www.teletrans.com\\\/es\\\/alquiler-de-buses-houston-texas\\\/#primaryimage\"},\"thumbnailUrl\":\"https:\\\/\\\/www.teletrans.com\\\/wp-content\\\/uploads\\\/2021\\\/03\\\/alquiler-de-buses.jpg\",\"datePublished\":\"2022-10-18T01:13:37+00:00\",\"description\":\"Alquiler de buses Houston, Texas. Coordinamos el transporte para todos sus eventos. Moderna flota, asistencia 24 horas.\",\"breadcrumb\":{\"@id\":\"https:\\\/\\\/www.teletrans.com\\\/es\\\/alquiler-de-buses-houston-texas\\\/#breadcrumb\"},\"inLanguage\":\"es\",\"potentialAction\":[{\"@type\":\"ReadAction\",\"target\":[\"https:\\\/\\\/www.teletrans.com\\\/es\\\/alquiler-de-buses-houston-texas\\\/\"]}]},{\"@type\":\"ImageObject\",\"inLanguage\":\"es\",\"@id\":\"https:\\\/\\\/www.teletrans.com\\\/es\\\/alquiler-de-buses-houston-texas\\\/#primaryimage\",\"url\":\"https:\\\/\\\/www.teletrans.com\\\/wp-content\\\/uploads\\\/2021\\\/03\\\/alquiler-de-buses.jpg\",\"contentUrl\":\"https:\\\/\\\/www.teletrans.com\\\/wp-content\\\/uploads\\\/2021\\\/03\\\/alquiler-de-buses.jpg\"},{\"@type\":\"BreadcrumbList\",\"@id\":\"https:\\\/\\\/www.teletrans.com\\\/es\\\/alquiler-de-buses-houston-texas\\\/#breadcrumb\",\"itemListElement\":[{\"@type\":\"ListItem\",\"position\":1,\"name\":\"Portada\",\"item\":\"https:\\\/\\\/www.teletrans.com\\\/es\\\/\"},{\"@type\":\"ListItem\",\"position\":2,\"name\":\"Alquiler de buses Houston, Texas\"}]},{\"@type\":\"WebSite\",\"@id\":\"https:\\\/\\\/www.teletrans.com\\\/es\\\/#website\",\"url\":\"https:\\\/\\\/www.teletrans.com\\\/es\\\/\",\"name\":\"Teletrans\",\"description\":\"\",\"publisher\":{\"@id\":\"https:\\\/\\\/www.teletrans.com\\\/es\\\/#organization\"},\"potentialAction\":[{\"@type\":\"SearchAction\",\"target\":{\"@type\":\"EntryPoint\",\"urlTemplate\":\"https:\\\/\\\/www.teletrans.com\\\/es\\\/?s={search_term_string}\"},\"query-input\":{\"@type\":\"PropertyValueSpecification\",\"valueRequired\":true,\"valueName\":\"search_term_string\"}}],\"inLanguage\":\"es\"},{\"@type\":\"Organization\",\"@id\":\"https:\\\/\\\/www.teletrans.com\\\/es\\\/#organization\",\"name\":\"Teletrans\",\"url\":\"https:\\\/\\\/www.teletrans.com\\\/es\\\/\",\"logo\":{\"@type\":\"ImageObject\",\"inLanguage\":\"es\",\"@id\":\"https:\\\/\\\/www.teletrans.com\\\/es\\\/#\\\/schema\\\/logo\\\/image\\\/\",\"url\":\"https:\\\/\\\/www.teletrans.com\\\/wp-content\\\/uploads\\\/2023\\\/02\\\/logo-teletrans-svg.svg\",\"contentUrl\":\"https:\\\/\\\/www.teletrans.com\\\/wp-content\\\/uploads\\\/2023\\\/02\\\/logo-teletrans-svg.svg\",\"width\":501,\"height\":166,\"caption\":\"Teletrans\"},\"image\":{\"@id\":\"https:\\\/\\\/www.teletrans.com\\\/es\\\/#\\\/schema\\\/logo\\\/image\\\/\"},\"sameAs\":[\"https:\\\/\\\/www.facebook.com\\\/profile.php?id=100034999581270\",\"https:\\\/\\\/x.com\\\/TeletransChile\"]}]}<\/script>\n<!-- \/ Yoast SEO plugin. -->","yoast_head_json":{"title":"Alquiler de buses Houston, Texas - Teletrans","description":"Alquiler de buses Houston, Texas. Coordinamos el transporte para todos sus eventos. Moderna flota, asistencia 24 horas.","robots":{"index":"index","follow":"follow","max-snippet":"max-snippet:-1","max-image-preview":"max-image-preview:large","max-video-preview":"max-video-preview:-1"},"og_locale":"es_ES","og_type":"article","og_title":"Alquiler de buses Houston, Texas - Teletrans","og_description":"Alquiler de buses Houston, Texas. Coordinamos el transporte para todos sus eventos. Moderna flota, asistencia 24 horas.","og_url":"https:\/\/www.teletrans.com\/es\/alquiler-de-buses-houston-texas\/","og_site_name":"Teletrans","article_publisher":"https:\/\/www.facebook.com\/profile.php?id=100034999581270","og_image":[{"url":"https:\/\/www.teletrans.com\/wp-content\/uploads\/2021\/03\/alquiler-de-buses.jpg","type":"","width":"","height":""}],"twitter_card":"summary_large_image","twitter_site":"@TeletransChile","twitter_misc":{"Tiempo de lectura":"3 minutos"},"schema":{"@context":"https:\/\/schema.org","@graph":[{"@type":"WebPage","@id":"https:\/\/www.teletrans.com\/es\/alquiler-de-buses-houston-texas\/","url":"https:\/\/www.teletrans.com\/es\/alquiler-de-buses-houston-texas\/","name":"Alquiler de buses Houston, Texas - Teletrans","isPartOf":{"@id":"https:\/\/www.teletrans.com\/es\/#website"},"primaryImageOfPage":{"@id":"https:\/\/www.teletrans.com\/es\/alquiler-de-buses-houston-texas\/#primaryimage"},"image":{"@id":"https:\/\/www.teletrans.com\/es\/alquiler-de-buses-houston-texas\/#primaryimage"},"thumbnailUrl":"https:\/\/www.teletrans.com\/wp-content\/uploads\/2021\/03\/alquiler-de-buses.jpg","datePublished":"2022-10-18T01:13:37+00:00","description":"Alquiler de buses Houston, Texas. Coordinamos el transporte para todos sus eventos. Moderna flota, asistencia 24 horas.","breadcrumb":{"@id":"https:\/\/www.teletrans.com\/es\/alquiler-de-buses-houston-texas\/#breadcrumb"},"inLanguage":"es","potentialAction":[{"@type":"ReadAction","target":["https:\/\/www.teletrans.com\/es\/alquiler-de-buses-houston-texas\/"]}]},{"@type":"ImageObject","inLanguage":"es","@id":"https:\/\/www.teletrans.com\/es\/alquiler-de-buses-houston-texas\/#primaryimage","url":"https:\/\/www.teletrans.com\/wp-content\/uploads\/2021\/03\/alquiler-de-buses.jpg","contentUrl":"https:\/\/www.teletrans.com\/wp-content\/uploads\/2021\/03\/alquiler-de-buses.jpg"},{"@type":"BreadcrumbList","@id":"https:\/\/www.teletrans.com\/es\/alquiler-de-buses-houston-texas\/#breadcrumb","itemListElement":[{"@type":"ListItem","position":1,"name":"Portada","item":"https:\/\/www.teletrans.com\/es\/"},{"@type":"ListItem","position":2,"name":"Alquiler de buses Houston, Texas"}]},{"@type":"WebSite","@id":"https:\/\/www.teletrans.com\/es\/#website","url":"https:\/\/www.teletrans.com\/es\/","name":"Teletrans","description":"","publisher":{"@id":"https:\/\/www.teletrans.com\/es\/#organization"},"potentialAction":[{"@type":"SearchAction","target":{"@type":"EntryPoint","urlTemplate":"https:\/\/www.teletrans.com\/es\/?s={search_term_string}"},"query-input":{"@type":"PropertyValueSpecification","valueRequired":true,"valueName":"search_term_string"}}],"inLanguage":"es"},{"@type":"Organization","@id":"https:\/\/www.teletrans.com\/es\/#organization","name":"Teletrans","url":"https:\/\/www.teletrans.com\/es\/","logo":{"@type":"ImageObject","inLanguage":"es","@id":"https:\/\/www.teletrans.com\/es\/#\/schema\/logo\/image\/","url":"https:\/\/www.teletrans.com\/wp-content\/uploads\/2023\/02\/logo-teletrans-svg.svg","contentUrl":"https:\/\/www.teletrans.com\/wp-content\/uploads\/2023\/02\/logo-teletrans-svg.svg","width":501,"height":166,"caption":"Teletrans"},"image":{"@id":"https:\/\/www.teletrans.com\/es\/#\/schema\/logo\/image\/"},"sameAs":["https:\/\/www.facebook.com\/profile.php?id=100034999581270","https:\/\/x.com\/TeletransChile"]}]}},"_links":{"self":[{"href":"https:\/\/www.teletrans.com\/es\/wp-json\/wp\/v2\/pages\/42001","targetHints":{"allow":["GET"]}}],"collection":[{"href":"https:\/\/www.teletrans.com\/es\/wp-json\/wp\/v2\/pages"}],"about":[{"href":"https:\/\/www.teletrans.com\/es\/wp-json\/wp\/v2\/types\/page"}],"author":[{"embeddable":true,"href":"https:\/\/www.teletrans.com\/es\/wp-json\/wp\/v2\/users\/4"}],"replies":[{"embeddable":true,"href":"https:\/\/www.teletrans.com\/es\/wp-json\/wp\/v2\/comments?post=42001"}],"version-history":[{"count":0,"href":"https:\/\/www.teletrans.com\/es\/wp-json\/wp\/v2\/pages\/42001\/revisions"}],"wp:attachment":[{"href":"https:\/\/www.teletrans.com\/es\/wp-json\/wp\/v2\/media?parent=42001"}],"wp:term":[{"taxonomy":"folder","embeddable":true,"href":"https:\/\/www.teletrans.com\/es\/wp-json\/wp\/v2\/folder?post=42001"}],"curies":[{"name":"wp","href":"https:\/\/api.w.org\/{rel}","templated":true}]}}