{"id":41068,"date":"2022-08-30T19:02:28","date_gmt":"2022-08-30T23:02:28","guid":{"rendered":"https:\/\/www.teletrans.com\/?page_id=41068"},"modified":"2022-09-07T16:44:32","modified_gmt":"2022-09-07T20:44:32","slug":"autos-blindados-rio-de-janeiro-brasil","status":"publish","type":"page","link":"https:\/\/www.teletrans.com\/es\/autos-blindados-rio-de-janeiro-brasil\/","title":{"rendered":"Autos blindados R\u00edo de Janeiro, Brasil"},"content":{"rendered":"<img loading=\"lazy\" decoding=\"async\" class=\"alignnone size-full wp-image-19040\" src=\"https:\/\/www.teletrans.com\/wp-content\/uploads\/2021\/03\/alquiler-de-autos-blindados.jpg\" alt=\"Autos blindados R\u00edo de Janeiro, Brasil\" width=\"1500\" height=\"1001\" \/>\n<p><strong>Autos blindados R\u00edo de Janeiro, Brasil<\/strong> es uno de los servicios que ofrece Teletrans, lo anterior est\u00e1 considerado para clientes que buscan un servicio de transporte de lujo que otorgue confianza y seguridad cuando tengan que moverse dentro de la ciudad ya sea por razones laborales o personales.<\/p>\n<p>Autos blindados R\u00edo de Janeiro, Brasil que ofrece Teletrans, se adapta a las necesidades de cada uno de sus clientes. Es por esto que son ellos quienes pueden escoger el modelo de auto a utilizar para que este se adapte a sus necesidades. Los veh\u00edculos de la empresa para este servicio, son de alta gama pensado para altos ejecutivos que tengan eventos corporativos o reuniones en diversos lugares.<\/p>\n<p>Para hacer efectivo el servicio de Autos blindados R\u00edo de Janeiro, Brasil, solo basta con solicitarlo, hacer la reserva y desde ah\u00ed en adelante la empresa se encarga de cada uno de los detalles para que los clientes tengan una experiencia \u00fanica de transporte de lujo en donde Teletrans se encarga de organizar un itinerario para que el o los servicios de transporte requeridos funcionen sin esperas, retrasos, ni errores.<\/p>\n<p>&nbsp;<\/p>\n<h2>Autos blindados R\u00edo de Janeiro, Brasil para empresas<\/h2>\n<p>Autos blindados R\u00edo de Janeiro, Brasil para empresas est\u00e1 pensado para clientes que necesiten moverse de un lado a otro, en un auto que otorgue calidad, comodidad y seguridad. Adem\u00e1s de ser atendido por conductores que llevan a\u00f1os en el rubro y que conocen perfectamente las necesidades de los clientes. Teletrans otorga una experiencia en trasporte de lujo que hace que el servicio siempre cumpla con las expectativas de los clientes.<\/p>\n<p>La planificaci\u00f3n de un itinerario acorde a los tiempos solicitados por los clientes, son parte del servicio que entrega la empresa especialista en transportes no solo en Am\u00e9rica sino que tambi\u00e9n en el resto de los pa\u00edses del mundo, en donde opera con sus diferentes servicios entre los que se encuentra el de arriendo de autos de lujo.<\/p>\n<div style=\"padding: 56.25% 0 0 0; position: relative;\"><iframe style=\"position: absolute; top: 0; left: 0; width: 100%; height: 100%;\" src=\"https:\/\/player.vimeo.com\/video\/740063517?loop=1&amp;color=ffffff&amp;portrait=0\" frameborder=\"0\" allowfullscreen=\"allowfullscreen\"><\/iframe><\/div>\n<p><script src=\"https:\/\/player.vimeo.com\/api\/player.js\"><\/script><a href=\"https:\/\/vimeo.com\/740063517\"><strong>Autos blindados R\u00edo de Janeiro, Brasil<\/strong><\/a> &#8211; <a href=\"https:\/\/vimeo.com\/user526687390\">Teletrans<\/a>.<\/p>\n<p>&nbsp;<\/p>\n<h2>Autos blindados R\u00edo de Janeiro, Brasil<\/h2>\n<p>Autos blindados R\u00edo de Janeiro, Brasil es uno de los servicios m\u00e1s solicitados debido a que todos los altos ejecutivos que lo han utilizado \u00a0quedan conformes con el servicio recibido en todo aspecto. Desde la facilidad de reservar y arrendar un veh\u00edculo hasta la manera en que fueron recibidos por los conductores en el aeropuerto y por supuesto el funcionamiento del traslado en la ruta estipulada que cumple con ser puntual. Adem\u00e1s de la variedad de veh\u00edculos de lujo a elecci\u00f3n y tambi\u00e9n la seguridad y comodidad de cada uno de los autos que tiene Teletrans para el servicio de Autos blindados R\u00edo de Janeiro, Brasil.<\/p>\n<p>Finalmente la empresa se compromete a entregar la mejor experiencia para cada uno de los usuarios del servicio de Autos blindados R\u00edo de Janeiro, Brasil de manera tal en la que todos los clientes tengan un servicio de primera calidad y conforme a sus expectativas. Altos ejecutivos y CEO de empresas de grandes compa\u00f1\u00edas a nivel mundial conf\u00edan en la calidad, compromiso y seguridad otorgada por la empresa desde el a\u00f1o 2004 en el rubro de <strong>Autos blindados R\u00edo de Janeiro, Brasil<\/strong>.<\/p>\n<p>&nbsp;<\/p>\n<h2> Informaci\u00f3n adicional para tu transporte<\/h2>\n<p>R\u00edo de Janeiro es una gran ciudad costera en Brasil, famosa por sus playas de Copacabana e Ipanema, la estatua del Cristo Redentor de 38 m en la cima del monte Corcovado y el pico de granito del Pan de Az\u00facar con telef\u00e9ricos hasta su cima. La ciudad tambi\u00e9n es conocida por sus extensas favelas (barrios marginales). Su estridente festival de Carnaval, con desfiles de carrozas, trajes deslumbrantes y bailarines de samba, es considerado el m\u00e1s grande del mundo.<br \/>\nCon una temperatura alta promedio de 24 \u00b0 C (75,2 \u00b0 F) y una temperatura baja promedio de 18,7 \u00b0 C (65,7 \u00b0 F), julio es el mes m\u00e1s fr\u00edo en R\u00edo de Janeiro, Brasil.<br \/>\nTransportamos a nuestros clientes Aeropuerto de R\u00edo de Janeiro-Galeao (GIG) o Aeropuerto Santos Dumont a un hotel, convenci\u00f3n o diferentes reuniones que pueda tener durante el d\u00eda.<br \/>\nConocemos perfectamente el distrito financiero de nuestra ciudad, por lo que no habr\u00e1 problema en pedirnos que llevemos a nuestros clientes a cualquier parte sin demoras ya que contamos con el mejor servicio de transporte del pa\u00eds.<\/p>\n","protected":false},"excerpt":{"rendered":"<p>Autos blindados R\u00edo de Janeiro, Brasil es uno de los servicios que ofrece Teletrans, lo anterior est\u00e1 considerado para clientes que buscan un servicio de transporte de lujo que otorgue confianza y seguridad cuando tengan que moverse dentro de la ciudad ya sea por razones laborales o personales. Autos blindados R\u00edo de Janeiro, Brasil que<\/p>\n","protected":false},"author":4,"featured_media":0,"parent":0,"menu_order":2152,"comment_status":"closed","ping_status":"closed","template":"templates\/menu-lateral-page.php","meta":{"_acf_changed":false,"footnotes":""},"folder":[1712],"class_list":["post-41068","page","type-page","status-publish","hentry"],"acf":[],"yoast_head":"<!-- This site is optimized with the Yoast SEO plugin v27.4 - https:\/\/yoast.com\/product\/yoast-seo-wordpress\/ -->\n<title>Autos blindados R\u00edo de Janeiro, Brasil - Teletrans<\/title>\n<meta name=\"description\" content=\"El mejor servicio de Autos blindados R\u00edo de Janeiro, Brasil. Moderna flota, conductores biling\u00fces. Asistencia 24 horas.\" \/>\n<meta name=\"robots\" content=\"index, follow, max-snippet:-1, max-image-preview:large, max-video-preview:-1\" \/>\n<meta property=\"og:locale\" content=\"es_ES\" \/>\n<meta property=\"og:type\" content=\"article\" \/>\n<meta property=\"og:title\" content=\"Autos blindados R\u00edo de Janeiro, Brasil - Teletrans\" \/>\n<meta property=\"og:description\" content=\"El mejor servicio de Autos blindados R\u00edo de Janeiro, Brasil. Moderna flota, conductores biling\u00fces. Asistencia 24 horas.\" \/>\n<meta property=\"og:url\" content=\"https:\/\/www.teletrans.com\/es\/autos-blindados-rio-de-janeiro-brasil\/\" \/>\n<meta property=\"og:site_name\" content=\"Teletrans\" \/>\n<meta property=\"article:publisher\" content=\"https:\/\/www.facebook.com\/profile.php?id=100034999581270\" \/>\n<meta property=\"article:modified_time\" content=\"2022-09-07T20:44:32+00:00\" \/>\n<meta property=\"og:image\" content=\"https:\/\/www.teletrans.com\/wp-content\/uploads\/2021\/03\/alquiler-de-autos-blindados.jpg\" \/>\n<meta name=\"twitter:card\" content=\"summary_large_image\" \/>\n<meta name=\"twitter:site\" content=\"@TeletransChile\" \/>\n<meta name=\"twitter:label1\" content=\"Tiempo de lectura\" \/>\n\t<meta name=\"twitter:data1\" content=\"3 minutos\" \/>\n<script type=\"application\/ld+json\" class=\"yoast-schema-graph\">{\"@context\":\"https:\\\/\\\/schema.org\",\"@graph\":[{\"@type\":\"WebPage\",\"@id\":\"https:\\\/\\\/www.teletrans.com\\\/es\\\/autos-blindados-rio-de-janeiro-brasil\\\/\",\"url\":\"https:\\\/\\\/www.teletrans.com\\\/es\\\/autos-blindados-rio-de-janeiro-brasil\\\/\",\"name\":\"Autos blindados R\u00edo de Janeiro, Brasil - Teletrans\",\"isPartOf\":{\"@id\":\"https:\\\/\\\/www.teletrans.com\\\/es\\\/#website\"},\"primaryImageOfPage\":{\"@id\":\"https:\\\/\\\/www.teletrans.com\\\/es\\\/autos-blindados-rio-de-janeiro-brasil\\\/#primaryimage\"},\"image\":{\"@id\":\"https:\\\/\\\/www.teletrans.com\\\/es\\\/autos-blindados-rio-de-janeiro-brasil\\\/#primaryimage\"},\"thumbnailUrl\":\"https:\\\/\\\/www.teletrans.com\\\/wp-content\\\/uploads\\\/2021\\\/03\\\/alquiler-de-autos-blindados.jpg\",\"datePublished\":\"2022-08-30T23:02:28+00:00\",\"dateModified\":\"2022-09-07T20:44:32+00:00\",\"description\":\"El mejor servicio de Autos blindados R\u00edo de Janeiro, Brasil. Moderna flota, conductores biling\u00fces. Asistencia 24 horas.\",\"breadcrumb\":{\"@id\":\"https:\\\/\\\/www.teletrans.com\\\/es\\\/autos-blindados-rio-de-janeiro-brasil\\\/#breadcrumb\"},\"inLanguage\":\"es\",\"potentialAction\":[{\"@type\":\"ReadAction\",\"target\":[\"https:\\\/\\\/www.teletrans.com\\\/es\\\/autos-blindados-rio-de-janeiro-brasil\\\/\"]}]},{\"@type\":\"ImageObject\",\"inLanguage\":\"es\",\"@id\":\"https:\\\/\\\/www.teletrans.com\\\/es\\\/autos-blindados-rio-de-janeiro-brasil\\\/#primaryimage\",\"url\":\"https:\\\/\\\/www.teletrans.com\\\/wp-content\\\/uploads\\\/2021\\\/03\\\/alquiler-de-autos-blindados.jpg\",\"contentUrl\":\"https:\\\/\\\/www.teletrans.com\\\/wp-content\\\/uploads\\\/2021\\\/03\\\/alquiler-de-autos-blindados.jpg\"},{\"@type\":\"BreadcrumbList\",\"@id\":\"https:\\\/\\\/www.teletrans.com\\\/es\\\/autos-blindados-rio-de-janeiro-brasil\\\/#breadcrumb\",\"itemListElement\":[{\"@type\":\"ListItem\",\"position\":1,\"name\":\"Portada\",\"item\":\"https:\\\/\\\/www.teletrans.com\\\/es\\\/\"},{\"@type\":\"ListItem\",\"position\":2,\"name\":\"Autos blindados R\u00edo de Janeiro, Brasil\"}]},{\"@type\":\"WebSite\",\"@id\":\"https:\\\/\\\/www.teletrans.com\\\/es\\\/#website\",\"url\":\"https:\\\/\\\/www.teletrans.com\\\/es\\\/\",\"name\":\"Teletrans\",\"description\":\"\",\"publisher\":{\"@id\":\"https:\\\/\\\/www.teletrans.com\\\/es\\\/#organization\"},\"potentialAction\":[{\"@type\":\"SearchAction\",\"target\":{\"@type\":\"EntryPoint\",\"urlTemplate\":\"https:\\\/\\\/www.teletrans.com\\\/es\\\/?s={search_term_string}\"},\"query-input\":{\"@type\":\"PropertyValueSpecification\",\"valueRequired\":true,\"valueName\":\"search_term_string\"}}],\"inLanguage\":\"es\"},{\"@type\":\"Organization\",\"@id\":\"https:\\\/\\\/www.teletrans.com\\\/es\\\/#organization\",\"name\":\"Teletrans\",\"url\":\"https:\\\/\\\/www.teletrans.com\\\/es\\\/\",\"logo\":{\"@type\":\"ImageObject\",\"inLanguage\":\"es\",\"@id\":\"https:\\\/\\\/www.teletrans.com\\\/es\\\/#\\\/schema\\\/logo\\\/image\\\/\",\"url\":\"https:\\\/\\\/www.teletrans.com\\\/wp-content\\\/uploads\\\/2023\\\/02\\\/logo-teletrans-svg.svg\",\"contentUrl\":\"https:\\\/\\\/www.teletrans.com\\\/wp-content\\\/uploads\\\/2023\\\/02\\\/logo-teletrans-svg.svg\",\"width\":501,\"height\":166,\"caption\":\"Teletrans\"},\"image\":{\"@id\":\"https:\\\/\\\/www.teletrans.com\\\/es\\\/#\\\/schema\\\/logo\\\/image\\\/\"},\"sameAs\":[\"https:\\\/\\\/www.facebook.com\\\/profile.php?id=100034999581270\",\"https:\\\/\\\/x.com\\\/TeletransChile\"]}]}<\/script>\n<!-- \/ Yoast SEO plugin. -->","yoast_head_json":{"title":"Autos blindados R\u00edo de Janeiro, Brasil - Teletrans","description":"El mejor servicio de Autos blindados R\u00edo de Janeiro, Brasil. Moderna flota, conductores biling\u00fces. Asistencia 24 horas.","robots":{"index":"index","follow":"follow","max-snippet":"max-snippet:-1","max-image-preview":"max-image-preview:large","max-video-preview":"max-video-preview:-1"},"og_locale":"es_ES","og_type":"article","og_title":"Autos blindados R\u00edo de Janeiro, Brasil - Teletrans","og_description":"El mejor servicio de Autos blindados R\u00edo de Janeiro, Brasil. Moderna flota, conductores biling\u00fces. Asistencia 24 horas.","og_url":"https:\/\/www.teletrans.com\/es\/autos-blindados-rio-de-janeiro-brasil\/","og_site_name":"Teletrans","article_publisher":"https:\/\/www.facebook.com\/profile.php?id=100034999581270","article_modified_time":"2022-09-07T20:44:32+00:00","og_image":[{"url":"https:\/\/www.teletrans.com\/wp-content\/uploads\/2021\/03\/alquiler-de-autos-blindados.jpg","type":"","width":"","height":""}],"twitter_card":"summary_large_image","twitter_site":"@TeletransChile","twitter_misc":{"Tiempo de lectura":"3 minutos"},"schema":{"@context":"https:\/\/schema.org","@graph":[{"@type":"WebPage","@id":"https:\/\/www.teletrans.com\/es\/autos-blindados-rio-de-janeiro-brasil\/","url":"https:\/\/www.teletrans.com\/es\/autos-blindados-rio-de-janeiro-brasil\/","name":"Autos blindados R\u00edo de Janeiro, Brasil - Teletrans","isPartOf":{"@id":"https:\/\/www.teletrans.com\/es\/#website"},"primaryImageOfPage":{"@id":"https:\/\/www.teletrans.com\/es\/autos-blindados-rio-de-janeiro-brasil\/#primaryimage"},"image":{"@id":"https:\/\/www.teletrans.com\/es\/autos-blindados-rio-de-janeiro-brasil\/#primaryimage"},"thumbnailUrl":"https:\/\/www.teletrans.com\/wp-content\/uploads\/2021\/03\/alquiler-de-autos-blindados.jpg","datePublished":"2022-08-30T23:02:28+00:00","dateModified":"2022-09-07T20:44:32+00:00","description":"El mejor servicio de Autos blindados R\u00edo de Janeiro, Brasil. Moderna flota, conductores biling\u00fces. Asistencia 24 horas.","breadcrumb":{"@id":"https:\/\/www.teletrans.com\/es\/autos-blindados-rio-de-janeiro-brasil\/#breadcrumb"},"inLanguage":"es","potentialAction":[{"@type":"ReadAction","target":["https:\/\/www.teletrans.com\/es\/autos-blindados-rio-de-janeiro-brasil\/"]}]},{"@type":"ImageObject","inLanguage":"es","@id":"https:\/\/www.teletrans.com\/es\/autos-blindados-rio-de-janeiro-brasil\/#primaryimage","url":"https:\/\/www.teletrans.com\/wp-content\/uploads\/2021\/03\/alquiler-de-autos-blindados.jpg","contentUrl":"https:\/\/www.teletrans.com\/wp-content\/uploads\/2021\/03\/alquiler-de-autos-blindados.jpg"},{"@type":"BreadcrumbList","@id":"https:\/\/www.teletrans.com\/es\/autos-blindados-rio-de-janeiro-brasil\/#breadcrumb","itemListElement":[{"@type":"ListItem","position":1,"name":"Portada","item":"https:\/\/www.teletrans.com\/es\/"},{"@type":"ListItem","position":2,"name":"Autos blindados R\u00edo de Janeiro, Brasil"}]},{"@type":"WebSite","@id":"https:\/\/www.teletrans.com\/es\/#website","url":"https:\/\/www.teletrans.com\/es\/","name":"Teletrans","description":"","publisher":{"@id":"https:\/\/www.teletrans.com\/es\/#organization"},"potentialAction":[{"@type":"SearchAction","target":{"@type":"EntryPoint","urlTemplate":"https:\/\/www.teletrans.com\/es\/?s={search_term_string}"},"query-input":{"@type":"PropertyValueSpecification","valueRequired":true,"valueName":"search_term_string"}}],"inLanguage":"es"},{"@type":"Organization","@id":"https:\/\/www.teletrans.com\/es\/#organization","name":"Teletrans","url":"https:\/\/www.teletrans.com\/es\/","logo":{"@type":"ImageObject","inLanguage":"es","@id":"https:\/\/www.teletrans.com\/es\/#\/schema\/logo\/image\/","url":"https:\/\/www.teletrans.com\/wp-content\/uploads\/2023\/02\/logo-teletrans-svg.svg","contentUrl":"https:\/\/www.teletrans.com\/wp-content\/uploads\/2023\/02\/logo-teletrans-svg.svg","width":501,"height":166,"caption":"Teletrans"},"image":{"@id":"https:\/\/www.teletrans.com\/es\/#\/schema\/logo\/image\/"},"sameAs":["https:\/\/www.facebook.com\/profile.php?id=100034999581270","https:\/\/x.com\/TeletransChile"]}]}},"_links":{"self":[{"href":"https:\/\/www.teletrans.com\/es\/wp-json\/wp\/v2\/pages\/41068","targetHints":{"allow":["GET"]}}],"collection":[{"href":"https:\/\/www.teletrans.com\/es\/wp-json\/wp\/v2\/pages"}],"about":[{"href":"https:\/\/www.teletrans.com\/es\/wp-json\/wp\/v2\/types\/page"}],"author":[{"embeddable":true,"href":"https:\/\/www.teletrans.com\/es\/wp-json\/wp\/v2\/users\/4"}],"replies":[{"embeddable":true,"href":"https:\/\/www.teletrans.com\/es\/wp-json\/wp\/v2\/comments?post=41068"}],"version-history":[{"count":0,"href":"https:\/\/www.teletrans.com\/es\/wp-json\/wp\/v2\/pages\/41068\/revisions"}],"wp:attachment":[{"href":"https:\/\/www.teletrans.com\/es\/wp-json\/wp\/v2\/media?parent=41068"}],"wp:term":[{"taxonomy":"folder","embeddable":true,"href":"https:\/\/www.teletrans.com\/es\/wp-json\/wp\/v2\/folder?post=41068"}],"curies":[{"name":"wp","href":"https:\/\/api.w.org\/{rel}","templated":true}]}}