{"id":38763,"date":"2022-01-24T19:52:02","date_gmt":"2022-01-24T23:52:02","guid":{"rendered":"https:\/\/www.teletrans.com\/?page_id=38763"},"modified":"2022-01-24T19:52:02","modified_gmt":"2022-01-24T23:52:02","slug":"taxi-ejecutivo-asuncion-paraguay","status":"publish","type":"page","link":"https:\/\/www.teletrans.com\/es\/taxi-ejecutivo-asuncion-paraguay\/","title":{"rendered":"Taxi ejecutivo Asunci\u00f3n, Paraguay"},"content":{"rendered":"<img loading=\"lazy\" decoding=\"async\" class=\"alignnone size-full wp-image-19249\" src=\"https:\/\/www.teletrans.com\/wp-content\/uploads\/2020\/03\/taxi-ejecutivo.jpg\" alt=\"taxi ejecutivo Asunci\u00f3n, Paraguay\" width=\"1500\" height=\"923\" srcset=\"https:\/\/www.teletrans.com\/wp-content\/uploads\/2020\/03\/taxi-ejecutivo.jpg 1500w, https:\/\/www.teletrans.com\/wp-content\/uploads\/2020\/03\/taxi-ejecutivo-300x185.jpg 300w, https:\/\/www.teletrans.com\/wp-content\/uploads\/2020\/03\/taxi-ejecutivo-1024x630.jpg 1024w, https:\/\/www.teletrans.com\/wp-content\/uploads\/2020\/03\/taxi-ejecutivo-768x473.jpg 768w\" sizes=\"auto, (max-width: 1500px) 100vw, 1500px\" \/>\n<p>El <strong>taxi ejecutivo Asunci\u00f3n, Paraguay<\/strong> es uno de los servicios que ofrece Teletrans, lo anterior est\u00e1 considerado para clientes que buscan un servicio de transporte de lujo que otorgue confianza y seguridad cuando tengan que moverse dentro de la ciudad ya sea por razones laborales o personales.<\/p>\n<p>El servicio de taxi ejecutivo que ofrece Teletrans, se adapta a las necesidades de cada uno de sus clientes. Es por esto que son ellos quienes pueden escoger el modelo de auto a utilizar para que este se adapte a sus necesidades. Los veh\u00edculos de la empresa para este servicio, son de alta gama pensado para altos ejecutivos que tengan eventos corporativos o reuniones en diversos lugares de la ciudad.<\/p>\n<p>Para hacer efectivo el servicio de taxi ejecutivo, solo basta con solicitarlo, hacer la reserva y desde ah\u00ed en adelante la empresa se encarga de cada uno de los detalles para que los clientes tengan una experiencia \u00fanica de transporte de lujo en donde Teletrans se encarga de organizar un itinerario para que el o los servicios de transporte requeridos funcionen sin esperas, retrasos, ni errores.<\/p>\n<p>&nbsp;<\/p>\n<h2>Taxi ejecutivo para Empresas Asunci\u00f3n, Paraguay<\/h2>\n<p>El taxi ejecutivo para empresas est\u00e1 pensado para clientes que necesiten moverse de un lado a otro dentro de la ciudad, en un auto que otorgue calidad, comodidad y seguridad. Adem\u00e1s de ser atendido por conductores que llevan a\u00f1os en el rubro y que conocen perfectamente las necesidades de los clientes. Teletrans otorga una experiencia en trasporte de lujo que hace que el servicio siempre cumpla con las expectativas de los clientes.<\/p>\n<p>La planificaci\u00f3n de un itinerario acorde a los tiempos solicitados por los clientes, son parte del servicio que entrega la empresa especialista en transportes no solo en Am\u00e9rica sino que tambi\u00e9n en el resto de los pa\u00edses del mundo, en donde opera con sus diferentes servicios entre los que se encuentra el de taxi ejecutivo.<\/p>\n<div style=\"padding: 56.25% 0 0 0; position: relative;\"><iframe style=\"position: absolute; top: 0; left: 0; width: 100%; height: 100%;\" src=\"https:\/\/player.vimeo.com\/video\/526687555?loop=1&amp;color=ffffff&amp;portrait=0\" frameborder=\"0\" allowfullscreen=\"allowfullscreen\"><\/iframe><\/div>\n<p><script src=\"https:\/\/player.vimeo.com\/api\/player.js\"><\/script><a href=\"https:\/\/vimeo.com\/526687555\"><strong>Taxi Ejecutivo Asunci\u00f3n, Paraguay<\/strong><\/a> &#8211; <a href=\"https:\/\/vimeo.com\/user526687555\">Teletrans<\/a>.<\/p>\n<p>&nbsp;<\/p>\n<h2><strong>Taxi ejecutivo para reuniones de negocios<\/strong><\/h2>\n<p>Para los servicios de taxi ejecutivo, si se tiene que cambiar el itinerario por alguna cancelaci\u00f3n o cambio en el horario, la empresa se adapta de manera r\u00e1pida a las necesidades de los clientes, lo que hace que como se se\u00f1alaba anteriormente no existan retrasos ni problemas durante la estad\u00eda de los clientes en la ciudad. El taxi ejecutivo es uno de los servicios m\u00e1s solicitados debido a que todos los altos ejecutivos que lo han utilizado \u00a0quedan conformes con el servicio recibido en todo aspecto. Desde la facilidad de reservar y arrendar un veh\u00edculo hasta la manera en que fueron recibidos por los conductores en el aeropuerto y por supuesto el funcionamiento del traslado en la ruta estipulada que cumple con ser puntual. Adem\u00e1s de la variedad de veh\u00edculos de lujo a elecci\u00f3n y tambi\u00e9n la seguridad y comodidad de cada uno de los autos que tiene Teletrans para el servicio de taxi ejecutivo en la ciudad.<\/p>\n<p>Finalmente la empresa se compromete a entregar la mejor experiencia para cada uno de los usuarios del servicio de taxi ejecutivo de manera tal en la que todos los clientes tengan un servicio de primera calidad y conforme a sus expectativas. Altos ejecutivos y CEO de empresas de grandes compa\u00f1\u00edas a nivel mundial conf\u00edan en la calidad, compromiso y seguridad otorgada por la empresa desde 2004 en el rubro de <strong>taxi ejecutivo<\/strong>, Teletrans.<\/p>\n<p>&nbsp;<\/p>\n<h2> Informaci\u00f3n adicional para su transporte <\/h2>\n<p>Asunci\u00f3n es la ciudad capital de Paraguay, bordeada por el r\u00edo Paraguay. Es conocido por su gran Palacio L\u00f3pez, la sede del gobierno que alberga las oficinas del presidente. Cerca, el Pante\u00f3n Nacional de los H\u00e9roes tiene un mausoleo y placas conmemorativas de personajes hist\u00f3ricos paraguayos. El Museo de la Casa de la Independencia se caracteriza por su arquitectura colonial y presenta artefactos que documentan la emancipaci\u00f3n del dominio espa\u00f1ol.<br \/>\nLa temperatura m\u00e1xima promedio anual es: 28.5\u00b0 Celsius (83.3\u00b0 Fahrenheit). La temperatura m\u00ednima anual promedio es: 18.2\u00b0 Celsius (64.76\u00b0 Fahrenheit).<br \/>\nTransportamos a nuestros clientes desde el Aeropuerto Internacional Silvio Pettirossi a un hotel, convenci\u00f3n o diferentes reuniones que pueda tener durante el d\u00eda.<\/p>\n","protected":false},"excerpt":{"rendered":"<p>El taxi ejecutivo Asunci\u00f3n, Paraguay es uno de los servicios que ofrece Teletrans, lo anterior est\u00e1 considerado para clientes que buscan un servicio de transporte de lujo que otorgue confianza y seguridad cuando tengan que moverse dentro de la ciudad ya sea por razones laborales o personales. El servicio de taxi ejecutivo que ofrece Teletrans,<\/p>\n","protected":false},"author":4,"featured_media":0,"parent":0,"menu_order":1619,"comment_status":"closed","ping_status":"closed","template":"templates\/menu-lateral-page.php","meta":{"_acf_changed":false,"footnotes":""},"folder":[1858],"class_list":["post-38763","page","type-page","status-publish","hentry"],"acf":[],"yoast_head":"<!-- This site is optimized with the Yoast SEO plugin v27.4 - https:\/\/yoast.com\/product\/yoast-seo-wordpress\/ -->\n<title>Taxi ejecutivo Asunci\u00f3n, Paraguay - Teletrans<\/title>\n<meta name=\"description\" content=\"El mejor servicio de Taxi ejecutivo Asunci\u00f3n, Paraguay. Moderna flota, conductores biling\u00fces. Asistencia 24 horas.\" \/>\n<meta name=\"robots\" content=\"index, follow, max-snippet:-1, max-image-preview:large, max-video-preview:-1\" \/>\n<meta property=\"og:locale\" content=\"es_ES\" \/>\n<meta property=\"og:type\" content=\"article\" \/>\n<meta property=\"og:title\" content=\"Taxi ejecutivo Asunci\u00f3n, Paraguay - Teletrans\" \/>\n<meta property=\"og:description\" content=\"El mejor servicio de Taxi ejecutivo Asunci\u00f3n, Paraguay. Moderna flota, conductores biling\u00fces. Asistencia 24 horas.\" \/>\n<meta property=\"og:url\" content=\"https:\/\/www.teletrans.com\/es\/taxi-ejecutivo-asuncion-paraguay\/\" \/>\n<meta property=\"og:site_name\" content=\"Teletrans\" \/>\n<meta property=\"article:publisher\" content=\"https:\/\/www.facebook.com\/profile.php?id=100034999581270\" \/>\n<meta property=\"og:image\" content=\"https:\/\/www.teletrans.com\/wp-content\/uploads\/2020\/03\/taxi-ejecutivo.jpg\" \/>\n<meta name=\"twitter:card\" content=\"summary_large_image\" \/>\n<meta name=\"twitter:site\" content=\"@TeletransChile\" \/>\n<meta name=\"twitter:label1\" content=\"Tiempo de lectura\" \/>\n\t<meta name=\"twitter:data1\" content=\"3 minutos\" \/>\n<script type=\"application\/ld+json\" class=\"yoast-schema-graph\">{\"@context\":\"https:\\\/\\\/schema.org\",\"@graph\":[{\"@type\":\"WebPage\",\"@id\":\"https:\\\/\\\/www.teletrans.com\\\/es\\\/taxi-ejecutivo-asuncion-paraguay\\\/\",\"url\":\"https:\\\/\\\/www.teletrans.com\\\/es\\\/taxi-ejecutivo-asuncion-paraguay\\\/\",\"name\":\"Taxi ejecutivo Asunci\u00f3n, Paraguay - Teletrans\",\"isPartOf\":{\"@id\":\"https:\\\/\\\/www.teletrans.com\\\/es\\\/#website\"},\"primaryImageOfPage\":{\"@id\":\"https:\\\/\\\/www.teletrans.com\\\/es\\\/taxi-ejecutivo-asuncion-paraguay\\\/#primaryimage\"},\"image\":{\"@id\":\"https:\\\/\\\/www.teletrans.com\\\/es\\\/taxi-ejecutivo-asuncion-paraguay\\\/#primaryimage\"},\"thumbnailUrl\":\"https:\\\/\\\/www.teletrans.com\\\/wp-content\\\/uploads\\\/2020\\\/03\\\/taxi-ejecutivo.jpg\",\"datePublished\":\"2022-01-24T23:52:02+00:00\",\"description\":\"El mejor servicio de Taxi ejecutivo Asunci\u00f3n, Paraguay. Moderna flota, conductores biling\u00fces. Asistencia 24 horas.\",\"breadcrumb\":{\"@id\":\"https:\\\/\\\/www.teletrans.com\\\/es\\\/taxi-ejecutivo-asuncion-paraguay\\\/#breadcrumb\"},\"inLanguage\":\"es\",\"potentialAction\":[{\"@type\":\"ReadAction\",\"target\":[\"https:\\\/\\\/www.teletrans.com\\\/es\\\/taxi-ejecutivo-asuncion-paraguay\\\/\"]}]},{\"@type\":\"ImageObject\",\"inLanguage\":\"es\",\"@id\":\"https:\\\/\\\/www.teletrans.com\\\/es\\\/taxi-ejecutivo-asuncion-paraguay\\\/#primaryimage\",\"url\":\"https:\\\/\\\/www.teletrans.com\\\/wp-content\\\/uploads\\\/2020\\\/03\\\/taxi-ejecutivo.jpg\",\"contentUrl\":\"https:\\\/\\\/www.teletrans.com\\\/wp-content\\\/uploads\\\/2020\\\/03\\\/taxi-ejecutivo.jpg\"},{\"@type\":\"BreadcrumbList\",\"@id\":\"https:\\\/\\\/www.teletrans.com\\\/es\\\/taxi-ejecutivo-asuncion-paraguay\\\/#breadcrumb\",\"itemListElement\":[{\"@type\":\"ListItem\",\"position\":1,\"name\":\"Portada\",\"item\":\"https:\\\/\\\/www.teletrans.com\\\/es\\\/\"},{\"@type\":\"ListItem\",\"position\":2,\"name\":\"Taxi ejecutivo Asunci\u00f3n, Paraguay\"}]},{\"@type\":\"WebSite\",\"@id\":\"https:\\\/\\\/www.teletrans.com\\\/es\\\/#website\",\"url\":\"https:\\\/\\\/www.teletrans.com\\\/es\\\/\",\"name\":\"Teletrans\",\"description\":\"\",\"publisher\":{\"@id\":\"https:\\\/\\\/www.teletrans.com\\\/es\\\/#organization\"},\"potentialAction\":[{\"@type\":\"SearchAction\",\"target\":{\"@type\":\"EntryPoint\",\"urlTemplate\":\"https:\\\/\\\/www.teletrans.com\\\/es\\\/?s={search_term_string}\"},\"query-input\":{\"@type\":\"PropertyValueSpecification\",\"valueRequired\":true,\"valueName\":\"search_term_string\"}}],\"inLanguage\":\"es\"},{\"@type\":\"Organization\",\"@id\":\"https:\\\/\\\/www.teletrans.com\\\/es\\\/#organization\",\"name\":\"Teletrans\",\"url\":\"https:\\\/\\\/www.teletrans.com\\\/es\\\/\",\"logo\":{\"@type\":\"ImageObject\",\"inLanguage\":\"es\",\"@id\":\"https:\\\/\\\/www.teletrans.com\\\/es\\\/#\\\/schema\\\/logo\\\/image\\\/\",\"url\":\"https:\\\/\\\/www.teletrans.com\\\/wp-content\\\/uploads\\\/2023\\\/02\\\/logo-teletrans-svg.svg\",\"contentUrl\":\"https:\\\/\\\/www.teletrans.com\\\/wp-content\\\/uploads\\\/2023\\\/02\\\/logo-teletrans-svg.svg\",\"width\":501,\"height\":166,\"caption\":\"Teletrans\"},\"image\":{\"@id\":\"https:\\\/\\\/www.teletrans.com\\\/es\\\/#\\\/schema\\\/logo\\\/image\\\/\"},\"sameAs\":[\"https:\\\/\\\/www.facebook.com\\\/profile.php?id=100034999581270\",\"https:\\\/\\\/x.com\\\/TeletransChile\"]}]}<\/script>\n<!-- \/ Yoast SEO plugin. -->","yoast_head_json":{"title":"Taxi ejecutivo Asunci\u00f3n, Paraguay - Teletrans","description":"El mejor servicio de Taxi ejecutivo Asunci\u00f3n, Paraguay. Moderna flota, conductores biling\u00fces. Asistencia 24 horas.","robots":{"index":"index","follow":"follow","max-snippet":"max-snippet:-1","max-image-preview":"max-image-preview:large","max-video-preview":"max-video-preview:-1"},"og_locale":"es_ES","og_type":"article","og_title":"Taxi ejecutivo Asunci\u00f3n, Paraguay - Teletrans","og_description":"El mejor servicio de Taxi ejecutivo Asunci\u00f3n, Paraguay. Moderna flota, conductores biling\u00fces. Asistencia 24 horas.","og_url":"https:\/\/www.teletrans.com\/es\/taxi-ejecutivo-asuncion-paraguay\/","og_site_name":"Teletrans","article_publisher":"https:\/\/www.facebook.com\/profile.php?id=100034999581270","og_image":[{"url":"https:\/\/www.teletrans.com\/wp-content\/uploads\/2020\/03\/taxi-ejecutivo.jpg","type":"","width":"","height":""}],"twitter_card":"summary_large_image","twitter_site":"@TeletransChile","twitter_misc":{"Tiempo de lectura":"3 minutos"},"schema":{"@context":"https:\/\/schema.org","@graph":[{"@type":"WebPage","@id":"https:\/\/www.teletrans.com\/es\/taxi-ejecutivo-asuncion-paraguay\/","url":"https:\/\/www.teletrans.com\/es\/taxi-ejecutivo-asuncion-paraguay\/","name":"Taxi ejecutivo Asunci\u00f3n, Paraguay - Teletrans","isPartOf":{"@id":"https:\/\/www.teletrans.com\/es\/#website"},"primaryImageOfPage":{"@id":"https:\/\/www.teletrans.com\/es\/taxi-ejecutivo-asuncion-paraguay\/#primaryimage"},"image":{"@id":"https:\/\/www.teletrans.com\/es\/taxi-ejecutivo-asuncion-paraguay\/#primaryimage"},"thumbnailUrl":"https:\/\/www.teletrans.com\/wp-content\/uploads\/2020\/03\/taxi-ejecutivo.jpg","datePublished":"2022-01-24T23:52:02+00:00","description":"El mejor servicio de Taxi ejecutivo Asunci\u00f3n, Paraguay. Moderna flota, conductores biling\u00fces. Asistencia 24 horas.","breadcrumb":{"@id":"https:\/\/www.teletrans.com\/es\/taxi-ejecutivo-asuncion-paraguay\/#breadcrumb"},"inLanguage":"es","potentialAction":[{"@type":"ReadAction","target":["https:\/\/www.teletrans.com\/es\/taxi-ejecutivo-asuncion-paraguay\/"]}]},{"@type":"ImageObject","inLanguage":"es","@id":"https:\/\/www.teletrans.com\/es\/taxi-ejecutivo-asuncion-paraguay\/#primaryimage","url":"https:\/\/www.teletrans.com\/wp-content\/uploads\/2020\/03\/taxi-ejecutivo.jpg","contentUrl":"https:\/\/www.teletrans.com\/wp-content\/uploads\/2020\/03\/taxi-ejecutivo.jpg"},{"@type":"BreadcrumbList","@id":"https:\/\/www.teletrans.com\/es\/taxi-ejecutivo-asuncion-paraguay\/#breadcrumb","itemListElement":[{"@type":"ListItem","position":1,"name":"Portada","item":"https:\/\/www.teletrans.com\/es\/"},{"@type":"ListItem","position":2,"name":"Taxi ejecutivo Asunci\u00f3n, Paraguay"}]},{"@type":"WebSite","@id":"https:\/\/www.teletrans.com\/es\/#website","url":"https:\/\/www.teletrans.com\/es\/","name":"Teletrans","description":"","publisher":{"@id":"https:\/\/www.teletrans.com\/es\/#organization"},"potentialAction":[{"@type":"SearchAction","target":{"@type":"EntryPoint","urlTemplate":"https:\/\/www.teletrans.com\/es\/?s={search_term_string}"},"query-input":{"@type":"PropertyValueSpecification","valueRequired":true,"valueName":"search_term_string"}}],"inLanguage":"es"},{"@type":"Organization","@id":"https:\/\/www.teletrans.com\/es\/#organization","name":"Teletrans","url":"https:\/\/www.teletrans.com\/es\/","logo":{"@type":"ImageObject","inLanguage":"es","@id":"https:\/\/www.teletrans.com\/es\/#\/schema\/logo\/image\/","url":"https:\/\/www.teletrans.com\/wp-content\/uploads\/2023\/02\/logo-teletrans-svg.svg","contentUrl":"https:\/\/www.teletrans.com\/wp-content\/uploads\/2023\/02\/logo-teletrans-svg.svg","width":501,"height":166,"caption":"Teletrans"},"image":{"@id":"https:\/\/www.teletrans.com\/es\/#\/schema\/logo\/image\/"},"sameAs":["https:\/\/www.facebook.com\/profile.php?id=100034999581270","https:\/\/x.com\/TeletransChile"]}]}},"_links":{"self":[{"href":"https:\/\/www.teletrans.com\/es\/wp-json\/wp\/v2\/pages\/38763","targetHints":{"allow":["GET"]}}],"collection":[{"href":"https:\/\/www.teletrans.com\/es\/wp-json\/wp\/v2\/pages"}],"about":[{"href":"https:\/\/www.teletrans.com\/es\/wp-json\/wp\/v2\/types\/page"}],"author":[{"embeddable":true,"href":"https:\/\/www.teletrans.com\/es\/wp-json\/wp\/v2\/users\/4"}],"replies":[{"embeddable":true,"href":"https:\/\/www.teletrans.com\/es\/wp-json\/wp\/v2\/comments?post=38763"}],"version-history":[{"count":0,"href":"https:\/\/www.teletrans.com\/es\/wp-json\/wp\/v2\/pages\/38763\/revisions"}],"wp:attachment":[{"href":"https:\/\/www.teletrans.com\/es\/wp-json\/wp\/v2\/media?parent=38763"}],"wp:term":[{"taxonomy":"folder","embeddable":true,"href":"https:\/\/www.teletrans.com\/es\/wp-json\/wp\/v2\/folder?post=38763"}],"curies":[{"name":"wp","href":"https:\/\/api.w.org\/{rel}","templated":true}]}}