{"id":34647,"date":"2021-08-14T18:19:00","date_gmt":"2021-08-14T22:19:00","guid":{"rendered":"https:\/\/www.teletrans.com\/?page_id=34647"},"modified":"2021-08-24T19:42:40","modified_gmt":"2021-08-24T23:42:40","slug":"alquiler-minibus-medellin-colombia","status":"publish","type":"page","link":"https:\/\/www.teletrans.com\/es\/alquiler-minibus-medellin-colombia\/","title":{"rendered":"Alquiler minibus Medell\u00edn, Colombia"},"content":{"rendered":"<img loading=\"lazy\" decoding=\"async\" class=\"alignnone size-full wp-image-19177\" src=\"https:\/\/www.teletrans.com\/wp-content\/uploads\/2021\/03\/alquiler-minibus.jpg\" alt=\"Alquiler Minibus Medell\u00edn, Colombia\" width=\"1500\" height=\"1000\" \/>\n<p>El <strong>alquiler minibus Medell\u00edn, Colombia<\/strong> es uno de los servicios que entrega Teletrans, empresa especialista en transporte ejecutivo desde el a\u00f1o 2004 en el mercado. Con una capacidad entre 25 y 45 pasajeros, el servicio de Alquiler minibus est\u00e1 considerado para clientes que realicen eventos corporativos o viajes de negocios y que necesiten un transporte ordenado y organizado en grupo, ya sea desde el Aeropuerto o hacia donde necesiten reunirse para una conferencia, congreso o charla, o tambi\u00e9n para moverse dentro de la ciudad escogida, a los lugares que necesiten durante su estad\u00eda.<\/p>\n<p>Con una capacidad de entre 25 y 45 pasajeros, el servicio de alquiler minibus cuenta con un equipamiento de primer nivel, que otorga seguridad y comodidad a cada uno de los pasajeros que soliciten el servicio de Alquiler de minibus. Adem\u00e1s, Teletrans trabaja con conductores que tienen a\u00f1os de experiencia quienes planifican la ruta solicitada por los clientes para as\u00ed cumplir con puntualidad en los traslados necesarios.<\/p>\n<p>&nbsp;<\/p>\n<h2><strong>Alquiler minibus<\/strong> <strong>para Empresas <\/strong><\/h2>\n<p>El servicio de alquiler minibus para empresas tiene por objetivo el facilitar a los clientes que soliciten el servicio, su traslado de manera grupal, puntual y ordenada hacia donde tengan que asistir una vez lleguen.<\/p>\n<p>Muchas veces los empresarios de diversas partes del mundo viajan por conferencias en grupos de muchas personas y no logran encontrar un servicio de traslado que les otorgue seguridad, comodidad y puntualidad, adem\u00e1s de la posibilidad de ser transportados todos juntos en un mismo veh\u00edculo desde el aeropuerto, sin ser separados sino que todos en el mismo veh\u00edculo. Es por lo anterior que el servicio de Alquiler minibus es uno de los mas solicitados ya que cuenta con todos los puntos mencionados, y adem\u00e1s todos los conductores que trabajan en este servicio de alquiler minibus cuentan con varios a\u00f1os de experiencia, manejo de las rutas de la ciudad y est\u00e1n preparados para resolver cualquier problema que pueda surgir durante el servicio de transporte. Ya sea alg\u00fan cambio de ruta, cambio de horario o del lugar en donde se iba a realizar la reuni\u00f3n u hotel en donde los clientes se hospedar\u00edan.<\/p>\n<div style=\"padding: 56.25% 0 0 0; position: relative;\"><iframe style=\"position: absolute; top: 0; left: 0; width: 100%; height: 100%;\" src=\"https:\/\/player.vimeo.com\/video\/526687474?loop=1&amp;color=ffffff&amp;portrait=0\" frameborder=\"0\" allowfullscreen=\"allowfullscreen\"><\/iframe><\/div>\n<p><script src=\"https:\/\/player.vimeo.com\/api\/player.js\"><\/script><a href=\"https:\/\/vimeo.com\/526687474\"><strong>Alquiler minibus Medell\u00edn, Colombia<\/strong><\/a> &#8211; <a href=\"https:\/\/vimeo.com\/user526687474\">Teletrans<\/a>.<\/p>\n<p>&nbsp;<\/p>\n<h2><strong>Alquiler minibus Medell\u00edn, Colombia<\/strong><\/h2>\n<p>Para hacer efectivo el servicio de Alquiler minibus, solo basta con ingresar al sitio web, hacer la reserva y desde ah\u00ed en adelante la empresa se encarga de cada uno de los detalles para que los clientes tengan una experiencia \u00fanica de transporte.<\/p>\n<p>Teletrans se encarga de organizar un itinerario para que el o los servicios de transporte requeridos como en este caso el de alquiler minibus, que est\u00e1 contemplado para entre 25 y 45 pasajeros, funcione sin esperas, impuntualidades, ni errores y para que los clientes que soliciten el Alquiler minibus se sientan conformes con el servicio requerido.<\/p>\n<p>El Alquiler minibus para empresas est\u00e1 pensado para clientes que necesiten moverse de un lado a otro dentro de la ciudad, en un minibus que otorgue calidad, comodidad y seguridad. Lo que otorga una experiencia en transporte que hace que el servicio siempre cumpla con las expectativas de los clientes siempre.<\/p>\n<p>Los servicios ofrecidos por Teletrans, como el de Alquiler minibus\u00a0 funciona, tanto en latinoam\u00e9rica como Norteam\u00e9rica y Europa, en donde opera con sus diferentes servicios entre los que se encuentra el de <strong>alquiler minibus Medell\u00edn, Colombia<\/strong>.<\/p>\n<p>&nbsp;<\/p>\n<h2>Informaci\u00f3n adicional para tu transporte<\/h2>\n<p>Medell\u00edn es la capital de la provincia monta\u00f1osa de Antioquia en Colombia. Apodada la \u00abCiudad de la eterna primavera\u00bb por su clima templado, alberga un famoso Festival de las Flores anual. Los modernos cables del metro conectan la ciudad con los barrios circundantes y ofrecen vistas del valle de Aburr\u00e1 a continuaci\u00f3n. Esculturas de Fernando Botero decoran la Plaza Botero del centro, mientras que el Museo de Antioquia muestra m\u00e1s obras del artista colombiano.<br \/>\nEl clima de Medell\u00edn es un gran beneficio para vivir en Medell\u00edn, y la ciudad se gana el apodo de \u201cla Ciudad de la Eterna Primavera\u201d (La Ciudad de la Eterna Primavera) con una temperatura promedio durante todo el a\u00f1o de 72.5 \u00b0 F (22.5 \u00b0 C).<br \/>\nTransportamos a nuestros clientes desde el Aeropuerto Jos\u00e9 Mar\u00eda C\u00f3rdova a un hotel, convenci\u00f3n o diferentes reuniones que pueda tener durante el d\u00eda.<br \/>\nConocemos a la perfecci\u00f3n el distrito financiero de nuestra ciudad, por lo que no habr\u00e1 problema en pedirnos que llevemos a nuestros clientes a cualquier parte sin demoras ya que contamos con el mejor servicio de transporte de lujo del pa\u00eds.<\/p>\n","protected":false},"excerpt":{"rendered":"<p>El alquiler minibus Medell\u00edn, Colombia es uno de los servicios que entrega Teletrans, empresa especialista en transporte ejecutivo desde el a\u00f1o 2004 en el mercado. Con una capacidad entre 25 y 45 pasajeros, el servicio de Alquiler minibus est\u00e1 considerado para clientes que realicen eventos corporativos o viajes de negocios y que necesiten un transporte<\/p>\n","protected":false},"author":4,"featured_media":0,"parent":0,"menu_order":908,"comment_status":"closed","ping_status":"closed","template":"templates\/menu-lateral-page.php","meta":{"_acf_changed":false,"footnotes":""},"folder":[1750],"class_list":["post-34647","page","type-page","status-publish","hentry"],"acf":[],"yoast_head":"<!-- This site is optimized with the Yoast SEO plugin v27.4 - https:\/\/yoast.com\/product\/yoast-seo-wordpress\/ -->\n<title>Alquiler minibus Medell\u00edn, Colombia | Teletrans<\/title>\n<meta name=\"description\" content=\"Alquiler minibus Medell\u00edn, Colombia. Coordinamos el transporte para todos sus eventos. Asistencia 24 horas.\" \/>\n<meta name=\"robots\" content=\"index, follow, max-snippet:-1, max-image-preview:large, max-video-preview:-1\" \/>\n<meta property=\"og:locale\" content=\"es_ES\" \/>\n<meta property=\"og:type\" content=\"article\" \/>\n<meta property=\"og:title\" content=\"Alquiler minibus Medell\u00edn, Colombia | Teletrans\" \/>\n<meta property=\"og:description\" content=\"Alquiler minibus Medell\u00edn, Colombia. Coordinamos el transporte para todos sus eventos. Asistencia 24 horas.\" \/>\n<meta property=\"og:url\" content=\"https:\/\/www.teletrans.com\/es\/alquiler-minibus-medellin-colombia\/\" \/>\n<meta property=\"og:site_name\" content=\"Teletrans\" \/>\n<meta property=\"article:publisher\" content=\"https:\/\/www.facebook.com\/profile.php?id=100034999581270\" \/>\n<meta property=\"article:modified_time\" content=\"2021-08-24T23:42:40+00:00\" \/>\n<meta property=\"og:image\" content=\"https:\/\/www.teletrans.com\/wp-content\/uploads\/2021\/03\/alquiler-minibus.jpg\" \/>\n<meta name=\"twitter:card\" content=\"summary_large_image\" \/>\n<meta name=\"twitter:site\" content=\"@TeletransChile\" \/>\n<meta name=\"twitter:label1\" content=\"Tiempo de lectura\" \/>\n\t<meta name=\"twitter:data1\" content=\"3 minutos\" \/>\n<script type=\"application\/ld+json\" class=\"yoast-schema-graph\">{\"@context\":\"https:\\\/\\\/schema.org\",\"@graph\":[{\"@type\":\"WebPage\",\"@id\":\"https:\\\/\\\/www.teletrans.com\\\/es\\\/alquiler-minibus-medellin-colombia\\\/\",\"url\":\"https:\\\/\\\/www.teletrans.com\\\/es\\\/alquiler-minibus-medellin-colombia\\\/\",\"name\":\"Alquiler minibus Medell\u00edn, Colombia | Teletrans\",\"isPartOf\":{\"@id\":\"https:\\\/\\\/www.teletrans.com\\\/es\\\/#website\"},\"primaryImageOfPage\":{\"@id\":\"https:\\\/\\\/www.teletrans.com\\\/es\\\/alquiler-minibus-medellin-colombia\\\/#primaryimage\"},\"image\":{\"@id\":\"https:\\\/\\\/www.teletrans.com\\\/es\\\/alquiler-minibus-medellin-colombia\\\/#primaryimage\"},\"thumbnailUrl\":\"https:\\\/\\\/www.teletrans.com\\\/wp-content\\\/uploads\\\/2021\\\/03\\\/alquiler-minibus.jpg\",\"datePublished\":\"2021-08-14T22:19:00+00:00\",\"dateModified\":\"2021-08-24T23:42:40+00:00\",\"description\":\"Alquiler minibus Medell\u00edn, Colombia. Coordinamos el transporte para todos sus eventos. Asistencia 24 horas.\",\"breadcrumb\":{\"@id\":\"https:\\\/\\\/www.teletrans.com\\\/es\\\/alquiler-minibus-medellin-colombia\\\/#breadcrumb\"},\"inLanguage\":\"es\",\"potentialAction\":[{\"@type\":\"ReadAction\",\"target\":[\"https:\\\/\\\/www.teletrans.com\\\/es\\\/alquiler-minibus-medellin-colombia\\\/\"]}]},{\"@type\":\"ImageObject\",\"inLanguage\":\"es\",\"@id\":\"https:\\\/\\\/www.teletrans.com\\\/es\\\/alquiler-minibus-medellin-colombia\\\/#primaryimage\",\"url\":\"https:\\\/\\\/www.teletrans.com\\\/wp-content\\\/uploads\\\/2021\\\/03\\\/alquiler-minibus.jpg\",\"contentUrl\":\"https:\\\/\\\/www.teletrans.com\\\/wp-content\\\/uploads\\\/2021\\\/03\\\/alquiler-minibus.jpg\"},{\"@type\":\"BreadcrumbList\",\"@id\":\"https:\\\/\\\/www.teletrans.com\\\/es\\\/alquiler-minibus-medellin-colombia\\\/#breadcrumb\",\"itemListElement\":[{\"@type\":\"ListItem\",\"position\":1,\"name\":\"Portada\",\"item\":\"https:\\\/\\\/www.teletrans.com\\\/es\\\/\"},{\"@type\":\"ListItem\",\"position\":2,\"name\":\"Alquiler minibus Medell\u00edn, Colombia\"}]},{\"@type\":\"WebSite\",\"@id\":\"https:\\\/\\\/www.teletrans.com\\\/es\\\/#website\",\"url\":\"https:\\\/\\\/www.teletrans.com\\\/es\\\/\",\"name\":\"Teletrans\",\"description\":\"\",\"publisher\":{\"@id\":\"https:\\\/\\\/www.teletrans.com\\\/es\\\/#organization\"},\"potentialAction\":[{\"@type\":\"SearchAction\",\"target\":{\"@type\":\"EntryPoint\",\"urlTemplate\":\"https:\\\/\\\/www.teletrans.com\\\/es\\\/?s={search_term_string}\"},\"query-input\":{\"@type\":\"PropertyValueSpecification\",\"valueRequired\":true,\"valueName\":\"search_term_string\"}}],\"inLanguage\":\"es\"},{\"@type\":\"Organization\",\"@id\":\"https:\\\/\\\/www.teletrans.com\\\/es\\\/#organization\",\"name\":\"Teletrans\",\"url\":\"https:\\\/\\\/www.teletrans.com\\\/es\\\/\",\"logo\":{\"@type\":\"ImageObject\",\"inLanguage\":\"es\",\"@id\":\"https:\\\/\\\/www.teletrans.com\\\/es\\\/#\\\/schema\\\/logo\\\/image\\\/\",\"url\":\"https:\\\/\\\/www.teletrans.com\\\/wp-content\\\/uploads\\\/2023\\\/02\\\/logo-teletrans-svg.svg\",\"contentUrl\":\"https:\\\/\\\/www.teletrans.com\\\/wp-content\\\/uploads\\\/2023\\\/02\\\/logo-teletrans-svg.svg\",\"width\":501,\"height\":166,\"caption\":\"Teletrans\"},\"image\":{\"@id\":\"https:\\\/\\\/www.teletrans.com\\\/es\\\/#\\\/schema\\\/logo\\\/image\\\/\"},\"sameAs\":[\"https:\\\/\\\/www.facebook.com\\\/profile.php?id=100034999581270\",\"https:\\\/\\\/x.com\\\/TeletransChile\"]}]}<\/script>\n<!-- \/ Yoast SEO plugin. -->","yoast_head_json":{"title":"Alquiler minibus Medell\u00edn, Colombia | Teletrans","description":"Alquiler minibus Medell\u00edn, Colombia. Coordinamos el transporte para todos sus eventos. Asistencia 24 horas.","robots":{"index":"index","follow":"follow","max-snippet":"max-snippet:-1","max-image-preview":"max-image-preview:large","max-video-preview":"max-video-preview:-1"},"og_locale":"es_ES","og_type":"article","og_title":"Alquiler minibus Medell\u00edn, Colombia | Teletrans","og_description":"Alquiler minibus Medell\u00edn, Colombia. Coordinamos el transporte para todos sus eventos. Asistencia 24 horas.","og_url":"https:\/\/www.teletrans.com\/es\/alquiler-minibus-medellin-colombia\/","og_site_name":"Teletrans","article_publisher":"https:\/\/www.facebook.com\/profile.php?id=100034999581270","article_modified_time":"2021-08-24T23:42:40+00:00","og_image":[{"url":"https:\/\/www.teletrans.com\/wp-content\/uploads\/2021\/03\/alquiler-minibus.jpg","type":"","width":"","height":""}],"twitter_card":"summary_large_image","twitter_site":"@TeletransChile","twitter_misc":{"Tiempo de lectura":"3 minutos"},"schema":{"@context":"https:\/\/schema.org","@graph":[{"@type":"WebPage","@id":"https:\/\/www.teletrans.com\/es\/alquiler-minibus-medellin-colombia\/","url":"https:\/\/www.teletrans.com\/es\/alquiler-minibus-medellin-colombia\/","name":"Alquiler minibus Medell\u00edn, Colombia | Teletrans","isPartOf":{"@id":"https:\/\/www.teletrans.com\/es\/#website"},"primaryImageOfPage":{"@id":"https:\/\/www.teletrans.com\/es\/alquiler-minibus-medellin-colombia\/#primaryimage"},"image":{"@id":"https:\/\/www.teletrans.com\/es\/alquiler-minibus-medellin-colombia\/#primaryimage"},"thumbnailUrl":"https:\/\/www.teletrans.com\/wp-content\/uploads\/2021\/03\/alquiler-minibus.jpg","datePublished":"2021-08-14T22:19:00+00:00","dateModified":"2021-08-24T23:42:40+00:00","description":"Alquiler minibus Medell\u00edn, Colombia. Coordinamos el transporte para todos sus eventos. Asistencia 24 horas.","breadcrumb":{"@id":"https:\/\/www.teletrans.com\/es\/alquiler-minibus-medellin-colombia\/#breadcrumb"},"inLanguage":"es","potentialAction":[{"@type":"ReadAction","target":["https:\/\/www.teletrans.com\/es\/alquiler-minibus-medellin-colombia\/"]}]},{"@type":"ImageObject","inLanguage":"es","@id":"https:\/\/www.teletrans.com\/es\/alquiler-minibus-medellin-colombia\/#primaryimage","url":"https:\/\/www.teletrans.com\/wp-content\/uploads\/2021\/03\/alquiler-minibus.jpg","contentUrl":"https:\/\/www.teletrans.com\/wp-content\/uploads\/2021\/03\/alquiler-minibus.jpg"},{"@type":"BreadcrumbList","@id":"https:\/\/www.teletrans.com\/es\/alquiler-minibus-medellin-colombia\/#breadcrumb","itemListElement":[{"@type":"ListItem","position":1,"name":"Portada","item":"https:\/\/www.teletrans.com\/es\/"},{"@type":"ListItem","position":2,"name":"Alquiler minibus Medell\u00edn, Colombia"}]},{"@type":"WebSite","@id":"https:\/\/www.teletrans.com\/es\/#website","url":"https:\/\/www.teletrans.com\/es\/","name":"Teletrans","description":"","publisher":{"@id":"https:\/\/www.teletrans.com\/es\/#organization"},"potentialAction":[{"@type":"SearchAction","target":{"@type":"EntryPoint","urlTemplate":"https:\/\/www.teletrans.com\/es\/?s={search_term_string}"},"query-input":{"@type":"PropertyValueSpecification","valueRequired":true,"valueName":"search_term_string"}}],"inLanguage":"es"},{"@type":"Organization","@id":"https:\/\/www.teletrans.com\/es\/#organization","name":"Teletrans","url":"https:\/\/www.teletrans.com\/es\/","logo":{"@type":"ImageObject","inLanguage":"es","@id":"https:\/\/www.teletrans.com\/es\/#\/schema\/logo\/image\/","url":"https:\/\/www.teletrans.com\/wp-content\/uploads\/2023\/02\/logo-teletrans-svg.svg","contentUrl":"https:\/\/www.teletrans.com\/wp-content\/uploads\/2023\/02\/logo-teletrans-svg.svg","width":501,"height":166,"caption":"Teletrans"},"image":{"@id":"https:\/\/www.teletrans.com\/es\/#\/schema\/logo\/image\/"},"sameAs":["https:\/\/www.facebook.com\/profile.php?id=100034999581270","https:\/\/x.com\/TeletransChile"]}]}},"_links":{"self":[{"href":"https:\/\/www.teletrans.com\/es\/wp-json\/wp\/v2\/pages\/34647","targetHints":{"allow":["GET"]}}],"collection":[{"href":"https:\/\/www.teletrans.com\/es\/wp-json\/wp\/v2\/pages"}],"about":[{"href":"https:\/\/www.teletrans.com\/es\/wp-json\/wp\/v2\/types\/page"}],"author":[{"embeddable":true,"href":"https:\/\/www.teletrans.com\/es\/wp-json\/wp\/v2\/users\/4"}],"replies":[{"embeddable":true,"href":"https:\/\/www.teletrans.com\/es\/wp-json\/wp\/v2\/comments?post=34647"}],"version-history":[{"count":0,"href":"https:\/\/www.teletrans.com\/es\/wp-json\/wp\/v2\/pages\/34647\/revisions"}],"wp:attachment":[{"href":"https:\/\/www.teletrans.com\/es\/wp-json\/wp\/v2\/media?parent=34647"}],"wp:term":[{"taxonomy":"folder","embeddable":true,"href":"https:\/\/www.teletrans.com\/es\/wp-json\/wp\/v2\/folder?post=34647"}],"curies":[{"name":"wp","href":"https:\/\/api.w.org\/{rel}","templated":true}]}}