{"id":32667,"date":"2021-06-03T07:50:34","date_gmt":"2021-06-03T11:50:34","guid":{"rendered":"https:\/\/www.teletrans.com\/?page_id=32667"},"modified":"2022-09-07T16:44:05","modified_gmt":"2022-09-07T20:44:05","slug":"transporte-de-lujo-rio-de-janeiro-brasil","status":"publish","type":"page","link":"https:\/\/www.teletrans.com\/es\/transporte-de-lujo-rio-de-janeiro-brasil\/","title":{"rendered":"Transporte de lujo R\u00edo de Janeiro, Brasil"},"content":{"rendered":"<img loading=\"lazy\" decoding=\"async\" class=\"alignnone wp-image-19280 size-full\" title=\"Transporte de lujo\" src=\"https:\/\/www.teletrans.com\/wp-content\/uploads\/2020\/03\/transporte-de-lujo.jpg\" alt=\"Transporte de lujo R\u00edo de Janeiro, Brasil\" width=\"1500\" height=\"469\" \/>\n<p>El <strong>transporte de lujo R\u00edo de Janeiro, Brasil<\/strong> es uno de los servicios que ofrece Teletrans, lo anterior est\u00e1 considerado para clientes que buscan un servicio de transporte de lujo que otorgue confianza y seguridad cuando tengan que moverse dentro de la ciudad ya sea por razones laborales o personales.<\/p>\n<p>El servicio de transporte de lujo que ofrece Teletrans, se adapta a las necesidades de cada uno de sus clientes. Es por esto que son ellos quienes pueden escoger el modelo de auto a utilizar para que este se adapte a sus necesidades. Los veh\u00edculos de la empresa para este servicio, son de alta gama pensado para altos ejecutivos que tengan eventos corporativos o reuniones en diversos lugares de la ciudad.<\/p>\n<p>Para hacer efectivo el servicio de transporte corporativo, solo basta con solicitarlo, hacer la reserva y desde ah\u00ed en adelante la empres\u00e1 se encarga de cada uno de los detalles para que los clientes tengan una experiencia \u00fanica de transporte de lujo en donde Teletrans se encarga de organizar un itinerario para que el o los servicios de transporte requeridos funcionen sin esperas, retrasos, ni errores.<\/p>\n<p>El servicio de transporte de lujo que ofrece Teletrans se adapta a las necesidades de cada uno de nuestros clientes. Tenemos diferentes categor\u00edas de veh\u00edculos entre ellos Mercedes Benz, BMW, Audi, Chevrolet Suburban, Chevrolet Tahoe, Cadillac Escalade, entre los m\u00e1s solicitados. Todos nuestros veh\u00edculos de lujo son de alta gama y est\u00e1n pensado para altos ejecutivos, embajadas o personas naturales que tengan eventos corporativos o reuniones de negocios.<\/p>\n<p>Para confirmar un servicio de transporte de lujo, solo tiene que contactarse con nuestro equipo de reservas el cual lo asistir\u00e1 y le dar\u00e1 la mejor opci\u00f3n de acuerdo a sus requerimientos. Teletrans se encargar\u00e1 de cada uno de los detalles para que tenga una experiencia \u00fanica y \u00f3ptimo servicio de transporte de lujo.<\/p>\n<p>&nbsp;<\/p>\n<h2><strong>Transporte de lujo en R\u00edo de Janeiro, Brasil<\/strong><\/h2>\n<p>El transporte de lujo para empresas est\u00e1 pensado para clientes que necesiten moverse de un lado a otro dentro de la ciudad, en un auto que otorgue calidad, comodidad y seguridad. Adem\u00e1s de ser atendido por conductores que llevan a\u00f1os en el rubro y que conocen perfectamente las necesidades de los clientes. Teletrans otorga una experiencia en trasporte de lujo que hace que el servicio siempre cumpla con las expectativas de los clientes.<\/p>\n<p>La planificaci\u00f3n de un itinerario acorde a los tiempos solicitados por los clientes, son parte del servicio que entrega la empresa especialista en transportes no solo en Am\u00e9rica sino que tambi\u00e9n en el resto de los pa\u00edses del mundo, en donde opera con sus diferentes servicios entre los que se encuentra el de transporte de lujo.<\/p>\n<div style=\"padding: 56.25% 0 0 0; position: relative;\"><iframe style=\"position: absolute; top: 0; left: 0; width: 100%; height: 100%;\" src=\"https:\/\/player.vimeo.com\/video\/526687644?loop=1&amp;color=ffffff&amp;portrait=0\" frameborder=\"0\" allowfullscreen=\"allowfullscreen\"><\/iframe><\/div>\n<p><script src=\"https:\/\/player.vimeo.com\/api\/player.js\"><\/script><a href=\"https:\/\/vimeo.com\/526687644\"><strong>Transporte de lujo R\u00edo de Janeiro, Brasil<\/strong><\/a> &#8211; <a href=\"https:\/\/vimeo.com\/user526687644\">Teletrans<\/a>.<\/p>\n<p>&nbsp;<\/p>\n<h2><strong>Transporte de lujo para altos ejecutivos y visitas internacionales <\/strong><\/h2>\n<p>Para los servicios de transporte de lujo, Teletrans trabaja con un equipo de conductores<\/p>\n<p>biling\u00fces altamente calificados. Velamos por cada detalle del servicio poniendo mucho \u00e9nfasis en la puntualidad y seguridad para los servicios que ofrecemos a los ejecutivos de negocios y\u00a0 visitas internacionales.<\/p>\n<p>Nuestro equipo de reservas responder\u00e1 de inmediato su solicitud con toda el detalle del servicio, incluyendo la informaci\u00f3n del conductor, veh\u00edculo y detalle del servicio. El transporte de lujo es uno de los servicios m\u00e1s solicitados por altos ejecutivos de empresas internacionales para asistir a reuniones de negocios, congresos o eventos corporativos.<\/p>\n<p>Nuestros equipos de operaciones, reservas y conductores planifican el itinerario acorde a las rutas y tiempos solicitados por nuestros clientes. As\u00ed aseguramos que tenga un \u00f3ptimo y exitoso viaje de negocios.<\/p>\n<p>Finalmente la empresa se compromete a entregar la mejor experiencia para cada uno de los usuarios del servicio de transporte de lujo de manera tal en la que todos los clientes tengan un servicio de primera calidad y conforme a sus expectativas. Altos ejecutivos y CEO de empresas de grandes compa\u00f1\u00edas a nivel mundial conf\u00edan en la calidad, compromiso y seguridad otorgada por la empresa desde 2004 en el rubro del <strong>transporte de lujo en R\u00edo de Janeiro, Brasil<\/strong>.<\/p>\n<p>&nbsp;<\/p>\n<h2>Informaci\u00f3n adicional para tu transporte<\/h2>\n<p>R\u00edo de Janeiro es una gran ciudad costera en Brasil, famosa por sus playas de Copacabana e Ipanema, la estatua del Cristo Redentor de 38 m en la cima del monte Corcovado y el pico de granito del Pan de Az\u00facar con telef\u00e9ricos hasta su cima. La ciudad tambi\u00e9n es conocida por sus extensas favelas (barrios marginales). Su estridente festival de Carnaval, con desfiles de carrozas, trajes deslumbrantes y bailarines de samba, es considerado el m\u00e1s grande del mundo.<br \/>\nCon una temperatura alta promedio de 24 \u00b0 C (75,2 \u00b0 F) y una temperatura baja promedio de 18,7 \u00b0 C (65,7 \u00b0 F), julio es el mes m\u00e1s fr\u00edo en R\u00edo de Janeiro, Brasil.<br \/>\nTransportamos a nuestros clientes Aeropuerto de R\u00edo de Janeiro-Galeao (GIG) o Aeropuerto Santos Dumont a un hotel, convenci\u00f3n o diferentes reuniones que pueda tener durante el d\u00eda.<br \/>\nConocemos perfectamente el distrito financiero de nuestra ciudad, por lo que no habr\u00e1 problema en pedirnos que llevemos a nuestros clientes a cualquier parte sin demoras ya que contamos con el mejor servicio de transporte del pa\u00eds.<\/p>\n","protected":false},"excerpt":{"rendered":"<p>El transporte de lujo R\u00edo de Janeiro, Brasil es uno de los servicios que ofrece Teletrans, lo anterior est\u00e1 considerado para clientes que buscan un servicio de transporte de lujo que otorgue confianza y seguridad cuando tengan que moverse dentro de la ciudad ya sea por razones laborales o personales. El servicio de transporte de<\/p>\n","protected":false},"author":4,"featured_media":0,"parent":0,"menu_order":586,"comment_status":"closed","ping_status":"closed","template":"templates\/menu-lateral-page.php","meta":{"_acf_changed":false,"footnotes":""},"folder":[1712],"class_list":["post-32667","page","type-page","status-publish","hentry"],"acf":[],"yoast_head":"<!-- This site is optimized with the Yoast SEO plugin v27.4 - https:\/\/yoast.com\/product\/yoast-seo-wordpress\/ -->\n<title>Transporte de lujo R\u00edo de Janeiro, Brasil | Teletrans<\/title>\n<meta name=\"description\" content=\"Transporte de lujo en R\u00edo de Janeiro, Brasil. Coordinamos el transporte para todos sus eventos. Asistencia 24 horas.\" \/>\n<meta name=\"robots\" content=\"index, follow, max-snippet:-1, max-image-preview:large, max-video-preview:-1\" \/>\n<meta property=\"og:locale\" content=\"es_ES\" \/>\n<meta property=\"og:type\" content=\"article\" \/>\n<meta property=\"og:title\" content=\"Transporte de lujo R\u00edo de Janeiro, Brasil | Teletrans\" \/>\n<meta property=\"og:description\" content=\"Transporte de lujo en R\u00edo de Janeiro, Brasil. Coordinamos el transporte para todos sus eventos. Asistencia 24 horas.\" \/>\n<meta property=\"og:url\" content=\"https:\/\/www.teletrans.com\/es\/transporte-de-lujo-rio-de-janeiro-brasil\/\" \/>\n<meta property=\"og:site_name\" content=\"Teletrans\" \/>\n<meta property=\"article:publisher\" content=\"https:\/\/www.facebook.com\/profile.php?id=100034999581270\" \/>\n<meta property=\"article:modified_time\" content=\"2022-09-07T20:44:05+00:00\" \/>\n<meta property=\"og:image\" content=\"https:\/\/www.teletrans.com\/wp-content\/uploads\/2020\/03\/transporte-de-lujo.jpg\" \/>\n<meta name=\"twitter:card\" content=\"summary_large_image\" \/>\n<meta name=\"twitter:site\" content=\"@TeletransChile\" \/>\n<meta name=\"twitter:label1\" content=\"Tiempo de lectura\" \/>\n\t<meta name=\"twitter:data1\" content=\"4 minutos\" \/>\n<script type=\"application\/ld+json\" class=\"yoast-schema-graph\">{\"@context\":\"https:\\\/\\\/schema.org\",\"@graph\":[{\"@type\":\"WebPage\",\"@id\":\"https:\\\/\\\/www.teletrans.com\\\/es\\\/transporte-de-lujo-rio-de-janeiro-brasil\\\/\",\"url\":\"https:\\\/\\\/www.teletrans.com\\\/es\\\/transporte-de-lujo-rio-de-janeiro-brasil\\\/\",\"name\":\"Transporte de lujo R\u00edo de Janeiro, Brasil | Teletrans\",\"isPartOf\":{\"@id\":\"https:\\\/\\\/www.teletrans.com\\\/es\\\/#website\"},\"primaryImageOfPage\":{\"@id\":\"https:\\\/\\\/www.teletrans.com\\\/es\\\/transporte-de-lujo-rio-de-janeiro-brasil\\\/#primaryimage\"},\"image\":{\"@id\":\"https:\\\/\\\/www.teletrans.com\\\/es\\\/transporte-de-lujo-rio-de-janeiro-brasil\\\/#primaryimage\"},\"thumbnailUrl\":\"https:\\\/\\\/www.teletrans.com\\\/wp-content\\\/uploads\\\/2020\\\/03\\\/transporte-de-lujo.jpg\",\"datePublished\":\"2021-06-03T11:50:34+00:00\",\"dateModified\":\"2022-09-07T20:44:05+00:00\",\"description\":\"Transporte de lujo en R\u00edo de Janeiro, Brasil. Coordinamos el transporte para todos sus eventos. Asistencia 24 horas.\",\"breadcrumb\":{\"@id\":\"https:\\\/\\\/www.teletrans.com\\\/es\\\/transporte-de-lujo-rio-de-janeiro-brasil\\\/#breadcrumb\"},\"inLanguage\":\"es\",\"potentialAction\":[{\"@type\":\"ReadAction\",\"target\":[\"https:\\\/\\\/www.teletrans.com\\\/es\\\/transporte-de-lujo-rio-de-janeiro-brasil\\\/\"]}]},{\"@type\":\"ImageObject\",\"inLanguage\":\"es\",\"@id\":\"https:\\\/\\\/www.teletrans.com\\\/es\\\/transporte-de-lujo-rio-de-janeiro-brasil\\\/#primaryimage\",\"url\":\"https:\\\/\\\/www.teletrans.com\\\/wp-content\\\/uploads\\\/2020\\\/03\\\/transporte-de-lujo.jpg\",\"contentUrl\":\"https:\\\/\\\/www.teletrans.com\\\/wp-content\\\/uploads\\\/2020\\\/03\\\/transporte-de-lujo.jpg\"},{\"@type\":\"BreadcrumbList\",\"@id\":\"https:\\\/\\\/www.teletrans.com\\\/es\\\/transporte-de-lujo-rio-de-janeiro-brasil\\\/#breadcrumb\",\"itemListElement\":[{\"@type\":\"ListItem\",\"position\":1,\"name\":\"Portada\",\"item\":\"https:\\\/\\\/www.teletrans.com\\\/es\\\/\"},{\"@type\":\"ListItem\",\"position\":2,\"name\":\"Transporte de lujo R\u00edo de Janeiro, Brasil\"}]},{\"@type\":\"WebSite\",\"@id\":\"https:\\\/\\\/www.teletrans.com\\\/es\\\/#website\",\"url\":\"https:\\\/\\\/www.teletrans.com\\\/es\\\/\",\"name\":\"Teletrans\",\"description\":\"\",\"publisher\":{\"@id\":\"https:\\\/\\\/www.teletrans.com\\\/es\\\/#organization\"},\"potentialAction\":[{\"@type\":\"SearchAction\",\"target\":{\"@type\":\"EntryPoint\",\"urlTemplate\":\"https:\\\/\\\/www.teletrans.com\\\/es\\\/?s={search_term_string}\"},\"query-input\":{\"@type\":\"PropertyValueSpecification\",\"valueRequired\":true,\"valueName\":\"search_term_string\"}}],\"inLanguage\":\"es\"},{\"@type\":\"Organization\",\"@id\":\"https:\\\/\\\/www.teletrans.com\\\/es\\\/#organization\",\"name\":\"Teletrans\",\"url\":\"https:\\\/\\\/www.teletrans.com\\\/es\\\/\",\"logo\":{\"@type\":\"ImageObject\",\"inLanguage\":\"es\",\"@id\":\"https:\\\/\\\/www.teletrans.com\\\/es\\\/#\\\/schema\\\/logo\\\/image\\\/\",\"url\":\"https:\\\/\\\/www.teletrans.com\\\/wp-content\\\/uploads\\\/2023\\\/02\\\/logo-teletrans-svg.svg\",\"contentUrl\":\"https:\\\/\\\/www.teletrans.com\\\/wp-content\\\/uploads\\\/2023\\\/02\\\/logo-teletrans-svg.svg\",\"width\":501,\"height\":166,\"caption\":\"Teletrans\"},\"image\":{\"@id\":\"https:\\\/\\\/www.teletrans.com\\\/es\\\/#\\\/schema\\\/logo\\\/image\\\/\"},\"sameAs\":[\"https:\\\/\\\/www.facebook.com\\\/profile.php?id=100034999581270\",\"https:\\\/\\\/x.com\\\/TeletransChile\"]}]}<\/script>\n<!-- \/ Yoast SEO plugin. -->","yoast_head_json":{"title":"Transporte de lujo R\u00edo de Janeiro, Brasil | Teletrans","description":"Transporte de lujo en R\u00edo de Janeiro, Brasil. Coordinamos el transporte para todos sus eventos. Asistencia 24 horas.","robots":{"index":"index","follow":"follow","max-snippet":"max-snippet:-1","max-image-preview":"max-image-preview:large","max-video-preview":"max-video-preview:-1"},"og_locale":"es_ES","og_type":"article","og_title":"Transporte de lujo R\u00edo de Janeiro, Brasil | Teletrans","og_description":"Transporte de lujo en R\u00edo de Janeiro, Brasil. Coordinamos el transporte para todos sus eventos. Asistencia 24 horas.","og_url":"https:\/\/www.teletrans.com\/es\/transporte-de-lujo-rio-de-janeiro-brasil\/","og_site_name":"Teletrans","article_publisher":"https:\/\/www.facebook.com\/profile.php?id=100034999581270","article_modified_time":"2022-09-07T20:44:05+00:00","og_image":[{"url":"https:\/\/www.teletrans.com\/wp-content\/uploads\/2020\/03\/transporte-de-lujo.jpg","type":"","width":"","height":""}],"twitter_card":"summary_large_image","twitter_site":"@TeletransChile","twitter_misc":{"Tiempo de lectura":"4 minutos"},"schema":{"@context":"https:\/\/schema.org","@graph":[{"@type":"WebPage","@id":"https:\/\/www.teletrans.com\/es\/transporte-de-lujo-rio-de-janeiro-brasil\/","url":"https:\/\/www.teletrans.com\/es\/transporte-de-lujo-rio-de-janeiro-brasil\/","name":"Transporte de lujo R\u00edo de Janeiro, Brasil | Teletrans","isPartOf":{"@id":"https:\/\/www.teletrans.com\/es\/#website"},"primaryImageOfPage":{"@id":"https:\/\/www.teletrans.com\/es\/transporte-de-lujo-rio-de-janeiro-brasil\/#primaryimage"},"image":{"@id":"https:\/\/www.teletrans.com\/es\/transporte-de-lujo-rio-de-janeiro-brasil\/#primaryimage"},"thumbnailUrl":"https:\/\/www.teletrans.com\/wp-content\/uploads\/2020\/03\/transporte-de-lujo.jpg","datePublished":"2021-06-03T11:50:34+00:00","dateModified":"2022-09-07T20:44:05+00:00","description":"Transporte de lujo en R\u00edo de Janeiro, Brasil. Coordinamos el transporte para todos sus eventos. Asistencia 24 horas.","breadcrumb":{"@id":"https:\/\/www.teletrans.com\/es\/transporte-de-lujo-rio-de-janeiro-brasil\/#breadcrumb"},"inLanguage":"es","potentialAction":[{"@type":"ReadAction","target":["https:\/\/www.teletrans.com\/es\/transporte-de-lujo-rio-de-janeiro-brasil\/"]}]},{"@type":"ImageObject","inLanguage":"es","@id":"https:\/\/www.teletrans.com\/es\/transporte-de-lujo-rio-de-janeiro-brasil\/#primaryimage","url":"https:\/\/www.teletrans.com\/wp-content\/uploads\/2020\/03\/transporte-de-lujo.jpg","contentUrl":"https:\/\/www.teletrans.com\/wp-content\/uploads\/2020\/03\/transporte-de-lujo.jpg"},{"@type":"BreadcrumbList","@id":"https:\/\/www.teletrans.com\/es\/transporte-de-lujo-rio-de-janeiro-brasil\/#breadcrumb","itemListElement":[{"@type":"ListItem","position":1,"name":"Portada","item":"https:\/\/www.teletrans.com\/es\/"},{"@type":"ListItem","position":2,"name":"Transporte de lujo R\u00edo de Janeiro, Brasil"}]},{"@type":"WebSite","@id":"https:\/\/www.teletrans.com\/es\/#website","url":"https:\/\/www.teletrans.com\/es\/","name":"Teletrans","description":"","publisher":{"@id":"https:\/\/www.teletrans.com\/es\/#organization"},"potentialAction":[{"@type":"SearchAction","target":{"@type":"EntryPoint","urlTemplate":"https:\/\/www.teletrans.com\/es\/?s={search_term_string}"},"query-input":{"@type":"PropertyValueSpecification","valueRequired":true,"valueName":"search_term_string"}}],"inLanguage":"es"},{"@type":"Organization","@id":"https:\/\/www.teletrans.com\/es\/#organization","name":"Teletrans","url":"https:\/\/www.teletrans.com\/es\/","logo":{"@type":"ImageObject","inLanguage":"es","@id":"https:\/\/www.teletrans.com\/es\/#\/schema\/logo\/image\/","url":"https:\/\/www.teletrans.com\/wp-content\/uploads\/2023\/02\/logo-teletrans-svg.svg","contentUrl":"https:\/\/www.teletrans.com\/wp-content\/uploads\/2023\/02\/logo-teletrans-svg.svg","width":501,"height":166,"caption":"Teletrans"},"image":{"@id":"https:\/\/www.teletrans.com\/es\/#\/schema\/logo\/image\/"},"sameAs":["https:\/\/www.facebook.com\/profile.php?id=100034999581270","https:\/\/x.com\/TeletransChile"]}]}},"_links":{"self":[{"href":"https:\/\/www.teletrans.com\/es\/wp-json\/wp\/v2\/pages\/32667","targetHints":{"allow":["GET"]}}],"collection":[{"href":"https:\/\/www.teletrans.com\/es\/wp-json\/wp\/v2\/pages"}],"about":[{"href":"https:\/\/www.teletrans.com\/es\/wp-json\/wp\/v2\/types\/page"}],"author":[{"embeddable":true,"href":"https:\/\/www.teletrans.com\/es\/wp-json\/wp\/v2\/users\/4"}],"replies":[{"embeddable":true,"href":"https:\/\/www.teletrans.com\/es\/wp-json\/wp\/v2\/comments?post=32667"}],"version-history":[{"count":0,"href":"https:\/\/www.teletrans.com\/es\/wp-json\/wp\/v2\/pages\/32667\/revisions"}],"wp:attachment":[{"href":"https:\/\/www.teletrans.com\/es\/wp-json\/wp\/v2\/media?parent=32667"}],"wp:term":[{"taxonomy":"folder","embeddable":true,"href":"https:\/\/www.teletrans.com\/es\/wp-json\/wp\/v2\/folder?post=32667"}],"curies":[{"name":"wp","href":"https:\/\/api.w.org\/{rel}","templated":true}]}}