{"id":29185,"date":"2021-04-17T00:34:14","date_gmt":"2021-04-17T04:34:14","guid":{"rendered":"https:\/\/www.teletrans.com\/?page_id=29185"},"modified":"2021-06-03T04:34:30","modified_gmt":"2021-06-03T08:34:30","slug":"transporte-para-grupos-cancun-mexico","status":"publish","type":"page","link":"https:\/\/www.teletrans.com\/es\/transporte-para-grupos-cancun-mexico\/","title":{"rendered":"Transporte para grupos Canc\u00fan, M\u00e9xico"},"content":{"rendered":"<img loading=\"lazy\" decoding=\"async\" class=\"alignnone size-full wp-image-19192\" src=\"https:\/\/www.teletrans.com\/wp-content\/uploads\/2021\/03\/transporte-para-grupos.jpg\" alt=\"Transporte para grupos Canc\u00fan, M\u00e9xico\" width=\"1500\" height=\"1001\" \/>\n<p>El <strong>transporte para grupos Canc\u00fan, M\u00e9xico<\/strong>\u00a0es uno de los servicios que ofrece Teletrans, lo anterior est\u00e1 considerado para clientes que buscan un servicio de transporte de lujo que otorgue confianza y seguridad cuando tengan que moverse dentro de la ciudad ya sea por razones laborales o personales.<\/p>\n<p>El servicio de transporte para grupos que ofrece Teletrans, se adapta a las necesidades de cada uno de sus clientes. Es por esto que son ellos quienes pueden escoger el modelo de auto a utilizar para que este se adapte a sus necesidades. Los veh\u00edculos de la empresa para este servicio, son de alta gama pensado para altos ejecutivos que tengan eventos corporativos o reuniones en diversos lugares de la ciudad.<\/p>\n<p>Para hacer efectivo el servicio de transporte para grupos, solo basta con solicitarlo, hacer la reserva y desde ah\u00ed en adelante la empresa se encarga de cada uno de los detalles para que los clientes tengan una experiencia \u00fanica de transporte de lujo en donde Teletrans se encarga de organizar un itinerario para que el o los servicios de transporte requeridos funcionen sin esperas, retrasos, ni errores.<\/p>\n<h2><strong>Transporte para grupos para empresas en Canc\u00fan, M\u00e9xico<\/strong><\/h2>\n<p>El <strong>transporte para grupos<\/strong> para empresas est\u00e1 pensado para clientes que necesiten moverse de un lado a otro dentro de la ciudad, en un auto que otorgue calidad, comodidad y seguridad. Adem\u00e1s de ser atendido por conductores que llevan a\u00f1os en el rubro y que conocen perfectamente las necesidades de los clientes. Teletrans otorga una experiencia en trasporte de lujo que hace que el servicio siempre cumpla con las expectativas de los clientes.<\/p>\n<p>La planificaci\u00f3n de un itinerario acorde a los tiempos solicitados por los clientes, son parte del servicio que entrega la empresa especialista en transportes no solo en Am\u00e9rica sino que tambi\u00e9n en el resto de los pa\u00edses del mundo, en donde opera con sus diferentes servicios entre los que se encuentra el de transporte para grupos.<\/p>\n<div style=\"padding: 56.25% 0 0 0; position: relative;\"><iframe style=\"position: absolute; top: 0; left: 0; width: 100%; height: 100%;\" src=\"https:\/\/player.vimeo.com\/video\/526687309?loop=1&amp;color=ffffff&amp;portrait=0\" frameborder=\"0\" allowfullscreen=\"allowfullscreen\"><\/iframe><\/div>\n<p><script src=\"https:\/\/player.vimeo.com\/api\/player.js\"><\/script><a href=\"https:\/\/vimeo.com\/526687309\"><strong>Transporte para grupos Canc\u00fan, M\u00e9xico<\/strong><\/a> &#8211; <a href=\"https:\/\/vimeo.com\/user526687309\">Teletrans<\/a>.<\/p>\n<p>&nbsp;<\/p>\n<h2><strong>Transporte para grupos para eventos corporativos<\/strong><\/h2>\n<p>Para los servicios de transporte para grupos, Teletrans trabaja con profesionales que han vivido por a\u00f1os en la ciudad, por lo que si se tiene que cambiar el itinerario por alguna cancelaci\u00f3n o cambio en el horario, la empresa se adapta de manera r\u00e1pida a las necesidades de los clientes, lo que hace que como se se\u00f1alaba anteriormente no existan retrasos ni problemas durante la estad\u00eda de los clientes en la ciudad. El transporte para grupos es uno de los servicios m\u00e1s solicitados debido a que todos los altos ejecutivos que lo han utilizado \u00a0quedan conformes con el servicio recibido en todo aspecto. Desde la facilidad de reservar y arrendar un veh\u00edculo hasta la manera en que fueron recibidos por los conductores en el aeropuerto y por supuesto el funcionamiento del traslado en la ruta estipulada que cumple con ser puntual. Adem\u00e1s de la variedad de veh\u00edculos de lujo a elecci\u00f3n y tambi\u00e9n la seguridad y comodidad de cada uno de los autos que tiene Teletrans para el servicio de transporte para grupos en la ciudad.<\/p>\n<p>Finalmente la empresa se compromete a entregar la mejor experiencia para cada uno de los usuarios del servicio de transporte para grupos de manera tal en la que todos los clientes tengan un servicio de primera calidad y conforme a sus expectativas. Altos ejecutivos y CEO de empresas de grandes compa\u00f1\u00edas a nivel mundial conf\u00edan en la calidad, compromiso y seguridad otorgada por la empresa desde 2004 en el rubro de <strong>transporte para grupos Canc\u00fan, M\u00e9xico<\/strong>, Teletrans.<\/p>\n<h2>Informaci\u00f3n adicional para tu transporte<\/h2>\n<p>Canc\u00fan, M\u00e9xico, es conocido por sus playas, numerosos centros tur\u00edsticos y vida nocturna. Se compone de 2 \u00e1reas distintas: el centro de la ciudad m\u00e1s tradicional, El Centro, y la Zona Hotelera, una franja larga frente a la playa de hoteles de gran altura, clubes nocturnos, tiendas y restaurantes.<br \/>\nCanc\u00fan tiene un clima tropical, espec\u00edficamente un clima tropical h\u00famedo y seco, con poca diferencia de temperatura entre meses, pero estaciones lluviosas y secas pronunciadas. Con una temperatura media anual de 27,1 \u00b0 C, a diferencia de las zonas del interior de la pen\u00ednsula de Yucat\u00e1n, las brisas marinas impiden que las altas temperaturas alcancen los 36 \u00b0 C (97 \u00b0 F) en la mayor\u00eda de las tardes.<br \/>\nTransportamos a nuestros clientes desde el Aeropuerto Internacional de Canc\u00fan, el principal aeropuerto de Canc\u00fan, hasta un hotel o convenci\u00f3n, o bien a las diferentes reuniones programadas durante el d\u00eda.<br \/>\nConocemos perfectamente el distrito financiero de nuestra ciudad, por lo que no habr\u00e1 problema en que llevemos a nuestros clientes a cualquier parte sin demoras ya que contamos con el mejor servicio de transporte del pa\u00eds.<\/p>\n","protected":false},"excerpt":{"rendered":"<p>El transporte para grupos Canc\u00fan, M\u00e9xico\u00a0es uno de los servicios que ofrece Teletrans, lo anterior est\u00e1 considerado para clientes que buscan un servicio de transporte de lujo que otorgue confianza y seguridad cuando tengan que moverse dentro de la ciudad ya sea por razones laborales o personales. El servicio de transporte para grupos que ofrece<\/p>\n","protected":false},"author":4,"featured_media":0,"parent":0,"menu_order":325,"comment_status":"closed","ping_status":"closed","template":"templates\/menu-lateral-page.php","meta":{"_acf_changed":false,"footnotes":""},"folder":[1670],"class_list":["post-29185","page","type-page","status-publish","hentry"],"acf":[],"yoast_head":"<!-- This site is optimized with the Yoast SEO plugin v27.4 - https:\/\/yoast.com\/product\/yoast-seo-wordpress\/ -->\n<title>Transporte para grupos Canc\u00fan, M\u00e9xico | Teletrans<\/title>\n<meta name=\"description\" content=\"Transporte para grupos en Canc\u00fan, M\u00e9xico. Coordinamos el transporte para todos sus eventos. Asistencia 24 horas.\" \/>\n<meta name=\"robots\" content=\"index, follow, max-snippet:-1, max-image-preview:large, max-video-preview:-1\" \/>\n<meta property=\"og:locale\" content=\"es_ES\" \/>\n<meta property=\"og:type\" content=\"article\" \/>\n<meta property=\"og:title\" content=\"Transporte para grupos Canc\u00fan, M\u00e9xico | Teletrans\" \/>\n<meta property=\"og:description\" content=\"Transporte para grupos en Canc\u00fan, M\u00e9xico. Coordinamos el transporte para todos sus eventos. Asistencia 24 horas.\" \/>\n<meta property=\"og:url\" content=\"https:\/\/www.teletrans.com\/es\/transporte-para-grupos-cancun-mexico\/\" \/>\n<meta property=\"og:site_name\" content=\"Teletrans\" \/>\n<meta property=\"article:publisher\" content=\"https:\/\/www.facebook.com\/profile.php?id=100034999581270\" \/>\n<meta property=\"article:modified_time\" content=\"2021-06-03T08:34:30+00:00\" \/>\n<meta property=\"og:image\" content=\"https:\/\/www.teletrans.com\/wp-content\/uploads\/2021\/03\/transporte-para-grupos.jpg\" \/>\n<meta name=\"twitter:card\" content=\"summary_large_image\" \/>\n<meta name=\"twitter:site\" content=\"@TeletransChile\" \/>\n<meta name=\"twitter:label1\" content=\"Tiempo de lectura\" \/>\n\t<meta name=\"twitter:data1\" content=\"4 minutos\" \/>\n<script type=\"application\/ld+json\" class=\"yoast-schema-graph\">{\"@context\":\"https:\\\/\\\/schema.org\",\"@graph\":[{\"@type\":\"WebPage\",\"@id\":\"https:\\\/\\\/www.teletrans.com\\\/es\\\/transporte-para-grupos-cancun-mexico\\\/\",\"url\":\"https:\\\/\\\/www.teletrans.com\\\/es\\\/transporte-para-grupos-cancun-mexico\\\/\",\"name\":\"Transporte para grupos Canc\u00fan, M\u00e9xico | Teletrans\",\"isPartOf\":{\"@id\":\"https:\\\/\\\/www.teletrans.com\\\/es\\\/#website\"},\"primaryImageOfPage\":{\"@id\":\"https:\\\/\\\/www.teletrans.com\\\/es\\\/transporte-para-grupos-cancun-mexico\\\/#primaryimage\"},\"image\":{\"@id\":\"https:\\\/\\\/www.teletrans.com\\\/es\\\/transporte-para-grupos-cancun-mexico\\\/#primaryimage\"},\"thumbnailUrl\":\"https:\\\/\\\/www.teletrans.com\\\/wp-content\\\/uploads\\\/2021\\\/03\\\/transporte-para-grupos.jpg\",\"datePublished\":\"2021-04-17T04:34:14+00:00\",\"dateModified\":\"2021-06-03T08:34:30+00:00\",\"description\":\"Transporte para grupos en Canc\u00fan, M\u00e9xico. Coordinamos el transporte para todos sus eventos. Asistencia 24 horas.\",\"breadcrumb\":{\"@id\":\"https:\\\/\\\/www.teletrans.com\\\/es\\\/transporte-para-grupos-cancun-mexico\\\/#breadcrumb\"},\"inLanguage\":\"es\",\"potentialAction\":[{\"@type\":\"ReadAction\",\"target\":[\"https:\\\/\\\/www.teletrans.com\\\/es\\\/transporte-para-grupos-cancun-mexico\\\/\"]}]},{\"@type\":\"ImageObject\",\"inLanguage\":\"es\",\"@id\":\"https:\\\/\\\/www.teletrans.com\\\/es\\\/transporte-para-grupos-cancun-mexico\\\/#primaryimage\",\"url\":\"https:\\\/\\\/www.teletrans.com\\\/wp-content\\\/uploads\\\/2021\\\/03\\\/transporte-para-grupos.jpg\",\"contentUrl\":\"https:\\\/\\\/www.teletrans.com\\\/wp-content\\\/uploads\\\/2021\\\/03\\\/transporte-para-grupos.jpg\"},{\"@type\":\"BreadcrumbList\",\"@id\":\"https:\\\/\\\/www.teletrans.com\\\/es\\\/transporte-para-grupos-cancun-mexico\\\/#breadcrumb\",\"itemListElement\":[{\"@type\":\"ListItem\",\"position\":1,\"name\":\"Portada\",\"item\":\"https:\\\/\\\/www.teletrans.com\\\/es\\\/\"},{\"@type\":\"ListItem\",\"position\":2,\"name\":\"Transporte para grupos Canc\u00fan, M\u00e9xico\"}]},{\"@type\":\"WebSite\",\"@id\":\"https:\\\/\\\/www.teletrans.com\\\/es\\\/#website\",\"url\":\"https:\\\/\\\/www.teletrans.com\\\/es\\\/\",\"name\":\"Teletrans\",\"description\":\"\",\"publisher\":{\"@id\":\"https:\\\/\\\/www.teletrans.com\\\/es\\\/#organization\"},\"potentialAction\":[{\"@type\":\"SearchAction\",\"target\":{\"@type\":\"EntryPoint\",\"urlTemplate\":\"https:\\\/\\\/www.teletrans.com\\\/es\\\/?s={search_term_string}\"},\"query-input\":{\"@type\":\"PropertyValueSpecification\",\"valueRequired\":true,\"valueName\":\"search_term_string\"}}],\"inLanguage\":\"es\"},{\"@type\":\"Organization\",\"@id\":\"https:\\\/\\\/www.teletrans.com\\\/es\\\/#organization\",\"name\":\"Teletrans\",\"url\":\"https:\\\/\\\/www.teletrans.com\\\/es\\\/\",\"logo\":{\"@type\":\"ImageObject\",\"inLanguage\":\"es\",\"@id\":\"https:\\\/\\\/www.teletrans.com\\\/es\\\/#\\\/schema\\\/logo\\\/image\\\/\",\"url\":\"https:\\\/\\\/www.teletrans.com\\\/wp-content\\\/uploads\\\/2023\\\/02\\\/logo-teletrans-svg.svg\",\"contentUrl\":\"https:\\\/\\\/www.teletrans.com\\\/wp-content\\\/uploads\\\/2023\\\/02\\\/logo-teletrans-svg.svg\",\"width\":501,\"height\":166,\"caption\":\"Teletrans\"},\"image\":{\"@id\":\"https:\\\/\\\/www.teletrans.com\\\/es\\\/#\\\/schema\\\/logo\\\/image\\\/\"},\"sameAs\":[\"https:\\\/\\\/www.facebook.com\\\/profile.php?id=100034999581270\",\"https:\\\/\\\/x.com\\\/TeletransChile\"]}]}<\/script>\n<!-- \/ Yoast SEO plugin. -->","yoast_head_json":{"title":"Transporte para grupos Canc\u00fan, M\u00e9xico | Teletrans","description":"Transporte para grupos en Canc\u00fan, M\u00e9xico. Coordinamos el transporte para todos sus eventos. Asistencia 24 horas.","robots":{"index":"index","follow":"follow","max-snippet":"max-snippet:-1","max-image-preview":"max-image-preview:large","max-video-preview":"max-video-preview:-1"},"og_locale":"es_ES","og_type":"article","og_title":"Transporte para grupos Canc\u00fan, M\u00e9xico | Teletrans","og_description":"Transporte para grupos en Canc\u00fan, M\u00e9xico. Coordinamos el transporte para todos sus eventos. Asistencia 24 horas.","og_url":"https:\/\/www.teletrans.com\/es\/transporte-para-grupos-cancun-mexico\/","og_site_name":"Teletrans","article_publisher":"https:\/\/www.facebook.com\/profile.php?id=100034999581270","article_modified_time":"2021-06-03T08:34:30+00:00","og_image":[{"url":"https:\/\/www.teletrans.com\/wp-content\/uploads\/2021\/03\/transporte-para-grupos.jpg","type":"","width":"","height":""}],"twitter_card":"summary_large_image","twitter_site":"@TeletransChile","twitter_misc":{"Tiempo de lectura":"4 minutos"},"schema":{"@context":"https:\/\/schema.org","@graph":[{"@type":"WebPage","@id":"https:\/\/www.teletrans.com\/es\/transporte-para-grupos-cancun-mexico\/","url":"https:\/\/www.teletrans.com\/es\/transporte-para-grupos-cancun-mexico\/","name":"Transporte para grupos Canc\u00fan, M\u00e9xico | Teletrans","isPartOf":{"@id":"https:\/\/www.teletrans.com\/es\/#website"},"primaryImageOfPage":{"@id":"https:\/\/www.teletrans.com\/es\/transporte-para-grupos-cancun-mexico\/#primaryimage"},"image":{"@id":"https:\/\/www.teletrans.com\/es\/transporte-para-grupos-cancun-mexico\/#primaryimage"},"thumbnailUrl":"https:\/\/www.teletrans.com\/wp-content\/uploads\/2021\/03\/transporte-para-grupos.jpg","datePublished":"2021-04-17T04:34:14+00:00","dateModified":"2021-06-03T08:34:30+00:00","description":"Transporte para grupos en Canc\u00fan, M\u00e9xico. Coordinamos el transporte para todos sus eventos. Asistencia 24 horas.","breadcrumb":{"@id":"https:\/\/www.teletrans.com\/es\/transporte-para-grupos-cancun-mexico\/#breadcrumb"},"inLanguage":"es","potentialAction":[{"@type":"ReadAction","target":["https:\/\/www.teletrans.com\/es\/transporte-para-grupos-cancun-mexico\/"]}]},{"@type":"ImageObject","inLanguage":"es","@id":"https:\/\/www.teletrans.com\/es\/transporte-para-grupos-cancun-mexico\/#primaryimage","url":"https:\/\/www.teletrans.com\/wp-content\/uploads\/2021\/03\/transporte-para-grupos.jpg","contentUrl":"https:\/\/www.teletrans.com\/wp-content\/uploads\/2021\/03\/transporte-para-grupos.jpg"},{"@type":"BreadcrumbList","@id":"https:\/\/www.teletrans.com\/es\/transporte-para-grupos-cancun-mexico\/#breadcrumb","itemListElement":[{"@type":"ListItem","position":1,"name":"Portada","item":"https:\/\/www.teletrans.com\/es\/"},{"@type":"ListItem","position":2,"name":"Transporte para grupos Canc\u00fan, M\u00e9xico"}]},{"@type":"WebSite","@id":"https:\/\/www.teletrans.com\/es\/#website","url":"https:\/\/www.teletrans.com\/es\/","name":"Teletrans","description":"","publisher":{"@id":"https:\/\/www.teletrans.com\/es\/#organization"},"potentialAction":[{"@type":"SearchAction","target":{"@type":"EntryPoint","urlTemplate":"https:\/\/www.teletrans.com\/es\/?s={search_term_string}"},"query-input":{"@type":"PropertyValueSpecification","valueRequired":true,"valueName":"search_term_string"}}],"inLanguage":"es"},{"@type":"Organization","@id":"https:\/\/www.teletrans.com\/es\/#organization","name":"Teletrans","url":"https:\/\/www.teletrans.com\/es\/","logo":{"@type":"ImageObject","inLanguage":"es","@id":"https:\/\/www.teletrans.com\/es\/#\/schema\/logo\/image\/","url":"https:\/\/www.teletrans.com\/wp-content\/uploads\/2023\/02\/logo-teletrans-svg.svg","contentUrl":"https:\/\/www.teletrans.com\/wp-content\/uploads\/2023\/02\/logo-teletrans-svg.svg","width":501,"height":166,"caption":"Teletrans"},"image":{"@id":"https:\/\/www.teletrans.com\/es\/#\/schema\/logo\/image\/"},"sameAs":["https:\/\/www.facebook.com\/profile.php?id=100034999581270","https:\/\/x.com\/TeletransChile"]}]}},"_links":{"self":[{"href":"https:\/\/www.teletrans.com\/es\/wp-json\/wp\/v2\/pages\/29185","targetHints":{"allow":["GET"]}}],"collection":[{"href":"https:\/\/www.teletrans.com\/es\/wp-json\/wp\/v2\/pages"}],"about":[{"href":"https:\/\/www.teletrans.com\/es\/wp-json\/wp\/v2\/types\/page"}],"author":[{"embeddable":true,"href":"https:\/\/www.teletrans.com\/es\/wp-json\/wp\/v2\/users\/4"}],"replies":[{"embeddable":true,"href":"https:\/\/www.teletrans.com\/es\/wp-json\/wp\/v2\/comments?post=29185"}],"version-history":[{"count":0,"href":"https:\/\/www.teletrans.com\/es\/wp-json\/wp\/v2\/pages\/29185\/revisions"}],"wp:attachment":[{"href":"https:\/\/www.teletrans.com\/es\/wp-json\/wp\/v2\/media?parent=29185"}],"wp:term":[{"taxonomy":"folder","embeddable":true,"href":"https:\/\/www.teletrans.com\/es\/wp-json\/wp\/v2\/folder?post=29185"}],"curies":[{"name":"wp","href":"https:\/\/api.w.org\/{rel}","templated":true}]}}