{"id":29150,"date":"2021-04-17T00:04:04","date_gmt":"2021-04-17T04:04:04","guid":{"rendered":"https:\/\/www.teletrans.com\/?page_id=29150"},"modified":"2023-02-07T16:45:58","modified_gmt":"2023-02-07T20:45:58","slug":"transporte-de-pasajeros-lima-peru","status":"publish","type":"page","link":"https:\/\/www.teletrans.com\/es\/transporte-de-pasajeros-lima-peru\/","title":{"rendered":"Transporte de pasajeros Lima, Per\u00fa"},"content":{"rendered":"<img loading=\"lazy\" decoding=\"async\" class=\"alignnone size-full wp-image-19192\" src=\"https:\/\/www.teletrans.com\/wp-content\/uploads\/2021\/03\/transporte-de-pasajeros.jpg\" alt=\"Transporte de pasajeros Lima, Per\u00fa\" width=\"1500\" height=\"1001\" \/>\n<p>El <strong>transporte de pasajeros Lima, Per\u00fa<\/strong> es uno de los servicios que ofrece Teletrans, lo anterior est\u00e1 considerado para clientes que buscan un servicio de transporte de lujo que otorgue confianza y seguridad cuando tengan que moverse dentro de la ciudad ya sea por razones laborales o personales.<\/p>\n<p>El servicio de transporte de pasajeros que ofrece Teletrans, se adapta a las necesidades de cada uno de sus clientes. Es por esto que son ellos quienes pueden escoger el modelo de auto a utilizar para que este se adapte a sus necesidades. Los veh\u00edculos de la empresa para este servicio, son de alta gama pensado para altos ejecutivos que tengan eventos corporativos o reuniones en diversos lugares de la ciudad.<\/p>\n<p>Para hacer efectivo el servicio de transporte de pasajeros, solo basta con solicitarlo, hacer la reserva y desde ah\u00ed en adelante la empresa se encarga de cada uno de los detalles para que los clientes tengan una experiencia \u00fanica de transporte de lujo en donde Teletrans se encarga de organizar un itinerario para que el o los servicios de transporte requeridos funcionen sin esperas, retrasos, ni errores.<\/p>\n<h2>Transporte de Pasajeros para eventos corporativos y empresas<\/h2>\n<p>El transporte de pasajeros para empresas est\u00e1 pensado para clientes que necesiten moverse de un lado a otro dentro de la ciudad, en un auto que otorgue calidad, comodidad y seguridad. Adem\u00e1s de ser atendido por conductores que llevan a\u00f1os en el rubro y que conocen perfectamente las necesidades de los clientes. Teletrans otorga una experiencia en trasporte de lujo que hace que el servicio siempre cumpla con las expectativas de los clientes.<\/p>\n<p>La planificaci\u00f3n de un itinerario acorde a los tiempos solicitados por los clientes, son parte del servicio que entrega la empresa especialista en transportes no solo en Am\u00e9rica sino que tambi\u00e9n en el resto de los pa\u00edses del mundo, en donde opera con sus diferentes servicios entre los que se encuentra el de transporte de pasajeros.<\/p>\n<div style=\"padding: 56.25% 0 0 0; position: relative;\"><iframe style=\"position: absolute; top: 0; left: 0; width: 100%; height: 100%;\" src=\"https:\/\/player.vimeo.com\/video\/526687667?loop=1&amp;color=ffffff&amp;portrait=0\" frameborder=\"0\" allowfullscreen=\"allowfullscreen\"><\/iframe><\/div>\n<p><script src=\"https:\/\/player.vimeo.com\/api\/player.js\"><\/script><a href=\"https:\/\/vimeo.com\/526687667\"><strong>Transporte de pasajeros en Lima, Per\u00fa<\/strong><\/a> &#8211; <a href=\"https:\/\/www.teletrans.com\/es\/donde-operamos\/\">Teletrans<\/a>.<\/p>\n<p>&nbsp;<\/p>\n<h2><strong>Transporte de pasajeros en Lima, Per\u00fa<\/strong><\/h2>\n<p>Para los servicios de transporte de pasajeros, Teletrans trabaja con profesionales que han vivido por a\u00f1os en la ciudad, por lo que si se tiene que cambiar el itinerario por alguna cancelaci\u00f3n o cambio en el horario, la empresa se adapta de manera r\u00e1pida a las necesidades de los clientes, lo que hace que como se se\u00f1alaba anteriormente no existan retrasos ni problemas durante la estad\u00eda de los clientes en la ciudad. El transporte de pasajeros es uno de los servicios m\u00e1s solicitados debido a que todos los altos ejecutivos que lo han utilizado \u00a0quedan conformes con el servicio recibido en todo aspecto. Desde la facilidad de reservar y arrendar un veh\u00edculo hasta la manera en que fueron recibidos por los conductores en el aeropuerto y por supuesto el funcionamiento del traslado en la ruta estipulada que cumple con ser puntual. Adem\u00e1s de la variedad de veh\u00edculos de lujo a elecci\u00f3n y tambi\u00e9n la seguridad y comodidad de cada uno de los autos que tiene Teletrans para el servicio de transporte de pasajeros en la ciudad.<\/p>\n<p>Finalmente la empresa se compromete a entregar la mejor experiencia para cada uno de los usuarios del servicio de transporte de pasajeros de manera tal en la que todos los clientes tengan un servicio de primera calidad y conforme a sus expectativas. Altos ejecutivos y CEO de empresas de grandes compa\u00f1\u00edas a nivel mundial conf\u00edan en la calidad, compromiso y seguridad otorgada por la empresa desde 2004 en el rubro de <strong>transporte de pasajeros en Lima, Per\u00fa<\/strong>, Teletrans.<\/p>\n<h2>Informaci\u00f3n adicional para tu transporte<\/h2>\n<p>Per\u00fa es un pa\u00eds de Am\u00e9rica del Sur que alberga una secci\u00f3n de la selva amaz\u00f3nica y Machu Picchu, una antigua ciudad inca en lo alto de las monta\u00f1as de los Andes. La regi\u00f3n alrededor de Machu Picchu, incluido el Valle Sagrado, el Camino Inca y la ciudad colonial de Cusco, es rica en sitios arqueol\u00f3gicos. En la \u00e1rida costa del Pac\u00edfico peruano se encuentra Lima, la capital, con un centro colonial preservado e importantes colecciones de arte precolombino.<br \/>\nEl clima de Lima, Per\u00fa, var\u00eda de 17 \u00b0 C a 23 \u00b0 C (63 a 73 \u00b0 F). La temperatura var\u00eda poco durante el a\u00f1o y casi siempre es primaveral, pero rara vez llueve, por lo que el paisaje es des\u00e9rtico.<br \/>\nTeletrans realiza transporte a los diferentes lugares de Lima si lo solicitan nuestros clientes; los llevamos desde el Aeropuerto Internacional Jorge Ch\u00e1vez con el mejor servicio ejecutivo. Teletrans se adapta a todas las necesidades de usted y su empresa.<br \/>\nConocemos perfectamente el distrito financiero de nuestra ciudad, por lo que no habr\u00e1 problema en pedirnos que llevemos a nuestros clientes a cualquier parte sin demoras ya que contamos con el mejor servicio de transporte del pa\u00eds.<\/p>\n","protected":false},"excerpt":{"rendered":"<p>El transporte de pasajeros Lima, Per\u00fa es uno de los servicios que ofrece Teletrans, lo anterior est\u00e1 considerado para clientes que buscan un servicio de transporte de lujo que otorgue confianza y seguridad cuando tengan que moverse dentro de la ciudad ya sea por razones laborales o personales. El servicio de transporte de pasajeros que<\/p>\n","protected":false},"author":4,"featured_media":0,"parent":0,"menu_order":290,"comment_status":"closed","ping_status":"closed","template":"templates\/menu-lateral-page.php","meta":{"_acf_changed":false,"footnotes":""},"folder":[1667],"class_list":["post-29150","page","type-page","status-publish","hentry"],"acf":[],"yoast_head":"<!-- This site is optimized with the Yoast SEO plugin v27.4 - https:\/\/yoast.com\/product\/yoast-seo-wordpress\/ -->\n<title>Transporte de pasajeros Lima, Per\u00fa | Teletrans<\/title>\n<meta name=\"description\" content=\"Transporte de pasajeros Lima, Per\u00fa. Coordinamos el transporte para todos sus eventos. Asistencia 24 horas.\" \/>\n<meta name=\"robots\" content=\"index, follow, max-snippet:-1, max-image-preview:large, max-video-preview:-1\" \/>\n<meta property=\"og:locale\" content=\"es_ES\" \/>\n<meta property=\"og:type\" content=\"article\" \/>\n<meta property=\"og:title\" content=\"Transporte de pasajeros Lima, Per\u00fa | Teletrans\" \/>\n<meta property=\"og:description\" content=\"Transporte de pasajeros Lima, Per\u00fa. Coordinamos el transporte para todos sus eventos. Asistencia 24 horas.\" \/>\n<meta property=\"og:url\" content=\"https:\/\/www.teletrans.com\/es\/transporte-de-pasajeros-lima-peru\/\" \/>\n<meta property=\"og:site_name\" content=\"Teletrans\" \/>\n<meta property=\"article:publisher\" content=\"https:\/\/www.facebook.com\/profile.php?id=100034999581270\" \/>\n<meta property=\"article:modified_time\" content=\"2023-02-07T20:45:58+00:00\" \/>\n<meta property=\"og:image\" content=\"https:\/\/www.teletrans.com\/wp-content\/uploads\/2021\/03\/transporte-de-pasajeros.jpg\" \/>\n<meta name=\"twitter:card\" content=\"summary_large_image\" \/>\n<meta name=\"twitter:site\" content=\"@TeletransChile\" \/>\n<meta name=\"twitter:label1\" content=\"Tiempo de lectura\" \/>\n\t<meta name=\"twitter:data1\" content=\"4 minutos\" \/>\n<script type=\"application\/ld+json\" class=\"yoast-schema-graph\">{\"@context\":\"https:\\\/\\\/schema.org\",\"@graph\":[{\"@type\":\"WebPage\",\"@id\":\"https:\\\/\\\/www.teletrans.com\\\/es\\\/transporte-de-pasajeros-lima-peru\\\/\",\"url\":\"https:\\\/\\\/www.teletrans.com\\\/es\\\/transporte-de-pasajeros-lima-peru\\\/\",\"name\":\"Transporte de pasajeros Lima, Per\u00fa | Teletrans\",\"isPartOf\":{\"@id\":\"https:\\\/\\\/www.teletrans.com\\\/es\\\/#website\"},\"primaryImageOfPage\":{\"@id\":\"https:\\\/\\\/www.teletrans.com\\\/es\\\/transporte-de-pasajeros-lima-peru\\\/#primaryimage\"},\"image\":{\"@id\":\"https:\\\/\\\/www.teletrans.com\\\/es\\\/transporte-de-pasajeros-lima-peru\\\/#primaryimage\"},\"thumbnailUrl\":\"https:\\\/\\\/www.teletrans.com\\\/wp-content\\\/uploads\\\/2021\\\/03\\\/transporte-de-pasajeros.jpg\",\"datePublished\":\"2021-04-17T04:04:04+00:00\",\"dateModified\":\"2023-02-07T20:45:58+00:00\",\"description\":\"Transporte de pasajeros Lima, Per\u00fa. Coordinamos el transporte para todos sus eventos. Asistencia 24 horas.\",\"breadcrumb\":{\"@id\":\"https:\\\/\\\/www.teletrans.com\\\/es\\\/transporte-de-pasajeros-lima-peru\\\/#breadcrumb\"},\"inLanguage\":\"es\",\"potentialAction\":[{\"@type\":\"ReadAction\",\"target\":[\"https:\\\/\\\/www.teletrans.com\\\/es\\\/transporte-de-pasajeros-lima-peru\\\/\"]}]},{\"@type\":\"ImageObject\",\"inLanguage\":\"es\",\"@id\":\"https:\\\/\\\/www.teletrans.com\\\/es\\\/transporte-de-pasajeros-lima-peru\\\/#primaryimage\",\"url\":\"https:\\\/\\\/www.teletrans.com\\\/wp-content\\\/uploads\\\/2021\\\/03\\\/transporte-de-pasajeros.jpg\",\"contentUrl\":\"https:\\\/\\\/www.teletrans.com\\\/wp-content\\\/uploads\\\/2021\\\/03\\\/transporte-de-pasajeros.jpg\"},{\"@type\":\"BreadcrumbList\",\"@id\":\"https:\\\/\\\/www.teletrans.com\\\/es\\\/transporte-de-pasajeros-lima-peru\\\/#breadcrumb\",\"itemListElement\":[{\"@type\":\"ListItem\",\"position\":1,\"name\":\"Portada\",\"item\":\"https:\\\/\\\/www.teletrans.com\\\/es\\\/\"},{\"@type\":\"ListItem\",\"position\":2,\"name\":\"Transporte de pasajeros Lima, Per\u00fa\"}]},{\"@type\":\"WebSite\",\"@id\":\"https:\\\/\\\/www.teletrans.com\\\/es\\\/#website\",\"url\":\"https:\\\/\\\/www.teletrans.com\\\/es\\\/\",\"name\":\"Teletrans\",\"description\":\"\",\"publisher\":{\"@id\":\"https:\\\/\\\/www.teletrans.com\\\/es\\\/#organization\"},\"potentialAction\":[{\"@type\":\"SearchAction\",\"target\":{\"@type\":\"EntryPoint\",\"urlTemplate\":\"https:\\\/\\\/www.teletrans.com\\\/es\\\/?s={search_term_string}\"},\"query-input\":{\"@type\":\"PropertyValueSpecification\",\"valueRequired\":true,\"valueName\":\"search_term_string\"}}],\"inLanguage\":\"es\"},{\"@type\":\"Organization\",\"@id\":\"https:\\\/\\\/www.teletrans.com\\\/es\\\/#organization\",\"name\":\"Teletrans\",\"url\":\"https:\\\/\\\/www.teletrans.com\\\/es\\\/\",\"logo\":{\"@type\":\"ImageObject\",\"inLanguage\":\"es\",\"@id\":\"https:\\\/\\\/www.teletrans.com\\\/es\\\/#\\\/schema\\\/logo\\\/image\\\/\",\"url\":\"https:\\\/\\\/www.teletrans.com\\\/wp-content\\\/uploads\\\/2023\\\/02\\\/logo-teletrans-svg.svg\",\"contentUrl\":\"https:\\\/\\\/www.teletrans.com\\\/wp-content\\\/uploads\\\/2023\\\/02\\\/logo-teletrans-svg.svg\",\"width\":501,\"height\":166,\"caption\":\"Teletrans\"},\"image\":{\"@id\":\"https:\\\/\\\/www.teletrans.com\\\/es\\\/#\\\/schema\\\/logo\\\/image\\\/\"},\"sameAs\":[\"https:\\\/\\\/www.facebook.com\\\/profile.php?id=100034999581270\",\"https:\\\/\\\/x.com\\\/TeletransChile\"]}]}<\/script>\n<!-- \/ Yoast SEO plugin. -->","yoast_head_json":{"title":"Transporte de pasajeros Lima, Per\u00fa | Teletrans","description":"Transporte de pasajeros Lima, Per\u00fa. Coordinamos el transporte para todos sus eventos. Asistencia 24 horas.","robots":{"index":"index","follow":"follow","max-snippet":"max-snippet:-1","max-image-preview":"max-image-preview:large","max-video-preview":"max-video-preview:-1"},"og_locale":"es_ES","og_type":"article","og_title":"Transporte de pasajeros Lima, Per\u00fa | Teletrans","og_description":"Transporte de pasajeros Lima, Per\u00fa. Coordinamos el transporte para todos sus eventos. Asistencia 24 horas.","og_url":"https:\/\/www.teletrans.com\/es\/transporte-de-pasajeros-lima-peru\/","og_site_name":"Teletrans","article_publisher":"https:\/\/www.facebook.com\/profile.php?id=100034999581270","article_modified_time":"2023-02-07T20:45:58+00:00","og_image":[{"url":"https:\/\/www.teletrans.com\/wp-content\/uploads\/2021\/03\/transporte-de-pasajeros.jpg","type":"","width":"","height":""}],"twitter_card":"summary_large_image","twitter_site":"@TeletransChile","twitter_misc":{"Tiempo de lectura":"4 minutos"},"schema":{"@context":"https:\/\/schema.org","@graph":[{"@type":"WebPage","@id":"https:\/\/www.teletrans.com\/es\/transporte-de-pasajeros-lima-peru\/","url":"https:\/\/www.teletrans.com\/es\/transporte-de-pasajeros-lima-peru\/","name":"Transporte de pasajeros Lima, Per\u00fa | Teletrans","isPartOf":{"@id":"https:\/\/www.teletrans.com\/es\/#website"},"primaryImageOfPage":{"@id":"https:\/\/www.teletrans.com\/es\/transporte-de-pasajeros-lima-peru\/#primaryimage"},"image":{"@id":"https:\/\/www.teletrans.com\/es\/transporte-de-pasajeros-lima-peru\/#primaryimage"},"thumbnailUrl":"https:\/\/www.teletrans.com\/wp-content\/uploads\/2021\/03\/transporte-de-pasajeros.jpg","datePublished":"2021-04-17T04:04:04+00:00","dateModified":"2023-02-07T20:45:58+00:00","description":"Transporte de pasajeros Lima, Per\u00fa. Coordinamos el transporte para todos sus eventos. Asistencia 24 horas.","breadcrumb":{"@id":"https:\/\/www.teletrans.com\/es\/transporte-de-pasajeros-lima-peru\/#breadcrumb"},"inLanguage":"es","potentialAction":[{"@type":"ReadAction","target":["https:\/\/www.teletrans.com\/es\/transporte-de-pasajeros-lima-peru\/"]}]},{"@type":"ImageObject","inLanguage":"es","@id":"https:\/\/www.teletrans.com\/es\/transporte-de-pasajeros-lima-peru\/#primaryimage","url":"https:\/\/www.teletrans.com\/wp-content\/uploads\/2021\/03\/transporte-de-pasajeros.jpg","contentUrl":"https:\/\/www.teletrans.com\/wp-content\/uploads\/2021\/03\/transporte-de-pasajeros.jpg"},{"@type":"BreadcrumbList","@id":"https:\/\/www.teletrans.com\/es\/transporte-de-pasajeros-lima-peru\/#breadcrumb","itemListElement":[{"@type":"ListItem","position":1,"name":"Portada","item":"https:\/\/www.teletrans.com\/es\/"},{"@type":"ListItem","position":2,"name":"Transporte de pasajeros Lima, Per\u00fa"}]},{"@type":"WebSite","@id":"https:\/\/www.teletrans.com\/es\/#website","url":"https:\/\/www.teletrans.com\/es\/","name":"Teletrans","description":"","publisher":{"@id":"https:\/\/www.teletrans.com\/es\/#organization"},"potentialAction":[{"@type":"SearchAction","target":{"@type":"EntryPoint","urlTemplate":"https:\/\/www.teletrans.com\/es\/?s={search_term_string}"},"query-input":{"@type":"PropertyValueSpecification","valueRequired":true,"valueName":"search_term_string"}}],"inLanguage":"es"},{"@type":"Organization","@id":"https:\/\/www.teletrans.com\/es\/#organization","name":"Teletrans","url":"https:\/\/www.teletrans.com\/es\/","logo":{"@type":"ImageObject","inLanguage":"es","@id":"https:\/\/www.teletrans.com\/es\/#\/schema\/logo\/image\/","url":"https:\/\/www.teletrans.com\/wp-content\/uploads\/2023\/02\/logo-teletrans-svg.svg","contentUrl":"https:\/\/www.teletrans.com\/wp-content\/uploads\/2023\/02\/logo-teletrans-svg.svg","width":501,"height":166,"caption":"Teletrans"},"image":{"@id":"https:\/\/www.teletrans.com\/es\/#\/schema\/logo\/image\/"},"sameAs":["https:\/\/www.facebook.com\/profile.php?id=100034999581270","https:\/\/x.com\/TeletransChile"]}]}},"_links":{"self":[{"href":"https:\/\/www.teletrans.com\/es\/wp-json\/wp\/v2\/pages\/29150","targetHints":{"allow":["GET"]}}],"collection":[{"href":"https:\/\/www.teletrans.com\/es\/wp-json\/wp\/v2\/pages"}],"about":[{"href":"https:\/\/www.teletrans.com\/es\/wp-json\/wp\/v2\/types\/page"}],"author":[{"embeddable":true,"href":"https:\/\/www.teletrans.com\/es\/wp-json\/wp\/v2\/users\/4"}],"replies":[{"embeddable":true,"href":"https:\/\/www.teletrans.com\/es\/wp-json\/wp\/v2\/comments?post=29150"}],"version-history":[{"count":0,"href":"https:\/\/www.teletrans.com\/es\/wp-json\/wp\/v2\/pages\/29150\/revisions"}],"wp:attachment":[{"href":"https:\/\/www.teletrans.com\/es\/wp-json\/wp\/v2\/media?parent=29150"}],"wp:term":[{"taxonomy":"folder","embeddable":true,"href":"https:\/\/www.teletrans.com\/es\/wp-json\/wp\/v2\/folder?post=29150"}],"curies":[{"name":"wp","href":"https:\/\/api.w.org\/{rel}","templated":true}]}}