{"id":27312,"date":"2021-03-24T14:53:11","date_gmt":"2021-03-24T18:53:11","guid":{"rendered":"https:\/\/www.teletrans.com\/?page_id=27312"},"modified":"2023-02-07T16:12:40","modified_gmt":"2023-02-07T20:12:40","slug":"alquiler-van-santiago-chile","status":"publish","type":"page","link":"https:\/\/www.teletrans.com\/es\/alquiler-van-santiago-chile\/","title":{"rendered":"Alquiler van Santiago, Chile"},"content":{"rendered":"<img loading=\"lazy\" decoding=\"async\" class=\"alignnone size-full wp-image-19192\" src=\"https:\/\/www.teletrans.com\/wp-content\/uploads\/2020\/03\/arriendo-van.jpg\" alt=\"arriendo van Santiago, Chile\" width=\"1500\" height=\"1001\" srcset=\"https:\/\/www.teletrans.com\/wp-content\/uploads\/2020\/03\/arriendo-van.jpg 1500w, https:\/\/www.teletrans.com\/wp-content\/uploads\/2020\/03\/arriendo-van-300x200.jpg 300w, https:\/\/www.teletrans.com\/wp-content\/uploads\/2020\/03\/arriendo-van-1024x683.jpg 1024w\" sizes=\"auto, (max-width: 1500px) 100vw, 1500px\" \/>\n<p><strong>El alquiler van Santiago, Chile <\/strong>es otro de los servicios que ofrece Teletrans en la ciudad de Santiago, Chile. El servicio que ofrece la empresa especialista en trasporte ejecutivo y traslado de grupos, desde el a\u00f1o 2004 en el mercado, est\u00e1 pensado para clientes que tengan alg\u00fan congreso o conferencia en Santiago, Chile, que busquen transportarse en grupo dentro de la ciudad mediante un servicio de calidad que otorga confianza y seguridad de manera permanente a cada uno de sus clientes. Por ende, Teletrans se adapta a las necesidades que tengan las personas que contraten sus servicios, ya sea el de Alquiler Van como todo el resto \u00a0de los servicios que ofrece la empresa. Por ejemplo el de transporte ejecutivo, transporte desde y hacia el aeropuerto y taxi ejecutivo, entre otros.<\/p>\n<p>Alquiler van est\u00e1 pensado para ejecutivos que viajan hacia la ciudad de Santiago, Chile y lleguen al aeropuerto internacional por asuntos laborales y deban ser trasladados hacia diversos puntos de la ciudad de Santiago, Chile, ya sea a hoteles, conferencias o centros de eventos en conjunto.<\/p>\n<h2><strong>Alquiler van para empresas<\/strong><\/h2>\n<p>En el servicio de <strong>alquiler van en Santiago, Chile<\/strong>, las van que utiliza la empresa son todas de excelente calidad, en donde prima la seguridad y comodidad para que los pasajeros vivan una verdadera experiencia en el traslado. \u00a0El alquiler van, tiene tambi\u00e9n como prioridad el facilitar a los clientes que soliciten el servicio, su traslado de manera grupal, puntual y ordenada hacia donde tengan que asistir una vez que lleguen Santiago, Chile<strong>.<\/strong><\/p>\n<p>Los clientes que viajan a Santiago y utilizan este servicio de Alquiler Van quedan felices con el servicio ya que Teletrans otorga seguridad, comodidad y puntualidad, adem\u00e1s de la posibilidad de ser transportados todos juntos desde el aeropuerto internacional, todos en el mismo veh\u00edculo. Es por lo anterior que el servicio de <strong>alquiler van en Santiago, Chile<\/strong>, es uno de los m\u00e1s solicitados.<\/p>\n<p>Adem\u00e1s, la empresa trabaja con conductores que tienen a\u00f1os de experiencia; manejan las rutas de la ciudad y est\u00e1n preparados para resolver cualquier problema que pueda surgir durante el servicio de transporte. Ya sea alg\u00fan cambio de ruta, cambio de horario o del lugar en donde se iba a realizar la reuni\u00f3n u hotel en donde los clientes se hospedar\u00edan.<\/p>\n<p>Nuestra flota de vans es manejada por conductores que llevan a\u00f1os en la industria del transporte ejecutivo y que conocen a cabalidad los distritos financieros y el centro de la ciudad de Santiago, Chile.<\/p>\n<p>Teletrans est\u00e1 desde el a\u00f1o 2004 en el rubro de transporte y se encarga de hacer que desde ese momento todo funcione de manera perfecta. La empresa organiza un itinerario para que el o los servicios de transporte requeridos como en este caso el de alquiler van en Santiago, Chile funcione sin esperas, impuntualidades, ni errores. La planificaci\u00f3n de un itinerario acorde a los tiempos solicitados por los clientes, son parte del servicio que entrega la empresa especialista en transportes no solo en Chile sino que tambi\u00e9n en el resto de los pa\u00edses tanto en latinoam\u00e9rica como Norte Am\u00e9rica y Europa en donde opera con sus diferentes servicios entre los que se encuentra el de <strong>alquiler van Santiago, Chile<\/strong>.<\/p>\n<p>Teletrans brinda a cada uno de sus clientes un servicio \u00fanico, personalizado y de primera calidad, en donde la empresa asegura que sus clientes tendr\u00e1n mucho m\u00e1s que un servicio, sino que una experiencia en transporte.<\/p>\n<div style=\"padding: 56.25% 0 0 0; position: relative;\"><iframe style=\"position: absolute; top: 0; left: 0; width: 100%; height: 100%;\" src=\"https:\/\/player.vimeo.com\/video\/528107971?loop=1&amp;color=ffffff&amp;portrait=0\" frameborder=\"0\" allowfullscreen=\"allowfullscreen\"><\/iframe><\/div>\n<p><script src=\"https:\/\/player.vimeo.com\/api\/player.js\"><\/script><a href=\"https:\/\/vimeo.com\/528107971\"><strong>Alquiler Van Santiago, Chile<\/strong><\/a> &#8211; <a href=\"https:\/\/www.teletrans.com\/es\/donde-operamos\/\">Teletrans<\/a>.<\/p>\n<p>&nbsp;<\/p>\n<h2>Informaci\u00f3n adicional para tu transporte<\/h2>\n<p>En el centro de Santiago se encuentran atractivos tur\u00edsticos como el Palacio de La Moneda, la Plaza de Armas, la Catedral Metropolitana y el Paseo Ahumada. Ciudad Empresarial de Huechuraba, el principal centro financiero de la capital, desplaza al centro de Santiago y se posiciona como el quinto de Am\u00e9rica Latina. Sin embargo, ambos sectores contin\u00faan siendo los m\u00e1s populares para el turismo urbano dentro del Gran Santiago.<br \/>\nSantiago tiene un clima semi\u00e1rido fresco con patrones mediterr\u00e1neos. Las temperaturas var\u00edan durante todo el a\u00f1o desde un promedio de 20 \u00b0 C (68 \u00b0 F) en enero a 8 \u00b0 C (46 \u00b0 F) en junio y julio. Los d\u00edas de verano son calurosos, a menudo alcanzando m\u00e1s de 30 \u00b0 C (86 \u00b0 F).<br \/>\nTeletrans realiza transporte a los diferentes lugares de Santiago si lo solicitan nuestros clientes; los llevamos desde el Aeropuerto Arturo Merino Ben\u00edtez con el mejor servicio de transportes disponible en el mercado. Teletrans se adapta a todas las necesidades de usted y su empresa.<br \/>\nConocemos perfectamente el distrito financiero de nuestra ciudad, por lo que no habr\u00e1 problema en que llevemos a nuestros clientes a cualquier parte sin demoras ya que contamos con el mejor servicio de transportes del pa\u00eds.<\/p>\n","protected":false},"excerpt":{"rendered":"<p>El alquiler van Santiago, Chile es otro de los servicios que ofrece Teletrans en la ciudad de Santiago, Chile. El servicio que ofrece la empresa especialista en trasporte ejecutivo y traslado de grupos, desde el a\u00f1o 2004 en el mercado, est\u00e1 pensado para clientes que tengan alg\u00fan congreso o conferencia en Santiago, Chile, que busquen<\/p>\n","protected":false},"author":4,"featured_media":0,"parent":0,"menu_order":97,"comment_status":"closed","ping_status":"closed","template":"templates\/menu-lateral-page.php","meta":{"_acf_changed":false,"footnotes":""},"folder":[1545],"class_list":["post-27312","page","type-page","status-publish","hentry"],"acf":[],"yoast_head":"<!-- This site is optimized with the Yoast SEO plugin v27.4 - https:\/\/yoast.com\/product\/yoast-seo-wordpress\/ -->\n<title>Alquiler van Santiago, Chile | Teletrans<\/title>\n<meta name=\"description\" content=\"El mejor servicio de alquiler van Santiago, Chile. Moderna flota. Asistencia 24 horas.\" \/>\n<meta name=\"robots\" content=\"index, follow, max-snippet:-1, max-image-preview:large, max-video-preview:-1\" \/>\n<meta property=\"og:locale\" content=\"es_ES\" \/>\n<meta property=\"og:type\" content=\"article\" \/>\n<meta property=\"og:title\" content=\"Alquiler van Santiago, Chile | Teletrans\" \/>\n<meta property=\"og:description\" content=\"El mejor servicio de alquiler van Santiago, Chile. Moderna flota. Asistencia 24 horas.\" \/>\n<meta property=\"og:url\" content=\"https:\/\/www.teletrans.com\/es\/alquiler-van-santiago-chile\/\" \/>\n<meta property=\"og:site_name\" content=\"Teletrans\" \/>\n<meta property=\"article:publisher\" content=\"https:\/\/www.facebook.com\/profile.php?id=100034999581270\" \/>\n<meta property=\"article:modified_time\" content=\"2023-02-07T20:12:40+00:00\" \/>\n<meta property=\"og:image\" content=\"https:\/\/www.teletrans.com\/wp-content\/uploads\/2020\/03\/arriendo-van.jpg\" \/>\n<meta name=\"twitter:card\" content=\"summary_large_image\" \/>\n<meta name=\"twitter:site\" content=\"@TeletransChile\" \/>\n<meta name=\"twitter:label1\" content=\"Tiempo de lectura\" \/>\n\t<meta name=\"twitter:data1\" content=\"4 minutos\" \/>\n<script type=\"application\/ld+json\" class=\"yoast-schema-graph\">{\"@context\":\"https:\\\/\\\/schema.org\",\"@graph\":[{\"@type\":\"WebPage\",\"@id\":\"https:\\\/\\\/www.teletrans.com\\\/es\\\/alquiler-van-santiago-chile\\\/\",\"url\":\"https:\\\/\\\/www.teletrans.com\\\/es\\\/alquiler-van-santiago-chile\\\/\",\"name\":\"Alquiler van Santiago, Chile | Teletrans\",\"isPartOf\":{\"@id\":\"https:\\\/\\\/www.teletrans.com\\\/es\\\/#website\"},\"primaryImageOfPage\":{\"@id\":\"https:\\\/\\\/www.teletrans.com\\\/es\\\/alquiler-van-santiago-chile\\\/#primaryimage\"},\"image\":{\"@id\":\"https:\\\/\\\/www.teletrans.com\\\/es\\\/alquiler-van-santiago-chile\\\/#primaryimage\"},\"thumbnailUrl\":\"https:\\\/\\\/www.teletrans.com\\\/wp-content\\\/uploads\\\/2020\\\/03\\\/arriendo-van.jpg\",\"datePublished\":\"2021-03-24T18:53:11+00:00\",\"dateModified\":\"2023-02-07T20:12:40+00:00\",\"description\":\"El mejor servicio de alquiler van Santiago, Chile. Moderna flota. Asistencia 24 horas.\",\"breadcrumb\":{\"@id\":\"https:\\\/\\\/www.teletrans.com\\\/es\\\/alquiler-van-santiago-chile\\\/#breadcrumb\"},\"inLanguage\":\"es\",\"potentialAction\":[{\"@type\":\"ReadAction\",\"target\":[\"https:\\\/\\\/www.teletrans.com\\\/es\\\/alquiler-van-santiago-chile\\\/\"]}]},{\"@type\":\"ImageObject\",\"inLanguage\":\"es\",\"@id\":\"https:\\\/\\\/www.teletrans.com\\\/es\\\/alquiler-van-santiago-chile\\\/#primaryimage\",\"url\":\"https:\\\/\\\/www.teletrans.com\\\/wp-content\\\/uploads\\\/2020\\\/03\\\/arriendo-van.jpg\",\"contentUrl\":\"https:\\\/\\\/www.teletrans.com\\\/wp-content\\\/uploads\\\/2020\\\/03\\\/arriendo-van.jpg\"},{\"@type\":\"BreadcrumbList\",\"@id\":\"https:\\\/\\\/www.teletrans.com\\\/es\\\/alquiler-van-santiago-chile\\\/#breadcrumb\",\"itemListElement\":[{\"@type\":\"ListItem\",\"position\":1,\"name\":\"Portada\",\"item\":\"https:\\\/\\\/www.teletrans.com\\\/es\\\/\"},{\"@type\":\"ListItem\",\"position\":2,\"name\":\"Alquiler van Santiago, Chile\"}]},{\"@type\":\"WebSite\",\"@id\":\"https:\\\/\\\/www.teletrans.com\\\/es\\\/#website\",\"url\":\"https:\\\/\\\/www.teletrans.com\\\/es\\\/\",\"name\":\"Teletrans\",\"description\":\"\",\"publisher\":{\"@id\":\"https:\\\/\\\/www.teletrans.com\\\/es\\\/#organization\"},\"potentialAction\":[{\"@type\":\"SearchAction\",\"target\":{\"@type\":\"EntryPoint\",\"urlTemplate\":\"https:\\\/\\\/www.teletrans.com\\\/es\\\/?s={search_term_string}\"},\"query-input\":{\"@type\":\"PropertyValueSpecification\",\"valueRequired\":true,\"valueName\":\"search_term_string\"}}],\"inLanguage\":\"es\"},{\"@type\":\"Organization\",\"@id\":\"https:\\\/\\\/www.teletrans.com\\\/es\\\/#organization\",\"name\":\"Teletrans\",\"url\":\"https:\\\/\\\/www.teletrans.com\\\/es\\\/\",\"logo\":{\"@type\":\"ImageObject\",\"inLanguage\":\"es\",\"@id\":\"https:\\\/\\\/www.teletrans.com\\\/es\\\/#\\\/schema\\\/logo\\\/image\\\/\",\"url\":\"https:\\\/\\\/www.teletrans.com\\\/wp-content\\\/uploads\\\/2023\\\/02\\\/logo-teletrans-svg.svg\",\"contentUrl\":\"https:\\\/\\\/www.teletrans.com\\\/wp-content\\\/uploads\\\/2023\\\/02\\\/logo-teletrans-svg.svg\",\"width\":501,\"height\":166,\"caption\":\"Teletrans\"},\"image\":{\"@id\":\"https:\\\/\\\/www.teletrans.com\\\/es\\\/#\\\/schema\\\/logo\\\/image\\\/\"},\"sameAs\":[\"https:\\\/\\\/www.facebook.com\\\/profile.php?id=100034999581270\",\"https:\\\/\\\/x.com\\\/TeletransChile\"]}]}<\/script>\n<!-- \/ Yoast SEO plugin. -->","yoast_head_json":{"title":"Alquiler van Santiago, Chile | Teletrans","description":"El mejor servicio de alquiler van Santiago, Chile. Moderna flota. Asistencia 24 horas.","robots":{"index":"index","follow":"follow","max-snippet":"max-snippet:-1","max-image-preview":"max-image-preview:large","max-video-preview":"max-video-preview:-1"},"og_locale":"es_ES","og_type":"article","og_title":"Alquiler van Santiago, Chile | Teletrans","og_description":"El mejor servicio de alquiler van Santiago, Chile. Moderna flota. Asistencia 24 horas.","og_url":"https:\/\/www.teletrans.com\/es\/alquiler-van-santiago-chile\/","og_site_name":"Teletrans","article_publisher":"https:\/\/www.facebook.com\/profile.php?id=100034999581270","article_modified_time":"2023-02-07T20:12:40+00:00","og_image":[{"url":"https:\/\/www.teletrans.com\/wp-content\/uploads\/2020\/03\/arriendo-van.jpg","type":"","width":"","height":""}],"twitter_card":"summary_large_image","twitter_site":"@TeletransChile","twitter_misc":{"Tiempo de lectura":"4 minutos"},"schema":{"@context":"https:\/\/schema.org","@graph":[{"@type":"WebPage","@id":"https:\/\/www.teletrans.com\/es\/alquiler-van-santiago-chile\/","url":"https:\/\/www.teletrans.com\/es\/alquiler-van-santiago-chile\/","name":"Alquiler van Santiago, Chile | Teletrans","isPartOf":{"@id":"https:\/\/www.teletrans.com\/es\/#website"},"primaryImageOfPage":{"@id":"https:\/\/www.teletrans.com\/es\/alquiler-van-santiago-chile\/#primaryimage"},"image":{"@id":"https:\/\/www.teletrans.com\/es\/alquiler-van-santiago-chile\/#primaryimage"},"thumbnailUrl":"https:\/\/www.teletrans.com\/wp-content\/uploads\/2020\/03\/arriendo-van.jpg","datePublished":"2021-03-24T18:53:11+00:00","dateModified":"2023-02-07T20:12:40+00:00","description":"El mejor servicio de alquiler van Santiago, Chile. Moderna flota. Asistencia 24 horas.","breadcrumb":{"@id":"https:\/\/www.teletrans.com\/es\/alquiler-van-santiago-chile\/#breadcrumb"},"inLanguage":"es","potentialAction":[{"@type":"ReadAction","target":["https:\/\/www.teletrans.com\/es\/alquiler-van-santiago-chile\/"]}]},{"@type":"ImageObject","inLanguage":"es","@id":"https:\/\/www.teletrans.com\/es\/alquiler-van-santiago-chile\/#primaryimage","url":"https:\/\/www.teletrans.com\/wp-content\/uploads\/2020\/03\/arriendo-van.jpg","contentUrl":"https:\/\/www.teletrans.com\/wp-content\/uploads\/2020\/03\/arriendo-van.jpg"},{"@type":"BreadcrumbList","@id":"https:\/\/www.teletrans.com\/es\/alquiler-van-santiago-chile\/#breadcrumb","itemListElement":[{"@type":"ListItem","position":1,"name":"Portada","item":"https:\/\/www.teletrans.com\/es\/"},{"@type":"ListItem","position":2,"name":"Alquiler van Santiago, Chile"}]},{"@type":"WebSite","@id":"https:\/\/www.teletrans.com\/es\/#website","url":"https:\/\/www.teletrans.com\/es\/","name":"Teletrans","description":"","publisher":{"@id":"https:\/\/www.teletrans.com\/es\/#organization"},"potentialAction":[{"@type":"SearchAction","target":{"@type":"EntryPoint","urlTemplate":"https:\/\/www.teletrans.com\/es\/?s={search_term_string}"},"query-input":{"@type":"PropertyValueSpecification","valueRequired":true,"valueName":"search_term_string"}}],"inLanguage":"es"},{"@type":"Organization","@id":"https:\/\/www.teletrans.com\/es\/#organization","name":"Teletrans","url":"https:\/\/www.teletrans.com\/es\/","logo":{"@type":"ImageObject","inLanguage":"es","@id":"https:\/\/www.teletrans.com\/es\/#\/schema\/logo\/image\/","url":"https:\/\/www.teletrans.com\/wp-content\/uploads\/2023\/02\/logo-teletrans-svg.svg","contentUrl":"https:\/\/www.teletrans.com\/wp-content\/uploads\/2023\/02\/logo-teletrans-svg.svg","width":501,"height":166,"caption":"Teletrans"},"image":{"@id":"https:\/\/www.teletrans.com\/es\/#\/schema\/logo\/image\/"},"sameAs":["https:\/\/www.facebook.com\/profile.php?id=100034999581270","https:\/\/x.com\/TeletransChile"]}]}},"_links":{"self":[{"href":"https:\/\/www.teletrans.com\/es\/wp-json\/wp\/v2\/pages\/27312","targetHints":{"allow":["GET"]}}],"collection":[{"href":"https:\/\/www.teletrans.com\/es\/wp-json\/wp\/v2\/pages"}],"about":[{"href":"https:\/\/www.teletrans.com\/es\/wp-json\/wp\/v2\/types\/page"}],"author":[{"embeddable":true,"href":"https:\/\/www.teletrans.com\/es\/wp-json\/wp\/v2\/users\/4"}],"replies":[{"embeddable":true,"href":"https:\/\/www.teletrans.com\/es\/wp-json\/wp\/v2\/comments?post=27312"}],"version-history":[{"count":0,"href":"https:\/\/www.teletrans.com\/es\/wp-json\/wp\/v2\/pages\/27312\/revisions"}],"wp:attachment":[{"href":"https:\/\/www.teletrans.com\/es\/wp-json\/wp\/v2\/media?parent=27312"}],"wp:term":[{"taxonomy":"folder","embeddable":true,"href":"https:\/\/www.teletrans.com\/es\/wp-json\/wp\/v2\/folder?post=27312"}],"curies":[{"name":"wp","href":"https:\/\/api.w.org\/{rel}","templated":true}]}}