{"id":27311,"date":"2021-03-24T14:53:14","date_gmt":"2021-03-24T18:53:14","guid":{"rendered":"https:\/\/www.teletrans.com\/?page_id=27311"},"modified":"2023-02-07T16:16:39","modified_gmt":"2023-02-07T20:16:39","slug":"alquiler-minibus-santiago-chile","status":"publish","type":"page","link":"https:\/\/www.teletrans.com\/es\/alquiler-minibus-santiago-chile\/","title":{"rendered":"Alquiler minibus Santiago, Chile"},"content":{"rendered":"<img loading=\"lazy\" decoding=\"async\" class=\"alignnone size-full wp-image-19177\" src=\"https:\/\/www.teletrans.com\/wp-content\/uploads\/2020\/03\/arriendo-minibus.jpg\" alt=\"Alquiler Minibus Santiago, Chile\" width=\"1500\" height=\"1000\" srcset=\"https:\/\/www.teletrans.com\/wp-content\/uploads\/2020\/03\/arriendo-minibus.jpg 1500w, https:\/\/www.teletrans.com\/wp-content\/uploads\/2020\/03\/arriendo-minibus-300x200.jpg 300w, https:\/\/www.teletrans.com\/wp-content\/uploads\/2020\/03\/arriendo-minibus-1024x683.jpg 1024w, https:\/\/www.teletrans.com\/wp-content\/uploads\/2020\/03\/arriendo-minibus-768x512.jpg 768w, https:\/\/www.teletrans.com\/wp-content\/uploads\/2020\/03\/arriendo-minibus-272x182.jpg 272w\" sizes=\"auto, (max-width: 1500px) 100vw, 1500px\" \/>\n<p>El <strong>alquiler minibus Santiago, Chile<\/strong> es uno de los servicios que entrega Teletrans, empresa especialista en transporte ejecutivo desde el a\u00f1o 2004 en el mercado. Con una capacidad entre 25 y 45 pasajeros, el servicio de alquiler minibus est\u00e1 considerado para clientes que realicen eventos corporativos o viajes de negocios en la ciudad de Santiago, Chile y que necesiten un transporte ordenado y organizado en grupo, ya sea desde el aeropuerto internacional, o hacia donde necesiten reunirse para una conferencia, congreso o charla, o tambi\u00e9n para moverse dentro de la ciudad de Santiago a los lugares que necesiten durante su estad\u00eda en Chile.<\/p>\n<p>Nuestra flota de veh\u00edculos es manejada por conductores que llevan a\u00f1os en la industria del transporte ejecutivo y que conocen a cabalidad el centro de la ciudad de Santiago.<\/p>\n<p>Con una capacidad de entre 25 y 45 pasajeros, el servicio de alquiler minibus cuenta con un equipamiento de primer nivel, que otorga seguridad y comodidad a cada uno de los pasajeros que soliciten el servicio de alquiler de minibus. Adem\u00e1s, Teletrans trabaja con conductores que tienen a\u00f1os de experiencia quienes planifican la ruta solicitada por los clientes para as\u00ed cumplir con puntualidad en los traslados necesarios.<\/p>\n<h2><strong>Alquiler minibus<\/strong> <strong>para Empresas <\/strong><\/h2>\n<p>El servicio de Alquiler minibus para empresas tiene por objetivo el facilitar a los clientes que soliciten el servicio, su traslado de manera grupal, puntual y ordenada hacia donde tengan que asistir una vez lleguen a Santiago, Chile.<\/p>\n<p>Muchas veces los empresarios de diversas partes del mundo viajan por conferencias en grupos de muchas personas y no logran encontrar un servicio de traslado que les otorgue seguridad, comodidad y puntualidad, adem\u00e1s de la posibilidad de ser transportados todos juntos en un mismo veh\u00edculo desde el aeropuerto, sin ser separados sino que todos en el mismo veh\u00edculo. Es por lo anterior que el servicio de Alquiler minibus es uno de los mas solicitados ya que cuenta con todos los puntos mencionados, y adem\u00e1s todos los conductores que trabajan en este servicio de Alquiler minibus cuentan con varios a\u00f1os de experiencia, manejo de las rutas de la ciudad y est\u00e1n preparados para resolver cualquier problema que pueda surgir durante el servicio de transporte. Ya sea alg\u00fan cambio de ruta, cambio de horario o del lugar en donde se iba a realizar la reuni\u00f3n u hotel en donde los clientes se hospedar\u00edan.<\/p>\n<div style=\"padding: 56.25% 0 0 0; position: relative;\"><iframe style=\"position: absolute; top: 0; left: 0; width: 100%; height: 100%;\" src=\"https:\/\/player.vimeo.com\/video\/526687474?loop=1&amp;color=ffffff&amp;portrait=0\" frameborder=\"0\" allowfullscreen=\"allowfullscreen\"><\/iframe><\/div>\n<p><script src=\"https:\/\/player.vimeo.com\/api\/player.js\"><\/script><a href=\"https:\/\/vimeo.com\/526687474\"><strong>Alquiler Minibus Santiago, Chile<\/strong><\/a> &#8211; <a href=\"https:\/\/www.teletrans.com\/es\/donde-operamos\/\">Teletrans<\/a>.<\/p>\n<p>&nbsp;<\/p>\n<h2><strong>Alquiler Minibus en Santiago, Chile<br \/>\n<\/strong><\/h2>\n<p>Para hacer efectivo el servicio de alquiler minibus en Santiago, Chile\u00a0 , solo basta con ingresar al sitio web, hacer la reserva y desde ah\u00ed en adelante la empresa se encarga de cada uno de los detalles para que los clientes tengan una experiencia \u00fanica de transporte.<\/p>\n<p>Teletrans se encarga de organizar un itinerario para que el o los servicios de transporte requeridos como en este caso el de alquiler minibus Santiago<strong>, Chile<\/strong>, que est\u00e1 contemplado para entre 25 y 45 pasajeros, funcione sin esperas, impuntualidades, ni errores y para que los clientes que soliciten el alquiler minibus se sientan conformes con el servicio requerido.<\/p>\n<p>Reuniones en hoteles, conferencias, congresos y tambi\u00e9n visitas tur\u00edsticas que pueden ser parte de lo que los clientes necesiten durante su visita en la ciudad de Santiago, Chile.<\/p>\n<p>El alquiler minibus para empresas est\u00e1 pensado para clientes que necesiten moverse de un lado a otro dentro de la ciudad de Santiago, Chile, en un minibus que otorgue calidad, comodidad y seguridad. Lo que otorga una experiencia en transporte que hace que el servicio siempre cumpla con las expectativas de los clientes siempre.<\/p>\n<p>Los servicios ofrecidos por Teletrans, como el de <strong>alquiler minibus<\/strong> no solo funciona en <strong>Santiago, Chile<\/strong>, \u00a0sino que tambi\u00e9n en el resto de los pa\u00edses tanto en latinoam\u00e9rica como Norte Am\u00e9rica y Europa en donde opera con sus diferentes servicios entre los que se encuentra el de alquiler minibus.<\/p>\n<h2>Informaci\u00f3n adicional para tu transporte<\/h2>\n<p>En el centro de Santiago se encuentran atractivos tur\u00edsticos como el Palacio de La Moneda, la Plaza de Armas, la Catedral Metropolitana y el Paseo Ahumada. Ciudad Empresarial de Huechuraba, el principal centro financiero de la capital, desplaza al centro de Santiago y se posiciona como el quinto de Am\u00e9rica Latina. Sin embargo, ambos sectores contin\u00faan siendo los m\u00e1s populares para el turismo urbano dentro del Gran Santiago.<br \/>\nSantiago tiene un clima semi\u00e1rido fresco con patrones mediterr\u00e1neos. Las temperaturas var\u00edan durante todo el a\u00f1o desde un promedio de 20 \u00b0 C (68 \u00b0 F) en enero a 8 \u00b0 C (46 \u00b0 F) en junio y julio. Los d\u00edas de verano son calurosos, a menudo alcanzando m\u00e1s de 30 \u00b0 C (86 \u00b0 F).<br \/>\nTeletrans realiza transporte a los diferentes lugares de Santiago si lo solicitan nuestros clientes; los llevamos desde el Aeropuerto Arturo Merino Ben\u00edtez con el mejor servicio de transportes disponible en el mercado. Teletrans se adapta a todas las necesidades de usted y su empresa.<br \/>\nConocemos perfectamente el distrito financiero de nuestra ciudad, por lo que no habr\u00e1 problema en que llevemos a nuestros clientes a cualquier parte sin demoras ya que contamos con el mejor servicio de transportes del pa\u00eds.<\/p>\n","protected":false},"excerpt":{"rendered":"<p>El alquiler minibus Santiago, Chile es uno de los servicios que entrega Teletrans, empresa especialista en transporte ejecutivo desde el a\u00f1o 2004 en el mercado. Con una capacidad entre 25 y 45 pasajeros, el servicio de alquiler minibus est\u00e1 considerado para clientes que realicen eventos corporativos o viajes de negocios en la ciudad de Santiago,<\/p>\n","protected":false},"author":4,"featured_media":0,"parent":0,"menu_order":96,"comment_status":"closed","ping_status":"closed","template":"templates\/menu-lateral-page.php","meta":{"_acf_changed":false,"footnotes":""},"folder":[1545],"class_list":["post-27311","page","type-page","status-publish","hentry"],"acf":[],"yoast_head":"<!-- This site is optimized with the Yoast SEO plugin v27.4 - https:\/\/yoast.com\/product\/yoast-seo-wordpress\/ -->\n<title>Alquiler Minibus Santiago, Chile - Teletrans<\/title>\n<meta name=\"description\" content=\"Alquiler Minibus Santiago, Chile. Coordinamos el transporte para todos sus eventos. Asistencia 24 horas.\" \/>\n<meta name=\"robots\" content=\"index, follow, max-snippet:-1, max-image-preview:large, max-video-preview:-1\" \/>\n<meta property=\"og:locale\" content=\"es_ES\" \/>\n<meta property=\"og:type\" content=\"article\" \/>\n<meta property=\"og:title\" content=\"Alquiler Minibus Santiago, Chile - Teletrans\" \/>\n<meta property=\"og:description\" content=\"Alquiler Minibus Santiago, Chile. Coordinamos el transporte para todos sus eventos. Asistencia 24 horas.\" \/>\n<meta property=\"og:url\" content=\"https:\/\/www.teletrans.com\/es\/alquiler-minibus-santiago-chile\/\" \/>\n<meta property=\"og:site_name\" content=\"Teletrans\" \/>\n<meta property=\"article:publisher\" content=\"https:\/\/www.facebook.com\/profile.php?id=100034999581270\" \/>\n<meta property=\"article:modified_time\" content=\"2023-02-07T20:16:39+00:00\" \/>\n<meta property=\"og:image\" content=\"https:\/\/www.teletrans.com\/wp-content\/uploads\/2020\/03\/arriendo-minibus.jpg\" \/>\n<meta name=\"twitter:card\" content=\"summary_large_image\" \/>\n<meta name=\"twitter:site\" content=\"@TeletransChile\" \/>\n<meta name=\"twitter:label1\" content=\"Tiempo de lectura\" \/>\n\t<meta name=\"twitter:data1\" content=\"4 minutos\" \/>\n<script type=\"application\/ld+json\" class=\"yoast-schema-graph\">{\"@context\":\"https:\\\/\\\/schema.org\",\"@graph\":[{\"@type\":\"WebPage\",\"@id\":\"https:\\\/\\\/www.teletrans.com\\\/es\\\/alquiler-minibus-santiago-chile\\\/\",\"url\":\"https:\\\/\\\/www.teletrans.com\\\/es\\\/alquiler-minibus-santiago-chile\\\/\",\"name\":\"Alquiler Minibus Santiago, Chile - Teletrans\",\"isPartOf\":{\"@id\":\"https:\\\/\\\/www.teletrans.com\\\/es\\\/#website\"},\"primaryImageOfPage\":{\"@id\":\"https:\\\/\\\/www.teletrans.com\\\/es\\\/alquiler-minibus-santiago-chile\\\/#primaryimage\"},\"image\":{\"@id\":\"https:\\\/\\\/www.teletrans.com\\\/es\\\/alquiler-minibus-santiago-chile\\\/#primaryimage\"},\"thumbnailUrl\":\"https:\\\/\\\/www.teletrans.com\\\/wp-content\\\/uploads\\\/2020\\\/03\\\/arriendo-minibus.jpg\",\"datePublished\":\"2021-03-24T18:53:14+00:00\",\"dateModified\":\"2023-02-07T20:16:39+00:00\",\"description\":\"Alquiler Minibus Santiago, Chile. Coordinamos el transporte para todos sus eventos. Asistencia 24 horas.\",\"breadcrumb\":{\"@id\":\"https:\\\/\\\/www.teletrans.com\\\/es\\\/alquiler-minibus-santiago-chile\\\/#breadcrumb\"},\"inLanguage\":\"es\",\"potentialAction\":[{\"@type\":\"ReadAction\",\"target\":[\"https:\\\/\\\/www.teletrans.com\\\/es\\\/alquiler-minibus-santiago-chile\\\/\"]}]},{\"@type\":\"ImageObject\",\"inLanguage\":\"es\",\"@id\":\"https:\\\/\\\/www.teletrans.com\\\/es\\\/alquiler-minibus-santiago-chile\\\/#primaryimage\",\"url\":\"https:\\\/\\\/www.teletrans.com\\\/wp-content\\\/uploads\\\/2020\\\/03\\\/arriendo-minibus.jpg\",\"contentUrl\":\"https:\\\/\\\/www.teletrans.com\\\/wp-content\\\/uploads\\\/2020\\\/03\\\/arriendo-minibus.jpg\"},{\"@type\":\"BreadcrumbList\",\"@id\":\"https:\\\/\\\/www.teletrans.com\\\/es\\\/alquiler-minibus-santiago-chile\\\/#breadcrumb\",\"itemListElement\":[{\"@type\":\"ListItem\",\"position\":1,\"name\":\"Portada\",\"item\":\"https:\\\/\\\/www.teletrans.com\\\/es\\\/\"},{\"@type\":\"ListItem\",\"position\":2,\"name\":\"Alquiler minibus Santiago, Chile\"}]},{\"@type\":\"WebSite\",\"@id\":\"https:\\\/\\\/www.teletrans.com\\\/es\\\/#website\",\"url\":\"https:\\\/\\\/www.teletrans.com\\\/es\\\/\",\"name\":\"Teletrans\",\"description\":\"\",\"publisher\":{\"@id\":\"https:\\\/\\\/www.teletrans.com\\\/es\\\/#organization\"},\"potentialAction\":[{\"@type\":\"SearchAction\",\"target\":{\"@type\":\"EntryPoint\",\"urlTemplate\":\"https:\\\/\\\/www.teletrans.com\\\/es\\\/?s={search_term_string}\"},\"query-input\":{\"@type\":\"PropertyValueSpecification\",\"valueRequired\":true,\"valueName\":\"search_term_string\"}}],\"inLanguage\":\"es\"},{\"@type\":\"Organization\",\"@id\":\"https:\\\/\\\/www.teletrans.com\\\/es\\\/#organization\",\"name\":\"Teletrans\",\"url\":\"https:\\\/\\\/www.teletrans.com\\\/es\\\/\",\"logo\":{\"@type\":\"ImageObject\",\"inLanguage\":\"es\",\"@id\":\"https:\\\/\\\/www.teletrans.com\\\/es\\\/#\\\/schema\\\/logo\\\/image\\\/\",\"url\":\"https:\\\/\\\/www.teletrans.com\\\/wp-content\\\/uploads\\\/2023\\\/02\\\/logo-teletrans-svg.svg\",\"contentUrl\":\"https:\\\/\\\/www.teletrans.com\\\/wp-content\\\/uploads\\\/2023\\\/02\\\/logo-teletrans-svg.svg\",\"width\":501,\"height\":166,\"caption\":\"Teletrans\"},\"image\":{\"@id\":\"https:\\\/\\\/www.teletrans.com\\\/es\\\/#\\\/schema\\\/logo\\\/image\\\/\"},\"sameAs\":[\"https:\\\/\\\/www.facebook.com\\\/profile.php?id=100034999581270\",\"https:\\\/\\\/x.com\\\/TeletransChile\"]}]}<\/script>\n<!-- \/ Yoast SEO plugin. -->","yoast_head_json":{"title":"Alquiler Minibus Santiago, Chile - Teletrans","description":"Alquiler Minibus Santiago, Chile. Coordinamos el transporte para todos sus eventos. Asistencia 24 horas.","robots":{"index":"index","follow":"follow","max-snippet":"max-snippet:-1","max-image-preview":"max-image-preview:large","max-video-preview":"max-video-preview:-1"},"og_locale":"es_ES","og_type":"article","og_title":"Alquiler Minibus Santiago, Chile - Teletrans","og_description":"Alquiler Minibus Santiago, Chile. Coordinamos el transporte para todos sus eventos. Asistencia 24 horas.","og_url":"https:\/\/www.teletrans.com\/es\/alquiler-minibus-santiago-chile\/","og_site_name":"Teletrans","article_publisher":"https:\/\/www.facebook.com\/profile.php?id=100034999581270","article_modified_time":"2023-02-07T20:16:39+00:00","og_image":[{"url":"https:\/\/www.teletrans.com\/wp-content\/uploads\/2020\/03\/arriendo-minibus.jpg","type":"","width":"","height":""}],"twitter_card":"summary_large_image","twitter_site":"@TeletransChile","twitter_misc":{"Tiempo de lectura":"4 minutos"},"schema":{"@context":"https:\/\/schema.org","@graph":[{"@type":"WebPage","@id":"https:\/\/www.teletrans.com\/es\/alquiler-minibus-santiago-chile\/","url":"https:\/\/www.teletrans.com\/es\/alquiler-minibus-santiago-chile\/","name":"Alquiler Minibus Santiago, Chile - Teletrans","isPartOf":{"@id":"https:\/\/www.teletrans.com\/es\/#website"},"primaryImageOfPage":{"@id":"https:\/\/www.teletrans.com\/es\/alquiler-minibus-santiago-chile\/#primaryimage"},"image":{"@id":"https:\/\/www.teletrans.com\/es\/alquiler-minibus-santiago-chile\/#primaryimage"},"thumbnailUrl":"https:\/\/www.teletrans.com\/wp-content\/uploads\/2020\/03\/arriendo-minibus.jpg","datePublished":"2021-03-24T18:53:14+00:00","dateModified":"2023-02-07T20:16:39+00:00","description":"Alquiler Minibus Santiago, Chile. Coordinamos el transporte para todos sus eventos. Asistencia 24 horas.","breadcrumb":{"@id":"https:\/\/www.teletrans.com\/es\/alquiler-minibus-santiago-chile\/#breadcrumb"},"inLanguage":"es","potentialAction":[{"@type":"ReadAction","target":["https:\/\/www.teletrans.com\/es\/alquiler-minibus-santiago-chile\/"]}]},{"@type":"ImageObject","inLanguage":"es","@id":"https:\/\/www.teletrans.com\/es\/alquiler-minibus-santiago-chile\/#primaryimage","url":"https:\/\/www.teletrans.com\/wp-content\/uploads\/2020\/03\/arriendo-minibus.jpg","contentUrl":"https:\/\/www.teletrans.com\/wp-content\/uploads\/2020\/03\/arriendo-minibus.jpg"},{"@type":"BreadcrumbList","@id":"https:\/\/www.teletrans.com\/es\/alquiler-minibus-santiago-chile\/#breadcrumb","itemListElement":[{"@type":"ListItem","position":1,"name":"Portada","item":"https:\/\/www.teletrans.com\/es\/"},{"@type":"ListItem","position":2,"name":"Alquiler minibus Santiago, Chile"}]},{"@type":"WebSite","@id":"https:\/\/www.teletrans.com\/es\/#website","url":"https:\/\/www.teletrans.com\/es\/","name":"Teletrans","description":"","publisher":{"@id":"https:\/\/www.teletrans.com\/es\/#organization"},"potentialAction":[{"@type":"SearchAction","target":{"@type":"EntryPoint","urlTemplate":"https:\/\/www.teletrans.com\/es\/?s={search_term_string}"},"query-input":{"@type":"PropertyValueSpecification","valueRequired":true,"valueName":"search_term_string"}}],"inLanguage":"es"},{"@type":"Organization","@id":"https:\/\/www.teletrans.com\/es\/#organization","name":"Teletrans","url":"https:\/\/www.teletrans.com\/es\/","logo":{"@type":"ImageObject","inLanguage":"es","@id":"https:\/\/www.teletrans.com\/es\/#\/schema\/logo\/image\/","url":"https:\/\/www.teletrans.com\/wp-content\/uploads\/2023\/02\/logo-teletrans-svg.svg","contentUrl":"https:\/\/www.teletrans.com\/wp-content\/uploads\/2023\/02\/logo-teletrans-svg.svg","width":501,"height":166,"caption":"Teletrans"},"image":{"@id":"https:\/\/www.teletrans.com\/es\/#\/schema\/logo\/image\/"},"sameAs":["https:\/\/www.facebook.com\/profile.php?id=100034999581270","https:\/\/x.com\/TeletransChile"]}]}},"_links":{"self":[{"href":"https:\/\/www.teletrans.com\/es\/wp-json\/wp\/v2\/pages\/27311","targetHints":{"allow":["GET"]}}],"collection":[{"href":"https:\/\/www.teletrans.com\/es\/wp-json\/wp\/v2\/pages"}],"about":[{"href":"https:\/\/www.teletrans.com\/es\/wp-json\/wp\/v2\/types\/page"}],"author":[{"embeddable":true,"href":"https:\/\/www.teletrans.com\/es\/wp-json\/wp\/v2\/users\/4"}],"replies":[{"embeddable":true,"href":"https:\/\/www.teletrans.com\/es\/wp-json\/wp\/v2\/comments?post=27311"}],"version-history":[{"count":0,"href":"https:\/\/www.teletrans.com\/es\/wp-json\/wp\/v2\/pages\/27311\/revisions"}],"wp:attachment":[{"href":"https:\/\/www.teletrans.com\/es\/wp-json\/wp\/v2\/media?parent=27311"}],"wp:term":[{"taxonomy":"folder","embeddable":true,"href":"https:\/\/www.teletrans.com\/es\/wp-json\/wp\/v2\/folder?post=27311"}],"curies":[{"name":"wp","href":"https:\/\/api.w.org\/{rel}","templated":true}]}}