{"id":27308,"date":"2021-03-24T14:53:22","date_gmt":"2021-03-24T18:53:22","guid":{"rendered":"https:\/\/www.teletrans.com\/?page_id=27308"},"modified":"2026-02-25T18:46:41","modified_gmt":"2026-02-25T22:46:41","slug":"taxi-aeropuerto-santiago-chile","status":"publish","type":"page","link":"https:\/\/www.teletrans.com\/es\/taxi-aeropuerto-santiago-chile\/","title":{"rendered":"Taxi aeropuerto Santiago, Chile"},"content":{"rendered":"<p><img loading=\"lazy\" decoding=\"async\" class=\"aligncenter size-full wp-image-19237\" src=\"https:\/\/www.teletrans.com\/wp-content\/uploads\/2020\/03\/taxi-aeropuerto.jpg\" alt=\"taxi aeropuerto Santiago, Chile\" width=\"1920\" height=\"1080\" \/><br \/>\n&nbsp;<br \/>\nTeletrans ofrece un servicio de <strong>taxi aeropuerto en la ciudad de Santiago, Chile<\/strong>, que cuenta con una moderna flota de veh\u00edculos y conductores profesionales para todas sus necesidades de transporte corporativo.<\/p>\n<p>Usted podr\u00e1 solicitar un taxi aeropuerto desde el aeropuerto internacional, desde un hotel en Santiago o bien desde alguna oficina del distrito financiero. Cualquier lugar que desee Teletrans estar\u00e1 de manera puntual y profesional para asistir a todos sus necesidades de transporte corporativo.<\/p>\n<p>Lo anterior est\u00e1 pensado para clientes que buscan un servicio de primera calidad con conductores profesionales que viven y trabajan en la ciudad. Lo que asegura la llegada correcta y en el horario estipulado para cada uno de los clientes que soliciten este servicio de taxi aeropuerto .<\/p>\n<p>Reuniones en hoteles, conferencias, congresos y tambi\u00e9n visitas tur\u00edsticas a diferentes lugares llamativos de Santiago pueden ser parte de lo que los clientes necesiten durante su visita en la ciudad de Santiago, Chile. Todo lo anterior se realiza mediante el servicio de taxi aeropuerto que ofrece Teletrans.<\/p>\n<p>Desde el a\u00f1o 2004 en la industria del transporte ejecutivo, Teletrans ha logrado crecer y potenciar el servicio de taxi aeropuerto en Santiago, Chile. Alta calidad, seguridad y puntualidad es lo que distingue a la empresa en sus servicios.<\/p>\n<p>El servicio de taxi aeropuerto en Santiago, Chile, realiza los recorridos solicitados por nuestros clientes dentro de toda la ciudad, otorgando un servicio de alta calidad que promete cubrir las necesidades de todos sus clientes. El servicio de taxi aeropuerto permite a los clientes asistir a d\u00f3nde necesiten o deseen durante el tiempo que tienen programado.<\/p>\n<p>Nuestra flota de veh\u00edculos es manejada por conductores que llevan a\u00f1os en la industria del transporte ejecutivo y que conocen a cabalidad los distritos financieros y el centro de la ciudad de Santiago.<\/p>\n<h2><strong>Taxi Aeropuerto para Empresas en Santiago, Chile<\/strong><\/h2>\n<p>Con sedes a lo largo de todo el pa\u00eds, las principales ciudades latinoamericanas como Buenos Aires, Lima, R\u00edo de Janeiro, Sao Paulo, Quito, Bogot\u00e1, La Paz, Santa Cruz y Barranquilla entre otros, Teletrans destaca por su trabajo profesional, serio y puntual en donde no habr\u00e1 atrasos ni largas esperas para que los clientes puedan transportarse de un punto a otro dentro de la capital de Santiago, Chile.<\/p>\n<p>Adem\u00e1s, la comodidad que ofrece la flota para el servicio de taxi aeropuerto que tiene Teletrans, es de alto nivel. Lo que asegura altos est\u00e1ndares de calidad para cada uno de los clientes que soliciten el servicio. Teletrans cuenta con una amplia disponibilidad horaria y funciona todos los d\u00edas de la semana. Lo anterior, tambi\u00e9n incluye el servicio de transporte hacia o desde el aeropuerto a cualquier punto de la ciudad de Santiago, Chile que los clientes necesiten. La empresa se adapta a las necesidades de sus clientes y de las empresas en las que trabajan, para as\u00ed otorgar el servicio de taxi aeropuerto de primera calidad.<\/p>\n<div style=\"padding: 56.25% 0 0 0; position: relative;\"><iframe style=\"position: absolute; top: 0; left: 0; width: 100%; height: 100%;\" src=\"https:\/\/player.vimeo.com\/video\/526687531?loop=1&amp;color=ffffff&amp;portrait=0\" frameborder=\"0\" allowfullscreen=\"allowfullscreen\"><\/iframe><\/div>\n<p><script src=\"https:\/\/player.vimeo.com\/api\/player.js\"><\/script><a href=\"https:\/\/vimeo.com\/526687531\"><strong>Taxi Aeropuerto Santiago, Chile<\/strong><\/a> &#8211; <a href=\"https:\/\/www.teletrans.com\/es\/donde-operamos\/\">Teletrans<\/a>.<\/p>\n<p>&nbsp;<\/p>\n<h2><strong>Taxi Aeropuerto para reuniones de negocios <\/strong><\/h2>\n<p>Finalmente, si alguno de los clientes necesita asistir a muchas reuniones durante su estancia en Santiago, Chile, el servicio de taxi aeropuerto entregado por Teletrans es responsable de adaptarse a las agendas de nuestros clientes y de planificar un itinerario y un plan de ruta acorde a las necesidades de cada uno de los clientes de manera individual.\u00a0 Por lo anterior, la empresa asume el estricto cumplimiento del itinerario para que las reuniones programadas por nuestros clientes se lleven a cabo en el horario previamente estipulado y la visita se complete con \u00e9xito.<\/p>\n<p>De todas formas, el servicio de taxi aeropuerto contempla que el cliente luego de cualquier reuni\u00f3n o evento vuelva a su hotel o a donde estime conveniente.\u00a0 Es por esto que la forma de funcionamiento del servicio consiste en que una vez que el cliente solicita el servicio de taxi aeropuerto, el departamento de operaciones recibe el itinerario con el calendario de la agenda y es ah\u00ed en donde establece la ruta \u00f3ptima despu\u00e9s de la planificaci\u00f3n que incluye el estudio del mapa de la ciudad, rutas alternativas y horas de tr\u00e1fico m\u00e1s altas. Lo anterior con la finalidad de entregar un excelente servicio de <strong>taxi aeropuerto de la ciudad de Santiago, Chile.<\/strong><\/p>\n<h2>Informaci\u00f3n adicional para tu transporte<\/h2>\n<p>En el centro de Santiago se encuentran atractivos tur\u00edsticos como el Palacio de La Moneda, la Plaza de Armas, la Catedral Metropolitana y el Paseo Ahumada. Ciudad Empresarial de Huechuraba, el principal centro financiero de la capital, desplaza al centro de Santiago y se posiciona como el quinto de Am\u00e9rica Latina. Sin embargo, ambos sectores contin\u00faan siendo los m\u00e1s populares para el turismo urbano dentro del Gran Santiago.<br \/>\nSantiago tiene un clima semi\u00e1rido fresco con patrones mediterr\u00e1neos. Las temperaturas var\u00edan durante todo el a\u00f1o desde un promedio de 20 \u00b0 C (68 \u00b0 F) en enero a 8 \u00b0 C (46 \u00b0 F) en junio y julio. Los d\u00edas de verano son calurosos, a menudo alcanzando m\u00e1s de 30 \u00b0 C (86 \u00b0 F).<br \/>\nTeletrans realiza transporte a los diferentes lugares de Santiago si lo solicitan nuestros clientes; los llevamos desde el Aeropuerto Arturo Merino Ben\u00edtez con el mejor servicio de transportes disponible en el mercado. Teletrans se adapta a todas las necesidades de usted y su empresa.<br \/>\nConocemos perfectamente el distrito financiero de nuestra ciudad, por lo que no habr\u00e1 problema en que llevemos a nuestros clientes a cualquier parte sin demoras ya que contamos con el mejor servicio de transportes del pa\u00eds.<br \/>\n&nbsp;<br \/>\n&nbsp;<br \/>\n&nbsp;<\/p>\n","protected":false},"excerpt":{"rendered":"<p>&nbsp; Teletrans ofrece un servicio de taxi aeropuerto en la ciudad de Santiago, Chile, que cuenta con una moderna flota de veh\u00edculos y conductores profesionales para todas sus necesidades de transporte corporativo. Usted podr\u00e1 solicitar un taxi aeropuerto desde el aeropuerto internacional, desde un hotel en Santiago o bien desde alguna oficina del distrito financiero.<\/p>\n","protected":false},"author":4,"featured_media":0,"parent":0,"menu_order":93,"comment_status":"closed","ping_status":"closed","template":"templates\/menu-lateral-page.php","meta":{"_acf_changed":false,"footnotes":""},"folder":[1545],"class_list":["post-27308","page","type-page","status-publish","hentry"],"acf":[],"yoast_head":"<!-- This site is optimized with the Yoast SEO plugin v27.4 - https:\/\/yoast.com\/product\/yoast-seo-wordpress\/ -->\n<title>Taxi Aeropuerto Santiago, Chile - Teletrans<\/title>\n<meta name=\"description\" content=\"Taxi Aeropuerto Santiago, Chile. Coordinamos el transporte para todos sus eventos. Asistencia 24 horas.\" \/>\n<meta name=\"robots\" content=\"index, follow, max-snippet:-1, max-image-preview:large, max-video-preview:-1\" \/>\n<meta property=\"og:locale\" content=\"es_ES\" \/>\n<meta property=\"og:type\" content=\"article\" \/>\n<meta property=\"og:title\" content=\"Taxi Aeropuerto Santiago, Chile - Teletrans\" \/>\n<meta property=\"og:description\" content=\"Taxi Aeropuerto Santiago, Chile. Coordinamos el transporte para todos sus eventos. Asistencia 24 horas.\" \/>\n<meta property=\"og:url\" content=\"https:\/\/www.teletrans.com\/es\/taxi-aeropuerto-santiago-chile\/\" \/>\n<meta property=\"og:site_name\" content=\"Teletrans\" \/>\n<meta property=\"article:publisher\" content=\"https:\/\/www.facebook.com\/profile.php?id=100034999581270\" \/>\n<meta property=\"article:modified_time\" content=\"2026-02-25T22:46:41+00:00\" \/>\n<meta property=\"og:image\" content=\"https:\/\/www.teletrans.com\/wp-content\/uploads\/2020\/03\/taxi-aeropuerto.jpg\" \/>\n\t<meta property=\"og:image:width\" content=\"1500\" \/>\n\t<meta property=\"og:image:height\" content=\"1125\" \/>\n\t<meta property=\"og:image:type\" content=\"image\/jpeg\" \/>\n<meta name=\"twitter:card\" content=\"summary_large_image\" \/>\n<meta name=\"twitter:site\" content=\"@TeletransChile\" \/>\n<meta name=\"twitter:label1\" content=\"Tiempo de lectura\" \/>\n\t<meta name=\"twitter:data1\" content=\"5 minutos\" \/>\n<script type=\"application\/ld+json\" class=\"yoast-schema-graph\">{\"@context\":\"https:\\\/\\\/schema.org\",\"@graph\":[{\"@type\":\"WebPage\",\"@id\":\"https:\\\/\\\/www.teletrans.com\\\/es\\\/taxi-aeropuerto-santiago-chile\\\/\",\"url\":\"https:\\\/\\\/www.teletrans.com\\\/es\\\/taxi-aeropuerto-santiago-chile\\\/\",\"name\":\"Taxi Aeropuerto Santiago, Chile - Teletrans\",\"isPartOf\":{\"@id\":\"https:\\\/\\\/www.teletrans.com\\\/es\\\/#website\"},\"primaryImageOfPage\":{\"@id\":\"https:\\\/\\\/www.teletrans.com\\\/es\\\/taxi-aeropuerto-santiago-chile\\\/#primaryimage\"},\"image\":{\"@id\":\"https:\\\/\\\/www.teletrans.com\\\/es\\\/taxi-aeropuerto-santiago-chile\\\/#primaryimage\"},\"thumbnailUrl\":\"https:\\\/\\\/www.teletrans.com\\\/wp-content\\\/uploads\\\/2020\\\/03\\\/taxi-aeropuerto.jpg\",\"datePublished\":\"2021-03-24T18:53:22+00:00\",\"dateModified\":\"2026-02-25T22:46:41+00:00\",\"description\":\"Taxi Aeropuerto Santiago, Chile. Coordinamos el transporte para todos sus eventos. Asistencia 24 horas.\",\"breadcrumb\":{\"@id\":\"https:\\\/\\\/www.teletrans.com\\\/es\\\/taxi-aeropuerto-santiago-chile\\\/#breadcrumb\"},\"inLanguage\":\"es\",\"potentialAction\":[{\"@type\":\"ReadAction\",\"target\":[\"https:\\\/\\\/www.teletrans.com\\\/es\\\/taxi-aeropuerto-santiago-chile\\\/\"]}]},{\"@type\":\"ImageObject\",\"inLanguage\":\"es\",\"@id\":\"https:\\\/\\\/www.teletrans.com\\\/es\\\/taxi-aeropuerto-santiago-chile\\\/#primaryimage\",\"url\":\"https:\\\/\\\/www.teletrans.com\\\/wp-content\\\/uploads\\\/2020\\\/03\\\/taxi-aeropuerto.jpg\",\"contentUrl\":\"https:\\\/\\\/www.teletrans.com\\\/wp-content\\\/uploads\\\/2020\\\/03\\\/taxi-aeropuerto.jpg\"},{\"@type\":\"BreadcrumbList\",\"@id\":\"https:\\\/\\\/www.teletrans.com\\\/es\\\/taxi-aeropuerto-santiago-chile\\\/#breadcrumb\",\"itemListElement\":[{\"@type\":\"ListItem\",\"position\":1,\"name\":\"Portada\",\"item\":\"https:\\\/\\\/www.teletrans.com\\\/es\\\/\"},{\"@type\":\"ListItem\",\"position\":2,\"name\":\"Taxi aeropuerto Santiago, Chile\"}]},{\"@type\":\"WebSite\",\"@id\":\"https:\\\/\\\/www.teletrans.com\\\/es\\\/#website\",\"url\":\"https:\\\/\\\/www.teletrans.com\\\/es\\\/\",\"name\":\"Teletrans\",\"description\":\"\",\"publisher\":{\"@id\":\"https:\\\/\\\/www.teletrans.com\\\/es\\\/#organization\"},\"potentialAction\":[{\"@type\":\"SearchAction\",\"target\":{\"@type\":\"EntryPoint\",\"urlTemplate\":\"https:\\\/\\\/www.teletrans.com\\\/es\\\/?s={search_term_string}\"},\"query-input\":{\"@type\":\"PropertyValueSpecification\",\"valueRequired\":true,\"valueName\":\"search_term_string\"}}],\"inLanguage\":\"es\"},{\"@type\":\"Organization\",\"@id\":\"https:\\\/\\\/www.teletrans.com\\\/es\\\/#organization\",\"name\":\"Teletrans\",\"url\":\"https:\\\/\\\/www.teletrans.com\\\/es\\\/\",\"logo\":{\"@type\":\"ImageObject\",\"inLanguage\":\"es\",\"@id\":\"https:\\\/\\\/www.teletrans.com\\\/es\\\/#\\\/schema\\\/logo\\\/image\\\/\",\"url\":\"https:\\\/\\\/www.teletrans.com\\\/wp-content\\\/uploads\\\/2023\\\/02\\\/logo-teletrans-svg.svg\",\"contentUrl\":\"https:\\\/\\\/www.teletrans.com\\\/wp-content\\\/uploads\\\/2023\\\/02\\\/logo-teletrans-svg.svg\",\"width\":501,\"height\":166,\"caption\":\"Teletrans\"},\"image\":{\"@id\":\"https:\\\/\\\/www.teletrans.com\\\/es\\\/#\\\/schema\\\/logo\\\/image\\\/\"},\"sameAs\":[\"https:\\\/\\\/www.facebook.com\\\/profile.php?id=100034999581270\",\"https:\\\/\\\/x.com\\\/TeletransChile\"]}]}<\/script>\n<!-- \/ Yoast SEO plugin. -->","yoast_head_json":{"title":"Taxi Aeropuerto Santiago, Chile - Teletrans","description":"Taxi Aeropuerto Santiago, Chile. Coordinamos el transporte para todos sus eventos. Asistencia 24 horas.","robots":{"index":"index","follow":"follow","max-snippet":"max-snippet:-1","max-image-preview":"max-image-preview:large","max-video-preview":"max-video-preview:-1"},"og_locale":"es_ES","og_type":"article","og_title":"Taxi Aeropuerto Santiago, Chile - Teletrans","og_description":"Taxi Aeropuerto Santiago, Chile. Coordinamos el transporte para todos sus eventos. Asistencia 24 horas.","og_url":"https:\/\/www.teletrans.com\/es\/taxi-aeropuerto-santiago-chile\/","og_site_name":"Teletrans","article_publisher":"https:\/\/www.facebook.com\/profile.php?id=100034999581270","article_modified_time":"2026-02-25T22:46:41+00:00","og_image":[{"width":1500,"height":1125,"url":"https:\/\/www.teletrans.com\/wp-content\/uploads\/2020\/03\/taxi-aeropuerto.jpg","type":"image\/jpeg"}],"twitter_card":"summary_large_image","twitter_site":"@TeletransChile","twitter_misc":{"Tiempo de lectura":"5 minutos"},"schema":{"@context":"https:\/\/schema.org","@graph":[{"@type":"WebPage","@id":"https:\/\/www.teletrans.com\/es\/taxi-aeropuerto-santiago-chile\/","url":"https:\/\/www.teletrans.com\/es\/taxi-aeropuerto-santiago-chile\/","name":"Taxi Aeropuerto Santiago, Chile - Teletrans","isPartOf":{"@id":"https:\/\/www.teletrans.com\/es\/#website"},"primaryImageOfPage":{"@id":"https:\/\/www.teletrans.com\/es\/taxi-aeropuerto-santiago-chile\/#primaryimage"},"image":{"@id":"https:\/\/www.teletrans.com\/es\/taxi-aeropuerto-santiago-chile\/#primaryimage"},"thumbnailUrl":"https:\/\/www.teletrans.com\/wp-content\/uploads\/2020\/03\/taxi-aeropuerto.jpg","datePublished":"2021-03-24T18:53:22+00:00","dateModified":"2026-02-25T22:46:41+00:00","description":"Taxi Aeropuerto Santiago, Chile. Coordinamos el transporte para todos sus eventos. Asistencia 24 horas.","breadcrumb":{"@id":"https:\/\/www.teletrans.com\/es\/taxi-aeropuerto-santiago-chile\/#breadcrumb"},"inLanguage":"es","potentialAction":[{"@type":"ReadAction","target":["https:\/\/www.teletrans.com\/es\/taxi-aeropuerto-santiago-chile\/"]}]},{"@type":"ImageObject","inLanguage":"es","@id":"https:\/\/www.teletrans.com\/es\/taxi-aeropuerto-santiago-chile\/#primaryimage","url":"https:\/\/www.teletrans.com\/wp-content\/uploads\/2020\/03\/taxi-aeropuerto.jpg","contentUrl":"https:\/\/www.teletrans.com\/wp-content\/uploads\/2020\/03\/taxi-aeropuerto.jpg"},{"@type":"BreadcrumbList","@id":"https:\/\/www.teletrans.com\/es\/taxi-aeropuerto-santiago-chile\/#breadcrumb","itemListElement":[{"@type":"ListItem","position":1,"name":"Portada","item":"https:\/\/www.teletrans.com\/es\/"},{"@type":"ListItem","position":2,"name":"Taxi aeropuerto Santiago, Chile"}]},{"@type":"WebSite","@id":"https:\/\/www.teletrans.com\/es\/#website","url":"https:\/\/www.teletrans.com\/es\/","name":"Teletrans","description":"","publisher":{"@id":"https:\/\/www.teletrans.com\/es\/#organization"},"potentialAction":[{"@type":"SearchAction","target":{"@type":"EntryPoint","urlTemplate":"https:\/\/www.teletrans.com\/es\/?s={search_term_string}"},"query-input":{"@type":"PropertyValueSpecification","valueRequired":true,"valueName":"search_term_string"}}],"inLanguage":"es"},{"@type":"Organization","@id":"https:\/\/www.teletrans.com\/es\/#organization","name":"Teletrans","url":"https:\/\/www.teletrans.com\/es\/","logo":{"@type":"ImageObject","inLanguage":"es","@id":"https:\/\/www.teletrans.com\/es\/#\/schema\/logo\/image\/","url":"https:\/\/www.teletrans.com\/wp-content\/uploads\/2023\/02\/logo-teletrans-svg.svg","contentUrl":"https:\/\/www.teletrans.com\/wp-content\/uploads\/2023\/02\/logo-teletrans-svg.svg","width":501,"height":166,"caption":"Teletrans"},"image":{"@id":"https:\/\/www.teletrans.com\/es\/#\/schema\/logo\/image\/"},"sameAs":["https:\/\/www.facebook.com\/profile.php?id=100034999581270","https:\/\/x.com\/TeletransChile"]}]}},"_links":{"self":[{"href":"https:\/\/www.teletrans.com\/es\/wp-json\/wp\/v2\/pages\/27308","targetHints":{"allow":["GET"]}}],"collection":[{"href":"https:\/\/www.teletrans.com\/es\/wp-json\/wp\/v2\/pages"}],"about":[{"href":"https:\/\/www.teletrans.com\/es\/wp-json\/wp\/v2\/types\/page"}],"author":[{"embeddable":true,"href":"https:\/\/www.teletrans.com\/es\/wp-json\/wp\/v2\/users\/4"}],"replies":[{"embeddable":true,"href":"https:\/\/www.teletrans.com\/es\/wp-json\/wp\/v2\/comments?post=27308"}],"version-history":[{"count":8,"href":"https:\/\/www.teletrans.com\/es\/wp-json\/wp\/v2\/pages\/27308\/revisions"}],"predecessor-version":[{"id":61451,"href":"https:\/\/www.teletrans.com\/es\/wp-json\/wp\/v2\/pages\/27308\/revisions\/61451"}],"wp:attachment":[{"href":"https:\/\/www.teletrans.com\/es\/wp-json\/wp\/v2\/media?parent=27308"}],"wp:term":[{"taxonomy":"folder","embeddable":true,"href":"https:\/\/www.teletrans.com\/es\/wp-json\/wp\/v2\/folder?post=27308"}],"curies":[{"name":"wp","href":"https:\/\/api.w.org\/{rel}","templated":true}]}}