{"id":27304,"date":"2021-03-24T14:53:55","date_gmt":"2021-03-24T18:53:55","guid":{"rendered":"https:\/\/www.teletrans.com\/?page_id=27304"},"modified":"2023-02-07T16:34:32","modified_gmt":"2023-02-07T20:34:32","slug":"transporte-de-lujo-santiago-chile","status":"publish","type":"page","link":"https:\/\/www.teletrans.com\/es\/transporte-de-lujo-santiago-chile\/","title":{"rendered":"Transporte de lujo Santiago, Chile"},"content":{"rendered":"<img loading=\"lazy\" decoding=\"async\" class=\"alignnone wp-image-19280 size-full\" title=\"Transporte de lujo\" src=\"https:\/\/www.teletrans.com\/wp-content\/uploads\/2020\/03\/transporte-de-lujo.jpg\" alt=\"Transporte de lujo Santiago, Chile\" width=\"1500\" height=\"469\" \/>\n<p>Teletrans ofrece el mejor servicio de <strong>transporte de lujo en la ciudad de Santiago, Chile<\/strong> para altos ejecutivos que necesitan una atenci\u00f3n de excelencia y personalizada. Nuestros servicios se enfocan en entregar una alta calidad de servicio y por sobre todo seguridad y confianza en todos sus traslados para sus reuniones de negocios, eventos corporativos o actividades personales.<\/p>\n<p>El servicio de transporte de lujo que ofrece Teletrans se adapta a las necesidades de cada uno de nuestros clientes. Tenemos diferentes categor\u00edas de veh\u00edculos entre ellos Mercedes Benz, BMW, Audi, Chevrolet Suburban, Chevrolet Tahoe, Cadillac Escalade, entre los mas solicitados. Todos nuestros veh\u00edculos de lujo son de alta gama y est\u00e1n pensado para altos ejecutivos, embajadas o personas naturales que tengan eventos corporativos o reuniones de negocios en diversos lugares de la ciudad de Santiago, Chile.<\/p>\n<p>Reuniones en hoteles, conferencias, congresos y tambi\u00e9n visitas tur\u00edsticas a diferentes lugares llamativos de Santiago que pueden ser parte de lo que los clientes necesiten durante su visita en la ciudad de Santiago, Chile.<\/p>\n<p>Para confirmar un servicio de transporte de lujo, solo tiene que contactarse con nuestro equipo de reservas el cual lo asistir\u00e1 y le dar\u00e1 la mejor opci\u00f3n de acuerdo a sus requerimientos. Teletrans se encargar\u00e1 de cada uno de los detalles para que tenga una experiencia \u00fanica y \u00f3ptimo servicio de transporte de lujo.<\/p>\n<h2><strong>Transporte de lujo en Santiago, Chile<\/strong><\/h2>\n<p>Teletrans tiene un exclusivo servicio de transporte de lujo para empresas nacionales e internacionales, embajadas y entidades gubernamentales que necesiten de veh\u00edculos de alta gama con conductores biling\u00fce en la ciudad de Santiago y alrededores de Chile.<\/p>\n<p>Este servicio est\u00e1 pensado para clientes que necesiten moverse en al ciudad de Santiago en un auto de lujo que otorgue calidad, comodidad y por sobre todo seguridad. Nuestra flota de veh\u00edculos es manejada por conductores que llevan a\u00f1os en la industria del transporte ejecutivo y que conocen a cabalidad los distritos financieros y el centro de la ciudad de Santiago.<\/p>\n<p>Nuestros equipos de operaciones, reservas y conductores planifican el itinerario acorde a las rutas y tiempos solicitados por nuestros clientes. As\u00ed aseguramos que tenga un optimo y exitoso viaje de negocio en nuestro pa\u00eds.<\/p>\n<div style=\"padding: 56.25% 0 0 0; position: relative;\"><iframe style=\"position: absolute; top: 0; left: 0; width: 100%; height: 100%;\" src=\"https:\/\/player.vimeo.com\/video\/526687644?loop=1&amp;color=ffffff&amp;portrait=0\" frameborder=\"0\" allowfullscreen=\"allowfullscreen\"><\/iframe><\/div>\n<p><script src=\"https:\/\/player.vimeo.com\/api\/player.js\"><\/script><a href=\"https:\/\/vimeo.com\/526687644\"><strong>Transporte de lujo Santiago, Chile<\/strong><\/a> &#8211; <a href=\"https:\/\/www.teletrans.com\/es\/donde-operamos\/\">Teletrans<\/a>.<\/p>\n<p>&nbsp;<\/p>\n<h2><strong>Transporte de Lujo para altos ejecutivos y visitas internacionales <\/strong><\/h2>\n<p>Para los servicios de transporte de lujo, Teletrans trabaja con un equipo de conductores biling\u00fces altamente calificados y que conocen en profundidad la ciudad de Santiago, Chile . Velamos por cada detalle del servicio poniendo mucho \u00e9nfasis en la puntualidad y seguridad para los servicios que ofrecemos a los ejecutivos de negocios y\u00a0 visitas internacionales.<\/p>\n<p>Nuestro equipo de reservas responder\u00e1 de inmediato su solicitud con toda el detalle del servicio, incluyendo la informaci\u00f3n del conductor, veh\u00edculo y detalle del servicio. El transporte de lujo es uno de los servicios m\u00e1s solicitados por altos ejecutivos de empresas internacionales que vienen a Chile para asistir a reuniones de negocios, congresos o eventos corporativos.<\/p>\n<p>Usted podr\u00e1 solicitar un veh\u00edculo de lujo desde el aeropuerto internacional, desde un Hotel en Santiago o bien desde alguna oficina del distrito financiero. Cualquier lugar que desee Teletrans estar\u00e1 de manera puntual y profesional para asistir a todos sus necesidades de transporte corporativo.<\/p>\n<p>Finalmente la empresa se compromete a entregar la mejor experiencia en el transporte de lujo para cada uno de sus pasajeros a lo largo de todo el pa\u00eds. Teletrans entrega un servicio de primera calidad con veh\u00edculos de alta gama de acuerdo a sus expectativas. Altos ejecutivos, comitivas internacionales y CEO de grandes empresas internacionales a nivel mundial conf\u00edan en la calidad, compromiso y seguridad que otorga Teletrans desde el a\u00f1o 2004. Puntualidad y seguridad son dos conceptos que identifican a Teletrans en la industria del transporte ejecutivo y de lujo en la ciudad de Santiago, Chile.<\/p>\n<h2>Informaci\u00f3n adicional para tu transporte<\/h2>\n<p>En el centro de Santiago se encuentran atractivos tur\u00edsticos como el Palacio de La Moneda, la Plaza de Armas, la Catedral Metropolitana y el Paseo Ahumada. Ciudad Empresarial de Huechuraba, el principal centro financiero de la capital, desplaza al centro de Santiago y se posiciona como el quinto de Am\u00e9rica Latina. Sin embargo, ambos sectores contin\u00faan siendo los m\u00e1s populares para el turismo urbano dentro del Gran Santiago.<br \/>\nSantiago tiene un clima semi\u00e1rido fresco con patrones mediterr\u00e1neos. Las temperaturas var\u00edan durante todo el a\u00f1o desde un promedio de 20 \u00b0 C (68 \u00b0 F) en enero a 8 \u00b0 C (46 \u00b0 F) en junio y julio. Los d\u00edas de verano son calurosos, a menudo alcanzando m\u00e1s de 30 \u00b0 C (86 \u00b0 F).<br \/>\nTeletrans realiza transporte a los diferentes lugares de Santiago si lo solicitan nuestros clientes; los llevamos desde el Aeropuerto Arturo Merino Ben\u00edtez con el mejor servicio de transportes disponible en el mercado. Teletrans se adapta a todas las necesidades de usted y su empresa.<br \/>\nConocemos perfectamente el distrito financiero de nuestra ciudad, por lo que no habr\u00e1 problema en que llevemos a nuestros clientes a cualquier parte sin demoras ya que contamos con el mejor servicio de transportes del pa\u00eds.<\/p>\n","protected":false},"excerpt":{"rendered":"<p>Teletrans ofrece el mejor servicio de transporte de lujo en la ciudad de Santiago, Chile para altos ejecutivos que necesitan una atenci\u00f3n de excelencia y personalizada. Nuestros servicios se enfocan en entregar una alta calidad de servicio y por sobre todo seguridad y confianza en todos sus traslados para sus reuniones de negocios, eventos corporativos<\/p>\n","protected":false},"author":4,"featured_media":0,"parent":0,"menu_order":89,"comment_status":"closed","ping_status":"closed","template":"templates\/menu-lateral-page.php","meta":{"_acf_changed":false,"footnotes":""},"folder":[1545],"class_list":["post-27304","page","type-page","status-publish","hentry"],"acf":[],"yoast_head":"<!-- This site is optimized with the Yoast SEO plugin v27.4 - https:\/\/yoast.com\/product\/yoast-seo-wordpress\/ -->\n<title>Transporte de lujo Santiago, Chile | Transporte privado | Teletrans<\/title>\n<meta name=\"description\" content=\"Transporte de lujo Santiago, Chile. Organizamos y coordinamos el transporte para todos sus eventos. Moderna flota, asistencia 24 horas.\" \/>\n<meta name=\"robots\" content=\"index, follow, max-snippet:-1, max-image-preview:large, max-video-preview:-1\" \/>\n<meta property=\"og:locale\" content=\"es_ES\" \/>\n<meta property=\"og:type\" content=\"article\" \/>\n<meta property=\"og:title\" content=\"Transporte de lujo Santiago, Chile | Transporte privado | Teletrans\" \/>\n<meta property=\"og:description\" content=\"Transporte de lujo Santiago, Chile. Organizamos y coordinamos el transporte para todos sus eventos. Moderna flota, asistencia 24 horas.\" \/>\n<meta property=\"og:url\" content=\"https:\/\/www.teletrans.com\/es\/transporte-de-lujo-santiago-chile\/\" \/>\n<meta property=\"og:site_name\" content=\"Teletrans\" \/>\n<meta property=\"article:publisher\" content=\"https:\/\/www.facebook.com\/profile.php?id=100034999581270\" \/>\n<meta property=\"article:modified_time\" content=\"2023-02-07T20:34:32+00:00\" \/>\n<meta property=\"og:image\" content=\"https:\/\/www.teletrans.com\/wp-content\/uploads\/2020\/03\/transporte-de-lujo.jpg\" \/>\n<meta name=\"twitter:card\" content=\"summary_large_image\" \/>\n<meta name=\"twitter:site\" content=\"@TeletransChile\" \/>\n<meta name=\"twitter:label1\" content=\"Tiempo de lectura\" \/>\n\t<meta name=\"twitter:data1\" content=\"4 minutos\" \/>\n<script type=\"application\/ld+json\" class=\"yoast-schema-graph\">{\"@context\":\"https:\\\/\\\/schema.org\",\"@graph\":[{\"@type\":\"WebPage\",\"@id\":\"https:\\\/\\\/www.teletrans.com\\\/es\\\/transporte-de-lujo-santiago-chile\\\/\",\"url\":\"https:\\\/\\\/www.teletrans.com\\\/es\\\/transporte-de-lujo-santiago-chile\\\/\",\"name\":\"Transporte de lujo Santiago, Chile | Transporte privado | Teletrans\",\"isPartOf\":{\"@id\":\"https:\\\/\\\/www.teletrans.com\\\/es\\\/#website\"},\"primaryImageOfPage\":{\"@id\":\"https:\\\/\\\/www.teletrans.com\\\/es\\\/transporte-de-lujo-santiago-chile\\\/#primaryimage\"},\"image\":{\"@id\":\"https:\\\/\\\/www.teletrans.com\\\/es\\\/transporte-de-lujo-santiago-chile\\\/#primaryimage\"},\"thumbnailUrl\":\"https:\\\/\\\/www.teletrans.com\\\/wp-content\\\/uploads\\\/2020\\\/03\\\/transporte-de-lujo.jpg\",\"datePublished\":\"2021-03-24T18:53:55+00:00\",\"dateModified\":\"2023-02-07T20:34:32+00:00\",\"description\":\"Transporte de lujo Santiago, Chile. Organizamos y coordinamos el transporte para todos sus eventos. Moderna flota, asistencia 24 horas.\",\"breadcrumb\":{\"@id\":\"https:\\\/\\\/www.teletrans.com\\\/es\\\/transporte-de-lujo-santiago-chile\\\/#breadcrumb\"},\"inLanguage\":\"es\",\"potentialAction\":[{\"@type\":\"ReadAction\",\"target\":[\"https:\\\/\\\/www.teletrans.com\\\/es\\\/transporte-de-lujo-santiago-chile\\\/\"]}]},{\"@type\":\"ImageObject\",\"inLanguage\":\"es\",\"@id\":\"https:\\\/\\\/www.teletrans.com\\\/es\\\/transporte-de-lujo-santiago-chile\\\/#primaryimage\",\"url\":\"https:\\\/\\\/www.teletrans.com\\\/wp-content\\\/uploads\\\/2020\\\/03\\\/transporte-de-lujo.jpg\",\"contentUrl\":\"https:\\\/\\\/www.teletrans.com\\\/wp-content\\\/uploads\\\/2020\\\/03\\\/transporte-de-lujo.jpg\"},{\"@type\":\"BreadcrumbList\",\"@id\":\"https:\\\/\\\/www.teletrans.com\\\/es\\\/transporte-de-lujo-santiago-chile\\\/#breadcrumb\",\"itemListElement\":[{\"@type\":\"ListItem\",\"position\":1,\"name\":\"Portada\",\"item\":\"https:\\\/\\\/www.teletrans.com\\\/es\\\/\"},{\"@type\":\"ListItem\",\"position\":2,\"name\":\"Transporte de lujo Santiago, Chile\"}]},{\"@type\":\"WebSite\",\"@id\":\"https:\\\/\\\/www.teletrans.com\\\/es\\\/#website\",\"url\":\"https:\\\/\\\/www.teletrans.com\\\/es\\\/\",\"name\":\"Teletrans\",\"description\":\"\",\"publisher\":{\"@id\":\"https:\\\/\\\/www.teletrans.com\\\/es\\\/#organization\"},\"potentialAction\":[{\"@type\":\"SearchAction\",\"target\":{\"@type\":\"EntryPoint\",\"urlTemplate\":\"https:\\\/\\\/www.teletrans.com\\\/es\\\/?s={search_term_string}\"},\"query-input\":{\"@type\":\"PropertyValueSpecification\",\"valueRequired\":true,\"valueName\":\"search_term_string\"}}],\"inLanguage\":\"es\"},{\"@type\":\"Organization\",\"@id\":\"https:\\\/\\\/www.teletrans.com\\\/es\\\/#organization\",\"name\":\"Teletrans\",\"url\":\"https:\\\/\\\/www.teletrans.com\\\/es\\\/\",\"logo\":{\"@type\":\"ImageObject\",\"inLanguage\":\"es\",\"@id\":\"https:\\\/\\\/www.teletrans.com\\\/es\\\/#\\\/schema\\\/logo\\\/image\\\/\",\"url\":\"https:\\\/\\\/www.teletrans.com\\\/wp-content\\\/uploads\\\/2023\\\/02\\\/logo-teletrans-svg.svg\",\"contentUrl\":\"https:\\\/\\\/www.teletrans.com\\\/wp-content\\\/uploads\\\/2023\\\/02\\\/logo-teletrans-svg.svg\",\"width\":501,\"height\":166,\"caption\":\"Teletrans\"},\"image\":{\"@id\":\"https:\\\/\\\/www.teletrans.com\\\/es\\\/#\\\/schema\\\/logo\\\/image\\\/\"},\"sameAs\":[\"https:\\\/\\\/www.facebook.com\\\/profile.php?id=100034999581270\",\"https:\\\/\\\/x.com\\\/TeletransChile\"]}]}<\/script>\n<!-- \/ Yoast SEO plugin. -->","yoast_head_json":{"title":"Transporte de lujo Santiago, Chile | Transporte privado | Teletrans","description":"Transporte de lujo Santiago, Chile. Organizamos y coordinamos el transporte para todos sus eventos. Moderna flota, asistencia 24 horas.","robots":{"index":"index","follow":"follow","max-snippet":"max-snippet:-1","max-image-preview":"max-image-preview:large","max-video-preview":"max-video-preview:-1"},"og_locale":"es_ES","og_type":"article","og_title":"Transporte de lujo Santiago, Chile | Transporte privado | Teletrans","og_description":"Transporte de lujo Santiago, Chile. Organizamos y coordinamos el transporte para todos sus eventos. Moderna flota, asistencia 24 horas.","og_url":"https:\/\/www.teletrans.com\/es\/transporte-de-lujo-santiago-chile\/","og_site_name":"Teletrans","article_publisher":"https:\/\/www.facebook.com\/profile.php?id=100034999581270","article_modified_time":"2023-02-07T20:34:32+00:00","og_image":[{"url":"https:\/\/www.teletrans.com\/wp-content\/uploads\/2020\/03\/transporte-de-lujo.jpg","type":"","width":"","height":""}],"twitter_card":"summary_large_image","twitter_site":"@TeletransChile","twitter_misc":{"Tiempo de lectura":"4 minutos"},"schema":{"@context":"https:\/\/schema.org","@graph":[{"@type":"WebPage","@id":"https:\/\/www.teletrans.com\/es\/transporte-de-lujo-santiago-chile\/","url":"https:\/\/www.teletrans.com\/es\/transporte-de-lujo-santiago-chile\/","name":"Transporte de lujo Santiago, Chile | Transporte privado | Teletrans","isPartOf":{"@id":"https:\/\/www.teletrans.com\/es\/#website"},"primaryImageOfPage":{"@id":"https:\/\/www.teletrans.com\/es\/transporte-de-lujo-santiago-chile\/#primaryimage"},"image":{"@id":"https:\/\/www.teletrans.com\/es\/transporte-de-lujo-santiago-chile\/#primaryimage"},"thumbnailUrl":"https:\/\/www.teletrans.com\/wp-content\/uploads\/2020\/03\/transporte-de-lujo.jpg","datePublished":"2021-03-24T18:53:55+00:00","dateModified":"2023-02-07T20:34:32+00:00","description":"Transporte de lujo Santiago, Chile. Organizamos y coordinamos el transporte para todos sus eventos. Moderna flota, asistencia 24 horas.","breadcrumb":{"@id":"https:\/\/www.teletrans.com\/es\/transporte-de-lujo-santiago-chile\/#breadcrumb"},"inLanguage":"es","potentialAction":[{"@type":"ReadAction","target":["https:\/\/www.teletrans.com\/es\/transporte-de-lujo-santiago-chile\/"]}]},{"@type":"ImageObject","inLanguage":"es","@id":"https:\/\/www.teletrans.com\/es\/transporte-de-lujo-santiago-chile\/#primaryimage","url":"https:\/\/www.teletrans.com\/wp-content\/uploads\/2020\/03\/transporte-de-lujo.jpg","contentUrl":"https:\/\/www.teletrans.com\/wp-content\/uploads\/2020\/03\/transporte-de-lujo.jpg"},{"@type":"BreadcrumbList","@id":"https:\/\/www.teletrans.com\/es\/transporte-de-lujo-santiago-chile\/#breadcrumb","itemListElement":[{"@type":"ListItem","position":1,"name":"Portada","item":"https:\/\/www.teletrans.com\/es\/"},{"@type":"ListItem","position":2,"name":"Transporte de lujo Santiago, Chile"}]},{"@type":"WebSite","@id":"https:\/\/www.teletrans.com\/es\/#website","url":"https:\/\/www.teletrans.com\/es\/","name":"Teletrans","description":"","publisher":{"@id":"https:\/\/www.teletrans.com\/es\/#organization"},"potentialAction":[{"@type":"SearchAction","target":{"@type":"EntryPoint","urlTemplate":"https:\/\/www.teletrans.com\/es\/?s={search_term_string}"},"query-input":{"@type":"PropertyValueSpecification","valueRequired":true,"valueName":"search_term_string"}}],"inLanguage":"es"},{"@type":"Organization","@id":"https:\/\/www.teletrans.com\/es\/#organization","name":"Teletrans","url":"https:\/\/www.teletrans.com\/es\/","logo":{"@type":"ImageObject","inLanguage":"es","@id":"https:\/\/www.teletrans.com\/es\/#\/schema\/logo\/image\/","url":"https:\/\/www.teletrans.com\/wp-content\/uploads\/2023\/02\/logo-teletrans-svg.svg","contentUrl":"https:\/\/www.teletrans.com\/wp-content\/uploads\/2023\/02\/logo-teletrans-svg.svg","width":501,"height":166,"caption":"Teletrans"},"image":{"@id":"https:\/\/www.teletrans.com\/es\/#\/schema\/logo\/image\/"},"sameAs":["https:\/\/www.facebook.com\/profile.php?id=100034999581270","https:\/\/x.com\/TeletransChile"]}]}},"_links":{"self":[{"href":"https:\/\/www.teletrans.com\/es\/wp-json\/wp\/v2\/pages\/27304","targetHints":{"allow":["GET"]}}],"collection":[{"href":"https:\/\/www.teletrans.com\/es\/wp-json\/wp\/v2\/pages"}],"about":[{"href":"https:\/\/www.teletrans.com\/es\/wp-json\/wp\/v2\/types\/page"}],"author":[{"embeddable":true,"href":"https:\/\/www.teletrans.com\/es\/wp-json\/wp\/v2\/users\/4"}],"replies":[{"embeddable":true,"href":"https:\/\/www.teletrans.com\/es\/wp-json\/wp\/v2\/comments?post=27304"}],"version-history":[{"count":0,"href":"https:\/\/www.teletrans.com\/es\/wp-json\/wp\/v2\/pages\/27304\/revisions"}],"wp:attachment":[{"href":"https:\/\/www.teletrans.com\/es\/wp-json\/wp\/v2\/media?parent=27304"}],"wp:term":[{"taxonomy":"folder","embeddable":true,"href":"https:\/\/www.teletrans.com\/es\/wp-json\/wp\/v2\/folder?post=27304"}],"curies":[{"name":"wp","href":"https:\/\/api.w.org\/{rel}","templated":true}]}}