{"id":27299,"date":"2021-03-24T14:54:05","date_gmt":"2021-03-24T18:54:05","guid":{"rendered":"https:\/\/www.teletrans.com\/?page_id=27299"},"modified":"2023-02-07T16:32:43","modified_gmt":"2023-02-07T20:32:43","slug":"transporte-corporativo-santiago-chile","status":"publish","type":"page","link":"https:\/\/www.teletrans.com\/es\/transporte-corporativo-santiago-chile\/","title":{"rendered":"Transporte corporativo Santiago, Chile"},"content":{"rendered":"<img loading=\"lazy\" decoding=\"async\" class=\"alignnone size-full wp-image-19249\" src=\"https:\/\/www.teletrans.com\/wp-content\/uploads\/2021\/03\/transporte-corporativo.jpg\" alt=\"Transporte corporativo Santiago, Chile\" width=\"1500\" height=\"923\" \/>\n<p>Somos expertos en el <b>transporte corporativo en Santiago, Chile<\/b>, cumplimos con sus horarios, log\u00edstica y cualquier plan que tenga. El servicio de Transporte Corporativo, establece una ruta \u00f3ptima luego de revisar el estudio del mapa de la ciudad, rutas alternativas y horarios de mayor tr\u00e1fico.<\/p>\n<p>Cabe destacar que tenemos diferentes prioridades para lograr dicha satisfacci\u00f3n; nos interesa notablemente entregarle calidad, seguridad, compromiso y estar ah\u00ed cada vez que necesite un excelente y completo transporte ejecutivo en Santiago, Chile. Porque queremos el \u00e9xito de sus negocios, y eso comienza con puntualidad, seguridad y confortabilidad.<\/p>\n<p>Teletrans ofrece el mejor servicio de transporte corporativo a disposici\u00f3n de acuerdo a los requerimientos de su empresa. Del\u00e9guenos la responsabilidad de estar con su ejecutivo durante sus reuniones de negocios en la ciudad de Santiago, Chile. Incluimos planificaci\u00f3n de ruta e imagen corporativa de su empresa.<\/p>\n<p>Nuestra flota de veh\u00edculos es manejada por conductores que llevan a\u00f1os en la industria del transporte ejecutivo y que conocen a cabalidad los distritos financieros y el centro de la ciudad de Santiago.<\/p>\n<p>Numerosos ejecutivos internacionales planean sus reuniones por el d\u00eda, para luego regresar al Aeropuerto en horas de la tarde y tomar el \u00faltimo vuelo en la ciudad de Santiago, Chile. Tomamos bajo nuestra responsabilidad el estricto cumplimiento del itinerario para que las reuniones programadas sean cumplidas de manera eficiente y culminar con \u00e9xito la visita.<\/p>\n<p>Nuestro departamento de operaciones recibe el itinerario con el timing de la agenda y establece la ruta \u00f3ptima luego de una planificaci\u00f3n que contempla el estudio del mapa de la ciudad, rutas alternativas y horas de mayor tr\u00e1fico.<\/p>\n<p>El servicio de transporte corporativo en Santiago, Chile que ofrece Teletrans es principalmente para clientes que buscan conductores profesionales, amables y expertos en el transporte corporativo. Nuestras prioridades son la alta calidad y por sobre todo una completa seguridad en los traslados para nuestros pasajeros que necesitan de un transporte ejecutivo. Aseguramos un servicio de alta calidad con las necesidades de nuestros clientes, adem\u00e1s de adaptarnos a las necesidades de su empresa.<\/p>\n<h2><strong>Transporte <\/strong>Corporativo <strong>para Empresas en Santiago, Chile<\/strong><\/h2>\n<p>Nuestra empresa es l\u00edder en servicio de transporte corporativo, y ofrece asistencia de alta calidad en cuanto a conductores profesionales, biling\u00fces y corteses, que conocen las rutas a la perfecci\u00f3n, pues viven y trabajan en las \u00e1reas circundantes; adem\u00e1s de una amplia gama de veh\u00edculos que le dar\u00e1n el transporte corporativo que est\u00e1 buscando. Aseguramos entonces, un servicio de transporte corporativo de alta calidad que satisface las necesidades de todos nuestros clientes.<\/p>\n<p>Teletrans ofrece el mejor servicio de transporte corporativo para personas de negocios que tienen que asistir a muchas reuniones en un d\u00eda. Nuestro servicio es puntual y profesional y se rige absolutamente de acuerdo con las agendas de nuestros clientes.<\/p>\n<p>Usted podr\u00e1 solicitar un veh\u00edculo de lujo desde el aeropuerto internacional, desde un hotel en Santiago o bien desde alguna oficina del distrito financiero. Cualquier lugar que desee Teletrans estar\u00e1 de manera puntual y profesional para asistir a todos sus necesidades de transporte corporativo.<\/p>\n<p>En Teletrans tenemos el servicio de disposici\u00f3n por hora, todos los d\u00edas de a\u00f1o, las 24 horas del d\u00eda. Realizamos transporte a los diferentes puntos que solicitan nuestros clientes que asisten a sus reuniones de negocios, congresos, almuerzos o cenas.<\/p>\n<div style=\"padding: 56.25% 0 0 0; position: relative;\"><iframe style=\"position: absolute; top: 0; left: 0; width: 100%; height: 100%;\" src=\"https:\/\/player.vimeo.com\/video\/526687615?loop=1&amp;color=ffffff&amp;portrait=0\" frameborder=\"0\" allowfullscreen=\"allowfullscreen\"><\/iframe><\/div>\n<p><script src=\"https:\/\/player.vimeo.com\/api\/player.js\"><\/script><a href=\"https:\/\/vimeo.com\/526687615\"><strong>Transporte corporativo Santiago, Chile<\/strong><\/a> &#8211; <a href=\"https:\/\/www.teletrans.com\/es\/donde-operamos\/\">Teletrans<\/a>.<\/p>\n<p>&nbsp;<\/p>\n<h2><strong>El mejor servicio de transporte corporativo en S<\/strong><strong>antiago, Chile<\/strong><\/h2>\n<p>Conocemos perfectamente el distrito financiero de la ciudad de Santiago, por lo que no habr\u00e1 problemas para pedirnos que llevemos a nuestros clientes a cualquier parte sin demoras, ya que tenemos el mejor servicio de Transporte Corporativo. Le aseguramos profesionalidad, discreci\u00f3n, confidencialidad y puntualidad en todos los traslados que realizamos. Esto con el fin de proporcionar el mejor transporte corporativo en nuestra ciudad.<\/p>\n<p>Conocemos la importancia de los detalles en la industria del transporte corporativo, por lo que nos preocupamos de que nuestros clientes est\u00e9n c\u00f3modos para que tengan la mejor experiencia en Transporte Corporativo durante su viaje.<\/p>\n<p>Ya sea que necesite un traslado al aeropuerto o transporte para un Roadshow, una reuni\u00f3n o un evento, tenemos una moderna flota de veh\u00edculos de lujo y ejecutivos listos y esperando por usted en la ciudad de Santiago, Chile. Su conductor estar\u00e1 donde y cuando lo necesite de manera cort\u00e9s, tranquilo, atento y un experto en el autom\u00f3vil.<\/p>\n<p><strong>Transporte corporativo<\/strong> para reuniones en hoteles, conferencias, congresos y tambi\u00e9n visitas tur\u00edsticas a lugares llamativos de Santiago que pueden ser parte de lo que los clientes necesiten durante su visita <strong>en la ciudad de Santiago, Chile.<\/strong><\/p>\n<p>Prometemos el mejor servicio de alta calidad en transporte corporativo. Conf\u00ede en nuestra compa\u00f1\u00eda para el mejor servicio que puede tener en Chile. Usted y sus clientes tendr\u00e1n la mejor experiencia en la ciudad, se sentir\u00e1n como en casa y les prometemos el viaje m\u00e1s agradable de todos.<\/p>\n<h2>Informaci\u00f3n adicional para tu transporte<\/h2>\n<p>En el centro de Santiago se encuentran atractivos tur\u00edsticos como el Palacio de La Moneda, la Plaza de Armas, la Catedral Metropolitana y el Paseo Ahumada. Ciudad Empresarial de Huechuraba, el principal centro financiero de la capital, desplaza al centro de Santiago y se posiciona como el quinto de Am\u00e9rica Latina. Sin embargo, ambos sectores contin\u00faan siendo los m\u00e1s populares para el turismo urbano dentro del Gran Santiago.<br \/>\nSantiago tiene un clima semi\u00e1rido fresco con patrones mediterr\u00e1neos. Las temperaturas var\u00edan durante todo el a\u00f1o desde un promedio de 20 \u00b0 C (68 \u00b0 F) en enero a 8 \u00b0 C (46 \u00b0 F) en junio y julio. Los d\u00edas de verano son calurosos, a menudo alcanzando m\u00e1s de 30 \u00b0 C (86 \u00b0 F).<br \/>\nTeletrans realiza transporte a los diferentes lugares de Santiago si lo solicitan nuestros clientes; los llevamos desde el Aeropuerto Arturo Merino Ben\u00edtez con el mejor servicio de transportes disponible en el mercado. Teletrans se adapta a todas las necesidades de usted y su empresa.<br \/>\nConocemos perfectamente el distrito financiero de nuestra ciudad, por lo que no habr\u00e1 problema en que llevemos a nuestros clientes a cualquier parte sin demoras ya que contamos con el mejor servicio de transportes del pa\u00eds.<\/p>\n","protected":false},"excerpt":{"rendered":"<p>Somos expertos en el transporte corporativo en Santiago, Chile, cumplimos con sus horarios, log\u00edstica y cualquier plan que tenga. El servicio de Transporte Corporativo, establece una ruta \u00f3ptima luego de revisar el estudio del mapa de la ciudad, rutas alternativas y horarios de mayor tr\u00e1fico. Cabe destacar que tenemos diferentes prioridades para lograr dicha satisfacci\u00f3n;<\/p>\n","protected":false},"author":4,"featured_media":0,"parent":0,"menu_order":84,"comment_status":"closed","ping_status":"closed","template":"templates\/menu-lateral-page.php","meta":{"_acf_changed":false,"footnotes":""},"folder":[1545],"class_list":["post-27299","page","type-page","status-publish","hentry"],"acf":[],"yoast_head":"<!-- This site is optimized with the Yoast SEO plugin v27.4 - https:\/\/yoast.com\/product\/yoast-seo-wordpress\/ -->\n<title>Transporte corporativo Santiago, Chile | Teletrans<\/title>\n<meta name=\"description\" content=\"El mejor servicio de transporte corporativo Santiago, Chile. Moderna flota, conductores biling\u00fces. Asistencia 24 horas.\" \/>\n<meta name=\"robots\" content=\"index, follow, max-snippet:-1, max-image-preview:large, max-video-preview:-1\" \/>\n<meta property=\"og:locale\" content=\"es_ES\" \/>\n<meta property=\"og:type\" content=\"article\" \/>\n<meta property=\"og:title\" content=\"Transporte corporativo Santiago, Chile | Teletrans\" \/>\n<meta property=\"og:description\" content=\"El mejor servicio de transporte corporativo Santiago, Chile. Moderna flota, conductores biling\u00fces. Asistencia 24 horas.\" \/>\n<meta property=\"og:url\" content=\"https:\/\/www.teletrans.com\/es\/transporte-corporativo-santiago-chile\/\" \/>\n<meta property=\"og:site_name\" content=\"Teletrans\" \/>\n<meta property=\"article:publisher\" content=\"https:\/\/www.facebook.com\/profile.php?id=100034999581270\" \/>\n<meta property=\"article:modified_time\" content=\"2023-02-07T20:32:43+00:00\" \/>\n<meta property=\"og:image\" content=\"https:\/\/www.teletrans.com\/wp-content\/uploads\/2021\/03\/transporte-corporativo.jpg\" \/>\n<meta name=\"twitter:card\" content=\"summary_large_image\" \/>\n<meta name=\"twitter:site\" content=\"@TeletransChile\" \/>\n<meta name=\"twitter:label1\" content=\"Tiempo de lectura\" \/>\n\t<meta name=\"twitter:data1\" content=\"5 minutos\" \/>\n<script type=\"application\/ld+json\" class=\"yoast-schema-graph\">{\"@context\":\"https:\\\/\\\/schema.org\",\"@graph\":[{\"@type\":\"WebPage\",\"@id\":\"https:\\\/\\\/www.teletrans.com\\\/es\\\/transporte-corporativo-santiago-chile\\\/\",\"url\":\"https:\\\/\\\/www.teletrans.com\\\/es\\\/transporte-corporativo-santiago-chile\\\/\",\"name\":\"Transporte corporativo Santiago, Chile | Teletrans\",\"isPartOf\":{\"@id\":\"https:\\\/\\\/www.teletrans.com\\\/es\\\/#website\"},\"primaryImageOfPage\":{\"@id\":\"https:\\\/\\\/www.teletrans.com\\\/es\\\/transporte-corporativo-santiago-chile\\\/#primaryimage\"},\"image\":{\"@id\":\"https:\\\/\\\/www.teletrans.com\\\/es\\\/transporte-corporativo-santiago-chile\\\/#primaryimage\"},\"thumbnailUrl\":\"https:\\\/\\\/www.teletrans.com\\\/wp-content\\\/uploads\\\/2021\\\/03\\\/transporte-corporativo.jpg\",\"datePublished\":\"2021-03-24T18:54:05+00:00\",\"dateModified\":\"2023-02-07T20:32:43+00:00\",\"description\":\"El mejor servicio de transporte corporativo Santiago, Chile. Moderna flota, conductores biling\u00fces. Asistencia 24 horas.\",\"breadcrumb\":{\"@id\":\"https:\\\/\\\/www.teletrans.com\\\/es\\\/transporte-corporativo-santiago-chile\\\/#breadcrumb\"},\"inLanguage\":\"es\",\"potentialAction\":[{\"@type\":\"ReadAction\",\"target\":[\"https:\\\/\\\/www.teletrans.com\\\/es\\\/transporte-corporativo-santiago-chile\\\/\"]}]},{\"@type\":\"ImageObject\",\"inLanguage\":\"es\",\"@id\":\"https:\\\/\\\/www.teletrans.com\\\/es\\\/transporte-corporativo-santiago-chile\\\/#primaryimage\",\"url\":\"https:\\\/\\\/www.teletrans.com\\\/wp-content\\\/uploads\\\/2021\\\/03\\\/transporte-corporativo.jpg\",\"contentUrl\":\"https:\\\/\\\/www.teletrans.com\\\/wp-content\\\/uploads\\\/2021\\\/03\\\/transporte-corporativo.jpg\"},{\"@type\":\"BreadcrumbList\",\"@id\":\"https:\\\/\\\/www.teletrans.com\\\/es\\\/transporte-corporativo-santiago-chile\\\/#breadcrumb\",\"itemListElement\":[{\"@type\":\"ListItem\",\"position\":1,\"name\":\"Portada\",\"item\":\"https:\\\/\\\/www.teletrans.com\\\/es\\\/\"},{\"@type\":\"ListItem\",\"position\":2,\"name\":\"Transporte corporativo Santiago, Chile\"}]},{\"@type\":\"WebSite\",\"@id\":\"https:\\\/\\\/www.teletrans.com\\\/es\\\/#website\",\"url\":\"https:\\\/\\\/www.teletrans.com\\\/es\\\/\",\"name\":\"Teletrans\",\"description\":\"\",\"publisher\":{\"@id\":\"https:\\\/\\\/www.teletrans.com\\\/es\\\/#organization\"},\"potentialAction\":[{\"@type\":\"SearchAction\",\"target\":{\"@type\":\"EntryPoint\",\"urlTemplate\":\"https:\\\/\\\/www.teletrans.com\\\/es\\\/?s={search_term_string}\"},\"query-input\":{\"@type\":\"PropertyValueSpecification\",\"valueRequired\":true,\"valueName\":\"search_term_string\"}}],\"inLanguage\":\"es\"},{\"@type\":\"Organization\",\"@id\":\"https:\\\/\\\/www.teletrans.com\\\/es\\\/#organization\",\"name\":\"Teletrans\",\"url\":\"https:\\\/\\\/www.teletrans.com\\\/es\\\/\",\"logo\":{\"@type\":\"ImageObject\",\"inLanguage\":\"es\",\"@id\":\"https:\\\/\\\/www.teletrans.com\\\/es\\\/#\\\/schema\\\/logo\\\/image\\\/\",\"url\":\"https:\\\/\\\/www.teletrans.com\\\/wp-content\\\/uploads\\\/2023\\\/02\\\/logo-teletrans-svg.svg\",\"contentUrl\":\"https:\\\/\\\/www.teletrans.com\\\/wp-content\\\/uploads\\\/2023\\\/02\\\/logo-teletrans-svg.svg\",\"width\":501,\"height\":166,\"caption\":\"Teletrans\"},\"image\":{\"@id\":\"https:\\\/\\\/www.teletrans.com\\\/es\\\/#\\\/schema\\\/logo\\\/image\\\/\"},\"sameAs\":[\"https:\\\/\\\/www.facebook.com\\\/profile.php?id=100034999581270\",\"https:\\\/\\\/x.com\\\/TeletransChile\"]}]}<\/script>\n<!-- \/ Yoast SEO plugin. -->","yoast_head_json":{"title":"Transporte corporativo Santiago, Chile | Teletrans","description":"El mejor servicio de transporte corporativo Santiago, Chile. Moderna flota, conductores biling\u00fces. Asistencia 24 horas.","robots":{"index":"index","follow":"follow","max-snippet":"max-snippet:-1","max-image-preview":"max-image-preview:large","max-video-preview":"max-video-preview:-1"},"og_locale":"es_ES","og_type":"article","og_title":"Transporte corporativo Santiago, Chile | Teletrans","og_description":"El mejor servicio de transporte corporativo Santiago, Chile. Moderna flota, conductores biling\u00fces. Asistencia 24 horas.","og_url":"https:\/\/www.teletrans.com\/es\/transporte-corporativo-santiago-chile\/","og_site_name":"Teletrans","article_publisher":"https:\/\/www.facebook.com\/profile.php?id=100034999581270","article_modified_time":"2023-02-07T20:32:43+00:00","og_image":[{"url":"https:\/\/www.teletrans.com\/wp-content\/uploads\/2021\/03\/transporte-corporativo.jpg","type":"","width":"","height":""}],"twitter_card":"summary_large_image","twitter_site":"@TeletransChile","twitter_misc":{"Tiempo de lectura":"5 minutos"},"schema":{"@context":"https:\/\/schema.org","@graph":[{"@type":"WebPage","@id":"https:\/\/www.teletrans.com\/es\/transporte-corporativo-santiago-chile\/","url":"https:\/\/www.teletrans.com\/es\/transporte-corporativo-santiago-chile\/","name":"Transporte corporativo Santiago, Chile | Teletrans","isPartOf":{"@id":"https:\/\/www.teletrans.com\/es\/#website"},"primaryImageOfPage":{"@id":"https:\/\/www.teletrans.com\/es\/transporte-corporativo-santiago-chile\/#primaryimage"},"image":{"@id":"https:\/\/www.teletrans.com\/es\/transporte-corporativo-santiago-chile\/#primaryimage"},"thumbnailUrl":"https:\/\/www.teletrans.com\/wp-content\/uploads\/2021\/03\/transporte-corporativo.jpg","datePublished":"2021-03-24T18:54:05+00:00","dateModified":"2023-02-07T20:32:43+00:00","description":"El mejor servicio de transporte corporativo Santiago, Chile. Moderna flota, conductores biling\u00fces. Asistencia 24 horas.","breadcrumb":{"@id":"https:\/\/www.teletrans.com\/es\/transporte-corporativo-santiago-chile\/#breadcrumb"},"inLanguage":"es","potentialAction":[{"@type":"ReadAction","target":["https:\/\/www.teletrans.com\/es\/transporte-corporativo-santiago-chile\/"]}]},{"@type":"ImageObject","inLanguage":"es","@id":"https:\/\/www.teletrans.com\/es\/transporte-corporativo-santiago-chile\/#primaryimage","url":"https:\/\/www.teletrans.com\/wp-content\/uploads\/2021\/03\/transporte-corporativo.jpg","contentUrl":"https:\/\/www.teletrans.com\/wp-content\/uploads\/2021\/03\/transporte-corporativo.jpg"},{"@type":"BreadcrumbList","@id":"https:\/\/www.teletrans.com\/es\/transporte-corporativo-santiago-chile\/#breadcrumb","itemListElement":[{"@type":"ListItem","position":1,"name":"Portada","item":"https:\/\/www.teletrans.com\/es\/"},{"@type":"ListItem","position":2,"name":"Transporte corporativo Santiago, Chile"}]},{"@type":"WebSite","@id":"https:\/\/www.teletrans.com\/es\/#website","url":"https:\/\/www.teletrans.com\/es\/","name":"Teletrans","description":"","publisher":{"@id":"https:\/\/www.teletrans.com\/es\/#organization"},"potentialAction":[{"@type":"SearchAction","target":{"@type":"EntryPoint","urlTemplate":"https:\/\/www.teletrans.com\/es\/?s={search_term_string}"},"query-input":{"@type":"PropertyValueSpecification","valueRequired":true,"valueName":"search_term_string"}}],"inLanguage":"es"},{"@type":"Organization","@id":"https:\/\/www.teletrans.com\/es\/#organization","name":"Teletrans","url":"https:\/\/www.teletrans.com\/es\/","logo":{"@type":"ImageObject","inLanguage":"es","@id":"https:\/\/www.teletrans.com\/es\/#\/schema\/logo\/image\/","url":"https:\/\/www.teletrans.com\/wp-content\/uploads\/2023\/02\/logo-teletrans-svg.svg","contentUrl":"https:\/\/www.teletrans.com\/wp-content\/uploads\/2023\/02\/logo-teletrans-svg.svg","width":501,"height":166,"caption":"Teletrans"},"image":{"@id":"https:\/\/www.teletrans.com\/es\/#\/schema\/logo\/image\/"},"sameAs":["https:\/\/www.facebook.com\/profile.php?id=100034999581270","https:\/\/x.com\/TeletransChile"]}]}},"_links":{"self":[{"href":"https:\/\/www.teletrans.com\/es\/wp-json\/wp\/v2\/pages\/27299","targetHints":{"allow":["GET"]}}],"collection":[{"href":"https:\/\/www.teletrans.com\/es\/wp-json\/wp\/v2\/pages"}],"about":[{"href":"https:\/\/www.teletrans.com\/es\/wp-json\/wp\/v2\/types\/page"}],"author":[{"embeddable":true,"href":"https:\/\/www.teletrans.com\/es\/wp-json\/wp\/v2\/users\/4"}],"replies":[{"embeddable":true,"href":"https:\/\/www.teletrans.com\/es\/wp-json\/wp\/v2\/comments?post=27299"}],"version-history":[{"count":0,"href":"https:\/\/www.teletrans.com\/es\/wp-json\/wp\/v2\/pages\/27299\/revisions"}],"wp:attachment":[{"href":"https:\/\/www.teletrans.com\/es\/wp-json\/wp\/v2\/media?parent=27299"}],"wp:term":[{"taxonomy":"folder","embeddable":true,"href":"https:\/\/www.teletrans.com\/es\/wp-json\/wp\/v2\/folder?post=27299"}],"curies":[{"name":"wp","href":"https:\/\/api.w.org\/{rel}","templated":true}]}}