{"id":24205,"date":"2020-06-29T21:03:38","date_gmt":"2020-06-29T21:03:38","guid":{"rendered":"https:\/\/www.teletrans.com\/homepage\/"},"modified":"2023-02-03T18:43:26","modified_gmt":"2023-02-03T22:43:26","slug":"inicio","status":"publish","type":"page","link":"https:\/\/www.teletrans.com\/es\/","title":{"rendered":"Inicio"},"content":{"rendered":"\t\t<section class=\"inicio-module-1\" style=\"background-color: ; color: \">\r\n\t\t\t<div class=\"inicio-module-1__content container\">\r\n\t\t\t\t<h1 style=\"text-align: center;\"><span style=\"font-size: 25px;\"><strong><span style=\"color: #05577d;\">WORLDWIDE<\/span> <span style=\"color: #ffffff;\">CHAUFFEURED <\/span><\/strong><span style=\"color: #ffffff;\"><strong>SERVICES<\/strong><\/span><\/span><\/h1>\n<p style=\"text-align: center;\">EL \u00c9XITO DE SUS NEGOCIOS COMIENZA CON LLEGAR A TIEMPO,<br \/>\nSEGURO Y CONFORTABLE A SUS REUNIONES<\/p>\n<p><img loading=\"lazy\" decoding=\"async\" class=\"aligncenter wp-image-16149 size-full\" src=\"https:\/\/www.teletrans.com\/wp-content\/uploads\/2018\/12\/mapa.png\" alt=\"mapa servicio de transporte\" width=\"800\" height=\"424\" \/><\/p>\n<p style=\"text-align: center;\"><a class=\"btn\" style=\"text-align: center;\" href=\"https:\/\/www.teletrans.com\/es\/donde-operamos\/\"><strong>EXPLORA NUESTROS DESTINOS<\/strong><\/a><\/p>\n\t\t\t<\/div>\r\n\t\t<\/section>\r\n\t\t\n\t\t<section class=\"inicio-module-2\">\n\t\t\t<div class=\"inicio-module-2__content container\">\n\t\t\t\t<header><h3 style=\"text-align: center;\"><span style=\"font-size: 23px;\"><strong><span style=\"color: #05577d;\">TRANSPORTE EJECUTIVO<\/span> <span style=\"color: #c1cbcd;\">|<\/span> <span style=\"color: #05577d;\">TRANSFERS AEROPUERTO<\/span>\u00a0<span style=\"color: #c1cbcd;\">|<\/span> <span style=\"color: #05577d;\">GRUPOS Y EVENTOS <\/span><\/strong><\/span><\/h3>\n<p style=\"text-align: center;\"><span style=\"font-size: 15px;\">Teletrans es una empresa l\u00edder en transporte ejecutivo que ofrece un servicio de alta calidad de conductores profesionales y veh\u00edculos de lujo en las principales ciudades m\u00e1s del mundo. Somos especialistas en traslados corporativos para personas de negocios que necesitan transfers al aeropuerto, transporte para sus reuniones de negocios y transporte de grupos para eventos corporativos con operaciones las 24 horas del d\u00eda, durante todo el a\u00f1o.<\/span><\/p>\n<p style=\"text-align: center;\"><a class=\"btn\" href=\"https:\/\/www.teletrans.com\/presentacion.pdf\" target=\"_blank\" rel=\"noopener\"><strong>VER PRESENTACI\u00d3N<\/strong><\/a><\/p>\n<\/header>\n\t\t\t<\/div>\n\t\t\t\t<div class=\"inicio-module-2__2col\">\n\t\t\t\t\t<div><h3 style=\"margin: 0;\"><span style=\"color: #05577d; font-size: 23px;\"><strong>OPERACI\u00d3N <span style=\"color: #ffffff;\">INTERNACIONAL<\/span><\/strong><\/span><\/h3>\n<p><strong><span style=\"color: #05577d;\">TRANSPORTE DE CORPORATIVO PARA EJECUTIVOS DE NEGOCIOS<\/span><\/strong><\/p>\n<ul>\n<li>Equipo de consultores, coordinadores, monitores, recepcionistas, gu\u00edas y conductores de excelencia muti bilingue<\/li>\n<li>Servicios internacionales en m\u00e1s de 350 ciudades, 71 pa\u00edses y 5 continentes, proporcionando un servicio de movilidad a trav\u00e9s de una red exclusiva de afiliados<\/li>\n<li>Brindamos una soluci\u00f3n completa de transporte terrestre para pasajeros de negocios y de placer desde el a\u00f1o 2004<\/li>\n<li>La flota m\u00e1s grande y m\u00e1s nueva de sedans, minivans ejecutivas, minibuses, buses ejecutivos, veh\u00edculos de lujo, SUVs, autos deportivos y blindados. Toda la flota con seguro cubierto<\/li>\n<li>Monitoreo y asistencia las 24 horas, los 7 d\u00edas de la semana, incluyendo alta tecnolog\u00eda<\/li>\n<\/ul>\n<p style=\"text-align: center;\"><a class=\"btn\" href=\"https:\/\/www.teletrans.com\/es\/transporte-ejecutivo\/\">TRANSPORTE EJECUTIVO<\/a><\/p>\n<\/div>\n\t\t\t\t\t<div style=\"background-image: url(https:\/\/www.teletrans.com\/wp-content\/uploads\/2020\/03\/transporte-ejecutivo.jpg);\"><\/div>\n\t\t\t\t\t<div style=\"background-position: right center; background-image: url(https:\/\/www.teletrans.com\/wp-content\/uploads\/2020\/06\/transportation.jpg);\"><\/div>\n\t\t\t\t\t<div><h3 style=\"margin: 0;\"><span style=\"font-size: 23px;\">EL MEJOR SERVICIO DE TRANSPORTE CORPORATIVO PARA SUS INVITADOS EN EVENTOS INTERNACIONALES<br \/>\n<\/span><\/h3>\n<ul>\n<li>Expertos en planificaci\u00f3n de transporte y log\u00edstica para grupos y eventos<\/li>\n<li>Grupos desde 10 hasta 10.000 pasajeros de manera eficiente y segura<\/li>\n<li>Toda nuestra flota est\u00e1 totalmente inspeccionada, autorizada y asegurada<\/li>\n<li>Conductores y coordinadores multilingues<\/li>\n<li>Log\u00edstica terrestre y a\u00e9rea para grupos y eventos<\/li>\n<li>Tecnolog\u00eda, comunicaci\u00f3n radial y sistema GPS.<\/li>\n<\/ul>\n<p style=\"text-align: center;\"><a class=\"btn\" href=\"https:\/\/www.teletrans.com\/es\/noticias\/\"><strong>VER NUESTROS EVENTOS<\/strong><\/a><\/p>\n<\/div>\n\t\t\t\t<\/div>\n\t\t<\/section>\n\t\t\n\t\t<section class=\"inicio-module-3\">\r\n\t\t\t<div class=\"inicio-module-3__content container\">\r\n\t\t\t\t<h3 style=\"text-align: center;\"><span style=\"color: #05577d; font-size: 23px;\"><strong>TELETRANS TIENE LA FLOTA PARA SATISFACER TODAS SUS NECESIDADES<\/strong><\/span><\/h3>\n<p style=\"text-align: center;\">Moderna flota de sedans, minivans, minibuses, buses, autos de lujo y blindados.<br \/>\nSomos especialistas en traslados al aeropuerto, disposici\u00f3n por hora, reuniones de<br \/>\nnegocios, eventos promocionales, conferencias, convenciones, traslados punto a punto<br \/>\ny servicios de meet &amp; greet<\/p>\n<p style=\"text-align: center;\"><a class=\"btn\" href=\"https:\/\/www.teletrans.com\/es\/flota\/\">VER NUESTRA FLOTA<\/a><\/p>\n\t\t\t<\/div>\r\n\t\t<\/section>\r\n\t\t\n\t\t<section class=\"inicio-module-4\" style=\"background-color: #c1cbcd; color: #ffffff\">\n\t\t\t<div><img decoding=\"async\" style=\"width:100%;\" src=\"https:\/\/www.teletrans.com\/wp-content\/uploads\/2020\/04\/teletrans-espana-footer.jpg\" alt=\"flota teletrans espa\u00f1a\"><\/div>\n\t\t\t<div class=\"inicio-module-4__content container\" style=\"padding-bottom: 40px\">\n\t\t\t\t\t\t\t<\/div>\n\t\t<\/section>\n\t\t\n","protected":false},"excerpt":{"rendered":"","protected":false},"author":4,"featured_media":24280,"parent":0,"menu_order":47,"comment_status":"closed","ping_status":"closed","template":"templates\/pagina-inicio.php","meta":{"_acf_changed":false,"footnotes":""},"folder":[1673],"class_list":["post-24205","page","type-page","status-publish","has-post-thumbnail","hentry"],"acf":[],"yoast_head":"<!-- This site is optimized with the Yoast SEO plugin v27.4 - https:\/\/yoast.com\/product\/yoast-seo-wordpress\/ -->\n<title>Transporte ejecutivo, traslados al aeropuerto y eventos - Teletrans<\/title>\n<meta name=\"description\" content=\"Cont\u00e1ctanos! Teletrans es una empresa l\u00edder en transporte ejecutivo. Ofrecemos servicio de ch\u00f3fer y limusina en todo el mundo.\" \/>\n<meta name=\"robots\" content=\"index, follow, max-snippet:-1, max-image-preview:large, max-video-preview:-1\" \/>\n<meta property=\"og:locale\" content=\"es_ES\" \/>\n<meta property=\"og:type\" content=\"article\" \/>\n<meta property=\"og:title\" content=\"Transporte ejecutivo, traslados al aeropuerto y eventos - Teletrans\" \/>\n<meta property=\"og:description\" content=\"Cont\u00e1ctanos! Teletrans es una empresa l\u00edder en transporte ejecutivo. Ofrecemos servicio de ch\u00f3fer y limusina en todo el mundo.\" \/>\n<meta property=\"og:url\" content=\"https:\/\/www.teletrans.com\/es\/\" \/>\n<meta property=\"og:site_name\" content=\"Teletrans\" \/>\n<meta property=\"article:publisher\" content=\"https:\/\/www.facebook.com\/profile.php?id=100034999581270\" \/>\n<meta property=\"article:modified_time\" content=\"2023-02-03T22:43:26+00:00\" \/>\n<meta property=\"og:image\" content=\"https:\/\/www.teletrans.com\/wp-content\/uploads\/2020\/07\/featured-image-teletrans.jpeg\" \/>\n\t<meta property=\"og:image:width\" content=\"1280\" \/>\n\t<meta property=\"og:image:height\" content=\"854\" \/>\n\t<meta property=\"og:image:type\" content=\"image\/jpeg\" \/>\n<meta name=\"twitter:card\" content=\"summary_large_image\" \/>\n<meta name=\"twitter:site\" content=\"@TeletransChile\" \/>\n<script type=\"application\/ld+json\" class=\"yoast-schema-graph\">{\"@context\":\"https:\\\/\\\/schema.org\",\"@graph\":[{\"@type\":\"WebPage\",\"@id\":\"https:\\\/\\\/www.teletrans.com\\\/es\\\/\",\"url\":\"https:\\\/\\\/www.teletrans.com\\\/es\\\/\",\"name\":\"Transporte ejecutivo, traslados al aeropuerto y eventos - Teletrans\",\"isPartOf\":{\"@id\":\"https:\\\/\\\/www.teletrans.com\\\/es\\\/#website\"},\"primaryImageOfPage\":{\"@id\":\"https:\\\/\\\/www.teletrans.com\\\/es\\\/#primaryimage\"},\"image\":{\"@id\":\"https:\\\/\\\/www.teletrans.com\\\/es\\\/#primaryimage\"},\"thumbnailUrl\":\"https:\\\/\\\/www.teletrans.com\\\/wp-content\\\/uploads\\\/2020\\\/07\\\/featured-image-teletrans.jpeg\",\"datePublished\":\"2020-06-29T21:03:38+00:00\",\"dateModified\":\"2023-02-03T22:43:26+00:00\",\"description\":\"Cont\u00e1ctanos! Teletrans es una empresa l\u00edder en transporte ejecutivo. Ofrecemos servicio de ch\u00f3fer y limusina en todo el mundo.\",\"breadcrumb\":{\"@id\":\"https:\\\/\\\/www.teletrans.com\\\/es\\\/#breadcrumb\"},\"inLanguage\":\"es\",\"potentialAction\":[{\"@type\":\"ReadAction\",\"target\":[\"https:\\\/\\\/www.teletrans.com\\\/es\\\/\"]}]},{\"@type\":\"ImageObject\",\"inLanguage\":\"es\",\"@id\":\"https:\\\/\\\/www.teletrans.com\\\/es\\\/#primaryimage\",\"url\":\"https:\\\/\\\/www.teletrans.com\\\/wp-content\\\/uploads\\\/2020\\\/07\\\/featured-image-teletrans.jpeg\",\"contentUrl\":\"https:\\\/\\\/www.teletrans.com\\\/wp-content\\\/uploads\\\/2020\\\/07\\\/featured-image-teletrans.jpeg\",\"width\":1280,\"height\":854,\"caption\":\"featured image teletrans\"},{\"@type\":\"BreadcrumbList\",\"@id\":\"https:\\\/\\\/www.teletrans.com\\\/es\\\/#breadcrumb\",\"itemListElement\":[{\"@type\":\"ListItem\",\"position\":1,\"name\":\"Portada\",\"item\":\"https:\\\/\\\/www.teletrans.com\\\/es\\\/\"},{\"@type\":\"ListItem\",\"position\":2,\"name\":\"Inicio\"}]},{\"@type\":\"WebSite\",\"@id\":\"https:\\\/\\\/www.teletrans.com\\\/es\\\/#website\",\"url\":\"https:\\\/\\\/www.teletrans.com\\\/es\\\/\",\"name\":\"Teletrans\",\"description\":\"\",\"publisher\":{\"@id\":\"https:\\\/\\\/www.teletrans.com\\\/es\\\/#organization\"},\"potentialAction\":[{\"@type\":\"SearchAction\",\"target\":{\"@type\":\"EntryPoint\",\"urlTemplate\":\"https:\\\/\\\/www.teletrans.com\\\/es\\\/?s={search_term_string}\"},\"query-input\":{\"@type\":\"PropertyValueSpecification\",\"valueRequired\":true,\"valueName\":\"search_term_string\"}}],\"inLanguage\":\"es\"},{\"@type\":\"Organization\",\"@id\":\"https:\\\/\\\/www.teletrans.com\\\/es\\\/#organization\",\"name\":\"Teletrans\",\"url\":\"https:\\\/\\\/www.teletrans.com\\\/es\\\/\",\"logo\":{\"@type\":\"ImageObject\",\"inLanguage\":\"es\",\"@id\":\"https:\\\/\\\/www.teletrans.com\\\/es\\\/#\\\/schema\\\/logo\\\/image\\\/\",\"url\":\"https:\\\/\\\/www.teletrans.com\\\/wp-content\\\/uploads\\\/2023\\\/02\\\/logo-teletrans-svg.svg\",\"contentUrl\":\"https:\\\/\\\/www.teletrans.com\\\/wp-content\\\/uploads\\\/2023\\\/02\\\/logo-teletrans-svg.svg\",\"width\":501,\"height\":166,\"caption\":\"Teletrans\"},\"image\":{\"@id\":\"https:\\\/\\\/www.teletrans.com\\\/es\\\/#\\\/schema\\\/logo\\\/image\\\/\"},\"sameAs\":[\"https:\\\/\\\/www.facebook.com\\\/profile.php?id=100034999581270\",\"https:\\\/\\\/x.com\\\/TeletransChile\"]}]}<\/script>\n<!-- \/ Yoast SEO plugin. -->","yoast_head_json":{"title":"Transporte ejecutivo, traslados al aeropuerto y eventos - Teletrans","description":"Cont\u00e1ctanos! Teletrans es una empresa l\u00edder en transporte ejecutivo. Ofrecemos servicio de ch\u00f3fer y limusina en todo el mundo.","robots":{"index":"index","follow":"follow","max-snippet":"max-snippet:-1","max-image-preview":"max-image-preview:large","max-video-preview":"max-video-preview:-1"},"og_locale":"es_ES","og_type":"article","og_title":"Transporte ejecutivo, traslados al aeropuerto y eventos - Teletrans","og_description":"Cont\u00e1ctanos! Teletrans es una empresa l\u00edder en transporte ejecutivo. Ofrecemos servicio de ch\u00f3fer y limusina en todo el mundo.","og_url":"https:\/\/www.teletrans.com\/es\/","og_site_name":"Teletrans","article_publisher":"https:\/\/www.facebook.com\/profile.php?id=100034999581270","article_modified_time":"2023-02-03T22:43:26+00:00","og_image":[{"width":1280,"height":854,"url":"https:\/\/www.teletrans.com\/wp-content\/uploads\/2020\/07\/featured-image-teletrans.jpeg","type":"image\/jpeg"}],"twitter_card":"summary_large_image","twitter_site":"@TeletransChile","schema":{"@context":"https:\/\/schema.org","@graph":[{"@type":"WebPage","@id":"https:\/\/www.teletrans.com\/es\/","url":"https:\/\/www.teletrans.com\/es\/","name":"Transporte ejecutivo, traslados al aeropuerto y eventos - Teletrans","isPartOf":{"@id":"https:\/\/www.teletrans.com\/es\/#website"},"primaryImageOfPage":{"@id":"https:\/\/www.teletrans.com\/es\/#primaryimage"},"image":{"@id":"https:\/\/www.teletrans.com\/es\/#primaryimage"},"thumbnailUrl":"https:\/\/www.teletrans.com\/wp-content\/uploads\/2020\/07\/featured-image-teletrans.jpeg","datePublished":"2020-06-29T21:03:38+00:00","dateModified":"2023-02-03T22:43:26+00:00","description":"Cont\u00e1ctanos! Teletrans es una empresa l\u00edder en transporte ejecutivo. Ofrecemos servicio de ch\u00f3fer y limusina en todo el mundo.","breadcrumb":{"@id":"https:\/\/www.teletrans.com\/es\/#breadcrumb"},"inLanguage":"es","potentialAction":[{"@type":"ReadAction","target":["https:\/\/www.teletrans.com\/es\/"]}]},{"@type":"ImageObject","inLanguage":"es","@id":"https:\/\/www.teletrans.com\/es\/#primaryimage","url":"https:\/\/www.teletrans.com\/wp-content\/uploads\/2020\/07\/featured-image-teletrans.jpeg","contentUrl":"https:\/\/www.teletrans.com\/wp-content\/uploads\/2020\/07\/featured-image-teletrans.jpeg","width":1280,"height":854,"caption":"featured image teletrans"},{"@type":"BreadcrumbList","@id":"https:\/\/www.teletrans.com\/es\/#breadcrumb","itemListElement":[{"@type":"ListItem","position":1,"name":"Portada","item":"https:\/\/www.teletrans.com\/es\/"},{"@type":"ListItem","position":2,"name":"Inicio"}]},{"@type":"WebSite","@id":"https:\/\/www.teletrans.com\/es\/#website","url":"https:\/\/www.teletrans.com\/es\/","name":"Teletrans","description":"","publisher":{"@id":"https:\/\/www.teletrans.com\/es\/#organization"},"potentialAction":[{"@type":"SearchAction","target":{"@type":"EntryPoint","urlTemplate":"https:\/\/www.teletrans.com\/es\/?s={search_term_string}"},"query-input":{"@type":"PropertyValueSpecification","valueRequired":true,"valueName":"search_term_string"}}],"inLanguage":"es"},{"@type":"Organization","@id":"https:\/\/www.teletrans.com\/es\/#organization","name":"Teletrans","url":"https:\/\/www.teletrans.com\/es\/","logo":{"@type":"ImageObject","inLanguage":"es","@id":"https:\/\/www.teletrans.com\/es\/#\/schema\/logo\/image\/","url":"https:\/\/www.teletrans.com\/wp-content\/uploads\/2023\/02\/logo-teletrans-svg.svg","contentUrl":"https:\/\/www.teletrans.com\/wp-content\/uploads\/2023\/02\/logo-teletrans-svg.svg","width":501,"height":166,"caption":"Teletrans"},"image":{"@id":"https:\/\/www.teletrans.com\/es\/#\/schema\/logo\/image\/"},"sameAs":["https:\/\/www.facebook.com\/profile.php?id=100034999581270","https:\/\/x.com\/TeletransChile"]}]}},"_links":{"self":[{"href":"https:\/\/www.teletrans.com\/es\/wp-json\/wp\/v2\/pages\/24205","targetHints":{"allow":["GET"]}}],"collection":[{"href":"https:\/\/www.teletrans.com\/es\/wp-json\/wp\/v2\/pages"}],"about":[{"href":"https:\/\/www.teletrans.com\/es\/wp-json\/wp\/v2\/types\/page"}],"author":[{"embeddable":true,"href":"https:\/\/www.teletrans.com\/es\/wp-json\/wp\/v2\/users\/4"}],"replies":[{"embeddable":true,"href":"https:\/\/www.teletrans.com\/es\/wp-json\/wp\/v2\/comments?post=24205"}],"version-history":[{"count":0,"href":"https:\/\/www.teletrans.com\/es\/wp-json\/wp\/v2\/pages\/24205\/revisions"}],"wp:featuredmedia":[{"embeddable":true,"href":"https:\/\/www.teletrans.com\/es\/wp-json\/wp\/v2\/media\/24280"}],"wp:attachment":[{"href":"https:\/\/www.teletrans.com\/es\/wp-json\/wp\/v2\/media?parent=24205"}],"wp:term":[{"taxonomy":"folder","embeddable":true,"href":"https:\/\/www.teletrans.com\/es\/wp-json\/wp\/v2\/folder?post=24205"}],"curies":[{"name":"wp","href":"https:\/\/api.w.org\/{rel}","templated":true}]}}