{"id":20403,"date":"2020-04-05T21:08:19","date_gmt":"2020-04-05T21:08:19","guid":{"rendered":"https:\/\/www.teletrans.com\/?page_id=20403"},"modified":"2020-08-21T23:39:23","modified_gmt":"2020-08-21T23:39:23","slug":"arriendo-de-autos-blindados-panama","status":"publish","type":"page","link":"https:\/\/www.teletrans.com\/es\/arriendo-de-autos-blindados-panama\/","title":{"rendered":"Arriendo de Autos Blindados Panam\u00e1"},"content":{"rendered":"<p><img loading=\"lazy\" decoding=\"async\" class=\"alignnone size-full wp-image-19040\" src=\"https:\/\/www.teletrans.com\/wp-content\/uploads\/2020\/03\/arriendo-de-autos-blindados.jpg\" alt=\"Arriendo de Autos Blindados Panama\" width=\"1500\" height=\"1001\"><\/p>\n<h2>Arriendo de Autos Blindados Panam\u00e1 Teletrans<\/h2>\n<p>Teletrans se cre\u00f3 bajo la innovaci\u00f3n y el compromiso de todos nuestros trabajadores para que podamos ofrecerle el mejor servicio de auto blindado para su seguridad. Ofrecemos seguridad, confidencialidad, puntualidad y un servicio c\u00f3modo en la ciudad. Ponemos mucho esfuerzo para brindarle a nuestros clientes los mejores servicios de transporte de auto blindado en el pa\u00eds. Para nosotros, nuestro negocio se trata de atender a nuestros clientes con el mejor servicio de autos blindados y autos todo terreno<\/p>\n<p>&nbsp;<\/p>\n<h2><strong>Arriendo de autos blindados Panam\u00e1 para Empresas <\/strong><\/h2>\n<p>Conocemos la importancia de los detalles, por eso nos preocupamos de que nuestros clientes se sientan c\u00f3modos. Nuestro equipo de conductores para los vehiculos blindados, tienen vasta experiencia en la conducci\u00f3n para comitivas internacinales que necesiten de un manejo seguro y confiable. Todos nuestros autos blindados tienen agua mineral, peri\u00f3dicos, prensa diaria y conductores biling\u00fces, para tener la mejor experiencia en autos blindados y servicio de todo terreno.<\/p>\n<p>Cuando viaje por negocios o placer, Teletrans es la mejor soluci\u00f3n para los viajeros que necesitan el mejor servicio de autos blindados. Nuestro servicio est\u00e1 previamente organizado y planificado para utilizar la mejor ruta y log\u00edtica para una ootima operaci\u00f3n.<\/p>\n<p>Actualmente, el servicio de autos blindados de Teletrans es el l\u00edder indiscutible en el transporte de ejecutivos por tierra. Servimos a prestigiosas empresas nacionales e internacionales y cumplimos con el alto nivel de nuestros servicios con una dedicaci\u00f3n \u00fanica y personalizada a nuestros clientes.<\/p>\n<p>&nbsp;<\/p>\n<h2><span class=\"tlid-translation translation\" lang=\"es\">Servicio Profesional de Arriendo de Autos blindados Panam\u00e1<br \/>\n<\/span><\/h2>\n<p>Conf\u00ede en nosotros la responsabilidad de estar con su invitado durante sus reuniones. Numerosos ejecutivos internacionales planean sus reuniones para el d\u00eda, y luego tienen que regresar al aeropuerto por la tarde y deben tomar el \u00faltimo vuelo, para todo esto le ofrecemos el mejor servicio de limusina que hay en el mercado.<\/p>\n<p>Convierta a Teletrans en su principal proveedor de transporte terrestre con autos y autos blindados. Es un honor ofrecer a nuestros clientes una ventanilla \u00fanica para todos sus servicios ejecutivos de transporte blindado y SUV que necesiten, con el mejor servicio.<\/p>\n<p>&nbsp;<\/p>\n","protected":false},"excerpt":{"rendered":"<p>Arriendo de Autos Blindados Panam\u00e1 Teletrans Teletrans se cre\u00f3 bajo la innovaci\u00f3n y el compromiso de todos nuestros trabajadores para que podamos ofrecerle el mejor servicio de auto blindado para su seguridad. Ofrecemos seguridad, confidencialidad, puntualidad y un servicio c\u00f3modo en la ciudad. Ponemos mucho esfuerzo para brindarle a nuestros clientes los mejores servicios de<\/p>\n","protected":false},"author":4,"featured_media":0,"parent":0,"menu_order":28,"comment_status":"closed","ping_status":"closed","template":"templates\/menu-lateral-page.php","meta":{"_acf_changed":false,"footnotes":""},"folder":[],"class_list":["post-20403","page","type-page","status-publish","hentry"],"acf":[],"yoast_head":"<!-- This site is optimized with the Yoast SEO plugin v27.3 - https:\/\/yoast.com\/product\/yoast-seo-wordpress\/ -->\n<title>Arriendo de Autos Blindados Panama | Teletrans<\/title>\n<meta name=\"description\" content=\"\u00a1Reservar ahora! En nuestra empresa contamos con el mejor servicio de Arriendo de Autos Blindados Panama. Veh\u00edculos modernos.\" \/>\n<meta name=\"robots\" content=\"index, follow, max-snippet:-1, max-image-preview:large, max-video-preview:-1\" \/>\n<meta property=\"og:locale\" content=\"es_ES\" \/>\n<meta property=\"og:type\" content=\"article\" \/>\n<meta property=\"og:title\" content=\"Arriendo de Autos Blindados Panama | Teletrans\" \/>\n<meta property=\"og:description\" content=\"\u00a1Reservar ahora! En nuestra empresa contamos con el mejor servicio de Arriendo de Autos Blindados Panama. Veh\u00edculos modernos.\" \/>\n<meta property=\"og:url\" content=\"https:\/\/www.teletrans.com\/es\/arriendo-de-autos-blindados-panama\/\" \/>\n<meta property=\"og:site_name\" content=\"Teletrans\" \/>\n<meta property=\"article:publisher\" content=\"https:\/\/www.facebook.com\/profile.php?id=100034999581270\" \/>\n<meta property=\"article:modified_time\" content=\"2020-08-21T23:39:23+00:00\" \/>\n<meta property=\"og:image\" content=\"https:\/\/www.teletrans.com\/wp-content\/uploads\/2020\/03\/arriendo-de-autos-blindados.jpg\" \/>\n<meta name=\"twitter:card\" content=\"summary_large_image\" \/>\n<meta name=\"twitter:site\" content=\"@TeletransChile\" \/>\n<meta name=\"twitter:label1\" content=\"Tiempo de lectura\" \/>\n\t<meta name=\"twitter:data1\" content=\"2 minutos\" \/>\n<script type=\"application\/ld+json\" class=\"yoast-schema-graph\">{\"@context\":\"https:\\\/\\\/schema.org\",\"@graph\":[{\"@type\":\"WebPage\",\"@id\":\"https:\\\/\\\/www.teletrans.com\\\/es\\\/arriendo-de-autos-blindados-panama\\\/\",\"url\":\"https:\\\/\\\/www.teletrans.com\\\/es\\\/arriendo-de-autos-blindados-panama\\\/\",\"name\":\"Arriendo de Autos Blindados Panama | Teletrans\",\"isPartOf\":{\"@id\":\"https:\\\/\\\/www.teletrans.com\\\/es\\\/#website\"},\"primaryImageOfPage\":{\"@id\":\"https:\\\/\\\/www.teletrans.com\\\/es\\\/arriendo-de-autos-blindados-panama\\\/#primaryimage\"},\"image\":{\"@id\":\"https:\\\/\\\/www.teletrans.com\\\/es\\\/arriendo-de-autos-blindados-panama\\\/#primaryimage\"},\"thumbnailUrl\":\"https:\\\/\\\/www.teletrans.com\\\/wp-content\\\/uploads\\\/2020\\\/03\\\/arriendo-de-autos-blindados.jpg\",\"datePublished\":\"2020-04-05T21:08:19+00:00\",\"dateModified\":\"2020-08-21T23:39:23+00:00\",\"description\":\"\u00a1Reservar ahora! En nuestra empresa contamos con el mejor servicio de Arriendo de Autos Blindados Panama. Veh\u00edculos modernos.\",\"breadcrumb\":{\"@id\":\"https:\\\/\\\/www.teletrans.com\\\/es\\\/arriendo-de-autos-blindados-panama\\\/#breadcrumb\"},\"inLanguage\":\"es\",\"potentialAction\":[{\"@type\":\"ReadAction\",\"target\":[\"https:\\\/\\\/www.teletrans.com\\\/es\\\/arriendo-de-autos-blindados-panama\\\/\"]}]},{\"@type\":\"ImageObject\",\"inLanguage\":\"es\",\"@id\":\"https:\\\/\\\/www.teletrans.com\\\/es\\\/arriendo-de-autos-blindados-panama\\\/#primaryimage\",\"url\":\"https:\\\/\\\/www.teletrans.com\\\/wp-content\\\/uploads\\\/2020\\\/03\\\/arriendo-de-autos-blindados.jpg\",\"contentUrl\":\"https:\\\/\\\/www.teletrans.com\\\/wp-content\\\/uploads\\\/2020\\\/03\\\/arriendo-de-autos-blindados.jpg\"},{\"@type\":\"BreadcrumbList\",\"@id\":\"https:\\\/\\\/www.teletrans.com\\\/es\\\/arriendo-de-autos-blindados-panama\\\/#breadcrumb\",\"itemListElement\":[{\"@type\":\"ListItem\",\"position\":1,\"name\":\"Portada\",\"item\":\"https:\\\/\\\/www.teletrans.com\\\/es\\\/\"},{\"@type\":\"ListItem\",\"position\":2,\"name\":\"Arriendo de Autos Blindados Panam\u00e1\"}]},{\"@type\":\"WebSite\",\"@id\":\"https:\\\/\\\/www.teletrans.com\\\/es\\\/#website\",\"url\":\"https:\\\/\\\/www.teletrans.com\\\/es\\\/\",\"name\":\"Teletrans\",\"description\":\"\",\"publisher\":{\"@id\":\"https:\\\/\\\/www.teletrans.com\\\/es\\\/#organization\"},\"potentialAction\":[{\"@type\":\"SearchAction\",\"target\":{\"@type\":\"EntryPoint\",\"urlTemplate\":\"https:\\\/\\\/www.teletrans.com\\\/es\\\/?s={search_term_string}\"},\"query-input\":{\"@type\":\"PropertyValueSpecification\",\"valueRequired\":true,\"valueName\":\"search_term_string\"}}],\"inLanguage\":\"es\"},{\"@type\":\"Organization\",\"@id\":\"https:\\\/\\\/www.teletrans.com\\\/es\\\/#organization\",\"name\":\"Teletrans\",\"url\":\"https:\\\/\\\/www.teletrans.com\\\/es\\\/\",\"logo\":{\"@type\":\"ImageObject\",\"inLanguage\":\"es\",\"@id\":\"https:\\\/\\\/www.teletrans.com\\\/es\\\/#\\\/schema\\\/logo\\\/image\\\/\",\"url\":\"https:\\\/\\\/www.teletrans.com\\\/wp-content\\\/uploads\\\/2023\\\/02\\\/logo-teletrans-svg.svg\",\"contentUrl\":\"https:\\\/\\\/www.teletrans.com\\\/wp-content\\\/uploads\\\/2023\\\/02\\\/logo-teletrans-svg.svg\",\"width\":501,\"height\":166,\"caption\":\"Teletrans\"},\"image\":{\"@id\":\"https:\\\/\\\/www.teletrans.com\\\/es\\\/#\\\/schema\\\/logo\\\/image\\\/\"},\"sameAs\":[\"https:\\\/\\\/www.facebook.com\\\/profile.php?id=100034999581270\",\"https:\\\/\\\/x.com\\\/TeletransChile\"]}]}<\/script>\n<!-- \/ Yoast SEO plugin. -->","yoast_head_json":{"title":"Arriendo de Autos Blindados Panama | Teletrans","description":"\u00a1Reservar ahora! En nuestra empresa contamos con el mejor servicio de Arriendo de Autos Blindados Panama. Veh\u00edculos modernos.","robots":{"index":"index","follow":"follow","max-snippet":"max-snippet:-1","max-image-preview":"max-image-preview:large","max-video-preview":"max-video-preview:-1"},"og_locale":"es_ES","og_type":"article","og_title":"Arriendo de Autos Blindados Panama | Teletrans","og_description":"\u00a1Reservar ahora! En nuestra empresa contamos con el mejor servicio de Arriendo de Autos Blindados Panama. Veh\u00edculos modernos.","og_url":"https:\/\/www.teletrans.com\/es\/arriendo-de-autos-blindados-panama\/","og_site_name":"Teletrans","article_publisher":"https:\/\/www.facebook.com\/profile.php?id=100034999581270","article_modified_time":"2020-08-21T23:39:23+00:00","og_image":[{"url":"https:\/\/www.teletrans.com\/wp-content\/uploads\/2020\/03\/arriendo-de-autos-blindados.jpg","type":"","width":"","height":""}],"twitter_card":"summary_large_image","twitter_site":"@TeletransChile","twitter_misc":{"Tiempo de lectura":"2 minutos"},"schema":{"@context":"https:\/\/schema.org","@graph":[{"@type":"WebPage","@id":"https:\/\/www.teletrans.com\/es\/arriendo-de-autos-blindados-panama\/","url":"https:\/\/www.teletrans.com\/es\/arriendo-de-autos-blindados-panama\/","name":"Arriendo de Autos Blindados Panama | Teletrans","isPartOf":{"@id":"https:\/\/www.teletrans.com\/es\/#website"},"primaryImageOfPage":{"@id":"https:\/\/www.teletrans.com\/es\/arriendo-de-autos-blindados-panama\/#primaryimage"},"image":{"@id":"https:\/\/www.teletrans.com\/es\/arriendo-de-autos-blindados-panama\/#primaryimage"},"thumbnailUrl":"https:\/\/www.teletrans.com\/wp-content\/uploads\/2020\/03\/arriendo-de-autos-blindados.jpg","datePublished":"2020-04-05T21:08:19+00:00","dateModified":"2020-08-21T23:39:23+00:00","description":"\u00a1Reservar ahora! En nuestra empresa contamos con el mejor servicio de Arriendo de Autos Blindados Panama. Veh\u00edculos modernos.","breadcrumb":{"@id":"https:\/\/www.teletrans.com\/es\/arriendo-de-autos-blindados-panama\/#breadcrumb"},"inLanguage":"es","potentialAction":[{"@type":"ReadAction","target":["https:\/\/www.teletrans.com\/es\/arriendo-de-autos-blindados-panama\/"]}]},{"@type":"ImageObject","inLanguage":"es","@id":"https:\/\/www.teletrans.com\/es\/arriendo-de-autos-blindados-panama\/#primaryimage","url":"https:\/\/www.teletrans.com\/wp-content\/uploads\/2020\/03\/arriendo-de-autos-blindados.jpg","contentUrl":"https:\/\/www.teletrans.com\/wp-content\/uploads\/2020\/03\/arriendo-de-autos-blindados.jpg"},{"@type":"BreadcrumbList","@id":"https:\/\/www.teletrans.com\/es\/arriendo-de-autos-blindados-panama\/#breadcrumb","itemListElement":[{"@type":"ListItem","position":1,"name":"Portada","item":"https:\/\/www.teletrans.com\/es\/"},{"@type":"ListItem","position":2,"name":"Arriendo de Autos Blindados Panam\u00e1"}]},{"@type":"WebSite","@id":"https:\/\/www.teletrans.com\/es\/#website","url":"https:\/\/www.teletrans.com\/es\/","name":"Teletrans","description":"","publisher":{"@id":"https:\/\/www.teletrans.com\/es\/#organization"},"potentialAction":[{"@type":"SearchAction","target":{"@type":"EntryPoint","urlTemplate":"https:\/\/www.teletrans.com\/es\/?s={search_term_string}"},"query-input":{"@type":"PropertyValueSpecification","valueRequired":true,"valueName":"search_term_string"}}],"inLanguage":"es"},{"@type":"Organization","@id":"https:\/\/www.teletrans.com\/es\/#organization","name":"Teletrans","url":"https:\/\/www.teletrans.com\/es\/","logo":{"@type":"ImageObject","inLanguage":"es","@id":"https:\/\/www.teletrans.com\/es\/#\/schema\/logo\/image\/","url":"https:\/\/www.teletrans.com\/wp-content\/uploads\/2023\/02\/logo-teletrans-svg.svg","contentUrl":"https:\/\/www.teletrans.com\/wp-content\/uploads\/2023\/02\/logo-teletrans-svg.svg","width":501,"height":166,"caption":"Teletrans"},"image":{"@id":"https:\/\/www.teletrans.com\/es\/#\/schema\/logo\/image\/"},"sameAs":["https:\/\/www.facebook.com\/profile.php?id=100034999581270","https:\/\/x.com\/TeletransChile"]}]}},"_links":{"self":[{"href":"https:\/\/www.teletrans.com\/es\/wp-json\/wp\/v2\/pages\/20403","targetHints":{"allow":["GET"]}}],"collection":[{"href":"https:\/\/www.teletrans.com\/es\/wp-json\/wp\/v2\/pages"}],"about":[{"href":"https:\/\/www.teletrans.com\/es\/wp-json\/wp\/v2\/types\/page"}],"author":[{"embeddable":true,"href":"https:\/\/www.teletrans.com\/es\/wp-json\/wp\/v2\/users\/4"}],"replies":[{"embeddable":true,"href":"https:\/\/www.teletrans.com\/es\/wp-json\/wp\/v2\/comments?post=20403"}],"version-history":[{"count":0,"href":"https:\/\/www.teletrans.com\/es\/wp-json\/wp\/v2\/pages\/20403\/revisions"}],"wp:attachment":[{"href":"https:\/\/www.teletrans.com\/es\/wp-json\/wp\/v2\/media?parent=20403"}],"wp:term":[{"taxonomy":"folder","embeddable":true,"href":"https:\/\/www.teletrans.com\/es\/wp-json\/wp\/v2\/folder?post=20403"}],"curies":[{"name":"wp","href":"https:\/\/api.w.org\/{rel}","templated":true}]}}